{"id":662,"date":"2023-11-21T18:57:19","date_gmt":"2023-11-21T17:57:19","guid":{"rendered":"https:\/\/dev-binvex.pantheonsite.io\/?post_type=product&#038;p=662"},"modified":"2025-10-01T13:35:45","modified_gmt":"2025-10-01T11:35:45","slug":"mehanicki-vremenski-tajmer","status":"publish","type":"product","link":"https:\/\/binvex.com\/en\/p\/mehanicki-vremenski-tajmer\/","title":{"rendered":"MEHANI\u010cKI VREMENSKI TAJMER"},"content":{"rendered":"<div class=\"content\">\n<div class=\"content\">\n<p>BRENNENSTUHL mehani\u010dki vremenski prekida\u010d<br \/>\nNapravljen prema najvi\u0161im standardima izrade, osigurava dugotrajnu i bezbednu upotrebu<br \/>\nPogodan za automatsku kontrolu svetla, grejanja, ventilatora\u2026<br \/>\nMogu\u0107nost vi\u0161e uklju\u010denja u danu (do 96 puta)<br \/>\nZa kori\u0161\u0107enje u sobnim uslovima<br \/>\nZa\u0161titni poklopci u uti\u010dnici \u2013 de\u010dija bezbednost<\/p>\n<\/div>\n<h3>Tehni\u010dke specifikacije:<\/h3>\n<p>Brend: BRENNENSTUHL<br \/>\nTip: Mehani\u010dki<br \/>\nNapajanje: 220-240 V~<br \/>\nMax. optere\u0107enje: 16 A \/ 3500 W<br \/>\nVremenski raspon: 15 min \/ 24 sata<br \/>\nIP za\u0161tita: IP20<br \/>\nRadna temperatura: 0\u00b0C do +40\u00b0C<br \/>\nDimenzije: 120x70x60 mm<\/p>\n<\/div>","protected":false},"excerpt":{"rendered":"<p>BRENNENSTUHL mehani\u010dki vremenski prekida\u010d Napravljen prema najvi\u0161im standardima izrade, osigurava dugotrajnu i bezbednu upotrebu Pogodan za automatsku kontrolu svetla, grejanja, ventilatora\u2026 Mogu\u0107nost vi\u0161e uklju\u010denja u danu (do 96 puta) Za kori\u0161\u0107enje u sobnim uslovima Za\u0161titni poklopci u uti\u010dnici \u2013 de\u010dija bezbednost Tehni\u010dke specifikacije: Brend: BRENNENSTUHL Tip: Mehani\u010dki Napajanje: 220-240 V~ Max. optere\u0107enje: 16 A \/ [&hellip;]<\/p>","protected":false},"featured_media":663,"template":"","meta":{"_eb_attr":""},"product_brand":[],"product_cat":[22],"product_tag":[],"class_list":{"0":"post-662","1":"product","2":"type-product","3":"status-publish","4":"has-post-thumbnail","6":"product_cat-tajmeri-i-pametne-uticnice","8":"first","9":"instock","10":"taxable","11":"shipping-taxable","12":"purchasable","13":"product-type-simple"},"_links":{"self":[{"href":"https:\/\/binvex.com\/en\/wp-json\/wp\/v2\/product\/662","targetHints":{"allow":["GET"]}}],"collection":[{"href":"https:\/\/binvex.com\/en\/wp-json\/wp\/v2\/product"}],"about":[{"href":"https:\/\/binvex.com\/en\/wp-json\/wp\/v2\/types\/product"}],"wp:featuredmedia":[{"embeddable":true,"href":"https:\/\/binvex.com\/en\/wp-json\/wp\/v2\/media\/663"}],"wp:attachment":[{"href":"https:\/\/binvex.com\/en\/wp-json\/wp\/v2\/media?parent=662"}],"wp:term":[{"taxonomy":"product_brand","embeddable":true,"href":"https:\/\/binvex.com\/en\/wp-json\/wp\/v2\/product_brand?post=662"},{"taxonomy":"product_cat","embeddable":true,"href":"https:\/\/binvex.com\/en\/wp-json\/wp\/v2\/product_cat?post=662"},{"taxonomy":"product_tag","embeddable":true,"href":"https:\/\/binvex.com\/en\/wp-json\/wp\/v2\/product_tag?post=662"}],"curies":[{"name":"wp","href":"https:\/\/api.w.org\/{rel}","templated":true}]}}