{"id":652,"date":"2023-11-21T18:47:01","date_gmt":"2023-11-21T17:47:01","guid":{"rendered":"https:\/\/dev-binvex.pantheonsite.io\/?post_type=product&#038;p=652"},"modified":"2025-09-24T09:33:36","modified_gmt":"2025-09-24T07:33:36","slug":"infracrvena-halogena-grejalica-ifh-2001-elnur-gabarron","status":"publish","type":"product","link":"https:\/\/binvex.com\/en\/p\/infracrvena-halogena-grejalica-ifh-2001-elnur-gabarron\/","title":{"rendered":"INFRACRVENA HALOGENA GREJALICA \u2013 IFH 2001 \u2013 ELNUR GABARRON"},"content":{"rendered":"<p>IFH infracrvena halogena grejalica je savr\u0161ena za grejanje eksterijera kao \u0161to su terase, tremovi ili natkrivene terase i drugi prostori za\u0161tic\u0301eni od vremenskih nepogoda. IFH infracrvena grejalica se uklju\u010duje preko daljinskog upravlja\u010da koji slu\u017ei i za odabir nivoa snage. IFH infracrvena halogena grejalica se mo\u017ee instalirati na zid ili plafon i ima sigurnosni termostat za spre\u010davanje moguc\u0301eg neo\u010dekivanog pregrevanja.<br \/>\nU ovoj vrsti infracrvenog grejanja, toplota se proizvodi i osec\u0301a trenutno. Grejalica transformi\u0161e 100% svoje snage u toplotu za manje od jedne sekunde, bez ikakvog prethodnog zagrevanja i zagrevanja jedne odre\u0111ene zone, samo kada je to potrebno.<\/p>\n<h3>Karakteristike<br \/>\n<img fetchpriority=\"high\" decoding=\"async\" class=\"alignnone size-medium wp-image-654\" src=\"https:\/\/binvex.com\/wp-content\/uploads\/2023\/11\/Infracrvena-halogena-grejalica-1-450x450-1-300x300.jpg\" alt=\"\" width=\"300\" height=\"300\" srcset=\"https:\/\/binvex.com\/wp-content\/uploads\/2023\/11\/Infracrvena-halogena-grejalica-1-450x450-1-300x300.jpg 300w, https:\/\/binvex.com\/wp-content\/uploads\/2023\/11\/Infracrvena-halogena-grejalica-1-450x450-1-150x150.jpg 150w, https:\/\/binvex.com\/wp-content\/uploads\/2023\/11\/Infracrvena-halogena-grejalica-1-450x450-1-100x100.jpg 100w, https:\/\/binvex.com\/wp-content\/uploads\/2023\/11\/Infracrvena-halogena-grejalica-1-450x450-1.jpg 450w\" sizes=\"(max-width: 300px) 100vw, 300px\" \/><\/h3>\n<div class=\"content\">\n<p>\u2013 Trenutno zagrevanje.<br \/>\n\u2013 Dva nivoa snage koja se mogu birati.<br \/>\n\u2013 1000W nivo snage 1.<br \/>\n\u2013 2000W nivo snage 2.<br \/>\n\u2013 Grejna povr\u0161ina: 12m2.<br \/>\n\u2013 Termi\u010dki sigurnosni prekida\u010d.<br \/>\n\u2013 Daljinski upravlja\u010d uklju\u010den.<br \/>\n\u2013 Lampica indikatora rada.<br \/>\n\u2013 Moguc\u0301nost ugradnje na zid ili plafon.<br \/>\n\u2013 IP55 za\u0161tita<br \/>\n\u2013 Za unutra\u0161nju i spolja\u0161nju upotrebu. Treba ga za\u0161tititi od direktnog dejstva vremenskih prilika.<br \/>\n\u2013 Dimenzije (\u0160xVxD): 62 x 11 x 7 cm<br \/>\n\u2013 Te\u017eina: 1,6 kg<\/p>\n<p>Vi\u0161e informacija na sajtu\u00a0<a href=\"https:\/\/www.elnur-global.com\/infrared-heaters\/ifh-infrared-halogen-outdoor-heater\/\" target=\"_blank\" rel=\"noopener\">Elnur Gabarron.<\/a><\/p>\n<\/div>\n<h3>Tehni\u010dke specifikacije:<\/h3>\n<p>\u2013 Snaga: 2000W<br \/>\n\u2013 Daljinski upravlja\u010d: uklju\u010den<br \/>\n\u2013 Dimenzije (\u0160xVxD): 62 x 11 x 7 cm<br \/>\n\u2013 Te\u017eina: 1,6 kg<br \/>\n\u2013 EAN: 8432336602924<\/p>\n<h3>Proizvo\u0111a\u010d:<br \/>\n<img decoding=\"async\" class=\"alignnone size-full wp-image-130\" src=\"https:\/\/binvex.com\/wp-content\/uploads\/2023\/11\/Elnur-logo.jpg\" alt=\"\" width=\"236\" height=\"140\" \/><\/h3>\n<h3 class=\"naslov-download\">Preuzmite PDF:<br \/>\n<img decoding=\"async\" class=\"alignnone size-full wp-image-216\" src=\"https:\/\/binvex.com\/wp-content\/uploads\/2023\/11\/downP.png\" alt=\"\" width=\"48\" height=\"55\" \/> <a href=\"https:\/\/binvex.com\/wp-content\/uploads\/2023\/11\/Katalog-IFH-infracrvena-halogena-grejalica.pdf\">Katalog &#8211; IFH halogena grejalica<\/a><\/h3>","protected":false},"excerpt":{"rendered":"<p>IFH infracrvena halogena grejalica je savr\u0161ena za grejanje eksterijera kao \u0161to su terase, tremovi ili natkrivene terase i drugi prostori za\u0161tic\u0301eni od vremenskih nepogoda. IFH infracrvena grejalica se uklju\u010duje preko daljinskog upravlja\u010da koji slu\u017ei i za odabir nivoa snage. IFH infracrvena halogena grejalica se mo\u017ee instalirati na zid ili plafon i ima sigurnosni termostat za [&hellip;]<\/p>","protected":false},"featured_media":653,"template":"","meta":{"_eb_attr":""},"product_brand":[],"product_cat":[24],"product_tag":[],"class_list":{"0":"post-652","1":"product","2":"type-product","3":"status-publish","4":"has-post-thumbnail","6":"product_cat-infracrvene-grejalice","8":"first","9":"instock","10":"taxable","11":"shipping-taxable","12":"purchasable","13":"product-type-simple"},"_links":{"self":[{"href":"https:\/\/binvex.com\/en\/wp-json\/wp\/v2\/product\/652","targetHints":{"allow":["GET"]}}],"collection":[{"href":"https:\/\/binvex.com\/en\/wp-json\/wp\/v2\/product"}],"about":[{"href":"https:\/\/binvex.com\/en\/wp-json\/wp\/v2\/types\/product"}],"wp:featuredmedia":[{"embeddable":true,"href":"https:\/\/binvex.com\/en\/wp-json\/wp\/v2\/media\/653"}],"wp:attachment":[{"href":"https:\/\/binvex.com\/en\/wp-json\/wp\/v2\/media?parent=652"}],"wp:term":[{"taxonomy":"product_brand","embeddable":true,"href":"https:\/\/binvex.com\/en\/wp-json\/wp\/v2\/product_brand?post=652"},{"taxonomy":"product_cat","embeddable":true,"href":"https:\/\/binvex.com\/en\/wp-json\/wp\/v2\/product_cat?post=652"},{"taxonomy":"product_tag","embeddable":true,"href":"https:\/\/binvex.com\/en\/wp-json\/wp\/v2\/product_tag?post=652"}],"curies":[{"name":"wp","href":"https:\/\/api.w.org\/{rel}","templated":true}]}}