{"id":648,"date":"2023-11-21T18:44:54","date_gmt":"2023-11-21T17:44:54","guid":{"rendered":"https:\/\/dev-binvex.pantheonsite.io\/?post_type=product&#038;p=648"},"modified":"2023-11-30T18:17:56","modified_gmt":"2023-11-30T17:17:56","slug":"usisivac-gp-1-27-hepa-iso5","status":"publish","type":"product","link":"https:\/\/binvex.com\/en\/p\/usisivac-gp-1-27-hepa-iso5\/","title":{"rendered":"USISIVA\u010c \u2013 GP 1\/27 HEPA ISO5"},"content":{"rendered":"<p><img fetchpriority=\"high\" decoding=\"async\" class=\"alignnone size-medium wp-image-650\" src=\"https:\/\/binvex.com\/wp-content\/uploads\/2023\/11\/bacteria-2-450x337-1-300x225.jpg\" alt=\"\" width=\"300\" height=\"225\" srcset=\"https:\/\/binvex.com\/wp-content\/uploads\/2023\/11\/bacteria-2-450x337-1-300x225.jpg 300w, https:\/\/binvex.com\/wp-content\/uploads\/2023\/11\/bacteria-2-450x337-1.jpg 450w\" sizes=\"(max-width: 300px) 100vw, 300px\" \/><\/p>\n<div class=\"content\">\n<h3><strong>\u2013 IPCleaning u borbi za zdravlje \u2013<\/strong><\/h3>\n<p>GP 1\/27 HEPA ISO5 je poseban usisava\u010d za filtriranje namenjen \u010di\u0161c\u0301enju u\u00a0<strong>zdravstvenim ustanovama, \u010distim prostorijama ili medicinskim centrima<\/strong>: antibakterijska me\u0161avina plastike od koje je napravljena, spre\u010dava \u0161irenje bakterija i smanjuje ih do\u00a0<strong>99,8%<\/strong>\u00a0i prestavlja idealno re\u0161enje za zdravstvene ustanove.<\/p>\n<p>Ovaj profesionalni usisiva\u010d je pogodan za usisivanje opasne i \u0161tetne pra\u0161ine H klase, a ISO 5 sertifikat omoguc\u0301ava njegovu upotrebu u sterilisanim okru\u017eenjima, \u0161to ga \u010dini va\u017enim alatom za \u010di\u0161c\u0301enje profesionalnim preduze\u0107ima za odr\u017eavanje higijene koji rade u bolnicama. Za ovu vrstu rada usisiva\u010d mora biti posebno sertifikovan, jer \u010di\u0161c\u0301enje u zdravstvenim sredinama ima dvostruki zadatak \u010di\u0161c\u0301enja i dezinfekcije. Ovim dvostrukim delovanjem posti\u017ee se su\u0161tinski cilj spre\u010davanja nekontrolisanih infekcija.<\/p>\n<p>Za detaljnije informacije kliknite na:\u00a0<strong><a href=\"https:\/\/www.youtube.com\/watch?v=i5_EGTPSsZI#action=share\" target=\"_blank\" rel=\"noopener\">VIDEO<\/a><\/strong>\u00a0i upoznajte se sa usisiva\u010dem GP1\/27 HEPA ISO5.<\/p>\n<p>Video uputstvo pogledajte klikom na:\u00a0<a href=\"https:\/\/www.youtube.com\/watch?v=vvwBuCqXHJg#action=share\" target=\"_blank\" rel=\"noopener\"><strong>UPUTSTVO<\/strong><\/a><\/p>\n<\/div>\n<h3>Tehni\u010dke specifikacije:<\/h3>\n<p>Snaga: 1300 W<br \/>\nPodpritisak vazduha: 2870 mm\/H2O<br \/>\nProtok vazduha: 210 m3\/h<br \/>\nKapacitet rezervoara: 27 l<br \/>\nNivo buke: 64 dB(A)<br \/>\nPre\u010dnik pribora: 36 mm<br \/>\nDimenzije: 380x380x650 mm<br \/>\nTe\u017eina: 10,5 kg<br \/>\nDu\u017eina kabla: 8,5 m<\/p>\n<p><strong>Karakteristike:<\/strong><\/p>\n<p>*Svetlo upozorenja za prekomerni pritisak filtera<br \/>\n*Za toksi\u010dnu pra\u0161inu: Sertifikovano od strane nostrifikovanih laboratorija kao H klasa<br \/>\n*Alarm spre\u010dava prekomerni pritisak filtera<br \/>\n*Uskla\u0111enost sa ISO 14644-1 za upotrebu u okolini gde je koncentracija pra\u0161ine u vazduhu strogo ograni\u010dena i kontrolisana<br \/>\n*Uskla\u0111enost sa elektromedinskim procedurama radi izbegavanja elektromagnetnih smetnji ili RF emisija<br \/>\n*Inovativna zaptivka \u2013 maksimalna zaptivenost: Nema gubitka protoka vazduha tokom usisavanja<br \/>\n*Vi\u0161e fazna filtracija<br \/>\n*HEPA H14 kertrid\u017e i filteri na povr\u0161ini<br \/>\n*Sistemi za bezbedno odlaganje<br \/>\n*PCB Prefilter<\/p>\n<h3>Proizvo\u0111a\u010d:<br \/>\n<img decoding=\"async\" class=\"alignnone size-full wp-image-311\" src=\"https:\/\/binvex.com\/wp-content\/uploads\/2023\/11\/7-IPC-logo.jpg\" alt=\"\" width=\"236\" height=\"140\" \/><\/h3>\n<h3 class=\"naslov-download\">Preuzmite PDF:<br \/>\n<img decoding=\"async\" class=\"alignnone size-full wp-image-216\" src=\"https:\/\/binvex.com\/wp-content\/uploads\/2023\/11\/downP.png\" alt=\"\" width=\"48\" height=\"55\" \/> <a href=\"https:\/\/binvex.com\/wp-content\/uploads\/2023\/11\/Katalog-usisivac-GP-1-27-HEPA-ISO5.pdf\">Katalog &#8211; Usisiva\u010d GP1\/27 HEPA ISO5<\/a><\/h3>","protected":false},"excerpt":{"rendered":"<p>\u2013 IPCleaning u borbi za zdravlje \u2013 GP 1\/27 HEPA ISO5 je poseban usisava\u010d za filtriranje namenjen \u010di\u0161c\u0301enju u\u00a0zdravstvenim ustanovama, \u010distim prostorijama ili medicinskim centrima: antibakterijska me\u0161avina plastike od koje je napravljena, spre\u010dava \u0161irenje bakterija i smanjuje ih do\u00a099,8%\u00a0i prestavlja idealno re\u0161enje za zdravstvene ustanove. Ovaj profesionalni usisiva\u010d je pogodan za usisivanje opasne i \u0161tetne [&hellip;]<\/p>","protected":false},"featured_media":649,"template":"","meta":{"_eb_attr":""},"product_brand":[],"product_cat":[18],"product_tag":[],"class_list":{"0":"post-648","1":"product","2":"type-product","3":"status-publish","4":"has-post-thumbnail","6":"product_cat-usisivaci","8":"first","9":"instock","10":"taxable","11":"shipping-taxable","12":"purchasable","13":"product-type-simple"},"_links":{"self":[{"href":"https:\/\/binvex.com\/en\/wp-json\/wp\/v2\/product\/648","targetHints":{"allow":["GET"]}}],"collection":[{"href":"https:\/\/binvex.com\/en\/wp-json\/wp\/v2\/product"}],"about":[{"href":"https:\/\/binvex.com\/en\/wp-json\/wp\/v2\/types\/product"}],"wp:featuredmedia":[{"embeddable":true,"href":"https:\/\/binvex.com\/en\/wp-json\/wp\/v2\/media\/649"}],"wp:attachment":[{"href":"https:\/\/binvex.com\/en\/wp-json\/wp\/v2\/media?parent=648"}],"wp:term":[{"taxonomy":"product_brand","embeddable":true,"href":"https:\/\/binvex.com\/en\/wp-json\/wp\/v2\/product_brand?post=648"},{"taxonomy":"product_cat","embeddable":true,"href":"https:\/\/binvex.com\/en\/wp-json\/wp\/v2\/product_cat?post=648"},{"taxonomy":"product_tag","embeddable":true,"href":"https:\/\/binvex.com\/en\/wp-json\/wp\/v2\/product_tag?post=648"}],"curies":[{"name":"wp","href":"https:\/\/api.w.org\/{rel}","templated":true}]}}