{"id":621,"date":"2023-11-21T18:00:38","date_gmt":"2023-11-21T17:00:38","guid":{"rendered":"https:\/\/dev-binvex.pantheonsite.io\/?post_type=product&#038;p=621"},"modified":"2025-08-07T10:31:02","modified_gmt":"2025-08-07T08:31:02","slug":"digitalni-tajmer-tm02d-prosto","status":"publish","type":"product","link":"https:\/\/binvex.com\/en\/p\/digitalni-tajmer-tm02d-prosto\/","title":{"rendered":"DIGITALNI TAJMER TM02D PROSTO"},"content":{"rendered":"<h2><span style=\"font-size: 16px;\">DIGITALNI TAJMER PROSTO \u2013 TM02D<\/span><\/h2>\n<div class=\"content\">\n<p>Pogodan za automatsku kontrolu svetla, grejanja, ventilatora\u2026<br \/>\nJednostavan za upotrebu sa mno\u0161tvom programa<br \/>\nPoseduje i \u201cRandom\u201d funkciju koja nasumi\u010dno mo\u017ee uklju\u010divati i isklju\u010divati svetla, \u0161to je prakti\u010dna bezbednosna opcija kada niste ku\u0107i<br \/>\nUgra\u0111en Ni-MH punjivi akumulator<br \/>\nNa uti\u010dnici se nalazi za\u0161tita za decu za bezbednije kori\u0161tenje<\/p>\n<\/div>\n<h3>Tehni\u010dke specifikacije:<\/h3>\n<p>Brend: PROSTO<br \/>\nTip: Digitalni<br \/>\nNapajanje: 230 V~ \/ 50 Hz<br \/>\nMax. optere\u0107enje: 16 A \/ 3680 W (omski potro\u0161a\u010d); 2 A \/ 460 W (induktivni potro\u0161a\u010d)<br \/>\nVremenski raspon: 1 min \u2013 168 sati<br \/>\nBroj programa: 10<br \/>\nAkumulator za memoriju: Ni-MH punjivi akumulator<br \/>\nIP za\u0161tita: IP20<br \/>\nRadna temperatura: 0\u00b0C do +40\u00b0C<br \/>\nDimenzije: 145x75x75 mm<\/p>\n<h3 class=\"naslov-download\">Preuzmite PDF:<br \/>\n<img decoding=\"async\" class=\"alignnone size-full wp-image-216\" src=\"https:\/\/binvex.com\/wp-content\/uploads\/2023\/11\/downP.png\" alt=\"\" width=\"48\" height=\"55\" \/> <a href=\"https:\/\/binvex.com\/wp-content\/uploads\/2023\/11\/Digitalni-tajmer-TM02-uputstvo.pdf\">Uputstvo za upotrebu &#8211; Digitalni tajmer TM02<\/a><\/h3>","protected":false},"excerpt":{"rendered":"<p>DIGITALNI TAJMER PROSTO \u2013 TM02D Pogodan za automatsku kontrolu svetla, grejanja, ventilatora\u2026 Jednostavan za upotrebu sa mno\u0161tvom programa Poseduje i \u201cRandom\u201d funkciju koja nasumi\u010dno mo\u017ee uklju\u010divati i isklju\u010divati svetla, \u0161to je prakti\u010dna bezbednosna opcija kada niste ku\u0107i Ugra\u0111en Ni-MH punjivi akumulator Na uti\u010dnici se nalazi za\u0161tita za decu za bezbednije kori\u0161tenje Tehni\u010dke specifikacije: Brend: PROSTO [&hellip;]<\/p>","protected":false},"featured_media":622,"template":"","meta":{"_eb_attr":""},"product_brand":[],"product_cat":[22],"product_tag":[],"class_list":{"0":"post-621","1":"product","2":"type-product","3":"status-publish","4":"has-post-thumbnail","6":"product_cat-tajmeri-i-pametne-uticnice","8":"first","9":"outofstock","10":"taxable","11":"shipping-taxable","12":"purchasable","13":"product-type-simple"},"_links":{"self":[{"href":"https:\/\/binvex.com\/en\/wp-json\/wp\/v2\/product\/621","targetHints":{"allow":["GET"]}}],"collection":[{"href":"https:\/\/binvex.com\/en\/wp-json\/wp\/v2\/product"}],"about":[{"href":"https:\/\/binvex.com\/en\/wp-json\/wp\/v2\/types\/product"}],"wp:featuredmedia":[{"embeddable":true,"href":"https:\/\/binvex.com\/en\/wp-json\/wp\/v2\/media\/622"}],"wp:attachment":[{"href":"https:\/\/binvex.com\/en\/wp-json\/wp\/v2\/media?parent=621"}],"wp:term":[{"taxonomy":"product_brand","embeddable":true,"href":"https:\/\/binvex.com\/en\/wp-json\/wp\/v2\/product_brand?post=621"},{"taxonomy":"product_cat","embeddable":true,"href":"https:\/\/binvex.com\/en\/wp-json\/wp\/v2\/product_cat?post=621"},{"taxonomy":"product_tag","embeddable":true,"href":"https:\/\/binvex.com\/en\/wp-json\/wp\/v2\/product_tag?post=621"}],"curies":[{"name":"wp","href":"https:\/\/api.w.org\/{rel}","templated":true}]}}