{"id":618,"date":"2023-11-21T17:54:36","date_gmt":"2023-11-21T16:54:36","guid":{"rendered":"https:\/\/dev-binvex.pantheonsite.io\/?post_type=product&#038;p=618"},"modified":"2024-08-28T09:11:04","modified_gmt":"2024-08-28T07:11:04","slug":"termostat-za-ta-pec-adl-ta3","status":"publish","type":"product","link":"https:\/\/binvex.com\/en\/p\/termostat-za-ta-pec-adl-ta3\/","title":{"rendered":"TERMOSTAT ZA TA PE\u0106 ADL \u2013 TA3"},"content":{"rendered":"<h3>Opis proizvoda:<\/h3>\n<div class=\"content\">\n<p>Termostat TA3 reguli\u0161e rad termoakumulacionih pe\u0107i Elnur Gabarron ADL.<\/p>\n<p>Kontrole kota\u010dem kojim odre\u0111ujete temperaturu, i prekida\u010d za uklju\u010divanje\/isklju\u010divanje.<\/p>\n<\/div>\n<h3>Tehni\u010dke specifikacije:<\/h3>\n<p>Temperaturni opseg: 5 \u2013 30 \u00b0C<\/p>\n<p>Preciznost: \u00b10,5\u00b0C<\/p>\n<p>Boja: bela<\/p>\n<h3>Proizvo\u0111a\u010d:<br \/>\n<img decoding=\"async\" class=\"alignnone size-full wp-image-130\" src=\"https:\/\/binvex.com\/wp-content\/uploads\/2023\/11\/Elnur-logo.jpg\" alt=\"\" width=\"236\" height=\"140\" \/><\/h3>\n<h3 class=\"naslov-download\">Preuzmite PDF:<br \/>\n<img decoding=\"async\" class=\"alignnone size-full wp-image-216\" src=\"https:\/\/binvex.com\/wp-content\/uploads\/2023\/11\/downP.png\" alt=\"\" width=\"48\" height=\"55\" \/> <a href=\"https:\/\/binvex.com\/wp-content\/uploads\/2023\/11\/Katalog-termostat-Elnur.pdf\">Katalog &#8211; termostat Elnur Gabarron<\/a><\/h3>","protected":false},"excerpt":{"rendered":"<p>Opis proizvoda: Termostat TA3 reguli\u0161e rad termoakumulacionih pe\u0107i Elnur Gabarron ADL. Kontrole kota\u010dem kojim odre\u0111ujete temperaturu, i prekida\u010d za uklju\u010divanje\/isklju\u010divanje. Tehni\u010dke specifikacije: Temperaturni opseg: 5 \u2013 30 \u00b0C Preciznost: \u00b10,5\u00b0C Boja: bela Proizvo\u0111a\u010d: Preuzmite PDF: Katalog &#8211; termostat Elnur Gabarron<\/p>","protected":false},"featured_media":619,"template":"","meta":{"_eb_attr":""},"product_brand":[],"product_cat":[32,21],"product_tag":[],"class_list":{"0":"post-618","1":"product","2":"type-product","3":"status-publish","4":"has-post-thumbnail","6":"product_cat-ta-peci","7":"product_cat-termostati","9":"first","10":"outofstock","11":"taxable","12":"shipping-taxable","13":"purchasable","14":"product-type-simple"},"_links":{"self":[{"href":"https:\/\/binvex.com\/en\/wp-json\/wp\/v2\/product\/618","targetHints":{"allow":["GET"]}}],"collection":[{"href":"https:\/\/binvex.com\/en\/wp-json\/wp\/v2\/product"}],"about":[{"href":"https:\/\/binvex.com\/en\/wp-json\/wp\/v2\/types\/product"}],"wp:featuredmedia":[{"embeddable":true,"href":"https:\/\/binvex.com\/en\/wp-json\/wp\/v2\/media\/619"}],"wp:attachment":[{"href":"https:\/\/binvex.com\/en\/wp-json\/wp\/v2\/media?parent=618"}],"wp:term":[{"taxonomy":"product_brand","embeddable":true,"href":"https:\/\/binvex.com\/en\/wp-json\/wp\/v2\/product_brand?post=618"},{"taxonomy":"product_cat","embeddable":true,"href":"https:\/\/binvex.com\/en\/wp-json\/wp\/v2\/product_cat?post=618"},{"taxonomy":"product_tag","embeddable":true,"href":"https:\/\/binvex.com\/en\/wp-json\/wp\/v2\/product_tag?post=618"}],"curies":[{"name":"wp","href":"https:\/\/api.w.org\/{rel}","templated":true}]}}