{"id":605,"date":"2023-11-21T17:48:44","date_gmt":"2023-11-21T16:48:44","guid":{"rendered":"https:\/\/dev-binvex.pantheonsite.io\/?post_type=product&#038;p=605"},"modified":"2026-01-13T08:39:29","modified_gmt":"2026-01-13T07:39:29","slug":"apsorberi-vlage-ttk-30-e","status":"publish","type":"product","link":"https:\/\/binvex.com\/en\/p\/apsorberi-vlage-ttk-30-e\/","title":{"rendered":"APSORBERI VLAGE \u2013 TTK 30 E"},"content":{"rendered":"<h3><a href=\"https:\/\/uk.trotec.com\/products-services\/machinery-homecomfort\/dehumidification\/condensation-dehumidifier-of-the-ttk-series\/ttk30e\/\" target=\"_blank\" rel=\"noopener\">NAJSAVREMENIJA TEHNOLOGIJA SA BEZVREMENSKIM DIZAJNOM \u2013 APSORBERI VLAGE TROTEC<\/a><\/h3>\n<p>Prvoklasna inovativna tehnologija se nalazi unutar TTK 30 E. Buduc\u0301i da apsorberi vlage TTK 30 E imaju veoma posebnu dodatnu funkciju: LED u boji pokazuje trenutni nivo vla\u017enosti u prostoriji! Ovaj inovativni element postavljen je ta\u010dno iznad re\u0161etke za ulaz vazduha na prednjoj strani jedinice. Ukupno tri LED boje pokazuju da li je vla\u017enost u prostoriji optimalna, veoma visoka ili veoma niska<br \/>\n<img fetchpriority=\"high\" decoding=\"async\" class=\"alignnone size-medium wp-image-608\" src=\"https:\/\/binvex.com\/wp-content\/uploads\/2023\/11\/ttk-30-e-ffd4-450x450-1-300x300.jpg\" alt=\"\" width=\"300\" height=\"300\" srcset=\"https:\/\/binvex.com\/wp-content\/uploads\/2023\/11\/ttk-30-e-ffd4-450x450-1-300x300.jpg 300w, https:\/\/binvex.com\/wp-content\/uploads\/2023\/11\/ttk-30-e-ffd4-450x450-1-150x150.jpg 150w, https:\/\/binvex.com\/wp-content\/uploads\/2023\/11\/ttk-30-e-ffd4-450x450-1-100x100.jpg 100w, https:\/\/binvex.com\/wp-content\/uploads\/2023\/11\/ttk-30-e-ffd4-450x450-1.jpg 450w\" sizes=\"(max-width: 300px) 100vw, 300px\" \/><\/p>\n<p>Osim navedenih, TTK 30 E nudi brojne druge karakteristike komforne serije. Postoje funkcija za pranje ve\u0161a i funkcija tajmera. De\u010dija brava spre\u010dava slu\u010dajne promene pode\u0161avanja. Odvla\u017eiva\u010d ima i dvobrzinski ventilator sa automatskom kontrolom (u zavisnosti od funkcije). \u0160tavi\u0161e, jedinica ima za\u0161titu od prelivanja sa automatskim isklju\u010divanjem, kao i signalnu lampicu nivoa napunjenosti koja ukazuje na pun rezervoar za vodu.<\/p>\n<p>Sve ove karakteristike su dopunjene priklju\u010dkom za odvod koji omoguc\u0301ava kori\u0161c\u0301enje jedinice u neprekidnom radu bez nadzora, kao i ugra\u0111enim filterom za vazduh koji se mo\u017ee prati. Ovaj filter slu\u017ei za dodatno \u010di\u0161c\u0301enje vazduha kroz usisavanje pra\u0161ine i \u017eivotinjske dlake.<\/p>\n<p>Funkcija LED dioda u boji je jedna od velikih prednosti automatskog rada. On zaista osigurava da se ure\u0111aj automatski uklju\u010duje kada pre\u0111e 55% i ponovo se gasi \u010dim padne ispod ovog praga. Me\u0111utim, jedan pogled na TTK 30 E je dovoljan da saznate o vla\u017enosti u prostoriji.<br \/>\n<img decoding=\"async\" class=\"alignnone size-medium wp-image-609\" src=\"https:\/\/binvex.com\/wp-content\/uploads\/2023\/11\/colour-led-display-showing-the-current-humidity-level-93a6-300x60.jpg\" alt=\"\" width=\"300\" height=\"60\" srcset=\"https:\/\/binvex.com\/wp-content\/uploads\/2023\/11\/colour-led-display-showing-the-current-humidity-level-93a6-300x60.jpg 300w, https:\/\/binvex.com\/wp-content\/uploads\/2023\/11\/colour-led-display-showing-the-current-humidity-level-93a6-768x154.jpg 768w, https:\/\/binvex.com\/wp-content\/uploads\/2023\/11\/colour-led-display-showing-the-current-humidity-level-93a6-600x120.jpg 600w, https:\/\/binvex.com\/wp-content\/uploads\/2023\/11\/colour-led-display-showing-the-current-humidity-level-93a6.jpg 1000w\" sizes=\"(max-width: 300px) 100vw, 300px\" \/><\/p>\n<p>* LED na prednjoj strani svetli plavo kada vla\u017enost u prostoriji padne ispod 55%.<br \/>\n* Zeleno je kada je vla\u017enost u optimalnom opsegu izme\u0111u 55 i 70 %.<br \/>\n* Crvena zna\u010di da je vla\u017enost u prostoriji porasla na preko 70%.<\/p>\n<p>Mo\u017eete lako da podesite re\u017eim odvla\u017eivanja na kontrolnoj tabli pomoc\u0301u tastera i digitalnog displeja: Dostupna je automatska kontrola higrostata sa izborom vla\u017enosti realne vrednosti, automatski rad sa unapred pode\u0161enom vla\u017eno\u0161c\u0301u od 55 %, kao i kontinuirani rad.<br \/>\n<img decoding=\"async\" class=\"alignnone size-medium wp-image-610\" src=\"https:\/\/binvex.com\/wp-content\/uploads\/2023\/11\/ttk-30-e-air-filter-095d-450x450-1-300x300.jpg\" alt=\"\" width=\"300\" height=\"300\" srcset=\"https:\/\/binvex.com\/wp-content\/uploads\/2023\/11\/ttk-30-e-air-filter-095d-450x450-1-300x300.jpg 300w, https:\/\/binvex.com\/wp-content\/uploads\/2023\/11\/ttk-30-e-air-filter-095d-450x450-1-150x150.jpg 150w, https:\/\/binvex.com\/wp-content\/uploads\/2023\/11\/ttk-30-e-air-filter-095d-450x450-1-100x100.jpg 100w, https:\/\/binvex.com\/wp-content\/uploads\/2023\/11\/ttk-30-e-air-filter-095d-450x450-1.jpg 450w\" sizes=\"(max-width: 300px) 100vw, 300px\" \/><br \/>\nFilter za vazduh koji se lako uklanja zadr\u017eava dla\u010dice i \u017eivotinjsku dlaku i mo\u017ee se brzo i lako obrisati ili isprati.<br \/>\n<img loading=\"lazy\" decoding=\"async\" class=\"alignnone size-medium wp-image-611\" src=\"https:\/\/binvex.com\/wp-content\/uploads\/2023\/11\/ttk-30-e-control-panel-83f4-450x450-1-300x300.jpg\" alt=\"\" width=\"300\" height=\"300\" srcset=\"https:\/\/binvex.com\/wp-content\/uploads\/2023\/11\/ttk-30-e-control-panel-83f4-450x450-1-300x300.jpg 300w, https:\/\/binvex.com\/wp-content\/uploads\/2023\/11\/ttk-30-e-control-panel-83f4-450x450-1-150x150.jpg 150w, https:\/\/binvex.com\/wp-content\/uploads\/2023\/11\/ttk-30-e-control-panel-83f4-450x450-1-100x100.jpg 100w, https:\/\/binvex.com\/wp-content\/uploads\/2023\/11\/ttk-30-e-control-panel-83f4-450x450-1.jpg 450w\" sizes=\"(max-width: 300px) 100vw, 300px\" \/><br \/>\nKontrolna tabla TTK 30 E ima jasan dizajn i laka je za razumevanje. Digitalni displej, na primer, prikazuje trenutni nivo relativne vla\u017enosti u prostoriji.<br \/>\n<img loading=\"lazy\" decoding=\"async\" class=\"alignnone size-medium wp-image-612\" src=\"https:\/\/binvex.com\/wp-content\/uploads\/2023\/11\/ttk-30-e-rear-view-d2d8-450x450-1-300x300.jpg\" alt=\"\" width=\"300\" height=\"300\" srcset=\"https:\/\/binvex.com\/wp-content\/uploads\/2023\/11\/ttk-30-e-rear-view-d2d8-450x450-1-300x300.jpg 300w, https:\/\/binvex.com\/wp-content\/uploads\/2023\/11\/ttk-30-e-rear-view-d2d8-450x450-1-150x150.jpg 150w, https:\/\/binvex.com\/wp-content\/uploads\/2023\/11\/ttk-30-e-rear-view-d2d8-450x450-1-100x100.jpg 100w, https:\/\/binvex.com\/wp-content\/uploads\/2023\/11\/ttk-30-e-rear-view-d2d8-450x450-1.jpg 450w\" sizes=\"(max-width: 300px) 100vw, 300px\" \/><br \/>\nDa bi se kondenzovana voda neprekidno odvodila, cev se mo\u017ee spojiti na zadnjoj strani ure\u0111aja.<br \/>\n<img loading=\"lazy\" decoding=\"async\" class=\"alignnone size-medium wp-image-613\" src=\"https:\/\/binvex.com\/wp-content\/uploads\/2023\/11\/ttk-30-e-water-tank-8efd-450x450-1-300x300.jpg\" alt=\"\" width=\"300\" height=\"300\" srcset=\"https:\/\/binvex.com\/wp-content\/uploads\/2023\/11\/ttk-30-e-water-tank-8efd-450x450-1-300x300.jpg 300w, https:\/\/binvex.com\/wp-content\/uploads\/2023\/11\/ttk-30-e-water-tank-8efd-450x450-1-150x150.jpg 150w, https:\/\/binvex.com\/wp-content\/uploads\/2023\/11\/ttk-30-e-water-tank-8efd-450x450-1-100x100.jpg 100w, https:\/\/binvex.com\/wp-content\/uploads\/2023\/11\/ttk-30-e-water-tank-8efd-450x450-1.jpg 450w\" sizes=\"(max-width: 300px) 100vw, 300px\" \/><\/p>\n<div class=\"content\">\n<p>Rezervoar za vodu koji se mo\u017ee ukloniti ima kapacitet od 2,2 litra. Ure\u0111aj se automatski zaustavlja kada je rezervoar pun i to ozna\u010dava LED diodom.<\/p>\n<\/div>\n<h3>Tehni\u010dke specifikacije:<\/h3>\n<p>\u2013 Dimenzije (\u0160xVxD): 28,0 x 41,5 x 22,0 cm<br \/>\n\u2013 Snaga: 240W<br \/>\n\u2013 Rezervoar: 2,2l<br \/>\n\u2013 Nivo buke: 45 dBA<br \/>\n\u2013 Boja: bela<br \/>\n\u2013 Garancija: 2 godine<br \/>\n\u2013 Hidrostat kontrolisan automatski sistem odvla\u017eivanja sa predizborom ciljne vrednosti izme\u0111u 30 i 80 % relativne vla\u017enosti u koracima od 5 %<br \/>\n\u2013 Kada se dostigne \u017eeljeni nivo vla\u017enosti, kompresor se automatski isklju\u010duje. Ventilator se spu\u0161ta i gasi sa zaka\u0161njenjem. Displej se ne isklju\u010duje. Kada se vrednost prekora\u010di, jedinica se automatski aktivira.<br \/>\n\u2013 Automatski rad sa unapred pode\u0161enom vla\u017eno\u0161c\u0301u od 55%<br \/>\n\u2013 LED displej u boji koji prikazuje trenutni nivo vla\u017enosti<br \/>\n\u2013 Kontinuirani re\u017eim<br \/>\n\u2013 Prikaz nivoa relativne vla\u017enosti<br \/>\n\u2013 Funkcija su\u0161enja ve\u0161a<br \/>\n\u2013 Lako dostupan filter za vazduh, lak za \u010di\u0161c\u0301enje. Filtrira \u017eivotinjsku dlaku, dla\u010dice, dla\u010dice, pra\u0161inu i spre\u010dava rast bakterija.<br \/>\n\u2013 Funkcija tajmera<br \/>\n\u2013 Automatski sistem odmrzavanja sa cirkulacijom vazduha<br \/>\n\u2013 Priklju\u010dak za spoljni odvod kondenzata<br \/>\n\u2013 2 stepena ventilatora<br \/>\n\u2013 Lampica upozorenja nivoa punjenja koja ozna\u010dava pun rezervoar za vodu<br \/>\n\u2013 Za\u0161tita od prelivanja sa automatskim isklju\u010divanjem<\/p>\n<h3>Proizvo\u0111a\u010d:<br \/>\n<img loading=\"lazy\" decoding=\"async\" class=\"alignnone size-full wp-image-142\" src=\"https:\/\/binvex.com\/wp-content\/uploads\/2023\/11\/Trotec.jpg\" alt=\"\" width=\"236\" height=\"140\" \/><\/h3>\n<h3 class=\"naslov-download\">Preuzmite PDF:<br \/>\n<img loading=\"lazy\" decoding=\"async\" class=\"alignnone size-full wp-image-216\" src=\"https:\/\/binvex.com\/wp-content\/uploads\/2023\/11\/downP.png\" alt=\"\" width=\"48\" height=\"55\" \/> <a href=\"https:\/\/binvex.com\/wp-content\/uploads\/2023\/11\/TTK-30-E-katalog.pdf\">Katalog &#8211; Apsorber vlage TTK 30 E<\/a><\/h3>","protected":false},"excerpt":{"rendered":"<p>NAJSAVREMENIJA TEHNOLOGIJA SA BEZVREMENSKIM DIZAJNOM \u2013 APSORBERI VLAGE TROTEC Prvoklasna inovativna tehnologija se nalazi unutar TTK 30 E. Buduc\u0301i da apsorberi vlage TTK 30 E imaju veoma posebnu dodatnu funkciju: LED u boji pokazuje trenutni nivo vla\u017enosti u prostoriji! Ovaj inovativni element postavljen je ta\u010dno iznad re\u0161etke za ulaz vazduha na prednjoj strani jedinice. Ukupno [&hellip;]<\/p>","protected":false},"featured_media":606,"template":"","meta":{"_eb_attr":""},"product_brand":[],"product_cat":[25],"product_tag":[],"class_list":{"0":"post-605","1":"product","2":"type-product","3":"status-publish","4":"has-post-thumbnail","6":"product_cat-apsorberi-vlage","8":"first","9":"outofstock","10":"taxable","11":"shipping-taxable","12":"purchasable","13":"product-type-simple"},"_links":{"self":[{"href":"https:\/\/binvex.com\/en\/wp-json\/wp\/v2\/product\/605","targetHints":{"allow":["GET"]}}],"collection":[{"href":"https:\/\/binvex.com\/en\/wp-json\/wp\/v2\/product"}],"about":[{"href":"https:\/\/binvex.com\/en\/wp-json\/wp\/v2\/types\/product"}],"wp:featuredmedia":[{"embeddable":true,"href":"https:\/\/binvex.com\/en\/wp-json\/wp\/v2\/media\/606"}],"wp:attachment":[{"href":"https:\/\/binvex.com\/en\/wp-json\/wp\/v2\/media?parent=605"}],"wp:term":[{"taxonomy":"product_brand","embeddable":true,"href":"https:\/\/binvex.com\/en\/wp-json\/wp\/v2\/product_brand?post=605"},{"taxonomy":"product_cat","embeddable":true,"href":"https:\/\/binvex.com\/en\/wp-json\/wp\/v2\/product_cat?post=605"},{"taxonomy":"product_tag","embeddable":true,"href":"https:\/\/binvex.com\/en\/wp-json\/wp\/v2\/product_tag?post=605"}],"curies":[{"name":"wp","href":"https:\/\/api.w.org\/{rel}","templated":true}]}}