{"id":598,"date":"2023-11-21T17:43:26","date_gmt":"2023-11-21T16:43:26","guid":{"rendered":"https:\/\/dev-binvex.pantheonsite.io\/?post_type=product&#038;p=598"},"modified":"2025-10-24T09:20:58","modified_gmt":"2025-10-24T07:20:58","slug":"uljani-radijatori-trh-25e-26e-trotec","status":"publish","type":"product","link":"https:\/\/binvex.com\/en\/p\/uljani-radijatori-trh-25e-26e-trotec\/","title":{"rendered":"ULJANI RADIJATORI TRH 25E \/ 26E \u2013 TROTEC"},"content":{"rendered":"<h3><a href=\"https:\/\/uk.trotec.com\/products-services\/machinery-homecomfort\/heating\/oil-filled-radiators-of-the-trh-eseries\/trh25e-trh26e\/\" target=\"_blank\" rel=\"noopener\">MOBILNI RADIJATORI SA 11 REBARA I DALJINSKIM UPRAVLJA\u010cEM \u2013 UDOBNO RE\u0160ENJE ZA UGODNU TOPLOTU \u2013 TRH 25\/26 E<\/a><\/h3>\n<p>Bilo da je u pitanju neprijatno hladno prelazno doba ili ledena zima \u2013 uljani radijatori TRH 25 E i TRH 26 E obezbe\u0111uju prijatno tople temperature.<br \/>\n<img fetchpriority=\"high\" decoding=\"async\" class=\"alignnone size-medium wp-image-600\" src=\"https:\/\/binvex.com\/wp-content\/uploads\/2023\/11\/trh-25-e-trh-26-e-66a2-450x585-1-231x300.jpg\" alt=\"\" width=\"231\" height=\"300\" srcset=\"https:\/\/binvex.com\/wp-content\/uploads\/2023\/11\/trh-25-e-trh-26-e-66a2-450x585-1-231x300.jpg 231w, https:\/\/binvex.com\/wp-content\/uploads\/2023\/11\/trh-25-e-trh-26-e-66a2-450x585-1.jpg 450w\" sizes=\"(max-width: 231px) 100vw, 231px\" \/><\/p>\n<h3>Va\u0161 je izbor, beli ili crni uljani radijatori<\/h3>\n<p>Uljani radijatori TRH 25 E i TRH 26 E su tehni\u010dki identi\u010dni, ali se razlikuju po boji. Atraktivni potpuno crni TRH 25 E u potpunosti je u skladu sa vremenom i postavlja moderan vizuelni akcenat u va\u0161em \u017eivotnom ili kancelarijskom okru\u017eenju. TRH 26 E, nasuprot tome, predstavlja se u klasi\u010dnoj elegantnoj beloj \u2013 idealnoj za kupatila ili lagani kuc\u0301ni dekor. Bez obzira na boju: sa 11 grejnih rebara, 3 nivoa grejanja i grejnim kapacitetom od 2.500 vati, dva mobilna radijatora punjena uljem vec\u0301 razvijaju maksimalnu toplotnu snagu nakon 8 minuta u prostorijama veli\u010dine do 30 m\u00b2 ili 75 m\u00b3 . Pogodan daljinski upravlja\u010d kao i funkcija tajmera od 12 sati pru\u017eaju posebnu udobnost. Moderan LED displej dodaje vizuelni dodir i jasno ukazuje na unapred pode\u0161enu \u017eeljenu temperaturu prostorije.<\/p>\n<p>Sa svojim 3 nivoa podesivim kapacitetom grejanja (1.000 W \/ 1.500 W \/ 2.500 W) dva mobilna ure\u0111aja za grejanje TRH 25 E i TRH 26 E snabdevaju termostatom kontrolisanu temperaturu u opsegu od 15 \u2013 35 \u00b0C. Radijatori punjeni uljem rade apsolutno be\u0161umno, bez mirisa i bez dizanja pra\u0161ine, stoga su pogodni za primenu u domac\u0301instvima osobama sklonim alergijama ili u spavac\u0301oj sobi.<\/p>\n<p>Uljani radijatori su tako\u0111e pogodni za grejanje prostorija koje se neredovno koriste kao na primer zimski vrtovi, gostinske sobe, ba\u0161tenske kuc\u0301ice, ili tako\u0111e radionice i kancelarije. U negrejanim gara\u017eama i podrumskim prostorijama radijatori kao monitori za zamrzavanje tako\u0111e obezbe\u0111uju pouzdanu za\u0161titu od zale\u0111enih vodovodnih cevi i daljeg o\u0161tec\u0301enja od smrzavanja.<\/p>\n<p>Dobro je znati: Savremeni uljani radijatori i dalje imaju isprobana i testirana grejna rebra, jer ovaj dizajn obezbe\u0111uje maksimalnu grejnu povr\u0161inu sa optimalnim kapacitetom i efektivno\u0161c\u0301u grejanja. Termo ulje koje se koristi u radijatoru je odli\u010dan rezervoar toplotne energije, tako da i dalje mo\u017eete u\u017eivati u dugotrajnoj toploti \u010dak i do 30 minuta nakon isklju\u010divanja ure\u0111aja za grejanje.<\/p>\n<h3>Precizno planirane sobne temperature: 12-\u010dasovni tajmer<\/h3>\n<p>Tajmer od 12 sati koji se mo\u017ee programirati u koracima od 1 sata podjednako \u0161tedi energiju i prakti\u010dan je da prilagodi vreme uklju\u010divanja i isklju\u010divanja radijatora napunjenog uljem va\u0161oj individualnoj dnevnoj rutini. Bilo da i dalje radi nakon slu\u017ebenog radnog vremena u kancelariji ili na kraju ve\u010deri gledajuc\u0301i trilere kod kuc\u0301e: uvek mo\u017eete biti sigurni da se ure\u0111aj za grejanje isklju\u010duje nakon unapred pode\u0161enog vremena rada, a da ne morate da razmi\u0161ljate o tome.<\/p>\n<h3>Stabilne bezbednosne prednosti<\/h3>\n<p>Bez obzira da li u va\u0161oj kuc\u0301i ima dece koja se igraju, raspolo\u017eenih kuc\u0301nih ljubimaca ili nepromi\u0161ljenih gostiju: TRH 25 E ili TRH 26 E nije lako izbaciti iz koloseka. Da bi se to postiglo, opremljen je \u0161iroko dizajniranim valjcima sa niskim trenjem koji obezbe\u0111uju sigurno postolje ure\u0111aja. U malo verovatnom slu\u010daju da radijator zaista po\u010dne da se ljulja, integrisana za\u0161tita od nagiba automatski deaktivira ure\u0111aj. Dodatno, sigurnosni termostat spre\u010dava prekora\u010denje radne temperature, \u0161to se na primer mo\u017ee desiti ako se odec\u0301a nepa\u017eljivo stavi na ure\u0111aj za grejanje i prekrije ga.<br \/>\n<img decoding=\"async\" class=\"alignnone size-medium wp-image-601\" src=\"https:\/\/binvex.com\/wp-content\/uploads\/2023\/11\/trh-25-e-low-friction-rollers-ec4b-450x450-1-300x300.jpg\" alt=\"\" width=\"300\" height=\"300\" srcset=\"https:\/\/binvex.com\/wp-content\/uploads\/2023\/11\/trh-25-e-low-friction-rollers-ec4b-450x450-1-300x300.jpg 300w, https:\/\/binvex.com\/wp-content\/uploads\/2023\/11\/trh-25-e-low-friction-rollers-ec4b-450x450-1-150x150.jpg 150w, https:\/\/binvex.com\/wp-content\/uploads\/2023\/11\/trh-25-e-low-friction-rollers-ec4b-450x450-1-100x100.jpg 100w, https:\/\/binvex.com\/wp-content\/uploads\/2023\/11\/trh-25-e-low-friction-rollers-ec4b-450x450-1.jpg 450w\" sizes=\"(max-width: 300px) 100vw, 300px\" \/><\/p>\n<p>Zahvaljujuc\u0301i udubljenom rukohvatu i to\u010dki\u0107ima sa niskim trenjem koji su montirani na nogice, mobilni uljani radijatori mogu se brzo i lako kotrljati na bilo koju lokaciju \u2013 \u010dak i ako je ure\u0111aj jo\u0161 vruc\u0301.<br \/>\n<img decoding=\"async\" class=\"alignnone size-medium wp-image-602\" src=\"https:\/\/binvex.com\/wp-content\/uploads\/2023\/11\/trh-26-e-control-panel-e893-450x450-1-300x300.jpg\" alt=\"\" width=\"300\" height=\"300\" srcset=\"https:\/\/binvex.com\/wp-content\/uploads\/2023\/11\/trh-26-e-control-panel-e893-450x450-1-300x300.jpg 300w, https:\/\/binvex.com\/wp-content\/uploads\/2023\/11\/trh-26-e-control-panel-e893-450x450-1-150x150.jpg 150w, https:\/\/binvex.com\/wp-content\/uploads\/2023\/11\/trh-26-e-control-panel-e893-450x450-1-100x100.jpg 100w, https:\/\/binvex.com\/wp-content\/uploads\/2023\/11\/trh-26-e-control-panel-e893-450x450-1.jpg 450w\" sizes=\"(max-width: 300px) 100vw, 300px\" \/><\/p>\n<p>Jednostavan za rukovanje! Dva radijatora punjena uljem dolaze sa termostatom koji je podesiv u koracima od 1\u00b0C i sa 3 nivoa grejanja. Moderan LED displej prikazuje \u017eeljenu ciljnu sobnu temperaturu jasno \u010ditljivo u velikim brojevima.<br \/>\n<img loading=\"lazy\" decoding=\"async\" class=\"alignnone size-medium wp-image-603\" src=\"https:\/\/binvex.com\/wp-content\/uploads\/2023\/11\/trh-25-e-trh-26-e-remote-control-310d-450x450-1-300x300.jpg\" alt=\"\" width=\"300\" height=\"300\" srcset=\"https:\/\/binvex.com\/wp-content\/uploads\/2023\/11\/trh-25-e-trh-26-e-remote-control-310d-450x450-1-300x300.jpg 300w, https:\/\/binvex.com\/wp-content\/uploads\/2023\/11\/trh-25-e-trh-26-e-remote-control-310d-450x450-1-150x150.jpg 150w, https:\/\/binvex.com\/wp-content\/uploads\/2023\/11\/trh-25-e-trh-26-e-remote-control-310d-450x450-1-100x100.jpg 100w, https:\/\/binvex.com\/wp-content\/uploads\/2023\/11\/trh-25-e-trh-26-e-remote-control-310d-450x450-1.jpg 450w\" sizes=\"(max-width: 300px) 100vw, 300px\" \/><\/p>\n<p>Bilo da se nalazite na sofi, u krevetu ili u kancelariji \u2013 sva pode\u0161avanja ure\u0111aja za grejanje mogu da se sprovedu udobno pomoc\u0301u prilo\u017eenog daljinskog upravlja\u010da.<br \/>\n<img loading=\"lazy\" decoding=\"async\" class=\"alignnone size-medium wp-image-604\" src=\"https:\/\/binvex.com\/wp-content\/uploads\/2023\/11\/trh-26-e-cable-winder-041f-450x450-1-300x300.jpg\" alt=\"\" width=\"300\" height=\"300\" srcset=\"https:\/\/binvex.com\/wp-content\/uploads\/2023\/11\/trh-26-e-cable-winder-041f-450x450-1-300x300.jpg 300w, https:\/\/binvex.com\/wp-content\/uploads\/2023\/11\/trh-26-e-cable-winder-041f-450x450-1-150x150.jpg 150w, https:\/\/binvex.com\/wp-content\/uploads\/2023\/11\/trh-26-e-cable-winder-041f-450x450-1-100x100.jpg 100w, https:\/\/binvex.com\/wp-content\/uploads\/2023\/11\/trh-26-e-cable-winder-041f-450x450-1.jpg 450w\" sizes=\"(max-width: 300px) 100vw, 300px\" \/><br \/>\nIntegrisano namotavanje kablova spre\u010dava opasnosti od preme\u0161tanja i omoguc\u0301ava brzo i jednostavno odlaganje radijatora.<\/p>\n<h3>Tehni\u010dke specifikacije:<\/h3>\n<p>Snaga grejanja:<br \/>\nnivo 1 \u2013 1000W<br \/>\nnivo 2 \u2013 1500W<br \/>\nnivo 3 \u2013 2500W<br \/>\nMre\u017eni priklju\u010dak 220-240 V \/ 50-60 Hz<br \/>\nMax. potro\u0161nja 2,5 kW<br \/>\nDu\u017eina kabla: 1,4 m<br \/>\nZa\u0161tita: IP20<br \/>\nTip uti\u010dnice Schuko CEE 7\/7<br \/>\nDimenzije (dubina x \u0161irina x visina) 240 x 470 x 600 mm<br \/>\nMinimalna udaljenost od zidova i drugih objekata<br \/>\ngore (A): 90 cm<br \/>\ndole (B): 90 cm<br \/>\nsa strane (C): 90 cm<br \/>\nspreda (D): 90 cm<br \/>\nTe\u017eina 9,5 kg<br \/>\nBoja: bela ili crna<\/p>\n<h3>Proizvo\u0111a\u010d:<br \/>\n<img loading=\"lazy\" decoding=\"async\" class=\"alignnone size-full wp-image-142\" src=\"https:\/\/binvex.com\/wp-content\/uploads\/2023\/11\/Trotec.jpg\" alt=\"\" width=\"236\" height=\"140\" \/><\/h3>","protected":false},"excerpt":{"rendered":"<p>MOBILNI RADIJATORI SA 11 REBARA I DALJINSKIM UPRAVLJA\u010cEM \u2013 UDOBNO RE\u0160ENJE ZA UGODNU TOPLOTU \u2013 TRH 25\/26 E Bilo da je u pitanju neprijatno hladno prelazno doba ili ledena zima \u2013 uljani radijatori TRH 25 E i TRH 26 E obezbe\u0111uju prijatno tople temperature. Va\u0161 je izbor, beli ili crni uljani radijatori Uljani radijatori TRH [&hellip;]<\/p>","protected":false},"featured_media":599,"template":"","meta":{"_eb_attr":""},"product_brand":[],"product_cat":[26],"product_tag":[],"class_list":{"0":"post-598","1":"product","2":"type-product","3":"status-publish","4":"has-post-thumbnail","6":"product_cat-uljani-radijatori","8":"first","9":"outofstock","10":"taxable","11":"shipping-taxable","12":"purchasable","13":"product-type-variable"},"_links":{"self":[{"href":"https:\/\/binvex.com\/en\/wp-json\/wp\/v2\/product\/598","targetHints":{"allow":["GET"]}}],"collection":[{"href":"https:\/\/binvex.com\/en\/wp-json\/wp\/v2\/product"}],"about":[{"href":"https:\/\/binvex.com\/en\/wp-json\/wp\/v2\/types\/product"}],"wp:featuredmedia":[{"embeddable":true,"href":"https:\/\/binvex.com\/en\/wp-json\/wp\/v2\/media\/599"}],"wp:attachment":[{"href":"https:\/\/binvex.com\/en\/wp-json\/wp\/v2\/media?parent=598"}],"wp:term":[{"taxonomy":"product_brand","embeddable":true,"href":"https:\/\/binvex.com\/en\/wp-json\/wp\/v2\/product_brand?post=598"},{"taxonomy":"product_cat","embeddable":true,"href":"https:\/\/binvex.com\/en\/wp-json\/wp\/v2\/product_cat?post=598"},{"taxonomy":"product_tag","embeddable":true,"href":"https:\/\/binvex.com\/en\/wp-json\/wp\/v2\/product_tag?post=598"}],"curies":[{"name":"wp","href":"https:\/\/api.w.org\/{rel}","templated":true}]}}