{"id":587,"date":"2023-11-21T17:37:58","date_gmt":"2023-11-21T16:37:58","guid":{"rendered":"https:\/\/dev-binvex.pantheonsite.io\/?post_type=product&#038;p=587"},"modified":"2025-04-15T13:01:59","modified_gmt":"2025-04-15T11:01:59","slug":"infracrvene-grejalice-ir-2200-trotec","status":"publish","type":"product","link":"https:\/\/binvex.com\/en\/p\/infracrvene-grejalice-ir-2200-trotec\/","title":{"rendered":"INFRACRVENE GREJALICE IR 2200 \u2013 TROTEC"},"content":{"rendered":"<h3><a href=\"https:\/\/uk.trotec.com\/products-services\/machinery-homecomfort\/heating\/infrared-radiant-heaters\/ir-radiant-heaters\/ir-2200\/\" target=\"_blank\" rel=\"noopener\">INFRACRVENE GREJALICE (2.200 W) ZA ISPUNJAVANJE NAJVI\u0160IH ZAHTEVA ZA MONTA\u017dU NA ZID I PLAFON \u2013 UKLJU\u010cUJUC\u0301I DALJINSKI UPRAVLJA\u010c I 2 NIVOA GREJANJA \u2013 IR 2200<\/a><\/h3>\n<p>Sa najsavremenijim infracrvenim grejlicama IR 2200 u\u010dinic\u0301ete boljim svoj \u017eivotni prostor na otvorenom, nezavisno od spolja\u0161njih temperatura i godi\u0161njih doba. Prolec\u0301e, leto, jesen ili zima \u2013 infracrvene grejalice koje se isti\u010du svojim izgledom i kvalitetom generisanja toplote obezbe\u0111uju trenutnu toplotu. Na ovaj na\u010din, popularni otvoreni prostori mogu se koristiti \u010dak i u prohladnim danima ili ve\u010derima. Za u\u017eivanje u prijatnom obroku sa porodicom, spontanim sastancima sa prijateljima ili za opu\u0161tajuc\u0301e dru\u017eenje pod vedrim zvezdanim nebom. U restoranima, IR 2200 obezbe\u0111uje dodatni prostor za sedenje na otvorenom i primetno povec\u0301anje prodaje u ugostiteljskim prostorima.<br \/>\n<img fetchpriority=\"high\" decoding=\"async\" class=\"alignnone size-medium wp-image-590\" src=\"https:\/\/binvex.com\/wp-content\/uploads\/2023\/11\/ir-2200-design-infrared-radiant-heater-a1f4-450x612-1-221x300.jpg\" alt=\"\" width=\"221\" height=\"300\" srcset=\"https:\/\/binvex.com\/wp-content\/uploads\/2023\/11\/ir-2200-design-infrared-radiant-heater-a1f4-450x612-1-221x300.jpg 221w, https:\/\/binvex.com\/wp-content\/uploads\/2023\/11\/ir-2200-design-infrared-radiant-heater-a1f4-450x612-1.jpg 450w\" sizes=\"(max-width: 221px) 100vw, 221px\" \/><\/p>\n<h3>Mogu se koristiti kao zidne ili plafonske infracrvene grejalice<\/h3>\n<p>Podjednako fleksibilna u pogledu moguc\u0301ih primena, savremeni IR 2200 pokazuje svoj industrijski izgled kada su u pitanju moguc\u0301nosti pri\u010dvr\u0161c\u0301ivanja. Za jednostavnu monta\u017eu na plafon, dekorativni sistem \u017ei\u010danih u\u017eadi sa brzim otpu\u0161tanjem navojnim spojem je uklju\u010den u isporuku. Zidni dr\u017ea\u010d koji se tako\u0111e isporu\u010duje omoguc\u0301ava pri\u010dvr\u0161c\u0301ivanje grejalice horizontalno ili vertikalno na zid. Spoj mehanizma za pri\u010dvr\u0161c\u0301ivanje na zid ili plafon, koji se mo\u017ee okretati za 45\u00b0, omoguc\u0301ava precizno poravnanje toplotnih zraka sa rasporedom sedi\u0161ta ili stolova.<\/p>\n<p><img decoding=\"async\" class=\"alignnone size-full wp-image-591\" src=\"https:\/\/binvex.com\/wp-content\/uploads\/2023\/11\/ir-2200-ceiling-and-wall-mounting-8207-150x150-1.jpg\" alt=\"\" width=\"150\" height=\"150\" srcset=\"https:\/\/binvex.com\/wp-content\/uploads\/2023\/11\/ir-2200-ceiling-and-wall-mounting-8207-150x150-1.jpg 150w, https:\/\/binvex.com\/wp-content\/uploads\/2023\/11\/ir-2200-ceiling-and-wall-mounting-8207-150x150-1-100x100.jpg 100w\" sizes=\"(max-width: 150px) 100vw, 150px\" \/><\/p>\n<p>Prijatna infracrvena toplota infracrvene grejalice du\u017eine 1039 mm se primec\u0301uje na ko\u017ei neposredno nakon uklju\u010divanja ure\u0111aja. Za pode\u0161avanje intenziteta toplote, IR 2200 ima dva nivoa grejanja sa 1.100W i 2.200W, koji se mogu izabrati preko prilo\u017eenog daljinskog upravlja\u010da. Da bi se spre\u010dilo da svetlost koju emituje greja\u010d ometa atmosferu okolnog podru\u010dja, u unutra\u0161njosti IR 2200 radi infracrvena cev sa najsavremenijom tehnologijom niskog odsjaja, smanjujuc\u0301i emisiju svetlosti za 80 procenata. Raspakujte. Instalirajte. Uklju\u010dite. U\u017eivajte.<\/p>\n<p>Vreme na otvorenom je previ\u0161e dragoceno da bismo ga \u017ertvovali lo\u0161im vremenskim uslovima. Infracrvene grejalice IR 2200 su ekonomski atraktivno re\u0161enje za kori\u0161c\u0301enje spolja\u0161njih povr\u0161ina tokom cele godine.<\/p>\n<h3>Infracrvena toplota: prijatna i prirodna kao sunce<\/h3>\n<p>Infracrvene grejalice IR 2200 zagrevaju svoju direktnu okolinu prema prirodnom principu sunca. Za razliku od ure\u0111aja sa grejnim \u017eicama, infracrveni zraci IR 2200 ne zagrevaju okolni vazduh vec\u0301 isklju\u010divo povr\u0161ine i osobe do kojih dopiru. Osvetljeni predmeti (na primer name\u0161taj, zidovi i plafoni) apsorbuju toplotu i skladi\u0161te je da bi je zatim ponovo polako osloba\u0111ali. Predmeti stoga slu\u017ee kao dodatne jedinice za skladi\u0161tenje energije i toplote \u2013 \u010dak i kada je ure\u0111aj isklju\u010den, dodatno povec\u0301avajuc\u0301i efikasnost infracrvene grejalice IR 2200. Toplotno zra\u010denje stvara prijatan osec\u0301aj toplih sun\u010devih zraka leti na ko\u017ei.<\/p>\n<p>Svako osec\u0301a temperaturu na druga\u010diji na\u010din. Na na\u0161 individualni osec\u0301aj toplote, na primer, uti\u010de udaljenost od izvora toplote. \u0160to je manje rastojanje do grejalice, to je manji prostor osvetljen \u2013 \u0161to je vec\u0301a udaljenost do grejalice, to je vec\u0301i prostor osvetljen. Infracrvene grejalice IR 2200 sa svojih moc\u0301nih 2.200 vati su pogodne za povr\u0161ine na otvorenom od cca. 9 do 15 m\u00b2. Imajte na umu da prostor koji se zagreva treba da bude za\u0161tic\u0301en od vetra, jer bi se ina\u010de efekat zagrevanja mogao neutralisati strujanjem vazduha.<\/p>\n<h3>\u010cist kao priroda \u2013 bez ikakvih ometajuc\u0301ih emisija<\/h3>\n<p>Posebno osobe sklone alergijama i osobe sa osetljivim respiratornim traktom prijatno c\u0301e osetiti blagotvorno dejstvo infracrvene grejalice. Za razliku od elektri\u010dnih greja\u010da, \u010dista trenutna toplota bez kondenzacije se stvara bez podizanja pra\u0161ine i bez stvaranja uznemirujuc\u0301e buke ili mirisa.<\/p>\n<h4>Nizak odsjaj: 100 % toplota, 80 % manje svetlosti<\/h4>\n<p>Konvencionalne infracrvene grejalice bez tehnologije niskog odsjaja \u010desto emituju intenzivnu narand\u017easto-crvenkastu svetlost zajedno sa toplotnim zra\u010denjem, koje mnogi ljudi do\u017eivljavaju kao toplo i prijatno. Me\u0111utim, da bi se spre\u010dilo da okolina bude previ\u0161e osvetljena ili \u010dak da ima neugodan efekat, IR 2200 iz Trotec-a je opremljen sa dve kratkotalasne infracrvene cevi sa tehnologijom niske svetlosti koja smanjuje svetlost sa istom toplotnom snagom.<\/p>\n<p><img decoding=\"async\" class=\"alignnone size-medium wp-image-592\" src=\"https:\/\/binvex.com\/wp-content\/uploads\/2023\/11\/ir-2200-low-glare-75ca-450x450-1-300x300.jpg\" alt=\"\" width=\"300\" height=\"300\" srcset=\"https:\/\/binvex.com\/wp-content\/uploads\/2023\/11\/ir-2200-low-glare-75ca-450x450-1-300x300.jpg 300w, https:\/\/binvex.com\/wp-content\/uploads\/2023\/11\/ir-2200-low-glare-75ca-450x450-1-150x150.jpg 150w, https:\/\/binvex.com\/wp-content\/uploads\/2023\/11\/ir-2200-low-glare-75ca-450x450-1-100x100.jpg 100w, https:\/\/binvex.com\/wp-content\/uploads\/2023\/11\/ir-2200-low-glare-75ca-450x450-1.jpg 450w\" sizes=\"(max-width: 300px) 100vw, 300px\" \/><\/p>\n<h4>Posebne karakteristike opreme IR 2200<br \/>\n<img loading=\"lazy\" decoding=\"async\" class=\"alignnone size-medium wp-image-593\" src=\"https:\/\/binvex.com\/wp-content\/uploads\/2023\/11\/ir-2200-85d6-450x450-1-300x300.jpg\" alt=\"\" width=\"300\" height=\"300\" srcset=\"https:\/\/binvex.com\/wp-content\/uploads\/2023\/11\/ir-2200-85d6-450x450-1-300x300.jpg 300w, https:\/\/binvex.com\/wp-content\/uploads\/2023\/11\/ir-2200-85d6-450x450-1-150x150.jpg 150w, https:\/\/binvex.com\/wp-content\/uploads\/2023\/11\/ir-2200-85d6-450x450-1-100x100.jpg 100w, https:\/\/binvex.com\/wp-content\/uploads\/2023\/11\/ir-2200-85d6-450x450-1.jpg 450w\" sizes=\"(max-width: 300px) 100vw, 300px\" \/><\/h4>\n<p>Toplotu otpornu na vremenske uslove i pouzdanu za\u0161titu od ki\u0161e i pra\u0161ine obezbe\u0111uje visok IP66 tip za\u0161tite. Ovaj stepen \u010dini ovaj profesionalni greja\u010d \u010dini podjednako pogodnim za upotrebu u komercijalne svrhe kao \u0161to su, na primer, restorani, kafi\u0107i i sale za ve\u0107e doga\u0111aje.<\/p>\n<p><img loading=\"lazy\" decoding=\"async\" class=\"alignnone size-medium wp-image-594\" src=\"https:\/\/binvex.com\/wp-content\/uploads\/2023\/11\/ir-2200-dimensions-b347-450x450-1-300x300.jpg\" alt=\"\" width=\"300\" height=\"300\" srcset=\"https:\/\/binvex.com\/wp-content\/uploads\/2023\/11\/ir-2200-dimensions-b347-450x450-1-300x300.jpg 300w, https:\/\/binvex.com\/wp-content\/uploads\/2023\/11\/ir-2200-dimensions-b347-450x450-1-150x150.jpg 150w, https:\/\/binvex.com\/wp-content\/uploads\/2023\/11\/ir-2200-dimensions-b347-450x450-1-100x100.jpg 100w, https:\/\/binvex.com\/wp-content\/uploads\/2023\/11\/ir-2200-dimensions-b347-450x450-1.jpg 450w\" sizes=\"(max-width: 300px) 100vw, 300px\" \/><\/p>\n<p>IR 2200 \u0161irine 1.039 mm obezbe\u0111uje do 2.200 vati moc\u0301ne infracrvene toplote za mnoge primene, tiho, bez mirisa i bez podizanja pra\u0161ine<br \/>\n<img loading=\"lazy\" decoding=\"async\" class=\"alignnone size-medium wp-image-595\" src=\"https:\/\/binvex.com\/wp-content\/uploads\/2023\/11\/ir-2200-44e2-450x450-1-300x300.jpg\" alt=\"\" width=\"300\" height=\"300\" srcset=\"https:\/\/binvex.com\/wp-content\/uploads\/2023\/11\/ir-2200-44e2-450x450-1-300x300.jpg 300w, https:\/\/binvex.com\/wp-content\/uploads\/2023\/11\/ir-2200-44e2-450x450-1-150x150.jpg 150w, https:\/\/binvex.com\/wp-content\/uploads\/2023\/11\/ir-2200-44e2-450x450-1-100x100.jpg 100w, https:\/\/binvex.com\/wp-content\/uploads\/2023\/11\/ir-2200-44e2-450x450-1.jpg 450w\" sizes=\"(max-width: 300px) 100vw, 300px\" \/><\/p>\n<p>Sa rastojanjem do 3 metra, preporu\u010dujemo kori\u0161c\u0301enje infracrvene grejalice IR 2200 za povr\u0161inu koja se zagreva od cca. 9 do 15 m\u00b2.<br \/>\n<img loading=\"lazy\" decoding=\"async\" class=\"alignnone size-medium wp-image-596\" src=\"https:\/\/binvex.com\/wp-content\/uploads\/2023\/11\/ir-2200-d9f7-450x450-1-300x300.jpg\" alt=\"\" width=\"300\" height=\"300\" srcset=\"https:\/\/binvex.com\/wp-content\/uploads\/2023\/11\/ir-2200-d9f7-450x450-1-300x300.jpg 300w, https:\/\/binvex.com\/wp-content\/uploads\/2023\/11\/ir-2200-d9f7-450x450-1-150x150.jpg 150w, https:\/\/binvex.com\/wp-content\/uploads\/2023\/11\/ir-2200-d9f7-450x450-1-100x100.jpg 100w, https:\/\/binvex.com\/wp-content\/uploads\/2023\/11\/ir-2200-d9f7-450x450-1.jpg 450w\" sizes=\"(max-width: 300px) 100vw, 300px\" \/><\/p>\n<p>Nivoi grejanja se mogu lako i pogodno izabrati preko isporu\u010denog IR daljinskog upravlja\u010da velikog dometa.<\/p>\n<h3>Tehni\u010dke specifikacije:<\/h3>\n<p>Snaga grejanja: 2200W<br \/>\nMre\u017eni priklju\u010dak 220-240 V \/ 50-60 Hz<br \/>\nMax. potro\u0161nja 2,2 kW<br \/>\nDu\u017eina kabla: 1,8 m<br \/>\nZa\u0161tita: IP66<br \/>\nTip uti\u010dnice Schuko CEE 7\/7<br \/>\nDimenzije (dubina x \u0161irina x visina) 78 x 1039 x 78 mm<br \/>\nMinimalna udaljenost od zidova i drugih objekata<br \/>\ngore (A): 50 cm<br \/>\ndole (B): 180 cm<br \/>\nsa strane (C): 50 cm<br \/>\nspreda (D): 50 cm<br \/>\nTe\u017eina 2,5 kg<\/p>\n<h3>Proizvo\u0111a\u010d:<br \/>\n<img loading=\"lazy\" decoding=\"async\" class=\"alignnone size-full wp-image-142\" src=\"https:\/\/binvex.com\/wp-content\/uploads\/2023\/11\/Trotec.jpg\" alt=\"\" width=\"236\" height=\"140\" \/><\/h3>","protected":false},"excerpt":{"rendered":"<p>INFRACRVENE GREJALICE (2.200 W) ZA ISPUNJAVANJE NAJVI\u0160IH ZAHTEVA ZA MONTA\u017dU NA ZID I PLAFON \u2013 UKLJU\u010cUJUC\u0301I DALJINSKI UPRAVLJA\u010c I 2 NIVOA GREJANJA \u2013 IR 2200 Sa najsavremenijim infracrvenim grejlicama IR 2200 u\u010dinic\u0301ete boljim svoj \u017eivotni prostor na otvorenom, nezavisno od spolja\u0161njih temperatura i godi\u0161njih doba. Prolec\u0301e, leto, jesen ili zima \u2013 infracrvene grejalice koje se [&hellip;]<\/p>","protected":false},"featured_media":588,"template":"","meta":{"_eb_attr":""},"product_brand":[],"product_cat":[24],"product_tag":[],"class_list":{"0":"post-587","1":"product","2":"type-product","3":"status-publish","4":"has-post-thumbnail","6":"product_cat-infracrvene-grejalice","8":"first","9":"outofstock","10":"taxable","11":"shipping-taxable","12":"purchasable","13":"product-type-simple"},"_links":{"self":[{"href":"https:\/\/binvex.com\/en\/wp-json\/wp\/v2\/product\/587","targetHints":{"allow":["GET"]}}],"collection":[{"href":"https:\/\/binvex.com\/en\/wp-json\/wp\/v2\/product"}],"about":[{"href":"https:\/\/binvex.com\/en\/wp-json\/wp\/v2\/types\/product"}],"wp:featuredmedia":[{"embeddable":true,"href":"https:\/\/binvex.com\/en\/wp-json\/wp\/v2\/media\/588"}],"wp:attachment":[{"href":"https:\/\/binvex.com\/en\/wp-json\/wp\/v2\/media?parent=587"}],"wp:term":[{"taxonomy":"product_brand","embeddable":true,"href":"https:\/\/binvex.com\/en\/wp-json\/wp\/v2\/product_brand?post=587"},{"taxonomy":"product_cat","embeddable":true,"href":"https:\/\/binvex.com\/en\/wp-json\/wp\/v2\/product_cat?post=587"},{"taxonomy":"product_tag","embeddable":true,"href":"https:\/\/binvex.com\/en\/wp-json\/wp\/v2\/product_tag?post=587"}],"curies":[{"name":"wp","href":"https:\/\/api.w.org\/{rel}","templated":true}]}}