{"id":566,"date":"2023-11-21T17:23:47","date_gmt":"2023-11-21T16:23:47","guid":{"rendered":"https:\/\/dev-binvex.pantheonsite.io\/?post_type=product&#038;p=566"},"modified":"2026-01-26T10:57:25","modified_gmt":"2026-01-26T09:57:25","slug":"konvektorske-grejalice-tch-2050e-trotec","status":"publish","type":"product","link":"https:\/\/binvex.com\/en\/p\/konvektorske-grejalice-tch-2050e-trotec\/","title":{"rendered":"KONVEKTORSKE GREJALICE TCH 2050E \u2013 TROTEC"},"content":{"rendered":"<h3><a href=\"https:\/\/uk.trotec.com\/products-services\/machinery-homecomfort\/heating\/convectors-tch-e-series\/tch-2310-e-tch-2311-e\/\" target=\"_blank\" rel=\"noopener\">3D SVEOBUHVATNA TOPLINA SA MOC\u0301NIM GREJNIM ELEMENTIMA OD LISKUNA I DALJINSKIM UPRAVLJA\u010cEM \u2013 TCH 2050 E<\/a><\/h3>\n<p>Bez obzira da li ga koristite kao efikasno dodatno grejanje ili za retko kori\u0161c\u0301ene, negrejane prostorije \u2013 konvektorske grejalice TCH 2050 E obezbe\u0111uju ugodnu toplotu u jesen, zimu, kao i u hladnim danima u prolec\u0301e. Sa kapacitetom grejanja od 2.000 vati, TCH 2050 E obezbe\u0111uje ugodne temperature u prostorijama do 24 m\u00b2 ili 60 m\u00b3 \u2013 savr\u0161eno, na primer, u dnevnoj sobi, spavac\u0301oj sobi, de\u010dijoj sobi, kuc\u0301i za odmor, hobi soba, prostorija za zabave, u kancelariji, ili va\u0161im prodajnim prostorijama.<br \/>\n<img fetchpriority=\"high\" decoding=\"async\" class=\"alignnone size-medium wp-image-571\" src=\"https:\/\/binvex.com\/wp-content\/uploads\/2023\/11\/tch-2050-e-c643-450x380-1-300x253.jpg\" alt=\"\" width=\"300\" height=\"253\" srcset=\"https:\/\/binvex.com\/wp-content\/uploads\/2023\/11\/tch-2050-e-c643-450x380-1-300x253.jpg 300w, https:\/\/binvex.com\/wp-content\/uploads\/2023\/11\/tch-2050-e-c643-450x380-1.jpg 450w\" sizes=\"(max-width: 300px) 100vw, 300px\" \/><\/p>\n<h3>Savr\u0161ena kombinacija konvekcijske toplote i infracrvenog zra\u010denja konvektorske grejalice<\/h3>\n<p>Za razliku od mnogih drugih ure\u0111aja za grejanje ili infracrvenih greja\u010da, toplota u slu\u010daju termotalasnog greja\u010da TCH 2050 E se ne emituje u prostoriju samo iz jednog smera. Kombinacija konvektivnog grejanja i liskuna infracrvenih grejnih elemenata umesto toga pru\u017ea toplinu koja se mo\u017ee osetiti sa svih strana. Osim toga, grejni elementi se posebno brzo zagrevaju, pa vam omoguc\u0301avaju da vec\u0301 za nekoliko sekundi u\u017eivate u toplini. Da biste maksimalno iskoristili prednosti TCH 2050 E, postavite ga u centar prostorije, tako da mo\u017eete osetiti stabilnu i brzu 3D distribuciju toplote.<\/p>\n<h3>Kontrolisan termostatom za visok nivo udobnosti i nisku potro\u0161nju energije<\/h3>\n<p>Pomoc\u0301u daljinskog upravlja\u010da i intuitivnog membranskog kontrolnog panela, mo\u017eete brzo i lako odabrati 2 nivoa grejanja (1.200 W i 2.000 W). Trenutna sobna temperatura vam se uvek prikazuje na LCD ekranu. TCH 2050 E je opremljen inteligentnom termi\u010dkom kontrolom preko termostata tako da mo\u017eete optimalno prilagoditi njegov kapacitet grejanja va\u0161oj sobnoj temperaturi.<\/p>\n<p>Samo unesite \u017eeljenu ciljnu sobnu temperaturu u opsegu od 15 \u00b0C do 35 \u00b0C. Greja\u010d sa termalnim talasima sada zagreva prostoriju dok se ne dostigne unapred izabrana temperatura, a zatim se automatski isklju\u010duje. Kada je potrebno ponovno zagrevanje, greja\u010d se automatski ponovo uklju\u010duje, odr\u017eavajuc\u0301i sobnu temperaturu na konstantnom nivou. Ova procedura je posebno efikasna i \u0161tedljiva, jer grejni ure\u0111aj zagreva samo onoliko koliko je potrebno da obezbedi ugodnu toplotu.<\/p>\n<h3>Funkcionalni princip konvektorske grejalice TCH 2050 E<br \/>\n<img decoding=\"async\" class=\"alignnone size-full wp-image-572\" src=\"https:\/\/binvex.com\/wp-content\/uploads\/2023\/11\/the-functional-principle-of-a-thermal-wave-heater-48c0-231x300-1.jpg\" alt=\"\" width=\"231\" height=\"300\" \/><\/h3>\n<p>Sa svojim 3D sistemom grejanja, TCH 2050 E pametno kombinuje prednosti konvektora i prednosti infracrvenog greja\u010da i na taj na\u010din obezbe\u0111uje stvarnu sveobuhvatnu toplotu za manje od jednog minuta.<\/p>\n<h4>Efikasna tehnologija zagrevanja liskuna sa plo\u010dama od liskuna<\/h4>\n<p>Troslojne grejne plo\u010de od prirodnog liskuna generi\u0161u prijatnu infracrvenu toplotu za kratko vreme, koja se, za razliku od konvencionalnih grejnih greja\u010da, ne emituje samo iz jednog smera, vec\u0301 istovremeno i napred i nazad. Jo\u0161 jedna prednost grejnih elemenata od liskuna vrhunskog kvaliteta je njihova puna povr\u0161ina i konzistentan u\u010dinak zra\u010denja. Intenzivna zra\u010dna toplota se generi\u0161e po celoj povr\u0161ini, bez gubitka performansi i bez potro\u0161nje kiseonika.<\/p>\n<h4>Toplota koja ispunjava prostoriju po prirodnom principu sunca<\/h4>\n<p>Funkcionalnost infracrvenog zra\u010denja prati prirodni princip sunca. Ne zagreva samo vazduh, vec\u0301 i povr\u0161ine predmeta u koje udari. Predmeti skladi\u0161te toplotu i ponovo je polako emituju u prostoriju, tako da ona nastavlja svoj efekat kada je toplotno talasni greja\u010d ponovo isklju\u010den. Na ko\u017ei, infracrveno zra\u010denje stvara prijatan osec\u0301aj prirodne sun\u010deve svetlosti.<\/p>\n<p>Bonus: Prijatna toplina ima trenutni efekat u celoj prostoriji bez ikakvog perioda pokretanja i ne mora prvo cirkulisati kroz prostoriju.<\/p>\n<h5>Rastuc\u0301a konvekcijska toplota za povec\u0301anu toplotnu snagu<\/h5>\n<p>Pored toga, vruc\u0301i grejni elementi liskuna emituju topli vazduh koji se tako\u0111e di\u017ee nagore. Ovo proizvodi meku vazdu\u0161nu struju koja dalje distribuira toplotu u celoj prostoriji. Ovaj princip se naziva konvekcija.<\/p>\n<p>Bonus ta\u010dka: Infracrveno zra\u010denje i konvekcijska toplota zajedno \u010dine trodimenzionalni svestrani sistem grejanja. Toplotom koja se emituje nagore, napred i nazad, cela prostorija se stalno zagreva. Za brzo \u0161irenje prijatne topline u celoj prostoriji \u2013 u najudaljeniji ugao<\/p>\n<p><img decoding=\"async\" class=\"alignnone size-medium wp-image-573\" src=\"https:\/\/binvex.com\/wp-content\/uploads\/2023\/11\/tch-2050-e-3fe3-450x450-1-300x300.jpg\" alt=\"\" width=\"300\" height=\"300\" srcset=\"https:\/\/binvex.com\/wp-content\/uploads\/2023\/11\/tch-2050-e-3fe3-450x450-1-300x300.jpg 300w, https:\/\/binvex.com\/wp-content\/uploads\/2023\/11\/tch-2050-e-3fe3-450x450-1-150x150.jpg 150w, https:\/\/binvex.com\/wp-content\/uploads\/2023\/11\/tch-2050-e-3fe3-450x450-1-100x100.jpg 100w, https:\/\/binvex.com\/wp-content\/uploads\/2023\/11\/tch-2050-e-3fe3-450x450-1.jpg 450w\" sizes=\"(max-width: 300px) 100vw, 300px\" \/><br \/>\nPlo\u010de od liskuna vrhunskog kvaliteta emituju prijatnu infracrvenu toplotu po celoj povr\u0161ini. Ova konzistentna zra\u010dna toplota zagreva telo, zidove i predmete u prostoriji bez smanjenja nivoa vla\u017enosti vazduha u prostoriji.<br \/>\n<img loading=\"lazy\" decoding=\"async\" class=\"alignnone size-medium wp-image-574\" src=\"https:\/\/binvex.com\/wp-content\/uploads\/2023\/11\/tch-2050-e-tilt-protection-06bc-450x450-1-300x300.jpg\" alt=\"\" width=\"300\" height=\"300\" srcset=\"https:\/\/binvex.com\/wp-content\/uploads\/2023\/11\/tch-2050-e-tilt-protection-06bc-450x450-1-300x300.jpg 300w, https:\/\/binvex.com\/wp-content\/uploads\/2023\/11\/tch-2050-e-tilt-protection-06bc-450x450-1-150x150.jpg 150w, https:\/\/binvex.com\/wp-content\/uploads\/2023\/11\/tch-2050-e-tilt-protection-06bc-450x450-1-100x100.jpg 100w, https:\/\/binvex.com\/wp-content\/uploads\/2023\/11\/tch-2050-e-tilt-protection-06bc-450x450-1.jpg 450w\" sizes=\"(max-width: 300px) 100vw, 300px\" \/><br \/>\nDobro je znati: automatski prekida\u010d za isklju\u010divanje i integrisana za\u0161tita od pregrevanja obezbe\u0111uju maksimalnu pouzdanost u radu.<br \/>\n<img loading=\"lazy\" decoding=\"async\" class=\"alignnone size-medium wp-image-575\" src=\"https:\/\/binvex.com\/wp-content\/uploads\/2023\/11\/tch-2050-e-control-panel-e88f-450x450-1-300x300.jpg\" alt=\"\" width=\"300\" height=\"300\" srcset=\"https:\/\/binvex.com\/wp-content\/uploads\/2023\/11\/tch-2050-e-control-panel-e88f-450x450-1-300x300.jpg 300w, https:\/\/binvex.com\/wp-content\/uploads\/2023\/11\/tch-2050-e-control-panel-e88f-450x450-1-150x150.jpg 150w, https:\/\/binvex.com\/wp-content\/uploads\/2023\/11\/tch-2050-e-control-panel-e88f-450x450-1-100x100.jpg 100w, https:\/\/binvex.com\/wp-content\/uploads\/2023\/11\/tch-2050-e-control-panel-e88f-450x450-1.jpg 450w\" sizes=\"(max-width: 300px) 100vw, 300px\" \/><\/p>\n<p>LCD ekran prikazuje trenutnu temperaturu prostorije. Na jasno raspore\u0111enoj kontrolnoj tabli ili pomoc\u0301u daljinskog upravlja\u010da mo\u017eete podesiti \u017eeljenu ciljnu vrednost temperature. Pomoc\u0301u funkcije tajmera mo\u017eete unapred planirati automatsko uklju\u010divanje i isklju\u010divanje.<br \/>\n<img loading=\"lazy\" decoding=\"async\" class=\"alignnone size-medium wp-image-576\" src=\"https:\/\/binvex.com\/wp-content\/uploads\/2023\/11\/tch-2050-e-cable-winder-and-handles-2f6f-450x450-1-300x300.jpg\" alt=\"\" width=\"300\" height=\"300\" srcset=\"https:\/\/binvex.com\/wp-content\/uploads\/2023\/11\/tch-2050-e-cable-winder-and-handles-2f6f-450x450-1-300x300.jpg 300w, https:\/\/binvex.com\/wp-content\/uploads\/2023\/11\/tch-2050-e-cable-winder-and-handles-2f6f-450x450-1-150x150.jpg 150w, https:\/\/binvex.com\/wp-content\/uploads\/2023\/11\/tch-2050-e-cable-winder-and-handles-2f6f-450x450-1-100x100.jpg 100w, https:\/\/binvex.com\/wp-content\/uploads\/2023\/11\/tch-2050-e-cable-winder-and-handles-2f6f-450x450-1.jpg 450w\" sizes=\"(max-width: 300px) 100vw, 300px\" \/><\/p>\n<div class=\"content\">\n<p>Sa svojim glatkim transportnim to\u010dkic\u0301ima, zaobljenim ru\u010dkama i prakti\u010dnim namota\u010dem kablova, mobilne konvektorske grejalice se mogu brzo i lako prebacivati iz jedne prostorije u drugu.<\/p>\n<p>Preostalu ponudu konvektorskih grejalica mo\u017eete pogledati na slede\u0107em linku:\u00a0<a href=\"https:\/\/binvex.com\/en\/konvektorske-grejalice\/\" target=\"_blank\" rel=\"noopener\">KONVEKTORSKE GREJALICE<\/a><\/p>\n<\/div>\n<h3>Tehni\u010dke specifikacije:<\/h3>\n<p>Snaga grejanja: 1000-2000W<br \/>\nMre\u017eni priklju\u010dak 230 V \/ 50-60 Hz<br \/>\nMax. potro\u0161nja 2 kW<br \/>\nDu\u017eina kabla: 1,2 m<br \/>\nTip uti\u010dnice Schuko CEE 7\/7<br \/>\nDimenzije (dubina x \u0161irina x visina) 260 x 640 x 660 mm<br \/>\nMinimalna udaljenost od zidova i drugih objekata<br \/>\ngore (A): 100 cm<br \/>\npozadi (B): 100 cm<br \/>\nsa strane (C): 100 cm<br \/>\nspreda (D): 100 cm<br \/>\nTe\u017eina 5 kg<\/p>\n<h3>Proizvo\u0111a\u010d:<br \/>\n<img loading=\"lazy\" decoding=\"async\" class=\"alignnone size-full wp-image-142\" src=\"https:\/\/binvex.com\/wp-content\/uploads\/2023\/11\/Trotec.jpg\" alt=\"\" width=\"236\" height=\"140\" \/><\/h3>","protected":false},"excerpt":{"rendered":"<p>3D SVEOBUHVATNA TOPLINA SA MOC\u0301NIM GREJNIM ELEMENTIMA OD LISKUNA I DALJINSKIM UPRAVLJA\u010cEM \u2013 TCH 2050 E Bez obzira da li ga koristite kao efikasno dodatno grejanje ili za retko kori\u0161c\u0301ene, negrejane prostorije \u2013 konvektorske grejalice TCH 2050 E obezbe\u0111uju ugodnu toplotu u jesen, zimu, kao i u hladnim danima u prolec\u0301e. Sa kapacitetom grejanja od [&hellip;]<\/p>","protected":false},"featured_media":567,"template":"","meta":{"_eb_attr":""},"product_brand":[],"product_cat":[28],"product_tag":[],"class_list":{"0":"post-566","1":"product","2":"type-product","3":"status-publish","4":"has-post-thumbnail","6":"product_cat-konvektorske-grejalice","8":"first","9":"outofstock","10":"taxable","11":"shipping-taxable","12":"purchasable","13":"product-type-simple"},"_links":{"self":[{"href":"https:\/\/binvex.com\/en\/wp-json\/wp\/v2\/product\/566","targetHints":{"allow":["GET"]}}],"collection":[{"href":"https:\/\/binvex.com\/en\/wp-json\/wp\/v2\/product"}],"about":[{"href":"https:\/\/binvex.com\/en\/wp-json\/wp\/v2\/types\/product"}],"wp:featuredmedia":[{"embeddable":true,"href":"https:\/\/binvex.com\/en\/wp-json\/wp\/v2\/media\/567"}],"wp:attachment":[{"href":"https:\/\/binvex.com\/en\/wp-json\/wp\/v2\/media?parent=566"}],"wp:term":[{"taxonomy":"product_brand","embeddable":true,"href":"https:\/\/binvex.com\/en\/wp-json\/wp\/v2\/product_brand?post=566"},{"taxonomy":"product_cat","embeddable":true,"href":"https:\/\/binvex.com\/en\/wp-json\/wp\/v2\/product_cat?post=566"},{"taxonomy":"product_tag","embeddable":true,"href":"https:\/\/binvex.com\/en\/wp-json\/wp\/v2\/product_tag?post=566"}],"curies":[{"name":"wp","href":"https:\/\/api.w.org\/{rel}","templated":true}]}}