{"id":540,"date":"2023-11-21T17:02:31","date_gmt":"2023-11-21T16:02:31","guid":{"rendered":"https:\/\/dev-binvex.pantheonsite.io\/?post_type=product&#038;p=540"},"modified":"2025-10-23T09:37:58","modified_gmt":"2025-10-23T07:37:58","slug":"elektricni-wifi-panelni-radijatori-aetherea-radialight","status":"publish","type":"product","link":"https:\/\/binvex.com\/en\/p\/elektricni-wifi-panelni-radijatori-aetherea-radialight\/","title":{"rendered":"ELEKTRI\u010cNI WIFI PANELNI RADIJATORI AETHEREA RADIALIGHT"},"content":{"rendered":"<h3><a href=\"https:\/\/www.radialight.com\/en\/products-range\/electric-heating-products\/heat-your-home\/dual-therm-glass-front-radiators-aetherea\" target=\"_blank\" rel=\"noopener\">DUAL-THERM STAKLENI PANELNI RADIJATORI ITALIJANSKOG PROIZVO\u0110A\u010cA RADIALIGHT<\/a><\/h3>\n<p>Staklo je prirodni materijal sinonim za \u010distoc\u0301u, sa ultra glatkim reflektujuc\u0301im povr\u0161inama koje unose eleganciju u va\u0161 enterijer. Ali za nas u Radialight-u, ovo nisu samo estetski ugodni panelni radijatori. Kombinovanje dizajna sa izuzetnim termi\u010dkim i fizi\u010dkim svojstvima, omoguc\u0301avajuc\u0301i radijatoru da akumulira toplotu i postepeno je osloba\u0111a \u010dak i kada je greja\u010d isklju\u010den, obezbe\u0111ujuc\u0301i dugotrajno zra\u010denje kako bi vam pru\u017eio udobnost koja vam je potrebna du\u017ee.<\/p>\n<p>Ove izvanredne karakteristike su dodatak vrhunskoj tehnologiji, sa kontrolama na dodir i jednostavnom navigacijom kroz bezbroj funkcija. Sistem nudi prilagodljivo grejanje za svaku sobu u va\u0161em domu kako bi odgovaralo va\u0161em \u017eivotnom stilu; on sam u\u010di va\u0161e rutine dok vam omoguc\u0301ava da ga kontroli\u0161ete gde god da se nalazite, zahvaljujuc\u0301i prakti\u010dnosti kuc\u0301ne automatizacije.<\/p>\n<p><img decoding=\"async\" class=\"alignnone size-medium wp-image-547\" src=\"https:\/\/binvex.com\/wp-content\/uploads\/2023\/11\/Aetherea-bianco-dual-therm-wifi-ready-ambientato-768x274-1-300x107.png\" alt=\"\" width=\"300\" height=\"107\" srcset=\"https:\/\/binvex.com\/wp-content\/uploads\/2023\/11\/Aetherea-bianco-dual-therm-wifi-ready-ambientato-768x274-1-300x107.png 300w, https:\/\/binvex.com\/wp-content\/uploads\/2023\/11\/Aetherea-bianco-dual-therm-wifi-ready-ambientato-768x274-1-600x214.png 600w, https:\/\/binvex.com\/wp-content\/uploads\/2023\/11\/Aetherea-bianco-dual-therm-wifi-ready-ambientato-768x274-1.png 768w\" sizes=\"(max-width: 300px) 100vw, 300px\" \/><\/p>\n<h3>Tehnologija grejanja panelnih radijatora<\/h3>\n<p><img decoding=\"async\" class=\"alignnone size-medium wp-image-548\" src=\"https:\/\/binvex.com\/wp-content\/uploads\/2023\/11\/Aetherea-bianco-stile-di-riscaldamento-300x150.png\" alt=\"\" width=\"300\" height=\"150\" srcset=\"https:\/\/binvex.com\/wp-content\/uploads\/2023\/11\/Aetherea-bianco-stile-di-riscaldamento-300x150.png 300w, https:\/\/binvex.com\/wp-content\/uploads\/2023\/11\/Aetherea-bianco-stile-di-riscaldamento.png 600w\" sizes=\"(max-width: 300px) 100vw, 300px\" \/><\/p>\n<p>Udobnost i blagostanje garantuje DUAL-THERM sistem: infracrveno zra\u010denje i prirodna konvekcija integrisani u radijator, za brzo i homogeno zagrevanje prostorija, kao i neuporediv osec\u0301aj toplote koji se produ\u017eava tokom vremena, \u0161to je jo\u0161 efikasnije zahvaljujuc\u0301i toplotnoj inerciji stakla, dragocenog materijala, koji akumulira toplotu i dugo je vrac\u0301a.<\/p>\n<p>Staklena prednja strana AETHEREA nije samo jednostavan estetski element: zahvaljujuc\u0301i tehnologiji koja ga ravnomerno zagreva i svojim svojstvima akumulacije toplote, osloba\u0111a intenzivan, dugotrajan efekat zra\u010denja sa malom potro\u0161njom jer je aktivan \u010dak i kada se napajanje prekida.<\/p>\n<h3>Kontrola ure\u0111aja<\/h3>\n<p><img decoding=\"async\" class=\"alignnone size-medium wp-image-549\" src=\"https:\/\/binvex.com\/wp-content\/uploads\/2023\/11\/Aetherea-sistema-di-controllo-300x150.png\" alt=\"\" width=\"300\" height=\"150\" srcset=\"https:\/\/binvex.com\/wp-content\/uploads\/2023\/11\/Aetherea-sistema-di-controllo-300x150.png 300w, https:\/\/binvex.com\/wp-content\/uploads\/2023\/11\/Aetherea-sistema-di-controllo.png 600w\" sizes=\"(max-width: 300px) 100vw, 300px\" \/><\/p>\n<p>AETHEREA se isporu\u010duje sa kontrolama na dodir koje funkcioni\u0161u dodirivanjem kontrolne table prstima.<br \/>\nEkran sa pozadinskim osvetljenjem sa vi\u0161ejezi\u010dnom navigacijom menija \u010dini korisni\u010dko iskustvo i pristup funkcijama lakim i intuitivnim.<\/p>\n<p>Iskoristite prednosti tehnologije i ve\u0161ta\u010dke inteligencije da biste kreirali moderan sistem grejanja sa brzim odzivom koji se mo\u017ee prilagoditi svakoj prostoriji i lako se prilago\u0111ava va\u0161oj rutini. Moc\u0301i c\u0301ete da u\u0161tedite novac kada niste kod kuc\u0301e i da dobijete korisne informacije o potro\u0161nji energije.<br \/>\nAETHEREA je inteligentna: obezbe\u0111uje va\u0161u idealnu temperaturu omoguc\u0301avajuc\u0301i vam da kreirate personalizovane programe ili u\u010dec\u0301i va\u0161e rutine dok detektuje va\u0161e prisustvo i va\u0161u omiljenu temperaturu.<\/p>\n<h3>Karakteristike<\/h3>\n<p>\u2022DUAL-THERM sistem grejanja: infracrveno zra\u010denje + prirodna konvekcija;<br \/>\n\u2022Superiorno i dugotrajno zra\u010denje zahvaljujuc\u0301i akumulaciji toplote prednjeg panela od kaljenog stakla debljine 5 mm<br \/>\n\u2022Ekran sa navigacionim menijem za jednostavnu upotrebu;<br \/>\n\u2022Inteligentna kontrola napajanja za energetsku efikasnost;<br \/>\n\u2022\u017deljeno pode\u0161avanje sobne temperature na najbli\u017ei deseti deo stepena;<br \/>\n\u2022Vidljivo programiranje po satu, prilagodljivo za svaki dan u nedelji;<br \/>\n\u2022Opticontrol sistem koji automatski otkriva kada ste u blizini, omoguc\u0301avajuc\u0301i smanjenje potro\u0161nje kada ste napolju, dok automatski kreira operativni program u\u010denjem va\u0161ih rutina;<br \/>\n\u2022Powercheck funkcija koja pru\u017ea detalje dnevne i nedeljne potro\u0161nje;<br \/>\n\u2022Funkcija detekcije otvorenog prozora za smanjenje gubitka energije;<br \/>\n\u2022Sigurnosne funkcije za starije i decu, koje se mogu koristiti za smanjenje snage i temperature radijatora, kao i za blokiranje pristupa kontrolama;<br \/>\n\u2022Brza i laka instalacija zahvaljujuc\u0301i kompletu za monta\u017eu i nultim tro\u0161kovima odr\u017eavanja;<br \/>\n\u2022Moguc\u0301nost povezivanja na va\u0161 WiFi sistem i kori\u0161c\u0301enja kontrola kuc\u0301ne automatizacije preko Radialight APP (samo nakon instaliranja Radialight Wi-Fi MODULA, koji se mo\u017ee kupiti zasebno);<br \/>\n\u2022IP24 za\u0161tita od prskanja vode \u2013 idealno za ugradnju iu kupatila.<br \/>\n\u2022U skladu sa propisima ECODESIGN<\/p>\n<h4>Instalacija Wi-Fi modula<\/h4>\n<p>Svi proizvodi iz asortimana AETHEREA mogu da rade i u ru\u010dnom re\u017eimu i preko daljinskog upravlja\u010da zahvaljujuc\u0301i Vi-Fi vezi i na\u0161oj Radialight aplikaciji. Instalacija opcionog Wi-Fi modula je veoma jednostavna i korisnik mo\u017ee lako da je obavi pre nego \u0161to pri\u010dvrsti proizvod na zid. Dovoljno je otvoriti namenski odeljak na zadnjoj strani radijatora, spojiti modul na brzi konektor i zatvoriti plasti\u010dni poklopac! To je sve!<br \/>\n<img loading=\"lazy\" decoding=\"async\" class=\"alignnone size-medium wp-image-550\" src=\"https:\/\/binvex.com\/wp-content\/uploads\/2023\/11\/aetherea-panelni-radijatori-10-300x300.jpg\" alt=\"\" width=\"300\" height=\"300\" srcset=\"https:\/\/binvex.com\/wp-content\/uploads\/2023\/11\/aetherea-panelni-radijatori-10-300x300.jpg 300w, https:\/\/binvex.com\/wp-content\/uploads\/2023\/11\/aetherea-panelni-radijatori-10-150x150.jpg 150w, https:\/\/binvex.com\/wp-content\/uploads\/2023\/11\/aetherea-panelni-radijatori-10-100x100.jpg 100w, https:\/\/binvex.com\/wp-content\/uploads\/2023\/11\/aetherea-panelni-radijatori-10.jpg 600w\" sizes=\"(max-width: 300px) 100vw, 300px\" \/><\/p>\n<h4>Funkcija automatskog programiranja<\/h4>\n<p>Aktiviranjem funkcije Auto, senzor pokreta se koristi za automatsko kreiranje nedeljnog radnog programa koji postavlja re\u017eim Comfort u dane i vreme kada ste obi\u010dno kod kuc\u0301e i Eco u drugim vremenima.<\/p>\n<p>Ako se va\u0161e navike promene\u2026 nema problema! Aetherea se menja sa vama i nastavlja da se prilago\u0111ava kako bi vam uvek ponudila program koji najbolje odgovara va\u0161im potrebama i izbegavajte tro\u0161enje energije tako \u0161to c\u0301ete smanjiti potro\u0161nju na minimum.<\/p>\n<p>Multifunkcionalni ekran Aetherea vam tako\u0111e omoguc\u0301ava da uvek dr\u017eite status u\u010denja pod kontrolom kako biste proverili da li je pogodan za va\u0161e potrebe.<\/p>\n<p>Osetljivost senzora se mo\u017ee podesiti izborom izme\u0111u 3 nivoa kako bi se moglo upravljati najrazli\u010ditijim uslovima instalacije i ograni\u010diti neoptimalne detekcije \u0161to je vi\u0161e moguc\u0301e.<\/p>\n<div class=\"content\">\n<p><a href=\"tel:0113836882\">Za vi\u0161e informacija pozovite jednostavnim klikom na broj telefona 011\/38-36-882<\/a><\/p>\n<\/div>\n<h3>Tehni\u010dke specifikacije:<\/h3>\n<p><strong>AETHEREA 10<\/strong><br \/>\nEAN kod: 8019250152225 (beli) \/ 8019250152263 (crni)<br \/>\nDimenzije (\u0160xVxD): 80,0 x 45,0 x 8,0 cm<br \/>\nDubina montiranog ure\u0111aja na zidu: 10,0 cm<br \/>\nSnaga na 230V: 1000W<br \/>\nDu\u017eina kabla: 100cm<br \/>\nNeto te\u017eina: 10,0 kg<br \/>\nBoja: ledeno bela ili opsidijan crna<br \/>\n<strong>CENA: 47.900,00 RSD<\/strong><\/p>\n<p><strong>AETHEREA 15<\/strong><br \/>\nEAN kod: 8019250152423 (beli) \/ 8019250152461 (crni)<br \/>\nDimenzije (\u0160xVxD): 102,0 x 45,0 x 8,0 cm<br \/>\nDubina montiranog ure\u0111aja na zidu: 10,0 cm<br \/>\nSnaga na 230V: 1500W<br \/>\nDu\u017eina kabla: 100cm<br \/>\nNeto te\u017eina: 13,0 kg<br \/>\nBoja: ledeno bela ili opsidijan crna<br \/>\n<strong>CENA: 52.9900,00 RSD<\/strong><\/p>\n<h3>Proizvo\u0111a\u010d:<br \/>\n<img loading=\"lazy\" decoding=\"async\" class=\"alignnone size-full wp-image-213\" src=\"https:\/\/binvex.com\/wp-content\/uploads\/2023\/11\/4-RADIALIGHT-logo-1.jpg\" alt=\"\" width=\"236\" height=\"140\" \/><br \/>\nPreuzmite PDF:<br \/>\n<img loading=\"lazy\" decoding=\"async\" class=\"alignnone size-full wp-image-216\" src=\"https:\/\/binvex.com\/wp-content\/uploads\/2023\/11\/downP.png\" alt=\"\" width=\"48\" height=\"55\" \/> <a href=\"https:\/\/binvex.com\/wp-content\/uploads\/2023\/11\/Katalog-Aetherea.pdf\">Katalog &#8211; Panelni radijatori AETHEREA<\/a><\/h3>","protected":false},"excerpt":{"rendered":"<p>DUAL-THERM STAKLENI PANELNI RADIJATORI ITALIJANSKOG PROIZVO\u0110A\u010cA RADIALIGHT Staklo je prirodni materijal sinonim za \u010distoc\u0301u, sa ultra glatkim reflektujuc\u0301im povr\u0161inama koje unose eleganciju u va\u0161 enterijer. Ali za nas u Radialight-u, ovo nisu samo estetski ugodni panelni radijatori. Kombinovanje dizajna sa izuzetnim termi\u010dkim i fizi\u010dkim svojstvima, omoguc\u0301avajuc\u0301i radijatoru da akumulira toplotu i postepeno je osloba\u0111a \u010dak [&hellip;]<\/p>","protected":false},"featured_media":541,"template":"","meta":{"_eb_attr":""},"product_brand":[],"product_cat":[27],"product_tag":[],"class_list":{"0":"post-540","1":"product","2":"type-product","3":"status-publish","4":"has-post-thumbnail","6":"product_cat-digitalni-panelni-radijatori","8":"first","9":"outofstock","10":"taxable","11":"shipping-taxable","12":"purchasable","13":"product-type-variable"},"_links":{"self":[{"href":"https:\/\/binvex.com\/en\/wp-json\/wp\/v2\/product\/540","targetHints":{"allow":["GET"]}}],"collection":[{"href":"https:\/\/binvex.com\/en\/wp-json\/wp\/v2\/product"}],"about":[{"href":"https:\/\/binvex.com\/en\/wp-json\/wp\/v2\/types\/product"}],"wp:featuredmedia":[{"embeddable":true,"href":"https:\/\/binvex.com\/en\/wp-json\/wp\/v2\/media\/541"}],"wp:attachment":[{"href":"https:\/\/binvex.com\/en\/wp-json\/wp\/v2\/media?parent=540"}],"wp:term":[{"taxonomy":"product_brand","embeddable":true,"href":"https:\/\/binvex.com\/en\/wp-json\/wp\/v2\/product_brand?post=540"},{"taxonomy":"product_cat","embeddable":true,"href":"https:\/\/binvex.com\/en\/wp-json\/wp\/v2\/product_cat?post=540"},{"taxonomy":"product_tag","embeddable":true,"href":"https:\/\/binvex.com\/en\/wp-json\/wp\/v2\/product_tag?post=540"}],"curies":[{"name":"wp","href":"https:\/\/api.w.org\/{rel}","templated":true}]}}