{"id":3882,"date":"2025-11-07T15:28:18","date_gmt":"2025-11-07T14:28:18","guid":{"rendered":"https:\/\/binvex.com\/?post_type=product&#038;p=3882"},"modified":"2025-11-07T15:36:04","modified_gmt":"2025-11-07T14:36:04","slug":"termostat-wifi-za-elektricno-podno-grejanje-wht-2000","status":"publish","type":"product","link":"https:\/\/binvex.com\/en\/p\/termostat-wifi-za-elektricno-podno-grejanje-wht-2000\/","title":{"rendered":"Termostat WiFi za elektri\u010dno podno grejanje &#8211; WHT 2000"},"content":{"rendered":"<p>Wi-Fi termostat Warmset WTR-2000 je kvadratna verzija Warmset WiFi termostata.<br \/>\nWarmset WHT-2000 Wi-Fi termostat je specijalno dizajniran za daljinsko upravljanje temperaturom podnog grejanja.<br \/>\nNjegov oblik se prilago\u0111ava svakoj vrsti nekretnine i name\u0161taja.<br \/>\nMo\u017ee se kontrolisati putem prakti\u010dne aplikacije za pametne telefone koja upravlja njegovim radom<br \/>\nTako\u0111e dodaje i druge prakti\u010dne funkcije kao \u0161to su odmor, ECO ili re\u017eim protiv smrzavanja.<\/p>","protected":false},"excerpt":{"rendered":"<p>NAPAJANJE: 230 VAC<br \/>\nSENZORI: 1 SENZOR X NTC10K<br \/>\nIZLAZ: 1 X PREKIDA\u010c (R1)<br \/>\nNOSIVOST: MAKS. 16A<br \/>\nTEMPERATURA U SOBI: -5 \u00b0C ~ +45 \u00b0C<br \/>\nTEMPERATURA PODA: -5\u00b0C ~ +90\u00b0C<br \/>\nVLA\u017dNOST RH: 5~95%<br \/>\nTA\u010cNOST: +\/- 1,0 \u00b0C<br \/>\nDIMENZIJA: 120x80x20 mm<br \/>\nMATERIJAL: POLIKARBONAT + ABS (Vatrogasno)<br \/>\nRAZVODNA KUTIJA: 502 &#8211; UNUTRA\u0160NJI PROSTOR 60 MM<br \/>\nBOJA: BELA (Ostalo na zahtev)<br \/>\nSTEPEN ZA\u0160TITE: IP30<\/p>","protected":false},"featured_media":3883,"template":"","meta":{"_eb_attr":""},"product_brand":[],"product_cat":[31,21],"product_tag":[],"class_list":{"0":"post-3882","1":"product","2":"type-product","3":"status-publish","4":"has-post-thumbnail","6":"product_cat-elektricno-podno-grejanje","7":"product_cat-termostati","9":"first","10":"instock","11":"taxable","12":"shipping-taxable","13":"purchasable","14":"product-type-simple"},"_links":{"self":[{"href":"https:\/\/binvex.com\/en\/wp-json\/wp\/v2\/product\/3882","targetHints":{"allow":["GET"]}}],"collection":[{"href":"https:\/\/binvex.com\/en\/wp-json\/wp\/v2\/product"}],"about":[{"href":"https:\/\/binvex.com\/en\/wp-json\/wp\/v2\/types\/product"}],"wp:featuredmedia":[{"embeddable":true,"href":"https:\/\/binvex.com\/en\/wp-json\/wp\/v2\/media\/3883"}],"wp:attachment":[{"href":"https:\/\/binvex.com\/en\/wp-json\/wp\/v2\/media?parent=3882"}],"wp:term":[{"taxonomy":"product_brand","embeddable":true,"href":"https:\/\/binvex.com\/en\/wp-json\/wp\/v2\/product_brand?post=3882"},{"taxonomy":"product_cat","embeddable":true,"href":"https:\/\/binvex.com\/en\/wp-json\/wp\/v2\/product_cat?post=3882"},{"taxonomy":"product_tag","embeddable":true,"href":"https:\/\/binvex.com\/en\/wp-json\/wp\/v2\/product_tag?post=3882"}],"curies":[{"name":"wp","href":"https:\/\/api.w.org\/{rel}","templated":true}]}}