{"id":3880,"date":"2025-11-07T15:27:47","date_gmt":"2025-11-07T14:27:47","guid":{"rendered":"https:\/\/binvex.com\/?post_type=product&#038;p=3880"},"modified":"2025-11-07T15:37:44","modified_gmt":"2025-11-07T14:37:44","slug":"termostat-wifi-za-elektricno-podno-grejanje-wht-6000-gbs-warmset","status":"publish","type":"product","link":"https:\/\/binvex.com\/en\/p\/termostat-wifi-za-elektricno-podno-grejanje-wht-6000-gbs-warmset\/","title":{"rendered":"Termostat WiFi za elektri\u010dno podno grejanje &#8211; WHT 6000 GBS &#8211; Warmset"},"content":{"rendered":"<p>Termostat WHT-6000 GBS Warmset Wi-Fi je specijalno dizajniran za daljinsko upravljanje sistemom podnog grejanja i omoguc\u0301ava preciznu regulaciju temperature za zna\u010dajne u\u0161tede energije. Jednostavna i zaobljena linija ga \u010dini predmetom koji se dobro uklapa sa modernim i dizajnerskim name\u0161tajem. Moguc\u0301e je kontrolisati termostat pomoc\u0301u jednostavne aplikacije za pametni telefon. Tako\u0111e dodaje i druge prakti\u010dne funkcije kao \u0161to su odmor, ECO ili antifriz.<br \/>\nOkrugla verzija Warmset WHT-6000 GBS Wi-Fi termostata je idealna za daljinsko upravljanje temperaturom podnog grejanja. Njegov oblik je pogodan za bilo koju vrstu zgrade i enterijera. Mo\u017ee se kontrolisati putem prakti\u010dne aplikacije za pametne telefone. U integrisanom sistemu grejanja zgrade moguc\u0301e je povezati sve termostate sa jedinicom za upravljanje opterec\u0301enjem.<\/p>","protected":false},"excerpt":{"rendered":"<p>NAPAJANJE: 95~240 VAC<br \/>\nSENZORI: 1 SENZOR X NTC10K<br \/>\nIZLAZ: 1 X PREKIDA\u010c (R1)<br \/>\nNOSIVOST: MAKS. 16A<br \/>\nTEMPERATURA U SOBI: 0 \u00b0C ~ +45 \u00b0C<br \/>\nVLA\u017dNOST RH: 5~95%<br \/>\nTA\u010cNOST: +\/- 0,5 \u00b0C<br \/>\nDIMENZIJA: 86 MM (PRE\u010cNIK) &#8211; 20 MM (DUBINA)<br \/>\nMATERIJAL: POLIKARBONAT + ABS (Vatrogasno)<br \/>\nRAZVODNA KUTIJA: 502 &#8211; UNUTRA\u0160NJI PROSTOR 60 MM<br \/>\nBOJA: BELA (Ostalo na zahtev)<br \/>\nSTEPEN ZA\u0160TITE: IP20<\/p>","protected":false},"featured_media":3881,"template":"","meta":{"_eb_attr":""},"product_brand":[],"product_cat":[31,21],"product_tag":[],"class_list":{"0":"post-3880","1":"product","2":"type-product","3":"status-publish","4":"has-post-thumbnail","6":"product_cat-elektricno-podno-grejanje","7":"product_cat-termostati","9":"first","10":"instock","11":"taxable","12":"shipping-taxable","13":"purchasable","14":"product-type-simple"},"_links":{"self":[{"href":"https:\/\/binvex.com\/en\/wp-json\/wp\/v2\/product\/3880","targetHints":{"allow":["GET"]}}],"collection":[{"href":"https:\/\/binvex.com\/en\/wp-json\/wp\/v2\/product"}],"about":[{"href":"https:\/\/binvex.com\/en\/wp-json\/wp\/v2\/types\/product"}],"wp:featuredmedia":[{"embeddable":true,"href":"https:\/\/binvex.com\/en\/wp-json\/wp\/v2\/media\/3881"}],"wp:attachment":[{"href":"https:\/\/binvex.com\/en\/wp-json\/wp\/v2\/media?parent=3880"}],"wp:term":[{"taxonomy":"product_brand","embeddable":true,"href":"https:\/\/binvex.com\/en\/wp-json\/wp\/v2\/product_brand?post=3880"},{"taxonomy":"product_cat","embeddable":true,"href":"https:\/\/binvex.com\/en\/wp-json\/wp\/v2\/product_cat?post=3880"},{"taxonomy":"product_tag","embeddable":true,"href":"https:\/\/binvex.com\/en\/wp-json\/wp\/v2\/product_tag?post=3880"}],"curies":[{"name":"wp","href":"https:\/\/api.w.org\/{rel}","templated":true}]}}