{"id":3874,"date":"2025-10-27T12:31:25","date_gmt":"2025-10-27T11:31:25","guid":{"rendered":"https:\/\/binvex.com\/?post_type=product&#038;p=3874"},"modified":"2025-10-29T09:16:24","modified_gmt":"2025-10-29T08:16:24","slug":"infracrvena-grejalica-ert-2000-elcon","status":"publish","type":"product","link":"https:\/\/binvex.com\/en\/p\/infracrvena-grejalica-ert-2000-elcon\/","title":{"rendered":"INFRACRVENA GREJALICA &#8211; ERT 2000- ELCON"},"content":{"rendered":"<p>Elektri\u010dni infracrveni greja\u010d otporan na vremenske uslove ERT-2000 ima paraboli\u010dnu aluminijumsku strukturu kuc\u0301i\u0161ta za odli\u010dno fokusiranje infracrvenog zraka. Sa opcijom snage od 2000 W, pru\u017ea efikasno grejanje u uskim prostorima, \u0161to ga \u010dini idealnim za otvorene prostore i terase. Greja\u010d je lagan, moderan i jednostavan za sklapanje, koristec\u0301i Shortwave Golden IR tehnologiju za efikasno grejanje. Nudi za\u0161titu od pra\u0161ine i vode sa IP65 stepenom za\u0161tite, osiguravajuc\u0301i izdr\u017eljivost u spolja\u0161njim uslovima.<\/p>\n<p>Elektri\u010dni infracrveni greja\u010d otporan na vremenske uslove ERT-2000<br \/>\nParaboli\u010dna aluminijumska struktura kuc\u0301i\u0161ta<br \/>\nOdli\u010dno fokusiranje infracrvenog zraka<br \/>\nOpcija snage 2000W<br \/>\nLagan, estetski i stilski dizajn<br \/>\nEfikasno grejanje u uskim prostorima<br \/>\nLaka monta\u017ea<br \/>\nKratkotalasna zlatna infracrvena tehnologija<br \/>\nNezaobilazan proizvod za otvorene prostore i terase. Za\u0161tita od pra\u0161ine i vode klase IP65.<\/p>","protected":false},"excerpt":{"rendered":"<p>IR talasna du\u017eina: 1,2 \u00b5m<br \/>\nIR lampe koli\u010dina: 1<br \/>\nDu\u017eina IR filamenta (mm): 435<br \/>\nRadni napon (V): 235VAC<br \/>\nUkupna snaga (W): 2000<br \/>\nDimenzije (mm): 500 x 110 x 55<br \/>\nIP klasa: IP65<br \/>\nPovr\u0161ina grejanja (m2): 10 m2<br \/>\nVek trajanja infracrvenog zra\u010denja (sati): 7000<br \/>\nDaljinski upravlja\u010d: ne<br \/>\nGarantni period 2 godine<\/p>\n<p>KARAKTERISTIKE KUC\u0301I\u0160TA<br \/>\nMaterijal: Aluminijum<br \/>\nBoja: Crna<br \/>\nKabl za napajanje 3 x 1,5 mm2<\/p>\n<p>KARAKTERISTIKE MONTA\u017dE<br \/>\nPovr\u0161ina primene: Zid\/Plafon<br \/>\nMinimalna visina pri monta\u017ei (mm): 1000<br \/>\nMaksimalna visina pri monta\u017ei (mm): 2500<\/p>","protected":false},"featured_media":3875,"template":"","meta":{"_eb_attr":""},"product_brand":[],"product_cat":[24],"product_tag":[],"class_list":{"0":"post-3874","1":"product","2":"type-product","3":"status-publish","4":"has-post-thumbnail","6":"product_cat-infracrvene-grejalice","8":"first","9":"instock","10":"taxable","11":"shipping-taxable","12":"purchasable","13":"product-type-simple"},"_links":{"self":[{"href":"https:\/\/binvex.com\/en\/wp-json\/wp\/v2\/product\/3874","targetHints":{"allow":["GET"]}}],"collection":[{"href":"https:\/\/binvex.com\/en\/wp-json\/wp\/v2\/product"}],"about":[{"href":"https:\/\/binvex.com\/en\/wp-json\/wp\/v2\/types\/product"}],"wp:featuredmedia":[{"embeddable":true,"href":"https:\/\/binvex.com\/en\/wp-json\/wp\/v2\/media\/3875"}],"wp:attachment":[{"href":"https:\/\/binvex.com\/en\/wp-json\/wp\/v2\/media?parent=3874"}],"wp:term":[{"taxonomy":"product_brand","embeddable":true,"href":"https:\/\/binvex.com\/en\/wp-json\/wp\/v2\/product_brand?post=3874"},{"taxonomy":"product_cat","embeddable":true,"href":"https:\/\/binvex.com\/en\/wp-json\/wp\/v2\/product_cat?post=3874"},{"taxonomy":"product_tag","embeddable":true,"href":"https:\/\/binvex.com\/en\/wp-json\/wp\/v2\/product_tag?post=3874"}],"curies":[{"name":"wp","href":"https:\/\/api.w.org\/{rel}","templated":true}]}}