{"id":3868,"date":"2025-10-27T12:22:22","date_gmt":"2025-10-27T11:22:22","guid":{"rendered":"https:\/\/binvex.com\/?post_type=product&#038;p=3868"},"modified":"2025-10-29T09:16:52","modified_gmt":"2025-10-29T08:16:52","slug":"infracrvena-grejalica-eir-3000-elcon","status":"publish","type":"product","link":"https:\/\/binvex.com\/en\/p\/infracrvena-grejalica-eir-3000-elcon\/","title":{"rendered":"INFRACRVENA GREJALICA &#8211; EIR 3000- ELCON"},"content":{"rendered":"<p>Elektri\u010dni infracrveni greja\u010d otporan na vremenske uslove EIR ima paraboli\u010dnu aluminijumsku strukturu kuc\u0301i\u0161ta za odli\u010dno fokusiranje infracrvenog zraka, dostupan u opcijama snage od 1500W, 2000W, 3000W i 4000W. Njegova lagana, stilska konstrukcija \u010dini ga idealnim za efikasno grejanje u uskim prostorima, posebno na otvorenim prostorima i terasama. Greja\u010d koristi srednjetalasnu IR tehnologiju ugljeni\u010dnih vlakana za efikasno grejanje i jednostavan je za monta\u017eu. Ima IP65 za\u0161titni znak, \u0161to nudi jaku za\u0161titu od pra\u0161ine i vode, osiguravajuc\u0301i izdr\u017eljivost u spolja\u0161njim uslovima.<\/p>\n<p>Elektri\u010dni infracrveni greja\u010di otporni na vremenske uslove EIR<br \/>\nParaboli\u010dne aluminijumske strukture kuc\u0301i\u0161ta<br \/>\nOdli\u010dno fokusiranje infracrvenog zraka<br \/>\nOpcije snage 1500W, 2000W, 3000W, 4000W<br \/>\nLagan, estetski i stilski dizajn<br \/>\nEfikasno grejanje u uskim prostorima<br \/>\nLaka monta\u017ea<br \/>\nSrednjetalasna IR tehnologija od ugljeni\u010dnih vlakana<br \/>\nNezaobilazan proizvod otvorenih prostora i terasa, za\u0161tita od pra\u0161ine i vode klase IP65<\/p>","protected":false},"excerpt":{"rendered":"<p>IR talasna du\u017eina: 1,2 \u00b5m<br \/>\nIR lampe koli\u010dina: 2<br \/>\nDu\u017eina IR filamenta (mm): 435<br \/>\nRadni napon (V): 235VAC<br \/>\nUkupna snaga (W): 3000<br \/>\nDimenzije (mm): 780 x 150 x 60<br \/>\nIP klasa: IP65<br \/>\nPovr\u0161ina grejanja (m2): 16 m2<br \/>\nVek trajanja infracrvenog zra\u010denja (sati): 7000<br \/>\nDaljinski upravlja\u010d: ne<br \/>\nGarantni period 2 godine<\/p>\n<p>KARAKTERISTIKE KUC\u0301I\u0160TA<br \/>\nMaterijal: Aluminijum<br \/>\nBoja: Crna<br \/>\nKabl za napajanje 3 x 2,5 mm2<\/p>\n<p>KARAKTERISTIKE MONTA\u017dE<br \/>\nPovr\u0161ina primene: Zid\/Plafon<br \/>\nMinimalna visina pri monta\u017ei (mm): 1000<br \/>\nMaksimalna visina pri monta\u017ei (mm): 3000<\/p>","protected":false},"featured_media":3870,"template":"","meta":{"_eb_attr":""},"product_brand":[],"product_cat":[24],"product_tag":[],"class_list":{"0":"post-3868","1":"product","2":"type-product","3":"status-publish","4":"has-post-thumbnail","6":"product_cat-infracrvene-grejalice","8":"first","9":"instock","10":"taxable","11":"shipping-taxable","12":"purchasable","13":"product-type-simple"},"_links":{"self":[{"href":"https:\/\/binvex.com\/en\/wp-json\/wp\/v2\/product\/3868","targetHints":{"allow":["GET"]}}],"collection":[{"href":"https:\/\/binvex.com\/en\/wp-json\/wp\/v2\/product"}],"about":[{"href":"https:\/\/binvex.com\/en\/wp-json\/wp\/v2\/types\/product"}],"wp:featuredmedia":[{"embeddable":true,"href":"https:\/\/binvex.com\/en\/wp-json\/wp\/v2\/media\/3870"}],"wp:attachment":[{"href":"https:\/\/binvex.com\/en\/wp-json\/wp\/v2\/media?parent=3868"}],"wp:term":[{"taxonomy":"product_brand","embeddable":true,"href":"https:\/\/binvex.com\/en\/wp-json\/wp\/v2\/product_brand?post=3868"},{"taxonomy":"product_cat","embeddable":true,"href":"https:\/\/binvex.com\/en\/wp-json\/wp\/v2\/product_cat?post=3868"},{"taxonomy":"product_tag","embeddable":true,"href":"https:\/\/binvex.com\/en\/wp-json\/wp\/v2\/product_tag?post=3868"}],"curies":[{"name":"wp","href":"https:\/\/api.w.org\/{rel}","templated":true}]}}