{"id":3862,"date":"2025-10-27T11:59:58","date_gmt":"2025-10-27T10:59:58","guid":{"rendered":"https:\/\/binvex.com\/?post_type=product&#038;p=3862"},"modified":"2025-10-29T09:17:17","modified_gmt":"2025-10-29T08:17:17","slug":"infracrvena-grejalica-bh-3000-elcon","status":"publish","type":"product","link":"https:\/\/binvex.com\/en\/p\/infracrvena-grejalica-bh-3000-elcon\/","title":{"rendered":"INFRACRVENA GREJALICA &#8211; BH 3000 &#8211; ELCON"},"content":{"rendered":"<p>Elektri\u010dni infracrveni greja\u010d otporan na vremenske uslove BH je ergonomsko re\u0161enje za grejanje idealno za upotrebu u otvorenim ili poluotvorenim prostorima. Dizajniran je da bude otporan na vodu i pra\u0161inu, sa opcijama snage od 1500W do 4000W. Nudec\u0301i razli\u010dite veli\u010dine okvira (400mm, 600mm i 800mm), mo\u017ee se pohvaliti vekom trajanja od 7000 sati. Greja\u010d ima elegantno crno anodizirano aluminijumsko kuc\u0301i\u0161te i paraboli\u010dnu strukturu \u0161irokog ugla za optimalnu distribuciju toplote. Sa infracrvenom tehnologijom vidljivog svetla NIR, obezbe\u0111uje maksimalan prenos toplote. Lako se sklapa i rastavlja i ima IP67 stepen za\u0161tite za vrhunsku za\u0161titu od vode i pra\u0161ine.<\/p>\n<p>Vodootporni elektri\u010dni infracrveni greja\u010di BH<br \/>\nVodootporni elektri\u010dni greja\u010di BH su ergonomski greja\u010di koji su pogodni za upotrebu u otvorenim do poluotvorenim prostorima i nisu pod uticajem vode i pra\u0161ine. Opcije snage 1500W, 2000W, 3000W, 4000W<br \/>\nRazli\u010dite opcije okvira sa \u0161irinom 400 mm\/600 mm\/800 mm<br \/>\nVek trajanja 7000 sati<\/p>\n<p>Kuc\u0301i\u0161te od crnog anodiziranog aluminijuma<br \/>\n\u0160irokougaono skeniranje sa paraboli\u010dnom strukturom tela<br \/>\nEstetski dizajn<br \/>\nLaka monta\u017ea i demonta\u017ea<br \/>\nMaksimalan prenos toplote sa vidljivom svetlo\u0161c\u0301u NIR infracrvenom tehnologijom<br \/>\nZa\u0161tita od vode i pra\u0161ine klase IP67<\/p>","protected":false},"excerpt":{"rendered":"<p>IR talasna du\u017eina: 1,0 \u00b5m<br \/>\nIR lampe koli\u010dina: 2<br \/>\nDu\u017eina IR filamenta (mm): 2 x 355<br \/>\nRadni napon (V): 235VAC<br \/>\nUkupna snaga (W): 3000<br \/>\nDimenzije (mm): 780 x 130 x 100<br \/>\nIP klasa: IP67<br \/>\nPovr\u0161ina grejanja (m2): 15 &#8211; 30 m2<br \/>\nVek trajanja infracrvenog zra\u010denja (sati): 7000<br \/>\nDaljinski upravlja\u010d: ne<br \/>\nGarantni period 2 godine<\/p>\n<p>KARAKTERISTIKE KUC\u0301I\u0160TA<br \/>\nMaterijal: Aluminijum<br \/>\nBoja: Crna<br \/>\nKabl za napajanje 3 x 2,5 mm2<\/p>\n<p>KARAKTERISTIKE MONTA\u017dE<br \/>\nPovr\u0161ina primene: Zid\/Plafon<br \/>\nMinimalna visina pri monta\u017ei (mm): 1500<br \/>\nMaksimalna visina pri monta\u017ei (mm): 3000<\/p>","protected":false},"featured_media":3864,"template":"","meta":{"_eb_attr":""},"product_brand":[],"product_cat":[24],"product_tag":[],"class_list":{"0":"post-3862","1":"product","2":"type-product","3":"status-publish","4":"has-post-thumbnail","6":"product_cat-infracrvene-grejalice","8":"first","9":"instock","10":"taxable","11":"shipping-taxable","12":"purchasable","13":"product-type-simple"},"_links":{"self":[{"href":"https:\/\/binvex.com\/en\/wp-json\/wp\/v2\/product\/3862","targetHints":{"allow":["GET"]}}],"collection":[{"href":"https:\/\/binvex.com\/en\/wp-json\/wp\/v2\/product"}],"about":[{"href":"https:\/\/binvex.com\/en\/wp-json\/wp\/v2\/types\/product"}],"wp:featuredmedia":[{"embeddable":true,"href":"https:\/\/binvex.com\/en\/wp-json\/wp\/v2\/media\/3864"}],"wp:attachment":[{"href":"https:\/\/binvex.com\/en\/wp-json\/wp\/v2\/media?parent=3862"}],"wp:term":[{"taxonomy":"product_brand","embeddable":true,"href":"https:\/\/binvex.com\/en\/wp-json\/wp\/v2\/product_brand?post=3862"},{"taxonomy":"product_cat","embeddable":true,"href":"https:\/\/binvex.com\/en\/wp-json\/wp\/v2\/product_cat?post=3862"},{"taxonomy":"product_tag","embeddable":true,"href":"https:\/\/binvex.com\/en\/wp-json\/wp\/v2\/product_tag?post=3862"}],"curies":[{"name":"wp","href":"https:\/\/api.w.org\/{rel}","templated":true}]}}