{"id":3857,"date":"2025-10-27T11:32:02","date_gmt":"2025-10-27T10:32:02","guid":{"rendered":"https:\/\/binvex.com\/?post_type=product&#038;p=3857"},"modified":"2025-10-27T15:16:25","modified_gmt":"2025-10-27T14:16:25","slug":"infracrvena-grejalica-eir-rc-2000-elcon","status":"publish","type":"product","link":"https:\/\/binvex.com\/en\/p\/infracrvena-grejalica-eir-rc-2000-elcon\/","title":{"rendered":"INFRACRVENA GREJALICA &#8211; EIR RC 2000 &#8211; ELCON"},"content":{"rendered":"<p>Elektri\u010dni infracrveni greja\u010d EIR-RC, otporan na vremenske uslove, ima paraboli\u010dno aluminijumsko kuc\u0301i\u0161te za odli\u010dno fokusiranje infracrvenog snopa, nudec\u0301i opcije snage od 1500W, 2000W, 3000W i 4000W. Njegov lagan, stilski i estetski dizajn je savr\u0161en za efikasno grejanje u uskim prostorima. Greja\u010d koristi tehnologiju kratkotalasnog zlatnog infracrvenog zra\u010denja i uklju\u010duje modele sa daljinskim upravlja\u010dem za lako rukovanje. Dizajniran je za otvorene prostore i terase, sa jednostavnom monta\u017eom i za\u0161titom od pra\u0161ine i vode sa IP65 stepenom za\u0161tite, \u0161to ga \u010dini idealnim za upotrebu na otvorenom.<\/p>\n<p>Lagan, estetski i stilski dizajn<br \/>\nEfikasno grejanje u uskim prostorima<br \/>\nJednostavna monta\u017ea<br \/>\nKratkotalasna zlatna infracrvena tehnologija<br \/>\nModeli sa daljinskim upravlja\u010dem<br \/>\nNezaobilazan proizvod za otvorene prostore i terase. Za\u0161tita od pra\u0161ine i vode klase IP65.<\/p>","protected":false},"excerpt":{"rendered":"<p>Daljinski upravlja\u010d kontroler<br \/>\nIR talasna du\u017eina: 1,2 \u00b5m<br \/>\nIR lampe koli\u010dina: 1<br \/>\nDu\u017eina IR filamenta (mm): 435<br \/>\nRadni napon (V): 235VAC<br \/>\nUkupna snaga (W): 2000<br \/>\nDimenzije (mm): 530 x 150 x 60<br \/>\nIP klasa: IP65<br \/>\nPovr\u0161ina grejanja (m2): 12 m2<br \/>\nVek trajanja infracrvenog zra\u010denja (sati): 7000<br \/>\nGarantni period 2 godine<\/p>\n<p>KARAKTERISTIKE KUC\u0301I\u0160TA<br \/>\nMaterijal: Aluminijum<br \/>\nBoja: Crna<br \/>\nKabl za napajanje 3 x 1,5 mm2<\/p>\n<p>KARAKTERISTIKE MONTA\u017dE<br \/>\nPovr\u0161ina primene: Zid\/Plafon<br \/>\nMinimalna visina pri monta\u017ei (mm): 1000<br \/>\nMaksimalna visina pri monta\u017ei (mm): 3000<\/p>","protected":false},"featured_media":3860,"template":"","meta":{"_eb_attr":""},"product_brand":[],"product_cat":[24],"product_tag":[],"class_list":{"0":"post-3857","1":"product","2":"type-product","3":"status-publish","4":"has-post-thumbnail","6":"product_cat-infracrvene-grejalice","8":"first","9":"instock","10":"taxable","11":"shipping-taxable","12":"purchasable","13":"product-type-simple"},"_links":{"self":[{"href":"https:\/\/binvex.com\/en\/wp-json\/wp\/v2\/product\/3857","targetHints":{"allow":["GET"]}}],"collection":[{"href":"https:\/\/binvex.com\/en\/wp-json\/wp\/v2\/product"}],"about":[{"href":"https:\/\/binvex.com\/en\/wp-json\/wp\/v2\/types\/product"}],"wp:featuredmedia":[{"embeddable":true,"href":"https:\/\/binvex.com\/en\/wp-json\/wp\/v2\/media\/3860"}],"wp:attachment":[{"href":"https:\/\/binvex.com\/en\/wp-json\/wp\/v2\/media?parent=3857"}],"wp:term":[{"taxonomy":"product_brand","embeddable":true,"href":"https:\/\/binvex.com\/en\/wp-json\/wp\/v2\/product_brand?post=3857"},{"taxonomy":"product_cat","embeddable":true,"href":"https:\/\/binvex.com\/en\/wp-json\/wp\/v2\/product_cat?post=3857"},{"taxonomy":"product_tag","embeddable":true,"href":"https:\/\/binvex.com\/en\/wp-json\/wp\/v2\/product_tag?post=3857"}],"curies":[{"name":"wp","href":"https:\/\/api.w.org\/{rel}","templated":true}]}}