{"id":3847,"date":"2025-10-27T15:16:35","date_gmt":"2025-10-27T14:16:35","guid":{"rendered":"https:\/\/binvex.com\/?post_type=product&#038;p=3847"},"modified":"2025-10-27T15:16:35","modified_gmt":"2025-10-27T14:16:35","slug":"infracrvena-grejalica-rch-2500-elcon","status":"publish","type":"product","link":"https:\/\/binvex.com\/en\/p\/infracrvena-grejalica-rch-2500-elcon\/","title":{"rendered":"INFRACRVENA GREJALICA &#8211; RCH 2500 &#8211; ELCON"},"content":{"rendered":"<p>Nudec\u0301i jednostavnost kori\u0161c\u0301enja zahvaljujuc\u0301i modulu za daljinsko upravljanje, infracrveni greja\u010di serije ELCON RCH, sa svojom dekorativnom izdr\u017eljivom strukturom kuc\u0301i\u0161ta i energetski \u0161tedljivom naprednom tehnologijom \u0161tampanih plo\u010da, nesumnjivo su najefikasniji model greja\u010da za grejanje otvorenih do poluotvorenih prostora.<\/p>\n<p>Vodootporni elektri\u010dni infracrveni greja\u010di RCH<br \/>\nNudec\u0301i jednostavnost kori\u0161c\u0301enja zahvaljujuc\u0301i modulu za daljinsko upravljanje, infracrveni greja\u010di serije ELCON RCH, sa svojom dekorativnom izdr\u017eljivom strukturom kuc\u0301i\u0161ta i energetski \u0161tedljivom naprednom tehnologijom \u0161tampanih plo\u010da; Nesumnjivo je najefikasniji model greja\u010da za grejanje otvorenih i poluotvorenih prostora. Opcije snage 2000W, 2500W, 3000W, 4000W<br \/>\nDaljinski upravlja\u010d sa 4 razli\u010dita nivoa snage<br \/>\n(40%-60%-80%-100%)<br \/>\nStepenasto pode\u0161avanje sa digitalnim displejem<br \/>\n7000 sati radnog veka<br \/>\nCrno anodizirano aluminijumsko kuc\u0301i\u0161te<br \/>\n\u0160irokougaono skeniranje sa paraboli\u010dnom strukturom tela<br \/>\nEstetski dizajn<br \/>\nLaka monta\u017ea-demonta\u017ea<br \/>\nMaksimalan prenos toplote sa vidljivom svetlo\u0161c\u0301u NIR infracrvenom tehnologijom<br \/>\nZa\u0161tita od vode i pra\u0161ine klase IP67<\/p>","protected":false},"excerpt":{"rendered":"<p>Daljinski upravlja\u010d kontroler<br \/>\nIR talasna du\u017eina: 1,0 \u00b5m<br \/>\nIR lampe koli\u010dina: 1<br \/>\nDu\u017eina IR filamenta (mm): 550<br \/>\nRadni napon (V): 235VAC<br \/>\nUkupna snaga (W): 2500<br \/>\nDimenzije (mm): 670 x 130 x 100<br \/>\nIP klasa: IP67<br \/>\nPovr\u0161ina grejanja (m2): 12-24 m2<br \/>\nVek trajanja infracrvenog zra\u010denja (sati): 7000<br \/>\nGarantni period 2 godine<\/p>\n<p>KARAKTERISTIKE KUC\u0301I\u0160TA<br \/>\nMaterijal: Aluminijum<br \/>\nBoja: Crna<br \/>\nKabl za napajanje 3&#215;1,5 mm2<\/p>\n<p>KARAKTERISTIKE MONTA\u017dE<br \/>\nPovr\u0161ina primene: Zid\/Plafon<br \/>\nMinimalna visina pri monta\u017ei (mm): 1500<br \/>\nMaksimalna visina pri monta\u017ei (mm): 3000<\/p>","protected":false},"featured_media":3848,"template":"","meta":{"_eb_attr":""},"product_brand":[],"product_cat":[24],"product_tag":[],"class_list":{"0":"post-3847","1":"product","2":"type-product","3":"status-publish","4":"has-post-thumbnail","6":"product_cat-infracrvene-grejalice","8":"first","9":"instock","10":"taxable","11":"shipping-taxable","12":"purchasable","13":"product-type-simple"},"_links":{"self":[{"href":"https:\/\/binvex.com\/en\/wp-json\/wp\/v2\/product\/3847","targetHints":{"allow":["GET"]}}],"collection":[{"href":"https:\/\/binvex.com\/en\/wp-json\/wp\/v2\/product"}],"about":[{"href":"https:\/\/binvex.com\/en\/wp-json\/wp\/v2\/types\/product"}],"wp:featuredmedia":[{"embeddable":true,"href":"https:\/\/binvex.com\/en\/wp-json\/wp\/v2\/media\/3848"}],"wp:attachment":[{"href":"https:\/\/binvex.com\/en\/wp-json\/wp\/v2\/media?parent=3847"}],"wp:term":[{"taxonomy":"product_brand","embeddable":true,"href":"https:\/\/binvex.com\/en\/wp-json\/wp\/v2\/product_brand?post=3847"},{"taxonomy":"product_cat","embeddable":true,"href":"https:\/\/binvex.com\/en\/wp-json\/wp\/v2\/product_cat?post=3847"},{"taxonomy":"product_tag","embeddable":true,"href":"https:\/\/binvex.com\/en\/wp-json\/wp\/v2\/product_tag?post=3847"}],"curies":[{"name":"wp","href":"https:\/\/api.w.org\/{rel}","templated":true}]}}