{"id":3655,"date":"2025-05-20T14:14:37","date_gmt":"2025-05-20T12:14:37","guid":{"rendered":"https:\/\/binvex.com\/?post_type=product&#038;p=3655"},"modified":"2025-08-05T10:11:23","modified_gmt":"2025-08-05T08:11:23","slug":"stojeci-ventilator-sa-daljinskim-vantic","status":"publish","type":"product","link":"https:\/\/binvex.com\/en\/p\/stojeci-ventilator-sa-daljinskim-vantic\/","title":{"rendered":"Stoje\u0107i ventilator sa daljinskim VANTIC"},"content":{"rendered":"<h2><a href=\"https:\/\/www.elnur-global.com\/energy-saving-ceiling-fans-with-adjustable-led-light-and-portable-fans\/energy-saving-fan-vantic-dc\/\" target=\"_blank\" rel=\"noopener\">VANTIC DC, tihi ventilator sa postoljem i daljinskim &#8211; Elnur Gabarron<\/a><\/h2>\n<p>VANTIC DC stoje\u0107i ventilator je energetski efikasan i moderan ventilator sa visokokvalitetnim, tihim i izdr\u017eljivim DC motorom. Ovaj elegantni model u mat beloj boji obezbe\u0111uje tiho hla\u0111enje, idealno za dnevnu ili spava\u0107u sobu. Zahvaljuju\u0107i tajmeru za automatsko isklju\u010divanje i prakti\u010dnom daljinskom upravlja\u010du, brzina duvanja vazduha mo\u017ee se lako pode\u0161avati u svakom trenutku.<\/p>\n<p>Savr\u0161en izbor za one koji tra\u017ee tihi stoje\u0107i ventilator sa daljinskim upravljanjem i niskom potro\u0161njom energije.<\/p>\n<p>DC motor koji se ugra\u0111uje u ve\u0107inu na\u0161ih ventilatora omogu\u0107ava nisku potro\u0161nju elektri\u010dne energije, \u010dak i pri najvi\u0161im brzinama duvanja. U pitanju su tihi stoje\u0107i ventilatori sa izuzetno niskim nivoom buke, koji ne remete va\u0161 mir \u2013 \u010dak ni tokom no\u0107i. Idealni su za spava\u0107e sobe zahvaljuju\u0107i re\u017eimima rada kao \u0161to su no\u0107ni ili sleep mod, uz koje se odr\u017eava prijatna temperatura tokom celog dana i no\u0107i.<\/p>\n<p>Veoma su laki za preno\u0161enje zbog svoje male te\u017eine. Za modele koji su ne\u0161to masivniji, poput ventilatora sa raspr\u0161iva\u010dem vode koji sadr\u017ei rezervoar od 2.8 litara, ugra\u0111eni su to\u010dki\u0107i koji se rotiraju 360\u00b0 radi lak\u0161eg pomeranja iz sobe u sobu.<\/p>\n<p>Ukoliko vam je potrebna dodatna sve\u017eina, nebulizator ventilator je savr\u0161en izbor za rashla\u0111ivanje prostora i stvaranje blage vla\u017enosti u toplim i suvim uslovima.<\/p>\n<p>Svi na\u0161i stoje\u0107i ventilatori dolaze sa daljinskim upravlja\u010dem i tajmerom, \u0161to vam omogu\u0107ava da precizno podesite na\u010din rada u skladu sa va\u0161im potrebama.<\/p>\n<h3>Prednosti energetski efikasnih stoje\u0107ih ventilatora<\/h3>\n<p>Energetski \u0161tedljivi stoje\u0107i ventilatori predstavljaju idealno re\u0161enje za rashla\u0111ivanje prostora bez visokih tro\u0161kova struje. Zahvaljuju\u0107i naprednim DC motorima, ovi ventilatori tro\u0161e znatno manje elektri\u010dne energije u pore\u0111enju sa klasi\u010dnim modelima, a istovremeno pru\u017eaju sna\u017ean protok vazduha.<\/p>\n<p><span class=\"_fadeIn_m1hgl_8\">Stoje\u0107i <\/span><span class=\"_fadeIn_m1hgl_8\">ventilatori<\/span> <span class=\"_fadeIn_m1hgl_8\">su <\/span><span class=\"_fadeIn_m1hgl_8\">idealno <\/span><span class=\"_fadeIn_m1hgl_8\">re\u0161enje <\/span><span class=\"_fadeIn_m1hgl_8\">za <\/span><span class=\"_fadeIn_m1hgl_8\">osve\u017eenje <\/span><span class=\"_fadeIn_m1hgl_8\">tokom <\/span><span class=\"_fadeIn_m1hgl_8\">toplih <\/span><span class=\"_fadeIn_m1hgl_8\">letnjih <\/span><span class=\"_fadeIn_m1hgl_8\">dana. <\/span><span class=\"_fadeIn_m1hgl_8\">Zahvaljuju\u0107i <\/span><span class=\"_fadeIn_m1hgl_8\">razli\u010ditim <\/span><span class=\"_fadeIn_m1hgl_8\">nivoima <\/span><span class=\"_fadeIn_m1hgl_8\">brzine <\/span><span class=\"_fadeIn_m1hgl_8\">i <\/span><span class=\"_fadeIn_m1hgl_8\">mogu\u0107nosti <\/span><span class=\"_fadeIn_m1hgl_8\">pode\u0161avanja <\/span><span class=\"_fadeIn_m1hgl_8\">visine, <\/span><span class=\"_fadeIn_m1hgl_8\">ovi <\/span><span class=\"_fadeIn_m1hgl_8\">ventilatori <\/span><span class=\"_fadeIn_m1hgl_8\">omogu\u0107avaju <\/span><span class=\"_fadeIn_m1hgl_8\">preciznu <\/span><span class=\"_fadeIn_m1hgl_8\">kontrolu <\/span><span class=\"_fadeIn_m1hgl_8\">protoka <\/span><span class=\"_fadeIn_m1hgl_8\">vazduha <\/span><span class=\"_fadeIn_m1hgl_8\">u <\/span><span class=\"_fadeIn_m1hgl_8\">svakoj <\/span><span class=\"_fadeIn_m1hgl_8\">prostoriji. <\/span><span class=\"_fadeIn_m1hgl_8\">Sa <\/span><span class=\"_fadeIn_m1hgl_8\">energetski <\/span><span class=\"_fadeIn_m1hgl_8\">efikasnim <\/span><span class=\"_fadeIn_m1hgl_8\">DC <\/span><span class=\"_fadeIn_m1hgl_8\">motorom, <\/span><span class=\"_fadeIn_m1hgl_8\">stoje\u0107i <\/span><span class=\"_fadeIn_m1hgl_8\">ventilatori<\/span> <span class=\"_fadeIn_m1hgl_8\">\u0161tede <\/span><span class=\"_fadeIn_m1hgl_8\">elektri\u010dnu <\/span><span class=\"_fadeIn_m1hgl_8\">energiju, <\/span><span class=\"_fadeIn_m1hgl_8\">a <\/span><span class=\"_fadeIn_m1hgl_8\">istovremeno <\/span><span class=\"_fadeIn_m1hgl_8\">pru\u017eaju <\/span><span class=\"_fadeIn_m1hgl_8\">tihi <\/span><span class=\"_fadeIn_m1hgl_8\">rad <\/span><span class=\"_fadeIn_m1hgl_8\">bez <\/span><span class=\"_fadeIn_m1hgl_8\">smetnji. <\/span><span class=\"_fadeIn_m1hgl_8\">Moderni <\/span><span class=\"_fadeIn_m1hgl_8\">modeli <\/span><span class=\"_fadeIn_m1hgl_8\">dolaze <\/span><span class=\"_fadeIn_m1hgl_8\">sa <\/span><span class=\"_fadeIn_m1hgl_8\">funkcijama <\/span><span class=\"_fadeIn_m1hgl_8\">kao <\/span><span class=\"_fadeIn_m1hgl_8\">\u0161to <\/span><span class=\"_fadeIn_m1hgl_8\">su <\/span><span class=\"_fadeIn_m1hgl_8\">daljinski <\/span><span class=\"_fadeIn_m1hgl_8\">upravlja\u010d, <\/span><span class=\"_fadeIn_m1hgl_8\">tajmer <\/span><span class=\"_fadeIn_m1hgl_8\">za <\/span><span class=\"_fadeIn_m1hgl_8\">automatsko <\/span><span class=\"_fadeIn_m1hgl_8\">isklju\u010divanje <\/span><span class=\"_fadeIn_m1hgl_8\">i <\/span><span class=\"_fadeIn_m1hgl_8\">oscilacija, <\/span><span class=\"_fadeIn_m1hgl_8\">\u0161to <\/span><span class=\"_fadeIn_m1hgl_8\">ih <\/span><span class=\"_fadeIn_m1hgl_8\">\u010dini <\/span><span class=\"_fadeIn_m1hgl_8\">prakti\u010dnim <\/span><span class=\"_fadeIn_m1hgl_8\">i <\/span><span class=\"_fadeIn_m1hgl_8\">jednostavnim <\/span><span class=\"_fadeIn_m1hgl_8\">za <\/span><span class=\"_fadeIn_m1hgl_8\">upotrebu. <\/span><span class=\"_fadeIn_m1hgl_8\">Bilo <\/span><span class=\"_fadeIn_m1hgl_8\">da <\/span><span class=\"_fadeIn_m1hgl_8\">ih <\/span><span class=\"_fadeIn_m1hgl_8\">koristite <\/span><span class=\"_fadeIn_m1hgl_8\">kod <\/span><span class=\"_fadeIn_m1hgl_8\">ku\u0107e <\/span><span class=\"_fadeIn_m1hgl_8\">ili <\/span><span class=\"_fadeIn_m1hgl_8\">u <\/span><span class=\"_fadeIn_m1hgl_8\">kancelariji, <\/span><span class=\"_fadeIn_m1hgl_8\">stoje\u0107i <\/span><span class=\"_fadeIn_m1hgl_8\">ventilatori<\/span> <span class=\"_fadeIn_m1hgl_8\">su <\/span><span class=\"_fadeIn_m1hgl_8\">lagani, <\/span><span class=\"_fadeIn_m1hgl_8\">prenosivi <\/span><span class=\"_fadeIn_m1hgl_8\">i <\/span><span class=\"_fadeIn_m1hgl_8\">lako <\/span><span class=\"_fadeIn_m1hgl_8\">se <\/span><span class=\"_fadeIn_m1hgl_8\">uklapaju <\/span><span class=\"_fadeIn_m1hgl_8\">u <\/span><span class=\"_fadeIn_m1hgl_8\">svaki <\/span><span class=\"_fadeIn_m1hgl_8\">ambijent.<\/span><\/p>\n<h3>Tehni\u010dke specifikacije:<\/h3>\n<table>\n<tbody>\n<tr>\n<th>Energetski efikasan prenosivi ventilator<\/th>\n<th>VANTIC DC<\/th>\n<\/tr>\n<tr>\n<td>Snaga<\/td>\n<td>30 W<\/td>\n<\/tr>\n<tr>\n<td>Napon<\/td>\n<td>230 V~<\/td>\n<\/tr>\n<tr>\n<td>Tajmer<\/td>\n<td>1 \u2013 7 sati<\/td>\n<\/tr>\n<tr>\n<td>Brzine<\/td>\n<td>6<\/td>\n<\/tr>\n<tr>\n<td>Daljinski<\/td>\n<td>\u2714<\/td>\n<\/tr>\n<tr>\n<td>Oscilacija glave<\/td>\n<td>Horizontalna<\/td>\n<\/tr>\n<tr>\n<td>Izolacija<\/td>\n<td>Class II<\/td>\n<\/tr>\n<tr>\n<td>Dimenzije (\u0160 x D x V)<\/td>\n<td>35 x 35 x (70 \u2013 100) cm<\/td>\n<\/tr>\n<tr>\n<td>Neto te\u017eina<\/td>\n<td>3 kg<\/td>\n<\/tr>\n<\/tbody>\n<\/table>\n<section class=\"faq-section\">\n<div class=\"faq-item\">\n<section class=\"faq-section\">\n<div class=\"faq-item\">\n<h3>Da li VANTIC DC ventilator radi na struju?<\/h3>\n<p>Da, ovaj model uvek zahteva priklju\u010dak na elektri\u010dnu mre\u017eu jer nema ugra\u0111enu bateriju. Za prenosive opcije sa baterijom, pogledajte model VENSO.<\/p>\n<\/div>\n<div class=\"faq-item\">\n<h3>Mo\u017ee li se ventilator koristiti na razli\u010ditim visinama?<\/h3>\n<p>Da, VANTIC DC stoje\u0107i ventilator dolazi sa dva podesiva stalka \u2013 na 70 cm i 100 cm visine, za optimalnu prilagodljivost prostoru.<\/p>\n<\/div>\n<div class=\"faq-item\">\n<h3>Kako se odr\u017eava stoje\u0107i ventilator?<\/h3>\n<p>Potrebno je redovno spolja\u0161nje \u010di\u0161\u0107enje. Pre \u010di\u0161\u0107enja isklju\u010dite ventilator iz struje. Koristite mekanu krpu, duster ili usisiva\u010d sa mekanom \u010detkom. Izbegavajte agresivne hemikalije koje mogu o\u0161tetiti boju ili povr\u0161inu.<\/p>\n<p>Preostalu ponudu ventilatora pogledajte na:\u00a0<a href=\"https:\/\/binvex.com\/en\/c\/ventilatori\/\">https:\/\/binvex.com\/c\/ventilatori\/<\/a><\/p>\n<\/div>\n<h3><img fetchpriority=\"high\" decoding=\"async\" class=\"alignnone wp-image-3662 size-full\" src=\"https:\/\/binvex.com\/wp-content\/uploads\/2025\/05\/stojeci-ventilatori-elnur-gabarron.png\" alt=\"\" width=\"900\" height=\"203\" srcset=\"https:\/\/binvex.com\/wp-content\/uploads\/2025\/05\/stojeci-ventilatori-elnur-gabarron.png 900w, https:\/\/binvex.com\/wp-content\/uploads\/2025\/05\/stojeci-ventilatori-elnur-gabarron-300x68.png 300w, https:\/\/binvex.com\/wp-content\/uploads\/2025\/05\/stojeci-ventilatori-elnur-gabarron-768x173.png 768w, https:\/\/binvex.com\/wp-content\/uploads\/2025\/05\/stojeci-ventilatori-elnur-gabarron-18x4.png 18w, https:\/\/binvex.com\/wp-content\/uploads\/2025\/05\/stojeci-ventilatori-elnur-gabarron-600x135.png 600w\" sizes=\"(max-width: 900px) 100vw, 900px\" \/><\/h3>\n<h3>Proizvo\u0111a\u010d:<br \/>\n<img decoding=\"async\" class=\"alignnone wp-image-130 size-full\" src=\"https:\/\/binvex.com\/wp-content\/uploads\/2023\/11\/Elnur-logo.jpg\" alt=\"bezicni ventilatori\" width=\"236\" height=\"140\" \/><\/h3>\n<h3 class=\"naslov-download\">Preuzmite PDF:<br \/>\n<img decoding=\"async\" class=\"alignnone size-full wp-image-216\" src=\"https:\/\/binvex.com\/wp-content\/uploads\/2023\/11\/downP.png\" alt=\"\" width=\"48\" height=\"55\" \/><\/h3>\n<\/section>\n<\/div>\n<\/section>","protected":false},"excerpt":{"rendered":"<p>-Stoje\u0107i ventilator sa DC motorom za nisku potro\u0161nju energije i 6 nivoa brzine za regulaciju \u0161irokog protoka vazduha.<br \/>\n-Tihi rad bez ometanja.<br \/>\n-Ugra\u0111en tajmer za automatsko isklju\u010divanje u periodu od 1 do 7 sati.<br \/>\n-VAERA ventilator ima dva stalka za rad na razli\u010ditim visinama (70 i 100 cm) i rotiraju\u0107u glavu sa automatskom horizontalnom oscilacijom od 60\u00b0.<br \/>\n-Uklju\u010duje prakti\u010dan daljinski upravlja\u010d koji omogu\u0107ava kontrolu rada ventilatora sa bilo kog mesta u prostoriji, bez potrebe da prilazi\u0161 ure\u0111aju.<br \/>\n-Jednostavan za monta\u017eu i pokretanje.<br \/>\n-Stabilna okrugla baza.<br \/>\n-Prenosiv ventilator, lagan i lak za pomeranje izme\u0111u prostorija.<\/p>","protected":false},"featured_media":3658,"template":"","meta":{"_eb_attr":""},"product_brand":[],"product_cat":[19],"product_tag":[],"class_list":{"0":"post-3655","1":"product","2":"type-product","3":"status-publish","4":"has-post-thumbnail","6":"product_cat-ventilatori","8":"first","9":"instock","10":"sale","11":"taxable","12":"shipping-taxable","13":"purchasable","14":"product-type-simple"},"_links":{"self":[{"href":"https:\/\/binvex.com\/en\/wp-json\/wp\/v2\/product\/3655","targetHints":{"allow":["GET"]}}],"collection":[{"href":"https:\/\/binvex.com\/en\/wp-json\/wp\/v2\/product"}],"about":[{"href":"https:\/\/binvex.com\/en\/wp-json\/wp\/v2\/types\/product"}],"wp:featuredmedia":[{"embeddable":true,"href":"https:\/\/binvex.com\/en\/wp-json\/wp\/v2\/media\/3658"}],"wp:attachment":[{"href":"https:\/\/binvex.com\/en\/wp-json\/wp\/v2\/media?parent=3655"}],"wp:term":[{"taxonomy":"product_brand","embeddable":true,"href":"https:\/\/binvex.com\/en\/wp-json\/wp\/v2\/product_brand?post=3655"},{"taxonomy":"product_cat","embeddable":true,"href":"https:\/\/binvex.com\/en\/wp-json\/wp\/v2\/product_cat?post=3655"},{"taxonomy":"product_tag","embeddable":true,"href":"https:\/\/binvex.com\/en\/wp-json\/wp\/v2\/product_tag?post=3655"}],"curies":[{"name":"wp","href":"https:\/\/api.w.org\/{rel}","templated":true}]}}