{"id":3648,"date":"2025-05-20T12:39:06","date_gmt":"2025-05-20T10:39:06","guid":{"rendered":"https:\/\/binvex.com\/?post_type=product&#038;p=3648"},"modified":"2026-01-13T14:20:29","modified_gmt":"2026-01-13T13:20:29","slug":"bezicni-ventilatori-sa-baterijom-venso","status":"publish","type":"product","link":"https:\/\/binvex.com\/en\/p\/bezicni-ventilatori-sa-baterijom-venso\/","title":{"rendered":"Be\u017ei\u010dni ventilatori sa baterijom VENSO"},"content":{"rendered":"<h2><a href=\"https:\/\/www.elnur-global.com\/energy-saving-ceiling-fans-with-adjustable-led-light-and-portable-fans\/venso-dc-low-energy-fan\/\" target=\"_blank\" rel=\"noopener\">VENSO DC &#8211; ventilator sa baterijom &#8211; Elnur Gabarron<\/a><\/h2>\n<p>VENSO DC prenosivi be\u017ei\u010dni ventilatori imaju veoma nisku potro\u0161nju energije (18W). Dolaze sa punjivom baterijom i autonomijom do 10 sati rada, omogu\u0107avaju\u0107i lako preme\u0161tanje izme\u0111u prostorija i be\u017ei\u010dnu upotrebu nekoliko sati.<br \/>\nDizajniran s DC motorom, VENSO ventilator je izuzetno prakti\u010dan i funkcionalan, a odlikuje ga industrijski dizajn u dve boje, idealan za moderne i avangardne ambijente.<br \/>\nOvaj model be\u017ei\u010dnog ventilatora mo\u017ee se koristiti kako na podu, tako i na zidu, zahvaljuju\u0107i prakti\u010dnoj kukici za ka\u010denje. Njegov nagib je \u0161iroko podesiv, dok je ugao horizontalne rotacije 360\u00ba.<\/p>\n<h2>Prednosti i funkcionalnosti koje nude be\u017ei\u010dni ventilatori<\/h2>\n<p><strong>Snaga i potro\u0161nja:<\/strong> Energetski efikasan ure\u0111aj omogu\u0107ava kori\u0161\u0107enje ventilatora onoliko sati koliko je potrebno, bez brige o prekomernom pove\u0107anju ra\u010duna za struju.<br \/>\n<strong>Prenosivost i lako\u0107a:<\/strong> Za jednostavno preme\u0161tanje izme\u0111u prostorija, ventilator ne bi trebalo da bude glomazan ili te\u017eak.<br \/>\n<strong>Re\u017eimi rada i brzine:<\/strong> Vi\u0161e re\u017eima rada i razli\u010dite brzine omogu\u0107avaju u\u017eivanje u prijatnoj atmosferi, prilago\u0111avaju\u0107i se razli\u010ditim trenucima i potrebama.<br \/>\n<strong>Tih rad:<\/strong> Ventilatori imaju nizak nivo buke kako ne bi remetili svakodnevne aktivnosti, naro\u010dito tokom no\u0107i kada su zvuci izra\u017eeniji.<\/p>\n<p><strong>Tajmer:<\/strong> Funkcija automatskog isklju\u010divanja je veoma prakti\u010dna, jer omogu\u0107ava ga\u0161enje ure\u0111aja nakon isteka programiranog vremena.<br \/>\n<strong>Daljinsko upravljanje:<\/strong> Omogu\u0107ava prakti\u010dno upravljanje ventilatorom sa bilo kog mesta u prostoriji.<br \/>\n<strong>Automatska oscilacija:<\/strong> Pobolj\u0161ava cirkulaciju i raspodelu vazduha po prostoriji.<br \/>\n<strong>Jednostavno \u010di\u0161\u0107enje:<\/strong> Dovoljno je obrisati spolja\u0161njost krpom ili usisiva\u010dem kako bi ventilator bio spreman za skladi\u0161tenje u manjem prostoru tokom zime.<\/p>\n<h3>Tehni\u010dke specifikacije:<\/h3>\n<table>\n<tbody>\n<tr>\n<th>Energetski efikasan prenosivi ventilator<\/th>\n<th>VENSO DC<\/th>\n<\/tr>\n<tr>\n<td>Snaga<\/td>\n<td>18 W<\/td>\n<\/tr>\n<tr>\n<td>Napon<\/td>\n<td>5VDC 3A \/ 9VDC 2A \/ 12VDC 1,5A (Max)<\/td>\n<\/tr>\n<tr>\n<td>Punjiva baterija<\/td>\n<td>Li-ion 12.000 mAh<\/td>\n<\/tr>\n<tr>\n<td>Sati autonomnog rada<\/td>\n<td>do 10<\/td>\n<\/tr>\n<tr>\n<td>Brzine duvanja<\/td>\n<td>9<\/td>\n<\/tr>\n<tr>\n<td>Kuka za ka\u010denje<\/td>\n<td>\u2714<\/td>\n<\/tr>\n<tr>\n<td>Izolacija<\/td>\n<td>Class III<\/td>\n<\/tr>\n<tr>\n<td>Dimenzije (\u0160 x D x V)<\/td>\n<td>39 x 39 x 16 cm<\/td>\n<\/tr>\n<tr>\n<td>Neto te\u017eina<\/td>\n<td>3 kg<\/td>\n<\/tr>\n<\/tbody>\n<\/table>\n<h3>Da li je potrebna struja iz mre\u017ee za rad?<\/h3>\n<p>Be\u017ei\u010dni ventilatori uklju\u010duju bateriju, tako da mogu raditi direktno bez povezivanja na elektri\u010dnu mre\u017eu. Povezivanje na mre\u017eu bi\u0107e potrebno za punjenje baterije. Ako tra\u017eite podni ventilator na baterije sa daljinskim upravljanjem, pogledajte model <a href=\"https:\/\/binvex.com\/en\/p\/bezicni-prenosivi-ventilator-beloc-elnur-gabarron\/\">BELOC<\/a>.<\/p>\n<h3>Koje odr\u017eavanje je potrebno za be\u017ei\u010dni ventilator?<\/h3>\n<p>Ventilator zahteva samo osnovno spolja\u0161nje odr\u017eavanje. Obavezno ga isklju\u010dite iz strujnog napajanja pre \u010di\u0161\u0107enja. Redovno ga prebri\u0161ite krpom ili \u010detkom za pra\u0161inu, ili koristite usisiva\u010d sa mekom \u010detkom za \u010di\u0161\u0107enje. Nemojte koristiti sredstva za \u010di\u0161\u0107enje koja mogu o\u0161tetiti boju ili izgled ure\u0111aja.<\/p>\n<h3>Proizvo\u0111a\u010d:<br \/>\n<img decoding=\"async\" class=\"alignnone wp-image-130 size-full\" src=\"https:\/\/binvex.com\/wp-content\/uploads\/2023\/11\/Elnur-logo.jpg\" alt=\"bezicni ventilatori\" width=\"236\" height=\"140\" \/><\/h3>\n<h3 class=\"naslov-download\">Preuzmite PDF:<br \/>\n<a href=\"https:\/\/binvex.com\/wp-content\/uploads\/2025\/06\/Uputstvo-Venso.pdf\" target=\"_blank\" rel=\"noopener\"><img decoding=\"async\" class=\"alignnone size-full wp-image-216\" src=\"https:\/\/binvex.com\/wp-content\/uploads\/2023\/11\/downP.png\" alt=\"\" width=\"48\" height=\"55\" \/> Uputstvo za upotrebu<\/a><\/h3>","protected":false},"excerpt":{"rendered":"<p>&#8211; Be\u017ei\u010dni ventilator sa punjivom baterijom i autonomijom do 10 sati<br \/>\n&#8211; Tih rad<br \/>\n&#8211; \u0160irok protok vazduha, podesiv u 9 brzina<br \/>\n&#8211; Ugra\u0111ena kukica za ka\u010denje ure\u0111aja<br \/>\n&#8211; Ru\u010dno pode\u0161avanje polo\u017eaja glave<br \/>\n&#8211; Vertikalna rotacija glave od 360\u00ba<br \/>\n&#8211; Metalno ku\u0107i\u0161te i telo<br \/>\n&#8211; Jednostavno pu\u0161tanje u rad<br \/>\n&#8211; Prenosivi ventilator, lagan i jednostavan za preme\u0161tanje izme\u0111u prostorija<\/p>","protected":false},"featured_media":3653,"template":"","meta":{"_eb_attr":""},"product_brand":[],"product_cat":[19],"product_tag":[],"class_list":{"0":"post-3648","1":"product","2":"type-product","3":"status-publish","4":"has-post-thumbnail","6":"product_cat-ventilatori","8":"first","9":"outofstock","10":"sale","11":"taxable","12":"shipping-taxable","13":"purchasable","14":"product-type-simple"},"_links":{"self":[{"href":"https:\/\/binvex.com\/en\/wp-json\/wp\/v2\/product\/3648","targetHints":{"allow":["GET"]}}],"collection":[{"href":"https:\/\/binvex.com\/en\/wp-json\/wp\/v2\/product"}],"about":[{"href":"https:\/\/binvex.com\/en\/wp-json\/wp\/v2\/types\/product"}],"wp:featuredmedia":[{"embeddable":true,"href":"https:\/\/binvex.com\/en\/wp-json\/wp\/v2\/media\/3653"}],"wp:attachment":[{"href":"https:\/\/binvex.com\/en\/wp-json\/wp\/v2\/media?parent=3648"}],"wp:term":[{"taxonomy":"product_brand","embeddable":true,"href":"https:\/\/binvex.com\/en\/wp-json\/wp\/v2\/product_brand?post=3648"},{"taxonomy":"product_cat","embeddable":true,"href":"https:\/\/binvex.com\/en\/wp-json\/wp\/v2\/product_cat?post=3648"},{"taxonomy":"product_tag","embeddable":true,"href":"https:\/\/binvex.com\/en\/wp-json\/wp\/v2\/product_tag?post=3648"}],"curies":[{"name":"wp","href":"https:\/\/api.w.org\/{rel}","templated":true}]}}