{"id":3363,"date":"2025-04-25T11:01:18","date_gmt":"2025-04-25T09:01:18","guid":{"rendered":"https:\/\/binvex.com\/?post_type=product&#038;p=3363"},"modified":"2025-07-09T11:41:37","modified_gmt":"2025-07-09T09:41:37","slug":"grejne-trake-za-podno-grejanje-ispod-laminata-whab","status":"publish","type":"product","link":"https:\/\/binvex.com\/en\/p\/grejne-trake-za-podno-grejanje-ispod-laminata-whab\/","title":{"rendered":"Grejne trake za podno grejanje ispod laminata &#8211; WHAB"},"content":{"rendered":"<h1>Grejne trake za podno grejanje ispod laminata i parketa sa dodatnim aluminijumskim slojem<\/h1>\n<p>Crni aluminijumski sitem za podno grejanje ispod laminata i ostalih plivaju\u0107ih podova kompanije Warmset sastoji se od patentirane tehnologije kompanije, polipropilenskog omota\u010da i aluminijumskog sloja posebno dizajniranog za grejanje podova instaliranih suvom monta\u017eom.<\/p>\n<p>Ovaj proizvod za podno grejanje ne mo\u017ee se instalirati u cementne ko\u0161uljice niti prekriti lepkovima, ali najbolje funkcioni\u0161e sa parketom i laminiranim drvenim podovima postavljenim suvom monta\u017eom, kao i sa plivaju\u0107im podovima, vinilnim podovima ili tepihom. Ovi materijali mogu se instalirati u direktnom kontaktu sa Warmset tehnologijom, garantuju\u0107i da sistem brzo postane potpuno operativan i omogu\u0107ava ravnomernu raspodelu toplote.<\/p>\n<p>Aluminijum koji podr\u017eava Warmset traku slu\u017ei za optimalno \u0161irenje toplote. Po\u0161to nema lepka ili estriha koji bi delovali kao vezivni materijal, ovakva podr\u0161ka je klju\u010dna za postizanje potpune i ravnomerne distribucije toplote. Dodatno, \u010dinjenica da se koristi \u010disti aluminijum, a ne aluminijumski plasti\u010dni film, omogu\u0107ava bolji u\u010dinak sistema.<\/p>\n<p>Warmset greja\u010d \u201eAluminium Black\u201c dostupan je u razli\u010ditim snagama i dimenzijama, \u0161to ga \u010dini idealnim re\u0161enjem za renoviranje ili izgradnju gde je potrebna minimalna debljina poda. Veoma je lak za ugradnju, a aluminijum mo\u017ee u potpunosti sakriti krivine ili ih ostaviti vidljivima.<\/p>\n<p>Njegova jednostavna instalacija \u010dini ga pogodnim za privremenu upotrebu, na primer za grejanje tokom doga\u0111aja: mo\u017ee se instalirati i ukloniti za nekoliko sati!<\/p>\n<p>Za postavljanje ispod plutaju\u0107ih podova, podova prekrivenih tepihom ili drugih vrsta \u201eplivaju\u0107ih\u201c podova, obavezna je upotreba izolacionih materijala<\/p>\n<p>Garancija na ovaj proizvod je 10 godina.<\/p>\n<p><img fetchpriority=\"high\" decoding=\"async\" class=\"alignnone wp-image-3130 size-full\" src=\"https:\/\/binvex.com\/wp-content\/uploads\/2025\/04\/struktura-grejne-trake-crne.jpg\" alt=\"grejne trake za podno grejanje\" width=\"600\" height=\"370\" srcset=\"https:\/\/binvex.com\/wp-content\/uploads\/2025\/04\/struktura-grejne-trake-crne.jpg 600w, https:\/\/binvex.com\/wp-content\/uploads\/2025\/04\/struktura-grejne-trake-crne-300x185.jpg 300w, https:\/\/binvex.com\/wp-content\/uploads\/2025\/04\/struktura-grejne-trake-crne-18x12.jpg 18w\" sizes=\"(max-width: 600px) 100vw, 600px\" \/><\/p>\n<h3>Kako instalirati Warmset grejne trake za podno grejanje?<\/h3>\n<p>Evo preporu\u010denih slojeva za osiguravanje savr\u0161enog u\u010dinka sistema:<\/p>\n<p><img decoding=\"async\" class=\"alignnone wp-image-3381 size-full\" src=\"https:\/\/binvex.com\/wp-content\/uploads\/2025\/04\/Instalacija-WHAB-primeri.jpg\" alt=\"slojevi za podno grejanje ispod laminata\" width=\"600\" height=\"541\" srcset=\"https:\/\/binvex.com\/wp-content\/uploads\/2025\/04\/Instalacija-WHAB-primeri.jpg 600w, https:\/\/binvex.com\/wp-content\/uploads\/2025\/04\/Instalacija-WHAB-primeri-300x271.jpg 300w, https:\/\/binvex.com\/wp-content\/uploads\/2025\/04\/Instalacija-WHAB-primeri-13x12.jpg 13w\" sizes=\"(max-width: 600px) 100vw, 600px\" \/><\/p>\n<p><a href=\"tel:0113836882\">Za vi\u0161e informacija pozovite jednostavnim klikom na broj telefona 011\/38-36-882<\/a><\/p>\n<h3>Proizvo\u0111a\u010d:<\/h3>\n<p>Preuzmite PDF:<br \/>\n<img decoding=\"async\" class=\"alignnone size-full wp-image-216\" src=\"https:\/\/binvex.com\/wp-content\/uploads\/2023\/11\/downP.png\" alt=\"\" width=\"48\" height=\"55\" \/><\/p>","protected":false},"excerpt":{"rendered":"<p>Grejne trake za podno grejanje ispod laminata i parketa sa dodatnim aluminijumskim slojem Crni aluminijumski sitem za podno grejanje ispod laminata i ostalih plivaju\u0107ih podova kompanije Warmset sastoji se od patentirane tehnologije kompanije, polipropilenskog omota\u010da i aluminijumskog sloja posebno dizajniranog za grejanje podova instaliranih suvom monta\u017eom. Ovaj proizvod za podno grejanje ne mo\u017ee se instalirati [&hellip;]<\/p>","protected":false},"featured_media":3386,"template":"","meta":{"_eb_attr":""},"product_brand":[],"product_cat":[15,55],"product_tag":[],"class_list":{"0":"post-3363","1":"product","2":"type-product","3":"status-publish","4":"has-post-thumbnail","6":"product_cat-uncategorized","7":"product_cat-grejne-trake-za-podno-grejanje-na-struju-warmset","9":"first","10":"outofstock","11":"taxable","12":"shipping-taxable","13":"product-type-variable"},"_links":{"self":[{"href":"https:\/\/binvex.com\/en\/wp-json\/wp\/v2\/product\/3363","targetHints":{"allow":["GET"]}}],"collection":[{"href":"https:\/\/binvex.com\/en\/wp-json\/wp\/v2\/product"}],"about":[{"href":"https:\/\/binvex.com\/en\/wp-json\/wp\/v2\/types\/product"}],"wp:featuredmedia":[{"embeddable":true,"href":"https:\/\/binvex.com\/en\/wp-json\/wp\/v2\/media\/3386"}],"wp:attachment":[{"href":"https:\/\/binvex.com\/en\/wp-json\/wp\/v2\/media?parent=3363"}],"wp:term":[{"taxonomy":"product_brand","embeddable":true,"href":"https:\/\/binvex.com\/en\/wp-json\/wp\/v2\/product_brand?post=3363"},{"taxonomy":"product_cat","embeddable":true,"href":"https:\/\/binvex.com\/en\/wp-json\/wp\/v2\/product_cat?post=3363"},{"taxonomy":"product_tag","embeddable":true,"href":"https:\/\/binvex.com\/en\/wp-json\/wp\/v2\/product_tag?post=3363"}],"curies":[{"name":"wp","href":"https:\/\/api.w.org\/{rel}","templated":true}]}}