{"id":3333,"date":"2025-04-25T09:07:34","date_gmt":"2025-04-25T07:07:34","guid":{"rendered":"https:\/\/binvex.com\/?post_type=product&#038;p=3333"},"modified":"2026-03-30T12:29:38","modified_gmt":"2026-03-30T10:29:38","slug":"grejne-mreze-za-podno-grejanje-whg","status":"publish","type":"product","link":"https:\/\/binvex.com\/en\/p\/grejne-mreze-za-podno-grejanje-whg\/","title":{"rendered":"Grejne mre\u017ee za podno grejanje &#8211; WHG"},"content":{"rendered":"<h1>Grejne trake za podno grejanje postavljene na mre\u017eu od fiberglasa<\/h1>\n<p>Zlatne grejne trake za podno grejanje su jedan od vode\u0107ih proizvoda kompanije Warmset. Vi\u0161eslojna laminirana traka Warmset-a spolja je oblo\u017eena za\u0161titnim omota\u010dem od polipropilena, koji se potom postavlja na nosa\u010d od staklenih vlakana.<\/p>\n<p>Ovaj sistem grejanja mo\u017ee pokriti velike povr\u0161ine i pogodan je za ku\u0107no grejanje, kao i za grejanje industrijskih hala, staklenika, useva i sportskih terena.<\/p>\n<p>Staklena vlakna na koja je pri\u010dvr\u0161\u0107ena vi\u0161eslojna laminirana traka kompanije Warmset prikupljaju se u snopove radi lak\u0161e instalacije. Mre\u017ea tako\u0111e slu\u017ei kao vezivno sredstvo za cementne podloge i lepila, spre\u010davaju\u0107i pukotine i lomove. Snopovi su dizajnirani za instalaciju u unutra\u0161njim i spoljnim podovima domova i industrijskih hala.<\/p>\n<p>Po\u0161to se proizvode u na\u0161im proizvodnim pogonima u Italiji, ovaj sistem podnog grejanja se mo\u017ee kreirati uz maksimalnu fleksibilnost. Zapravo, sistem se mo\u017ee realizovati u svim vrstama napona: 230 V, 120 V, 24 V ili 48 V, 400 V. \u010cak su i snaga i veli\u010dina na\u0161ih radijantnih traka potpuno prilagodljive potrebama objekta, od 30 W\/m\u00b2 do 750 W\/m\u00b2 u svim dimenzijama, kao i sa prilago\u0111enim oblicima.<\/p>\n<p>Sistem je pogodan za ugradnju u cement ili samorazlivaju\u0107u podlogu, \u010dak i van ku\u0107a. Po\u0161to nije veoma debeo (3 mm), mo\u017ee se direktno instalirati u lepak za plo\u010dice sa kerami\u010dkim, prirodnim kamenom ili drvenim podovima koji su zalepljeni na njega.<\/p>\n<p>Ima zlatno obojeni premaz od poliamidne folije, materijala sa visokim svojstvima grejanja i veoma otpornog na hemijske agense.<\/p>\n<p>Garancija na ovaj proizvod je 25 godina.<\/p>\n<p><img fetchpriority=\"high\" decoding=\"async\" class=\"alignnone wp-image-3351 size-full\" src=\"https:\/\/binvex.com\/wp-content\/uploads\/2025\/04\/struktura-grejne-trake-zlatna.jpg\" alt=\"struktura grejne trake za podno grejanje zlatna\" width=\"564\" height=\"325\" srcset=\"https:\/\/binvex.com\/wp-content\/uploads\/2025\/04\/struktura-grejne-trake-zlatna.jpg 564w, https:\/\/binvex.com\/wp-content\/uploads\/2025\/04\/struktura-grejne-trake-zlatna-300x173.jpg 300w, https:\/\/binvex.com\/wp-content\/uploads\/2025\/04\/struktura-grejne-trake-zlatna-18x10.jpg 18w\" sizes=\"(max-width: 564px) 100vw, 564px\" \/><\/p>\n<h3>Kako instalirati Warmset grejne trake za podno grejanje?<\/h3>\n<p>Evo preporu\u010denih slojeva za osiguravanje savr\u0161enog u\u010dinka sistema:<\/p>\n<p><img decoding=\"async\" class=\"alignnone wp-image-3353 size-full\" src=\"https:\/\/binvex.com\/wp-content\/uploads\/2025\/04\/Instalacija-WHG-primeri.jpg\" alt=\"instalacija grejnih traka podno grejanje WHG\" width=\"600\" height=\"779\" srcset=\"https:\/\/binvex.com\/wp-content\/uploads\/2025\/04\/Instalacija-WHG-primeri.jpg 600w, https:\/\/binvex.com\/wp-content\/uploads\/2025\/04\/Instalacija-WHG-primeri-231x300.jpg 231w, https:\/\/binvex.com\/wp-content\/uploads\/2025\/04\/Instalacija-WHG-primeri-9x12.jpg 9w\" sizes=\"(max-width: 600px) 100vw, 600px\" \/><\/p>\n<p>&nbsp;<\/p>\n<p><img decoding=\"async\" class=\"alignnone wp-image-3362 size-full\" src=\"https:\/\/binvex.com\/wp-content\/uploads\/2025\/04\/Instalacija-WHG-primeri-2.jpg\" alt=\"\" width=\"600\" height=\"771\" srcset=\"https:\/\/binvex.com\/wp-content\/uploads\/2025\/04\/Instalacija-WHG-primeri-2.jpg 600w, https:\/\/binvex.com\/wp-content\/uploads\/2025\/04\/Instalacija-WHG-primeri-2-233x300.jpg 233w, https:\/\/binvex.com\/wp-content\/uploads\/2025\/04\/Instalacija-WHG-primeri-2-9x12.jpg 9w\" sizes=\"(max-width: 600px) 100vw, 600px\" \/><\/p>\n<p>&nbsp;<\/p>\n<p>&nbsp;<\/p>\n<div class=\"content\">\n<p><a href=\"tel:0113836882\">Za vi\u0161e informacija pozovite jednostavnim klikom na broj telefona 011\/38-36-882<\/a><\/p>\n<\/div>\n<p>&nbsp;<\/p>\n<h3>Proizvo\u0111a\u010d:<\/h3>\n<p>Preuzmite PDF:<br \/>\n<img loading=\"lazy\" decoding=\"async\" class=\"alignnone size-full wp-image-216\" src=\"https:\/\/binvex.com\/wp-content\/uploads\/2023\/11\/downP.png\" alt=\"\" width=\"48\" height=\"55\" \/><\/p>","protected":false},"excerpt":{"rendered":"<p><img loading=\"lazy\" decoding=\"async\" class=\"alignnone wp-image-3352 size-full\" src=\"https:\/\/binvex.com\/wp-content\/uploads\/2025\/04\/Tabela-tehnicke-karakteristike-WHG.jpg\" alt=\"tehni\u010dke karakteristike grejne trake za podno grejanje WHG\" width=\"644\" height=\"333\" srcset=\"https:\/\/binvex.com\/wp-content\/uploads\/2025\/04\/Tabela-tehnicke-karakteristike-WHG.jpg 644w, https:\/\/binvex.com\/wp-content\/uploads\/2025\/04\/Tabela-tehnicke-karakteristike-WHG-300x155.jpg 300w, https:\/\/binvex.com\/wp-content\/uploads\/2025\/04\/Tabela-tehnicke-karakteristike-WHG-18x9.jpg 18w, https:\/\/binvex.com\/wp-content\/uploads\/2025\/04\/Tabela-tehnicke-karakteristike-WHG-600x310.jpg 600w\" sizes=\"(max-width: 644px) 100vw, 644px\" \/><\/p>","protected":false},"featured_media":3356,"template":"","meta":{"_eb_attr":""},"product_brand":[],"product_cat":[15,55],"product_tag":[],"class_list":{"0":"post-3333","1":"product","2":"type-product","3":"status-publish","4":"has-post-thumbnail","6":"product_cat-uncategorized","7":"product_cat-grejne-trake-za-podno-grejanje-na-struju-warmset","9":"first","10":"outofstock","11":"taxable","12":"shipping-taxable","13":"product-type-variable"},"_links":{"self":[{"href":"https:\/\/binvex.com\/en\/wp-json\/wp\/v2\/product\/3333","targetHints":{"allow":["GET"]}}],"collection":[{"href":"https:\/\/binvex.com\/en\/wp-json\/wp\/v2\/product"}],"about":[{"href":"https:\/\/binvex.com\/en\/wp-json\/wp\/v2\/types\/product"}],"wp:featuredmedia":[{"embeddable":true,"href":"https:\/\/binvex.com\/en\/wp-json\/wp\/v2\/media\/3356"}],"wp:attachment":[{"href":"https:\/\/binvex.com\/en\/wp-json\/wp\/v2\/media?parent=3333"}],"wp:term":[{"taxonomy":"product_brand","embeddable":true,"href":"https:\/\/binvex.com\/en\/wp-json\/wp\/v2\/product_brand?post=3333"},{"taxonomy":"product_cat","embeddable":true,"href":"https:\/\/binvex.com\/en\/wp-json\/wp\/v2\/product_cat?post=3333"},{"taxonomy":"product_tag","embeddable":true,"href":"https:\/\/binvex.com\/en\/wp-json\/wp\/v2\/product_tag?post=3333"}],"curies":[{"name":"wp","href":"https:\/\/api.w.org\/{rel}","templated":true}]}}