{"id":3240,"date":"2025-04-22T13:59:15","date_gmt":"2025-04-22T11:59:15","guid":{"rendered":"https:\/\/binvex.com\/?post_type=product&#038;p=3240"},"modified":"2025-11-24T14:43:12","modified_gmt":"2025-11-24T13:43:12","slug":"grejne-trake-za-podno-grejanje-whb","status":"publish","type":"product","link":"https:\/\/binvex.com\/en\/p\/grejne-trake-za-podno-grejanje-whb\/","title":{"rendered":"Grejne trake za podno grejanje &#8211; WHB"},"content":{"rendered":"<h1>Grejne trake za podno grejanje postavljene na mre\u017eu od fiberglasa<\/h1>\n<p>Crne grejne trake za podno grejanje su jedan od vode\u0107ih proizvoda kompanije Warmset. Poseban element ovog sistema grejanja je vi\u0161eslojna laminirana traka, patentirana od strane Warmset-a. \u010cvrsta i izdr\u017eljiva, lako se rukuje njome, manje je podlo\u017ena o\u0161te\u0107enju tokom procesa instalacije i ne zahteva budu\u0107e odr\u017eavanje. Vi\u0161eslojna laminirana traka Warmset spolja je prekrivena za\u0161titnim polipropilenskim omota\u010dem, koji se zatim pola\u017ee na fiberglass podlogu.<\/p>\n<p>Ovaj sistem grejanja mo\u017ee pokriti velike povr\u0161ine i pogodan je za ku\u0107no grejanje, kao i za grejanje industrijskih hala, plastenika, useva i sportskih terena.<\/p>\n<p>Mre\u017ea od fiberglasa na koju je pri\u010dvr\u0161\u0107ena vi\u0161eslojna laminirana traka Warmset prikuplja se u snopove radi lak\u0161e instalacije. Mre\u017ea tako\u0111e slu\u017ei kao vezivni sloj za ko\u0161uljice i lepila, spre\u010davaju\u0107i pucanje i o\u0161te\u0107enja. Snop je dizajniran za ugradnju u unutra\u0161nje i spolja\u0161nje podne povr\u0161ine domova i industrijskih hala. Po\u0161to se sistem grejanja od crnog fiberglasa proizvodi u sopstvenim proizvodnim pogonima u Italiji, mo\u017ee biti izra\u0111en sa maksimalnom fleksibilno\u0161\u0107u.<\/p>\n<p>Mo\u017eemo realizovati sistem u svim vrstama napona: 230 V, 120 V, 24 V ili 48 V, 400 V. \u010cak su i snaga i dimenzije na\u0161ih radijantnih traka potpuno prilagodljive potrebama objekta. Od 30 W\/m\u00b2 do 750 W\/m\u00b2 u svim veli\u010dinama, uklju\u010duju\u0107i i prilago\u0111ene oblike.<\/p>\n<p>Njegova smanjena debljina (3 mm) omogu\u0107ava instalaciju direktno u lepak za polaganje sa keramikom, prirodnim kamenom ili lepljenim drvenim podovima, kao i utapanje u cementne ili samoniveliraju\u0107e ko\u0161uljice.<\/p>\n<p><img fetchpriority=\"high\" decoding=\"async\" class=\"alignnone wp-image-3130 size-full\" src=\"https:\/\/binvex.com\/wp-content\/uploads\/2025\/04\/struktura-grejne-trake-crne.jpg\" alt=\"grejne trake za podno grejanje\" width=\"600\" height=\"370\" srcset=\"https:\/\/binvex.com\/wp-content\/uploads\/2025\/04\/struktura-grejne-trake-crne.jpg 600w, https:\/\/binvex.com\/wp-content\/uploads\/2025\/04\/struktura-grejne-trake-crne-300x185.jpg 300w, https:\/\/binvex.com\/wp-content\/uploads\/2025\/04\/struktura-grejne-trake-crne-18x12.jpg 18w\" sizes=\"(max-width: 600px) 100vw, 600px\" \/><\/p>\n<p>Garancija na ovaj proizvod je 10 godina.<\/p>\n<h3>Kako instalirati Warmset grejne trake za podno grejanje?<\/h3>\n<p>Evo preporu\u010denih slojeva za osiguravanje savr\u0161enog u\u010dinka sistema:<\/p>\n<p><img decoding=\"async\" class=\"alignnone wp-image-3249 size-full\" src=\"https:\/\/binvex.com\/wp-content\/uploads\/2025\/04\/instalacija-WHB-primeri-2.jpg\" alt=\"GREJNE TRAKE ZA PODNO GREJANJE INSTALACIJA\" width=\"600\" height=\"725\" srcset=\"https:\/\/binvex.com\/wp-content\/uploads\/2025\/04\/instalacija-WHB-primeri-2.jpg 600w, https:\/\/binvex.com\/wp-content\/uploads\/2025\/04\/instalacija-WHB-primeri-2-248x300.jpg 248w, https:\/\/binvex.com\/wp-content\/uploads\/2025\/04\/instalacija-WHB-primeri-2-10x12.jpg 10w\" sizes=\"(max-width: 600px) 100vw, 600px\" \/><\/p>\n<p>&nbsp;<\/p>\n<p>&nbsp;<\/p>\n<div class=\"content\">\n<p><a href=\"tel:0113836882\">Za vi\u0161e informacija pozovite jednostavnim klikom na broj telefona 011\/38-36-882<\/a><\/p>\n<\/div>\n<p>&nbsp;<\/p>","protected":false},"excerpt":{"rendered":"<p><img decoding=\"async\" class=\"alignnone wp-image-3274 size-full\" src=\"https:\/\/binvex.com\/wp-content\/uploads\/2025\/04\/tabela-tehnicke-karakteristike-grejnih-traka.jpg\" alt=\"\" width=\"766\" height=\"333\" srcset=\"https:\/\/binvex.com\/wp-content\/uploads\/2025\/04\/tabela-tehnicke-karakteristike-grejnih-traka.jpg 766w, https:\/\/binvex.com\/wp-content\/uploads\/2025\/04\/tabela-tehnicke-karakteristike-grejnih-traka-300x130.jpg 300w, https:\/\/binvex.com\/wp-content\/uploads\/2025\/04\/tabela-tehnicke-karakteristike-grejnih-traka-18x8.jpg 18w, https:\/\/binvex.com\/wp-content\/uploads\/2025\/04\/tabela-tehnicke-karakteristike-grejnih-traka-600x261.jpg 600w\" sizes=\"(max-width: 766px) 100vw, 766px\" \/><\/p>","protected":false},"featured_media":3280,"template":"","meta":{"_eb_attr":""},"product_brand":[],"product_cat":[55,31],"product_tag":[],"class_list":{"0":"post-3240","1":"product","2":"type-product","3":"status-publish","4":"has-post-thumbnail","6":"product_cat-grejne-trake-za-podno-grejanje-na-struju-warmset","7":"product_cat-elektricno-podno-grejanje","9":"first","10":"instock","11":"taxable","12":"shipping-taxable","13":"purchasable","14":"product-type-variable"},"_links":{"self":[{"href":"https:\/\/binvex.com\/en\/wp-json\/wp\/v2\/product\/3240","targetHints":{"allow":["GET"]}}],"collection":[{"href":"https:\/\/binvex.com\/en\/wp-json\/wp\/v2\/product"}],"about":[{"href":"https:\/\/binvex.com\/en\/wp-json\/wp\/v2\/types\/product"}],"wp:featuredmedia":[{"embeddable":true,"href":"https:\/\/binvex.com\/en\/wp-json\/wp\/v2\/media\/3280"}],"wp:attachment":[{"href":"https:\/\/binvex.com\/en\/wp-json\/wp\/v2\/media?parent=3240"}],"wp:term":[{"taxonomy":"product_brand","embeddable":true,"href":"https:\/\/binvex.com\/en\/wp-json\/wp\/v2\/product_brand?post=3240"},{"taxonomy":"product_cat","embeddable":true,"href":"https:\/\/binvex.com\/en\/wp-json\/wp\/v2\/product_cat?post=3240"},{"taxonomy":"product_tag","embeddable":true,"href":"https:\/\/binvex.com\/en\/wp-json\/wp\/v2\/product_tag?post=3240"}],"curies":[{"name":"wp","href":"https:\/\/api.w.org\/{rel}","templated":true}]}}