{"id":2837,"date":"2025-02-21T10:10:53","date_gmt":"2025-02-21T09:10:53","guid":{"rendered":"https:\/\/binvex.com\/?post_type=product&#038;p=2837"},"modified":"2025-08-05T10:12:10","modified_gmt":"2025-08-05T08:12:10","slug":"industrijski-rashladjivac-vazduha-fusion-3175","status":"publish","type":"product","link":"https:\/\/binvex.com\/en\/p\/industrijski-rashladjivac-vazduha-fusion-3175\/","title":{"rendered":"INDUSTRIJSKI RASHLA\u0110IVA\u010c VAZDUHA &#8211; FUSION MAX COOLER 3175"},"content":{"rendered":"<p>Rashladite svoje poslovne prostore i stvorite zdravo okru\u017eenje kada najtopliji letnji dani \u010dine va\u0161e radno mesto nepodno\u0161ljivim. U slu\u010dajevima kada klimatizacija nije upotrebljiva ili je po\u017eeljno prirodno i sigurnije re\u0161enje bez rizika od respiratornih bolesti, uz veoma nisku potro\u0161nju energije pravi izbor je industrijski rashla\u0111iva\u010d vazduha brenda FUSION.<\/p>\n<p>To je prenosiva jedinica, koja se lako mo\u017ee pomerati po potrebi. Oni rade tako \u0161to koriste vodu, uskladi\u0161tenu u unutra\u0161njem rezervoaru za vodu, za snabdevanje filtera kroz koji se vruc\u0301 vazduh uvla\u010di i zatim hladi pre nego \u0161to se vrati u prostoriju.<\/p>\n<p>Ne zahteva dodatne instalaterske radove, jednostavno ga uklju\u010dite u struju, sipate vodu u rezervoar i uklju\u010dite da radi.<\/p>\n<p>FUSION rashla\u0111iva\u010di vazduha Max Cooler su pravo re\u0161enje za industrijska okru\u017eenja, za komercijalne aktivnosti, kancelarije i velike prostore. Zahvaljujuc\u0301i prolasku vazduha kroz filter za isparavanje u obliku sa\u0107a, natopljenog vodom, obezbe\u0111uje protok vazduha pun sve\u017ee vlage, prijatan u dodiru sa ko\u017eom i na temperaturi nekoliko stepeni ni\u017eoj od temperature okoline. Ovla\u0111eni vazduh dose\u017ei razdaljinu od 22 m od samog rashla\u0111iva\u010da.<\/p>\n<p><img fetchpriority=\"high\" decoding=\"async\" class=\"alignnone wp-image-2839 size-large\" src=\"https:\/\/binvex.com\/wp-content\/uploads\/2025\/02\/Rashladjivac-vazduha-Fusion-Max-Cooler-31-1024x576.png\" alt=\"povr\u0161ina rashla\u0111ivanja max coolera fusion\" width=\"1024\" height=\"576\" srcset=\"https:\/\/binvex.com\/wp-content\/uploads\/2025\/02\/Rashladjivac-vazduha-Fusion-Max-Cooler-31-1024x576.png 1024w, https:\/\/binvex.com\/wp-content\/uploads\/2025\/02\/Rashladjivac-vazduha-Fusion-Max-Cooler-31-300x169.png 300w, https:\/\/binvex.com\/wp-content\/uploads\/2025\/02\/Rashladjivac-vazduha-Fusion-Max-Cooler-31-768x432.png 768w, https:\/\/binvex.com\/wp-content\/uploads\/2025\/02\/Rashladjivac-vazduha-Fusion-Max-Cooler-31-18x10.png 18w, https:\/\/binvex.com\/wp-content\/uploads\/2025\/02\/Rashladjivac-vazduha-Fusion-Max-Cooler-31-600x338.png 600w, https:\/\/binvex.com\/wp-content\/uploads\/2025\/02\/Rashladjivac-vazduha-Fusion-Max-Cooler-31.png 1080w\" sizes=\"(max-width: 1024px) 100vw, 1024px\" \/><\/p>\n<p>Rezervoari za vodu su veliki i mogu da se napajaju automatski, spajanjem na slavinu bez brige o \u010destom dodavanju vode. Oni c\u0301e vam garantovati autonomiju do 12 sati neprekidnog rada proizvoda. Rashla\u0111iva\u010d poseduje dvostruki sistem za filtriranje vazduha, koji prolazi kroz filter protiv pra\u0161ine i filter za isparavanje. Spre\u010dava vrac\u0301anje vec\u0301ih \u010destica pra\u0161ine u cirkulaciju.<\/p>\n<p><img decoding=\"async\" class=\"alignnone wp-image-2840 size-large\" src=\"https:\/\/binvex.com\/wp-content\/uploads\/2025\/02\/Rashladjivac-vazduha-Fusion-Max-Cooler-81-1024x576.png\" alt=\"\" width=\"1024\" height=\"576\" srcset=\"https:\/\/binvex.com\/wp-content\/uploads\/2025\/02\/Rashladjivac-vazduha-Fusion-Max-Cooler-81-1024x576.png 1024w, https:\/\/binvex.com\/wp-content\/uploads\/2025\/02\/Rashladjivac-vazduha-Fusion-Max-Cooler-81-300x169.png 300w, https:\/\/binvex.com\/wp-content\/uploads\/2025\/02\/Rashladjivac-vazduha-Fusion-Max-Cooler-81-768x432.png 768w, https:\/\/binvex.com\/wp-content\/uploads\/2025\/02\/Rashladjivac-vazduha-Fusion-Max-Cooler-81-18x10.png 18w, https:\/\/binvex.com\/wp-content\/uploads\/2025\/02\/Rashladjivac-vazduha-Fusion-Max-Cooler-81-600x337.png 600w, https:\/\/binvex.com\/wp-content\/uploads\/2025\/02\/Rashladjivac-vazduha-Fusion-Max-Cooler-81.png 1080w\" sizes=\"(max-width: 1024px) 100vw, 1024px\" \/><\/p>\n<p>Ovo je rashladni ure\u0111aj koji se lako prenosi zahvaljujuc\u0301i integrisanim to\u010dkovima. Daljinski upravlja\u010d koji se dobija uz ure\u0111aj c\u0301e vam omoguc\u0301iti da podesite snagu duvanja, pravac ventilacije, pode\u0161avanje tajmera i ostale. MAX COOLER rashla\u0111iva\u010di vazduha se mogu koristiti u zatvorenom prostoru, ali i na otvorenom, obezbe\u0111ujuc\u0301i sve\u017eu ventilaciju \u010dak i na verandama ili ba\u0161tama kafi\u0107a.<\/p>\n<p>Njegov okrugli oblik, koji podsec\u0301a na mlazni motor, i njegove performanse vas razo\u010darati. Protok vazduha do 6.000 m3\/h i veoma veliki rezervoar za vodu od 60 litara \u010dine FUSION MAX COOLER idealnim re\u0161enjem za da\u0161ak sve\u017eeg vazduha u najtoplijim danima u godini, u prostorijama do 50 m2 povr\u0161ine. Elektronska tehnologija obezbe\u0111uje digitalni displej koji pokazuje na\u010din rada u realnom vremenu i temperaturu, kao i atraktivan, prakti\u010dan daljinski upravlja\u010d.<\/p>\n<h2>Na\u010din hla\u0111enja industrijskih rashla\u0111iva\u010da vazduha \/ Aircooler-a<\/h2>\n<p>Za razliku od klasi\u010dnih klima ure\u0111aja koji rade na bazi freona i koji ima 3 dela: vazdu\u0161ni kompresor, kondenzator i ispariva\u010d, rashla\u0111iva\u010di vazduha \/ aircooleri rade na principu hla\u0111enja, isparavanjem vode. Prilikom duvanja toplog vazduha kroz vla\u017eni medium u hladnjaku dolazi do isparavanja vode u kojem se vazduh hladi i tako rashla\u0111en biva izduvan u okru\u017eenje.<\/p>\n<p><img decoding=\"async\" class=\"alignnone wp-image-2841 size-large\" src=\"https:\/\/binvex.com\/wp-content\/uploads\/2025\/02\/Rashladjivac-vazduha-Fusion-Max-Cooler-41-1024x576.png\" alt=\"tehnologija hla\u0111enja industrijski rashla\u0111iva\u010d vazduha\" width=\"1024\" height=\"576\" srcset=\"https:\/\/binvex.com\/wp-content\/uploads\/2025\/02\/Rashladjivac-vazduha-Fusion-Max-Cooler-41-1024x576.png 1024w, https:\/\/binvex.com\/wp-content\/uploads\/2025\/02\/Rashladjivac-vazduha-Fusion-Max-Cooler-41-300x169.png 300w, https:\/\/binvex.com\/wp-content\/uploads\/2025\/02\/Rashladjivac-vazduha-Fusion-Max-Cooler-41-768x432.png 768w, https:\/\/binvex.com\/wp-content\/uploads\/2025\/02\/Rashladjivac-vazduha-Fusion-Max-Cooler-41-18x10.png 18w, https:\/\/binvex.com\/wp-content\/uploads\/2025\/02\/Rashladjivac-vazduha-Fusion-Max-Cooler-41-600x337.png 600w, https:\/\/binvex.com\/wp-content\/uploads\/2025\/02\/Rashladjivac-vazduha-Fusion-Max-Cooler-41.png 1080w\" sizes=\"(max-width: 1024px) 100vw, 1024px\" \/><\/p>\n<p>Rashla\u0111iva\u010di vazduha posti\u017eu maksimalnu efikasnost u toplom i suvom vazduhu.<\/p>\n<p>Povec\u0301anjem vla\u017enosti na 50% smanjuje se rizik od preno\u0161enja virusa<br \/>\nMedicinski specijalisti su procenili nalaze istra\u017eivanja u vezi sa otporno\u0161c\u0301u virusa (npr. SARS-CoV, MERS-CoV ili SARS-CoV-2 (Covid-19), grip) na vla\u017enost vazduha. Ovi nalazi su otkrili da nivo vla\u017enosti ima presudan uticaj na infektivnost kapljica klica. Suv vazduh sa sadr\u017eajem relativne vla\u017enosti manjim od 40% omoguc\u0301ava da se sitne kapljice zara\u017eene virusima gripa ili prehlade osu\u0161e. Ovo \u010duva patogene tako da ostaju zarazni veoma dugo.<\/p>\n<p>U optimalnom opsegu relativne vla\u017enosti izme\u0111u 40 i 60% aerosoli se skupljaju samo toliko da se koncentracija soli u jezgru aerosola povec\u0301ava, \u0161to dovodi do ubijanja klica i mikroorganizama koji se tu nalaze. Ovo smanjuje rizik od infekcije virusima gripa i prehlade. Ovde ulogu ima rashla\u0111iva\u010d vazduha koji pove\u0107ava vla\u017enost, dok klasi\u010dni klima ure\u0111aji znatno isu\u0161uju vazduh.<\/p>\n<p>Preostalu ponudu rashla\u0111iva\u010da vazduha pogledajte na linku:\u00a0<a href=\"https:\/\/binvex.com\/en\/c\/rashladivaci-vazduha\/\">https:\/\/binvex.com\/c\/rashladivaci-vazduha\/<\/a><\/p>\n<p>Za vi\u0161e informacija pozovite 011 38 36 882, ili nam pi\u0161ite na office@binvex.com<\/p>\n<h3>Preuzmite PDF:<br \/>\n<a href=\"https:\/\/binvex.com\/wp-content\/uploads\/2025\/06\/Uputstvo-Fusion-Max-Cooler-3175.pdf\" target=\"_blank\" rel=\"noopener\"><img loading=\"lazy\" decoding=\"async\" class=\"alignnone size-full wp-image-216\" src=\"https:\/\/binvex.com\/wp-content\/uploads\/2023\/11\/downP.png\" alt=\"\" width=\"48\" height=\"55\" \/> Uputstvo za upotrebu<\/a><\/h3>","protected":false},"excerpt":{"rendered":"<p>Tehni\u010dke karakteristike<\/p>\n<p>Kapacitet rezervoara (L): <strong>60<\/strong><br \/>\nBrzina duvanja (m\/s): <strong>9<\/strong><br \/>\nProtok vazduha (m3\/h): max <strong>6.000, <\/strong>prose\u010dno<strong>\u00a03.175<\/strong><br \/>\nSnaga (W): <strong>250<\/strong><br \/>\nNivo buke (dB): <strong>\u226475<\/strong><br \/>\nVeli\u010dina proizvoda (mm): <strong>778*493,5*1181,5<\/strong><br \/>\nTe\u017eina (kg): <strong>20.8<\/strong><br \/>\nVeli\u010dina pakovanja (mm): <strong>850*565*1265<\/strong><br \/>\nBruto te\u017eina (kg): <strong>25<\/strong><\/p>","protected":false},"featured_media":2847,"template":"","meta":{"_eb_attr":""},"product_brand":[],"product_cat":[20],"product_tag":[],"class_list":{"0":"post-2837","1":"product","2":"type-product","3":"status-publish","4":"has-post-thumbnail","6":"product_cat-rashladivaci-vazduha","8":"first","9":"instock","10":"sale","11":"taxable","12":"shipping-taxable","13":"purchasable","14":"product-type-simple"},"_links":{"self":[{"href":"https:\/\/binvex.com\/en\/wp-json\/wp\/v2\/product\/2837","targetHints":{"allow":["GET"]}}],"collection":[{"href":"https:\/\/binvex.com\/en\/wp-json\/wp\/v2\/product"}],"about":[{"href":"https:\/\/binvex.com\/en\/wp-json\/wp\/v2\/types\/product"}],"wp:featuredmedia":[{"embeddable":true,"href":"https:\/\/binvex.com\/en\/wp-json\/wp\/v2\/media\/2847"}],"wp:attachment":[{"href":"https:\/\/binvex.com\/en\/wp-json\/wp\/v2\/media?parent=2837"}],"wp:term":[{"taxonomy":"product_brand","embeddable":true,"href":"https:\/\/binvex.com\/en\/wp-json\/wp\/v2\/product_brand?post=2837"},{"taxonomy":"product_cat","embeddable":true,"href":"https:\/\/binvex.com\/en\/wp-json\/wp\/v2\/product_cat?post=2837"},{"taxonomy":"product_tag","embeddable":true,"href":"https:\/\/binvex.com\/en\/wp-json\/wp\/v2\/product_tag?post=2837"}],"curies":[{"name":"wp","href":"https:\/\/api.w.org\/{rel}","templated":true}]}}