{"id":2818,"date":"2024-12-19T09:59:59","date_gmt":"2024-12-19T08:59:59","guid":{"rendered":"https:\/\/binvex.com\/?post_type=product&#038;p=2818"},"modified":"2025-04-15T13:00:33","modified_gmt":"2025-04-15T11:00:33","slug":"apsorber-vlage-ttk-75-e-trotec","status":"publish","type":"product","link":"https:\/\/binvex.com\/en\/p\/apsorber-vlage-ttk-75-e-trotec\/","title":{"rendered":"APSORBER VLAGE TTK 75 E &#8211; TROTEC"},"content":{"rendered":"<h2>Ugodno neupadljiv, upadljvio dobar u\u010dinak \u2026 Jednostavno jak apsorber vlage &#8211; bez kompromisa!<\/h2>\n<p id=\"tw-target-rmn\" class=\"tw-data-text tw-text-small tw-ta\" dir=\"ltr\"><span class=\"Y2IQFc\">Ako ste u potrazi za povoljnim kao i pouzdanim isu\u0161iva\u010dem vazduha sa jednostavnim upravljanjem i velikim u\u010dinkom za trajno odr\u017eavanje suvo\u0107e u ve\u0107im grejanim stambenim, kancelarijskim, sanitetnim ili podrumskim prostorijama, onda je TTK 75 E jedna od na\u0161ih najboljih preporuka.<\/span><\/p>\n<p>Kod ovog apsorbera vlage ne trebate dugo \u010ditati uputstvo za upotrebu. Postavite, uklju\u010dite, odredite stepen isu\u0161ivanja, gotovo. Jednom u pogonu, TTK 75 E radi ta\u010dno \u0161to mora, i to radi vrlo dobro.<\/p>\n<h4 class=\"csc-firstHeader\">Udobnost je ovde veoma va\u017ena!<\/h4>\n<p class=\"bodytext\">Ovaj apsorber vlage je opremljen sa posebno u\u010dinkovitim ventilatorom, koji kondenzatoru mo\u017ee dovoditi velike koli\u010dine vazduha za isu\u0161ivanje. Zato TTK 75 E raspola\u017ee velikim odnosom cirkulacije i isu\u0161ivanja, koji ga \u010dini optimalnim re\u0161enjem za odr\u017eavanje suvo\u0107e velikih unutra\u0161njih prostorija. Pomoc\u0301u digitalne kontrolne table mo\u017eete prikladno podesiti \u017eeljenu vla\u017enost u skladu sa svojim potrebama, dok se unapred odabrana ciljna vrednost mo\u017ee lako pro\u010ditati na intuitivnom LED displeju.<\/p>\n<p class=\"tw-data-text tw-text-small tw-ta\" dir=\"ltr\"><span class=\"Y2IQFc\">Posebne karakteristike:<br \/>\n* Automatsko odvla\u017eivanje pod kontrolom higrostata sa unapred odabranim ciljnim vrednostima izme\u0111u 30 i 90% vla\u017enosti vazduha<br \/>\n* Namestiv higrostat za stalnu kontrolu relativne vlage vazduha. Pri prekora\u010denju se ure\u0111aj automatski uklju\u010duje i samostalno isklju\u010duje, \u010dim se dostigne \u017eeljena vrednost vla\u017enosti.<br \/>\n* Alarmna lampica pri punom rezervoaru vode.<br \/>\n* Za\u0161tita od prepunjenosti sa automatskim isklju\u010divanjem.<br \/>\n* Priklju\u010dak za ispust kondenzata.<br \/>\n* Lako dostupan filter vazduha, jednostavan za \u010di\u0161\u0107enje. Filtrira \u017eivotinjsku dlaku, kratke niti, dla\u010dice, pra\u0161inu i spre\u010dava nastajanje bakterija.<br \/>\n* Automatsko higrostatom upravljano isu\u0161ivanje<br \/>\n* Veliki odnos cirkulacije i isu\u0161ivanja<br \/>\n* Vrlo tihi pogon<br \/>\n* Krajnje jednostavno rukovanje<\/span><\/p>\n<h3 class=\"tw-data-text tw-text-small tw-ta\" dir=\"ltr\">Funkcije i oprema &#8211; apsorber vlage TTK 75 E<\/h3>\n<p class=\"tw-data-text tw-text-small tw-ta\" dir=\"ltr\">Kontrolna tabla TTK 75 E je jasno postavljena i laka za razumevanje. Digitalni displej vam pokazuje u. a. \u017eeljena relativna vla\u017enost u sobi.<\/p>\n<p dir=\"ltr\">Lako uklonjivi vazdu\u0161ni filter zadr\u017eava dlake i dlake \u017eivotinja i mo\u017ee se brzo i lako obrisati ili isprati.<\/p>\n<p dir=\"ltr\">Apsorber vlage ima uklonjivi rezervoar za vodu ima kapacitet od 3 litre. Ure\u0111aj se automatski zaustavlja kada je rezervoar pun i signalizira to putem LED diode.<\/p>\n<p dir=\"ltr\">Na pole\u0111ini ure\u0111aja mo\u017ee se povezati crevo kako bi se kondenzovana voda neprekidno odvodila.<\/p>\n<p dir=\"ltr\">TTK 75 E ima automatsko odvla\u017eivanje pod kontrolom higrostata. \u017deljena vrednost vla\u017enosti mo\u017ee se podesiti sa ciljnim predizborom od 30 do 90% vla\u017enosti vazduha. mo\u017ee se podesiti na kontrolnoj tabli sa LED osvetljenjem.<\/p>\n<p dir=\"ltr\">\u010cim se dostigne \u017eeljeni nivo vla\u017enosti, kompresor se sam isklju\u010duje. Ventilator radi dok zaslon ostaje uklju\u010den. Ako je ograni\u010denje prema\u0161eno, ure\u0111aj se automatski aktivira.<\/p>\n<p dir=\"ltr\">Koristite prakti\u010dnu funkciju tajmera da biste ure\u0111aj uklju\u010dili ili isklju\u010dili nakon odre\u0111enog broja sati (do najvi\u0161e 12 sati). Tajmer se mo\u017ee programirati u koracima od 1 sata (1 do 12 sati). Tajmer spre\u010dava nepotrebno vreme rada i omoguc\u0301ava prilago\u0111avanje odvla\u017eivanja vazduha va\u0161em ritmu \u017eivota.<\/p>\n<p dir=\"ltr\">TTK 75 E se tako\u0111e mo\u017ee koristiti kao sobna su\u0161ara za vazduh kao podr\u0161ka su\u0161enju mokrog ve\u0161a u dnevnim ili kuc\u0301nim sobama. Na ovaj na\u010din ubrzavate proces su\u0161enja obe\u0161enih odevnih predmeta i spre\u010davate talo\u017eenje vlage u ve\u0161u u sobi i dugoro\u010dnospre\u010davate stvaranje plesni.<\/p>\n<h3>TEHNI\u010cKI PODACI<\/h3>\n<p>Kapacitet odvla\u017eivanja<br \/>\npri 30 \u00b0C \/ 80 % rel. vla\u017e. [l\/24h] &#8211; <strong>18<\/strong><br \/>\nmaks. [l\/24h] &#8211; <strong>20<\/strong><\/p>\n<p>Preporu\u010dena veli\u010dina prostorije : \u00a0<strong>110m\u00b3 \/ 45m\u00b2<\/strong><\/p>\n<p>Uslovi okru\u017eenja<br \/>\nTemperaturni opseg min. [\u00b0C] 5<br \/>\nTemperaturni opseg maks. [\u00b0C] 32<br \/>\nOpseg vla\u017enosti min. [% r.F.] 30<br \/>\nOpseg vla\u017enosti maks. [% r.F.] 90<\/p>\n<p>Elektri\u010dne vrednosti<br \/>\nPriklju\u010dak za struju 220 &#8211; 240 V, 50 Hz<br \/>\nNazivna primljena struja [A] 1,8<\/p>\n<p>Elektri\u010dni priklju\u010dak<br \/>\nPriklju\u010dni utika\u010d CEE 7\/7<br \/>\nDu\u017eina kabla [m] 1,5<\/p>\n<p>Kompresor:<br \/>\nRotacioni klipni kompresor<br \/>\nMinimalna veli\u010dina prostorije [m\u00b2] &#8211; 4<br \/>\nTip rashladnog sredstva &#8211; R290<br \/>\nKoli\u010dina rashladnog sredstva [g] &#8211; 86<br \/>\nGWP faktor &#8211; 3<br \/>\nCO2 -ekvivalent &#8211; 0.00026 t<br \/>\nPritisak usisna strana [MPa] &#8211; 1,2<br \/>\nPritisak izlazna strana [MPa] &#8211; 2,4<\/p>\n<p>Rezervoar za vodu<br \/>\nSadr\u017eaj u [l] &#8211; 3<\/p>\n<p>Nivo buke<br \/>\nRazmak 1 m [dB(A)] &#8211; 43<\/p>\n<p>Dimenzije<br \/>\nDu\u017eina (bez ambala\u017ee) [mm] &#8211; 253<br \/>\n\u0160irina (bez ambala\u017ee) [mm] &#8211; 340<br \/>\nVisina (bez ambala\u017ee) [mm] &#8211; 570<br \/>\nTe\u017eina (bez ambala\u017ee) [kg] &#8211; 12,5<\/p>\n<p dir=\"ltr\">Ponude preostalih aprosrbera za vlagu pogledajte na linku:\u00a0<a href=\"https:\/\/binvex.com\/en\/c\/apsorberi-vlage\/\">https:\/\/binvex.com\/c\/apsorberi-vlage\/<\/a><\/p>\n<p dir=\"ltr\">Vi\u0161e o TROTEC proizvodima jednostavnim klikom na : <a href=\"https:\/\/en.trotec.com\/shop\/\" target=\"_blank\" rel=\"noopener\"><img decoding=\"async\" class=\"alignnone wp-image-142 size-full\" src=\"https:\/\/binvex.com\/wp-content\/uploads\/2023\/11\/Trotec.jpg\" alt=\"apsorber vlage trotec\" width=\"236\" height=\"140\" \/><\/a><\/p>\n<div class=\"column\">\n<div class=\"csc-textpic\">\n<div class=\"csc-textpic-imagewrap\"><\/div>\n<\/div>\n<\/div>","protected":false},"excerpt":{"rendered":"<ul>\n<li>U\u010dinak odvla\u017eivanja mak.: 20 litara\/24h<\/li>\n<li>Koli\u010dina vazduha: 192 m\u00b3\/h<\/li>\n<li>Pogodno za prostorije do: 45 m\u00b2 \/ 110 m\u00b3<\/li>\n<li>Radni opseg temperature: 5 \u00b0C do 32 \u00b0C<\/li>\n<li>Radni opseg vla\u017enosti: 30% do 90% RH<\/li>\n<li>Ulazni napon: 230 V \/ 50 Hz<\/li>\n<li>Maks. ulazna snaga: 0,35 kV<\/li>\n<li>Rezervoar za vodu: 3 litra<\/li>\n<li>Nivo buke: 42 dB (A)<\/li>\n<li>Dimenzije (D x \u0160 x V): 245 x 340 x 570 mm<\/li>\n<li>Te\u017eina: 12,3 kg<\/li>\n<\/ul>","protected":false},"featured_media":2820,"template":"","meta":{"_eb_attr":""},"product_brand":[],"product_cat":[25],"product_tag":[],"class_list":{"0":"post-2818","1":"product","2":"type-product","3":"status-publish","4":"has-post-thumbnail","6":"product_cat-apsorberi-vlage","8":"first","9":"outofstock","10":"taxable","11":"shipping-taxable","12":"purchasable","13":"product-type-simple"},"_links":{"self":[{"href":"https:\/\/binvex.com\/en\/wp-json\/wp\/v2\/product\/2818","targetHints":{"allow":["GET"]}}],"collection":[{"href":"https:\/\/binvex.com\/en\/wp-json\/wp\/v2\/product"}],"about":[{"href":"https:\/\/binvex.com\/en\/wp-json\/wp\/v2\/types\/product"}],"wp:featuredmedia":[{"embeddable":true,"href":"https:\/\/binvex.com\/en\/wp-json\/wp\/v2\/media\/2820"}],"wp:attachment":[{"href":"https:\/\/binvex.com\/en\/wp-json\/wp\/v2\/media?parent=2818"}],"wp:term":[{"taxonomy":"product_brand","embeddable":true,"href":"https:\/\/binvex.com\/en\/wp-json\/wp\/v2\/product_brand?post=2818"},{"taxonomy":"product_cat","embeddable":true,"href":"https:\/\/binvex.com\/en\/wp-json\/wp\/v2\/product_cat?post=2818"},{"taxonomy":"product_tag","embeddable":true,"href":"https:\/\/binvex.com\/en\/wp-json\/wp\/v2\/product_tag?post=2818"}],"curies":[{"name":"wp","href":"https:\/\/api.w.org\/{rel}","templated":true}]}}