{"id":2770,"date":"2024-06-24T09:53:37","date_gmt":"2024-06-24T07:53:37","guid":{"rendered":"https:\/\/binvex.com\/?post_type=product&#038;p=2770"},"modified":"2025-04-08T10:54:10","modified_gmt":"2025-04-08T08:54:10","slug":"susaci-peskira-silk-radialight-750-w-beli","status":"publish","type":"product","link":"https:\/\/binvex.com\/en\/p\/susaci-peskira-silk-radialight-750-w-beli\/","title":{"rendered":"SU\u0160A\u010cI PE\u0160KIRA SILK RADIALIGHT \u2013 750 W &#8211; BELI"},"content":{"rendered":"<h3><a href=\"https:\/\/www.radialight.com\/en\/products-range\/electric-heating-products\/heat-your-bathroom\/electric-towel-warmer-with-glass-surface-silk\" target=\"_blank\" rel=\"noopener\">ELEKTRI\u010cNI GREJA\u010c PE\u0160KIRA SA STAKLENOM POVR\u0160INOM &#8211; SILK<\/a><\/h3>\n<p>Sofisticirane zavr\u0161ne obrade, polirane i satenske povr\u0161ine mogu se koristiti u elegantnim kombinacijama, pretvarajuc\u0301i va\u0161e kupatilo u poseban iskustveni prostor svakog dana. Temperaturu koju \u017eelite, u trenu, dok se prednja staklena povr\u0161ina zagreva i, zahvaljujuc\u0301i svojim svojstvima, akumulira toplotu, emitujuc\u0301i je kroz zra\u010denje, pru\u017eajuc\u0301i osec\u0301aj dugotrajne udobnosti koja obuhvata.<br \/>\nZaista je kompaktan, za komad name\u0161taja i lako se ugra\u0111uje u svako kupatilo jer je \u0161irok samo 40 cm. Kontrole su postavljene ergonomski i jednostavne za razumevanje i upotrebu. Dostupan u dve boje, klasi\u010dnoj ledeno beloj ili modernoj antracit sivoj, obe ukra\u0161ene dr\u017ea\u010dima za pe\u0161kire u boji peska.<\/p>\n<p><img fetchpriority=\"high\" decoding=\"async\" class=\"alignnone wp-image-2772 size-full\" src=\"https:\/\/binvex.com\/wp-content\/uploads\/2024\/06\/silk-bianco-ambientazione2.png\" alt=\"su\u0161a\u010d za pe\u0161kire beli\" width=\"890\" height=\"600\" srcset=\"https:\/\/binvex.com\/wp-content\/uploads\/2024\/06\/silk-bianco-ambientazione2.png 890w, https:\/\/binvex.com\/wp-content\/uploads\/2024\/06\/silk-bianco-ambientazione2-300x202.png 300w, https:\/\/binvex.com\/wp-content\/uploads\/2024\/06\/silk-bianco-ambientazione2-768x518.png 768w, https:\/\/binvex.com\/wp-content\/uploads\/2024\/06\/silk-bianco-ambientazione2-18x12.png 18w, https:\/\/binvex.com\/wp-content\/uploads\/2024\/06\/silk-bianco-ambientazione2-600x404.png 600w\" sizes=\"(max-width: 890px) 100vw, 890px\" \/><\/p>\n<p>&nbsp;<\/p>\n<h2>Tehnologija grejanja su\u0161a\u010da pe\u0161kira<br \/>\n<img decoding=\"async\" class=\"alignnone wp-image-532\" src=\"https:\/\/binvex.com\/wp-content\/uploads\/2023\/11\/onsen-susaci-peskira.png\" alt=\"\" width=\"410\" height=\"205\" srcset=\"https:\/\/binvex.com\/wp-content\/uploads\/2023\/11\/onsen-susaci-peskira.png 600w, https:\/\/binvex.com\/wp-content\/uploads\/2023\/11\/onsen-susaci-peskira-300x150.png 300w\" sizes=\"(max-width: 410px) 100vw, 410px\" \/><\/h2>\n<p>SILK pretvara va\u0161e kupatilo u uto\u010di\u0161te blagostanja, nudec\u0301i vam udobnost o kojoj ste oduvek sanjali. Toplotna konvekcija brzo zagreva kupatilo, uz u\u0161tedu vremena do 40% u pore\u0111enju sa tradicionalnim elektri\u010dnim radijatorom (*). U isto vreme, staklo se zagreva i, zahvaljujuc\u0301i svojstvima akumulacije toplote u staklu, zagreva se zra\u010denjem, stvarajuc\u0301i dugotrajan efekat, uz nisku potro\u0161nju energije.<\/p>\n<p>(*) Testovi sprovedeni u laboratoriji RADIALIGHT, upore\u0111ujuc\u0301i SILK sa 2 elektri\u010dna fluidna radijatora sa ekvivalentnom elektri\u010dnom snagom.<\/p>\n<h3>Kontrola ure\u0111aja<br \/>\n<img decoding=\"async\" class=\"alignnone wp-image-533\" src=\"https:\/\/binvex.com\/wp-content\/uploads\/2023\/11\/onsen-susaci-peskira-kontrola.png\" alt=\"\" width=\"410\" height=\"205\" srcset=\"https:\/\/binvex.com\/wp-content\/uploads\/2023\/11\/onsen-susaci-peskira-kontrola.png 600w, https:\/\/binvex.com\/wp-content\/uploads\/2023\/11\/onsen-susaci-peskira-kontrola-300x150.png 300w\" sizes=\"(max-width: 410px) 100vw, 410px\" \/><\/h3>\n<p>SILK je inteligentan, jer odlu\u010duje koliko je toplote potrebno da bi se dostigla tra\u017eena temperatura, izbegavajuc\u0301i nepotrebno tro\u0161enje energije.<br \/>\nAli nudi vam mnogo vi\u0161e. Njegovi vi\u0161estruki re\u017eimi rada omoguc\u0301avaju mu da se prilagodi va\u0161em \u017eivotnom stilu. Mo\u017eete podesiti konzistentnu i udobnu temperaturu ili mo\u017eete programirati su\u0161a\u010d, \u0161tedec\u0301i novac kada niste kod kuc\u0301e. Ako umesto toga \u017eelite da grejete kupatilo kada to \u017eelite i koliko god \u017eelite, funkcija tajmera je va\u0161 najbolji izbor.<\/p>\n<h3>Karakteristike<\/h3>\n<p>\u2022 Otporno na vlagu, pra\u0161kasto oblo\u017eeno zadnje kuc\u0301i\u0161te \u2013 povr\u0161ina od kaljenog stakla<br \/>\n\u2022 Dvostruki sistem grejanja: zra\u010denje za svestrani komfor i konvekcija za brzo zagrevanje<br \/>\n\u2022 Pogodan i za glavno i za dodatno grejanje<br \/>\n\u2022 Kontrole na dodir jednostavne za upotrebu sa LCD ekranom<br \/>\n\u2022 Elektronski termostat sa automatskom kontrolom toplote, kako bi se izbeglo rasipanje energije<br \/>\n\u2022 Razli\u010diti re\u017eimi rada: automatski, programirani, tajmer<br \/>\n\u2022 Funkcija alarma za otvoren prozor<br \/>\n\u2022 Opremljen sa 2 dr\u017ea\u010de za pe\u0161kire<br \/>\n\u2022 IP 24 za\u0161tita od prskanja vode: bezbedna \u010dak i na najvla\u017enijim mestima<br \/>\n\u2022 Dostupan u dve boje: ledeno bela i antracit siva<br \/>\n\u2022 Kuke za bade mantile dostupne i prodaju se zasebno<\/p>\n<div class=\"content\">\n<p><a href=\"tel:0113836882\">Za vi\u0161e informacija pozovite 011\/38-36-882<\/a><\/p>\n<\/div>\n<h3>Tehni\u010dke specifikacije:<\/h3>\n<p><strong>ONSEN<\/strong><br \/>\nEAN kod: 8019250651056<br \/>\nDimenzije (\u0160xVxD): 40 x 90 x 10cm<br \/>\nSnaga na 230V: 750W<br \/>\nTouch kontrole<br \/>\nElektronski termostat<br \/>\nNeto te\u017eina: 10,3 kg<br \/>\nBoja: Prednje staklo belo RAL9003 e zadnje kuc\u0301i\u0161te tamno sivo RAL7024<\/p>\n<h3>Proizvo\u0111a\u010d:<\/h3>\n<p><img loading=\"lazy\" decoding=\"async\" class=\"alignnone size-full wp-image-213\" src=\"https:\/\/binvex.com\/wp-content\/uploads\/2023\/11\/4-RADIALIGHT-logo-1.jpg\" alt=\"\" width=\"236\" height=\"140\" \/><\/p>\n<p class=\"naslov-download\">Preuzmite PDF:<br \/>\n<img loading=\"lazy\" decoding=\"async\" class=\"alignnone size-full wp-image-216\" src=\"https:\/\/binvex.com\/wp-content\/uploads\/2023\/11\/downP.png\" alt=\"\" width=\"48\" height=\"55\" \/>\u00a0 Katalog &#8211; Su\u0161a\u010di pe\u0161kira SILK<\/p>","protected":false},"excerpt":{"rendered":"<p>ELEKTRI\u010cNI GREJA\u010c PE\u0160KIRA SA STAKLENOM POVR\u0160INOM &#8211; SILK Sofisticirane zavr\u0161ne obrade, polirane i satenske povr\u0161ine mogu se koristiti u elegantnim kombinacijama, pretvarajuc\u0301i va\u0161e kupatilo u poseban iskustveni prostor svakog dana. Temperaturu koju \u017eelite, u trenu, dok se prednja staklena povr\u0161ina zagreva i, zahvaljujuc\u0301i svojim svojstvima, akumulira toplotu, emitujuc\u0301i je kroz zra\u010denje, pru\u017eajuc\u0301i osec\u0301aj dugotrajne udobnosti [&hellip;]<\/p>","protected":false},"featured_media":2778,"template":"","meta":{"_eb_attr":""},"product_brand":[],"product_cat":[29],"product_tag":[],"class_list":{"0":"post-2770","1":"product","2":"type-product","3":"status-publish","4":"has-post-thumbnail","6":"product_cat-susaci-za-peskire","8":"first","9":"instock","10":"taxable","11":"shipping-taxable","12":"purchasable","13":"product-type-simple"},"_links":{"self":[{"href":"https:\/\/binvex.com\/en\/wp-json\/wp\/v2\/product\/2770","targetHints":{"allow":["GET"]}}],"collection":[{"href":"https:\/\/binvex.com\/en\/wp-json\/wp\/v2\/product"}],"about":[{"href":"https:\/\/binvex.com\/en\/wp-json\/wp\/v2\/types\/product"}],"wp:featuredmedia":[{"embeddable":true,"href":"https:\/\/binvex.com\/en\/wp-json\/wp\/v2\/media\/2778"}],"wp:attachment":[{"href":"https:\/\/binvex.com\/en\/wp-json\/wp\/v2\/media?parent=2770"}],"wp:term":[{"taxonomy":"product_brand","embeddable":true,"href":"https:\/\/binvex.com\/en\/wp-json\/wp\/v2\/product_brand?post=2770"},{"taxonomy":"product_cat","embeddable":true,"href":"https:\/\/binvex.com\/en\/wp-json\/wp\/v2\/product_cat?post=2770"},{"taxonomy":"product_tag","embeddable":true,"href":"https:\/\/binvex.com\/en\/wp-json\/wp\/v2\/product_tag?post=2770"}],"curies":[{"name":"wp","href":"https:\/\/api.w.org\/{rel}","templated":true}]}}