{"id":2730,"date":"2024-05-15T09:56:48","date_gmt":"2024-05-15T07:56:48","guid":{"rendered":"https:\/\/binvex.com\/?post_type=product&#038;p=2730"},"modified":"2026-03-03T14:47:27","modified_gmt":"2026-03-03T13:47:27","slug":"rashladni-uredjaji-pae-81-trotec","status":"publish","type":"product","link":"https:\/\/binvex.com\/en\/p\/rashladni-uredjaji-pae-81-trotec\/","title":{"rendered":"RASHLADNI UREDJAJI &#8211; PAE 81 TROTEC"},"content":{"rendered":"<h2 id=\"tw-target-rmn\" class=\"tw-data-text tw-text-small tw-ta\" dir=\"ltr\"><span class=\"Y2IQFc\">4-u-1 rashladni uredjaji: hlade, osve\u017eavaju, \u010diste i pove\u0107avaju vla\u017enost vazduha \u2013 visok kapacitet hla\u0111enja za privatne i poslovne prostorije veli\u010dine do 80 m\u00b2<\/span><\/h2>\n<p id=\"tw-target-rmn\" class=\"tw-data-text tw-text-small tw-ta\" dir=\"ltr\"><span class=\"Y2IQFc\">Pogodno opremljeni rashladni uredjaji PAE 81 sa daljinskim upravljanjem pru\u017eaju sve\u017e povetarac i brzo hla\u0111enje tokom letnjih vruc\u0301ina. Ovi rashladni uredjaji garantuju neuporedivo okrepljujuc\u0301i efekat hla\u0111enja sa svojim ledenim protokom sve\u017eeg vazduha. \u010cetvorostepeni podesivi ventilator hladi zagrejane stambene prostore, zimske ba\u0161te, stanove u potkrovlju, prodajne prostore, prodavnice, restorane, kancelarije itd. do prijatnih sobnih temperatura za kratko vreme. \u0160tavi\u0161e, rashla\u0111iva\u010di vazduha \u010diste i pove\u0107avaju vla\u017enost vazduha u prostoriji kako bi vas razmazili \u010distim i optimalno vla\u017enim hladnim vazduhom.<br \/>\nVrhunac: za skladi\u0161tenje ure\u0111aja koje \u0161tedi prostor, PAE 81 se mo\u017ee jednostavno spojiti, smanjujuc\u0301i tako svoju visinu sa 111,5 cm na kompaktnih 70,5 cm.<\/span><\/p>\n<h3 id=\"tw-target-rmn\" class=\"tw-data-text tw-text-small tw-ta\" dir=\"ltr\"><span class=\"Y2IQFc\">Prirodno efikasno hla\u0111enje isparavanjem koje se isplati<\/span><\/h3>\n<p id=\"tw-target-rmn\" class=\"tw-data-text tw-text-small tw-ta\" dir=\"ltr\"><span class=\"Y2IQFc\">Energetski efikasna tehnologija hla\u0111enja preko medijuma u obliku sac\u0301a rashladnog uredjaja PAE 81 je ne\u0161to \u0161to poznajete iz prirode. Kada sve\u017e povetarac dune preko vla\u017ene ko\u017ee, odmah osec\u0301ate prijatan osec\u0301aj hla\u0111enja. Ovaj efekat hla\u0111enja je uzrokovan isparavanjem. Toplotna energija se povla\u010di iz vazduha u prostoriji, \u0161to uzrokuje primetan pad temperature. <\/span><\/p>\n<p class=\"tw-data-text tw-text-small tw-ta\" dir=\"ltr\"><span class=\"Y2IQFc\">Svi rashladni uredjaji serije PAE koriste ovaj prirodni princip hla\u0111enja sa punjenjem hladnom vodom ili ledenom vodom. Kada prostorni vazduh pro\u0111e kroz vla\u017ene filtere u obliku sa\u0107a, on se hladi kako se toplotna energija povla\u010di. Zatim se vazduh vla\u017ei hladnom ili ledeno hladnom vodom da bi se nakon toga oslobodio dosadne pra\u0161ine i \u017eivotinjske dlake u vazdu\u0161nom filteru i kona\u010dno emitovao u prostoriju kao ledena struja sve\u017eeg vazduha. U ovom procesu se ne koriste hemikalije, rashladni kompresori koji tro\u0161e energiju i creva za izduvni vazduh koji uznemiravaju.<\/span><\/p>\n<h3 id=\"tw-target-rmn\" class=\"tw-data-text tw-text-small tw-ta\" dir=\"ltr\"><span class=\"Y2IQFc\">\u0160to je leto toplije, efekat hla\u0111enja je intenzivniji<\/span><\/h3>\n<p class=\"tw-data-text tw-text-small tw-ta\" dir=\"ltr\"><span class=\"Y2IQFc\">Za razliku od klima ure\u0111aja sa kompresorima za hla\u0111enje, koji pre ili kasnije dostignu svoje granice performansi na rekordnim temperaturama, kapacitet hla\u0111enja PAE 81 \u010dak se povec\u0301ava kako temperatura raste. \u0160to je prostorija toplija, voda br\u017ee isparava unutar filtera sa sac\u0301em i vi\u0161e toplote isparavanja se povla\u010di iz vazduha. Tako da se uvek mo\u017eete osloniti na kapacitet hla\u0111enja rashla\u0111iva\u010da vazduha da biste dr\u017eali korak sa spoljnim temperaturama. <\/span><\/p>\n<h3 id=\"tw-target-rmn\" class=\"tw-data-text tw-text-small tw-ta\" dir=\"ltr\"><span class=\"Y2IQFc\">Tri puta pobolj\u0161ana klima za dobar osec\u0301aj: hladi, osve\u017eava i pove\u0107ava vla\u017enost vazduha<\/span><\/h3>\n<p id=\"tw-target-rmn\" class=\"tw-data-text tw-text-small tw-ta\" dir=\"ltr\"><span class=\"Y2IQFc\">Kombinovano pobolj\u0161anje vazduha kroz hla\u0111enje, pre\u010di\u0161c\u0301avanje vazduha i pove\u0107anje vla\u017enosti garantuje optimalno izbalansiranu klimu u zatvorenom prostoru. Pored toga, rashladni uredjaji PAE 81 ja\u010daju imunolo\u0161ku odbranu tela. Infektivni virusi kao \u0161to su virusi gripa i SARS-CoV-2 ponekad ostaju suspendovani u prostoriji nekoliko sati na suvom vazduhu tokom grejanja. Povrh svega, nazalne sluzoko\u017ee, koje su zapravo namenjene odbijanju patogena, se isu\u0161uju. U optimalno vla\u017enom vazduhu (40 do 60 odsto) virusi br\u017ee padaju na pod, a pobolj\u0161ava se i u\u010dinak \u010di\u0161c\u0301enja nosne sluzoko\u017ee. <\/span><\/p>\n<p class=\"tw-data-text tw-text-small tw-ta\" dir=\"ltr\"><span class=\"Y2IQFc\">Kao mobilni ovla\u017eiva\u010d, PAE 81 impresionira tokom cele godine svojim moc\u0301nim performansama ovla\u017eivanja od 2,8 l\/h kako bi konstantno odr\u017eavao nivo vla\u017enosti u zdravom opsegu. Ako je potrebno, rashla\u0111iva\u010d vazduha se mo\u017ee koristiti i kao ventilator tokom cele godine bez funkcije hla\u0111enja i ovla\u017eivanja vazduha. Da bi se osve\u017eavajuc\u0301i protok vazduha rasporedio na ciljani na\u010din ili na veliku povr\u0161inu u celoj prostoriji u zavisnosti od primene, jedinica za hla\u0111enje ima re\u017eim zakretanja od 120\u00b0 na unutra\u0161njim vertikalnim izlaznim lamelama kako bi se obezbedila vec\u0301a razmera distribucije hladnog vazduha. Spoljna horizontalna peraja se mogu ru\u010dno podesiti prema va\u0161im potrebama.<\/span><\/p>\n<h3>Integrisani stalni priklju\u010dak vode za kontinuiranu komercijalnu upotrebu<\/h3>\n<p>Bilo za hla\u0111enje ili za ovla\u017eivanje vazduha \u2013 integrisani stalni priklju\u010dak za vodu PAE 81 je posebno prakti\u010dan za kontinuiranu komercijalnu upotrebu. Profesionalni rashladni uredjaji se mogu priklju\u010diti na dovod vode pomoc\u0301u standardnog creva. Ovo im omoguc\u0301ava da rade neprekidno bez potrebe za dopunom rezervoara. Snabdevanje vodom preko creva se reguli\u0161e potpuno automatski pomoc\u0301u prekida\u010da sa plovkom koji je uklju\u010den u obim isporuke. Prekida\u010d sa plovkom i crevo su jednostavni za sastavljanje, nisu potrebni instalater ili alat.<\/p>\n<h3>Za dodatnu udobnost: 15-\u010dasovni tajmer za automatsko uklju\u010divanje i isklju\u010divanje<\/h3>\n<p>Programibilni tajmer, koji se koristi za potpuno automatsko uklju\u010divanje ili isklju\u010divanje ure\u0111aja nakon individualno pode\u0161enog vremena, koristan je \u010dak na dva na\u010dina. To vam \u0161tedi nepotrebne tro\u0161kove elektri\u010dne energije i nikada nec\u0301ete morati da brinete o tome da li ste zaista ponovo uklju\u010dili ili isklju\u010dili ure\u0111aj. Vreme rada do automatskog uklju\u010divanja ili isklju\u010divanja mo\u017ee se podesiti od 1 do 15 sati u koracima od 1 sata.<\/p>\n<p>Ovo je posebno pogodno na radnom mestu da se kancelarija ohladi na prijatne temperature \u010dak i pre po\u010detka radnog dana. Tajmer je tako\u0111e koristan kada rashladni uredjaji razvijaju svoj umirujuc\u0301i efekat u spavac\u0301oj sobi. Hladan morski povetarac uspava vas bez znojenja. Nakon toga, ure\u0111aj se isklju\u010duje do sledec\u0301eg jutra radi u\u0161tede energije.<\/p>\n<h3 id=\"tw-target-rmn\" class=\"tw-data-text tw-text-small tw-ta\" dir=\"ltr\"><span class=\"Y2IQFc\">Profesionalno hla\u0111enje vazduha za industriju, trgovinu i doga\u0111aje<\/span><\/h3>\n<p><span class=\"Y2IQFc\">Mobilni rashladni uredjaji PAE 81 se preporu\u010duju za komercijalne i industrijske radne prostore kao \u0161to su:<\/span><\/p>\n<p>Radionice svih vrsta<br \/>\nProizvodne povr\u0161ine \/ skladi\u0161ta<br \/>\nRestorani\/kafei<br \/>\nSupermarketi \/ prodavnice<br \/>\nBenzinske pumpe<br \/>\nFitnes studiji<br \/>\nBa\u0161tenski centri<br \/>\nFrizerski saloni<br \/>\nTrgovinski \u0161tandovi<\/p>\n<h3><span class=\"Y2IQFc\">Sna\u017eno vazdu\u0161no hla\u0111enje za bilo koju vrstu doga\u0111aja <\/span><\/h3>\n<p><span class=\"Y2IQFc\">U sektoru organizacije doga\u0111aja, savr\u0161eno hla\u0111enje vazduha je neophodno. Kada zagu\u0161ljiv vazduh deprimira raspolo\u017eenje usred leta, rashladni ure\u0111aji serije PAE pru\u017eaju sve\u017e povetarac i atmosferu zabave u<\/span><\/p>\n<p>Izlo\u017ebenim halama<br \/>\nProstorijama za doga\u0111aje<br \/>\nDvoranama<br \/>\nRestoranima<br \/>\nBarovima<\/p>\n<p>Mobilni PAE rashla\u0111iva\u010di vazduha imaju \u010dak dva poena \u2013 sa svojom prijatno malom potro\u0161njom energije i jednostavnim rukovanjem. Brzo osve\u017eenje i prirodno hla\u0111enje \u2013 optimalno za npr. za ven\u010danja, kompanijske zabave, sajmove, doga\u0111aje, kongrese, gala ve\u010deri, prezentacije proizvoda, festivale, sportske doga\u0111aje, \u0161atore za snabdevanje i medicinske \u0161atore.<\/p>\n<h3><span class=\"Y2IQFc\">Prednosti za profesionalnu upotrebu <\/span><\/h3>\n<p><span class=\"Y2IQFc\">Zahvaljujuc\u0301i niskoj potro\u0161nji energije i kompaktnom dizajnu, mobilni PAE rashla\u0111iva\u010d vazduha je vredna alternativa konvencionalnim klima ure\u0111ajima. Rashla\u0111iva\u010di vazduha na principu evaporacije su ubedljivi svojim prakti\u010dnim prednostima:<\/span><\/p>\n<p>Niski tro\u0161kovi nabavke i rada<br \/>\nBez napora za instalaciju<br \/>\nVisok stepen mobilnosti i svestranosti<br \/>\nGotovo da nije potrebno odr\u017eavanje<br \/>\nNekomplikovano skladi\u0161tenje koje \u0161tedi prostor<\/p>\n<h3>Prirodni princip hla\u0111enja<\/h3>\n<p>Za razliku od klima ure\u0111aja, ovi rashla\u0111iva\u010di ne koriste nikakve hemijske rashladne agense. Efekat hla\u0111enja se stvara na prirodan na\u010din. \u0160tavi\u0161e, nije potrebno ni crevo za izduvni vazduh niti bilo kakve slo\u017eene instalacije.<\/p>\n<p>Mobilni rashladni ure\u0111aji rade na principu prirodnog hla\u0111enja isparavanjem. Kao \u0161to verovatno znate iz sopstvenog iskustva, duvanje na vla\u017enu ko\u017eu stvara trenutni osec\u0301aj osve\u017eenja jer proces isparavanja povla\u010di toplotu. Rashla\u0111iva\u010di vazduha funkcioni\u0161u na isti na\u010din: unutar ure\u0111aja se nalazi filter prostirka natopljena vodom. Topli vazduh se usmerava sa zadnje strane ure\u0111aja kroz mokru filter prostirku i u prolazu se hladi usled efekta isparavanja. Sada hladniji vazduh se zatim vrac\u0301a nazad u prostoriju pomoc\u0301u ventilatora.<\/p>\n<p>Savet za osve\u017eenje: \u0160to je voda hladnija, to je vec\u0301i kapacitet hla\u0111enja. Postavljanje \u010detiri paketa leda uklju\u010denih u obim isporuke u rezervoar za vodu dodatno c\u0301e povec\u0301ati kapacitet hla\u0111enja. Ovo dodatno poja\u010danje sve\u017eine mo\u017ee se postic\u0301i i kockama leda.<\/p>\n<p>Jasno vidljiv indikator nivoa punjenja vam na prvi pogled pokazuje da li veliki rezervoar od 60 litara koji se brzo i lako \u010disti jo\u0161 uvek sadr\u017ei dovoljno vode. Kada je rezervoar za vodu prazan, pumpa za vodu se automatski isklju\u010duje dok ventilator nastavlja da radi radi osve\u017eavanja vazduha. Sa LED osvetljenjem i zvu\u010dnim signalom koji se emituje, ure\u0111aj signalizira da rezervoar za vodu treba dopuniti. Postoje 3 razli\u010dite opcije za jednostavno i prakti\u010dno punjenje rezervoara.<\/p>\n<p><img fetchpriority=\"high\" decoding=\"async\" class=\"alignnone wp-image-2731 size-medium\" src=\"https:\/\/binvex.com\/wp-content\/uploads\/2024\/05\/trotec-rashladjivac-vazduha-pae-81-6-300x300.jpg\" alt=\"rashladni uredjaji trotec pae 81 karakteristike\" width=\"300\" height=\"300\" srcset=\"https:\/\/binvex.com\/wp-content\/uploads\/2024\/05\/trotec-rashladjivac-vazduha-pae-81-6-300x300.jpg 300w, https:\/\/binvex.com\/wp-content\/uploads\/2024\/05\/trotec-rashladjivac-vazduha-pae-81-6-150x150.jpg 150w, https:\/\/binvex.com\/wp-content\/uploads\/2024\/05\/trotec-rashladjivac-vazduha-pae-81-6-12x12.jpg 12w, https:\/\/binvex.com\/wp-content\/uploads\/2024\/05\/trotec-rashladjivac-vazduha-pae-81-6-100x100.jpg 100w, https:\/\/binvex.com\/wp-content\/uploads\/2024\/05\/trotec-rashladjivac-vazduha-pae-81-6.jpg 500w\" sizes=\"(max-width: 300px) 100vw, 300px\" \/><\/p>\n<p>Beli PAE 81 nudi impresivne performanse isparavanja od 2,8 litara na sat, rezervoar za vodu od 60 litara za vi\u0161e od 21 sat hla\u0111enja, protok vazduha do 1.000 m\u00b3\/h, 4 stepena ventilatora, 4 paketa leda i daljinski upravlja\u010d.<\/p>\n<p><img decoding=\"async\" class=\"alignnone size-medium wp-image-2732\" src=\"https:\/\/binvex.com\/wp-content\/uploads\/2024\/05\/trotec-rashladjivac-vazduha-pae-81-7-300x300.jpg\" alt=\"\" width=\"300\" height=\"300\" srcset=\"https:\/\/binvex.com\/wp-content\/uploads\/2024\/05\/trotec-rashladjivac-vazduha-pae-81-7-300x300.jpg 300w, https:\/\/binvex.com\/wp-content\/uploads\/2024\/05\/trotec-rashladjivac-vazduha-pae-81-7-150x150.jpg 150w, https:\/\/binvex.com\/wp-content\/uploads\/2024\/05\/trotec-rashladjivac-vazduha-pae-81-7-12x12.jpg 12w, https:\/\/binvex.com\/wp-content\/uploads\/2024\/05\/trotec-rashladjivac-vazduha-pae-81-7-100x100.jpg 100w, https:\/\/binvex.com\/wp-content\/uploads\/2024\/05\/trotec-rashladjivac-vazduha-pae-81-7.jpg 500w\" sizes=\"(max-width: 300px) 100vw, 300px\" \/><\/p>\n<p>Za skladi\u0161tenje koje \u0161tedi prostor: gornji deo ure\u0111aja se jednostavno mo\u017ee odvojiti samo jednim pokretom obe ruke i umetnuti u rezervoar za vodu naopako. Ova zgodna funkcija skladi\u0161tenja smanjuje visinu ure\u0111aja na samo 70,5 cm, \u0161to ga \u010dini da stane u ormar.<\/p>\n<p><img decoding=\"async\" class=\"alignnone size-medium wp-image-2733\" src=\"https:\/\/binvex.com\/wp-content\/uploads\/2024\/05\/trotec-rashladjivac-vazduha-pae-81-8-300x300.jpg\" alt=\"\" width=\"300\" height=\"300\" srcset=\"https:\/\/binvex.com\/wp-content\/uploads\/2024\/05\/trotec-rashladjivac-vazduha-pae-81-8-300x300.jpg 300w, https:\/\/binvex.com\/wp-content\/uploads\/2024\/05\/trotec-rashladjivac-vazduha-pae-81-8-150x150.jpg 150w, https:\/\/binvex.com\/wp-content\/uploads\/2024\/05\/trotec-rashladjivac-vazduha-pae-81-8-12x12.jpg 12w, https:\/\/binvex.com\/wp-content\/uploads\/2024\/05\/trotec-rashladjivac-vazduha-pae-81-8-100x100.jpg 100w, https:\/\/binvex.com\/wp-content\/uploads\/2024\/05\/trotec-rashladjivac-vazduha-pae-81-8.jpg 500w\" sizes=\"(max-width: 300px) 100vw, 300px\" \/><\/p>\n<p>Inovativna tehnologija sac\u0301a: Zbog svoje otvorene strukture, potpuno vla\u017eni filter sa sac\u0301em ima posebno povoljna svojstva isparavanja za prirodno hla\u0111enje vazduha koji prolazi kroz njega.<\/p>\n<p><img loading=\"lazy\" decoding=\"async\" class=\"alignnone size-medium wp-image-2734\" src=\"https:\/\/binvex.com\/wp-content\/uploads\/2024\/05\/trotec-rashladjivac-vazduha-pae-81-9-300x300.jpg\" alt=\"\" width=\"300\" height=\"300\" srcset=\"https:\/\/binvex.com\/wp-content\/uploads\/2024\/05\/trotec-rashladjivac-vazduha-pae-81-9-300x300.jpg 300w, https:\/\/binvex.com\/wp-content\/uploads\/2024\/05\/trotec-rashladjivac-vazduha-pae-81-9-150x150.jpg 150w, https:\/\/binvex.com\/wp-content\/uploads\/2024\/05\/trotec-rashladjivac-vazduha-pae-81-9-12x12.jpg 12w, https:\/\/binvex.com\/wp-content\/uploads\/2024\/05\/trotec-rashladjivac-vazduha-pae-81-9-100x100.jpg 100w, https:\/\/binvex.com\/wp-content\/uploads\/2024\/05\/trotec-rashladjivac-vazduha-pae-81-9.jpg 500w\" sizes=\"(max-width: 300px) 100vw, 300px\" \/><\/p>\n<p>4-u-1: hla\u0111enje vazduha, ventilacija, ovla\u017eivanje vazduha i pre\u010di\u0161c\u0301avanje vazduha. Usisani vazduh se \u010disti pomoc\u0301u integrisanog filtera za vazduh, a zatim se vla\u017ei i hladi pomoc\u0301u filtera za isparavanje.<\/p>\n<p><img loading=\"lazy\" decoding=\"async\" class=\"alignnone size-medium wp-image-2735\" src=\"https:\/\/binvex.com\/wp-content\/uploads\/2024\/05\/trotec-rashladjivac-vazduha-pae-81-10-300x300.jpg\" alt=\"\" width=\"300\" height=\"300\" srcset=\"https:\/\/binvex.com\/wp-content\/uploads\/2024\/05\/trotec-rashladjivac-vazduha-pae-81-10-300x300.jpg 300w, https:\/\/binvex.com\/wp-content\/uploads\/2024\/05\/trotec-rashladjivac-vazduha-pae-81-10-150x150.jpg 150w, https:\/\/binvex.com\/wp-content\/uploads\/2024\/05\/trotec-rashladjivac-vazduha-pae-81-10-12x12.jpg 12w, https:\/\/binvex.com\/wp-content\/uploads\/2024\/05\/trotec-rashladjivac-vazduha-pae-81-10-100x100.jpg 100w, https:\/\/binvex.com\/wp-content\/uploads\/2024\/05\/trotec-rashladjivac-vazduha-pae-81-10.jpg 500w\" sizes=\"(max-width: 300px) 100vw, 300px\" \/><\/p>\n<p>Rashla\u0111iva\u010d vazduha PAE 81 nudi prakti\u010dne karakteristike opreme: hla\u0111enje vazduha, vla\u017eenje vazduha, ventilaciju, 4 stepena ventilatora, funkciju zamaha i 15-\u010dasovni tajmer. Pode\u0161avanja se mogu izvr\u0161iti ili na jasno raspore\u0111enoj kontrolnoj tabli na dodir ili tako\u0111e udobno pomoc\u0301u daljinskog upravlja\u010da.<\/p>\n<p><img loading=\"lazy\" decoding=\"async\" class=\"alignnone size-medium wp-image-2736\" src=\"https:\/\/binvex.com\/wp-content\/uploads\/2024\/05\/trotec-rashladjivac-vazduha-pae-81-11-300x300.jpg\" alt=\"\" width=\"300\" height=\"300\" srcset=\"https:\/\/binvex.com\/wp-content\/uploads\/2024\/05\/trotec-rashladjivac-vazduha-pae-81-11-300x300.jpg 300w, https:\/\/binvex.com\/wp-content\/uploads\/2024\/05\/trotec-rashladjivac-vazduha-pae-81-11-150x150.jpg 150w, https:\/\/binvex.com\/wp-content\/uploads\/2024\/05\/trotec-rashladjivac-vazduha-pae-81-11-12x12.jpg 12w, https:\/\/binvex.com\/wp-content\/uploads\/2024\/05\/trotec-rashladjivac-vazduha-pae-81-11-100x100.jpg 100w, https:\/\/binvex.com\/wp-content\/uploads\/2024\/05\/trotec-rashladjivac-vazduha-pae-81-11.jpg 500w\" sizes=\"(max-width: 300px) 100vw, 300px\" \/><\/p>\n<p>Savet za osve\u017eenje: \u0160to je voda hladnija, to je vec\u0301i kapacitet hla\u0111enja. Postavljanje \u010detiri paketa leda uklju\u010denih u obim isporuke u rezervoar za vodu dodatno c\u0301e povec\u0301ati kapacitet hla\u0111enja. Ovo dodatno poja\u010danje sve\u017eine mo\u017ee se postic\u0301i i kockama leda.<\/p>\n<p><img loading=\"lazy\" decoding=\"async\" class=\"alignnone size-medium wp-image-2737\" src=\"https:\/\/binvex.com\/wp-content\/uploads\/2024\/05\/trotec-rashladjivac-vazduha-pae-81-12-300x300.jpg\" alt=\"\" width=\"300\" height=\"300\" srcset=\"https:\/\/binvex.com\/wp-content\/uploads\/2024\/05\/trotec-rashladjivac-vazduha-pae-81-12-300x300.jpg 300w, https:\/\/binvex.com\/wp-content\/uploads\/2024\/05\/trotec-rashladjivac-vazduha-pae-81-12-150x150.jpg 150w, https:\/\/binvex.com\/wp-content\/uploads\/2024\/05\/trotec-rashladjivac-vazduha-pae-81-12-12x12.jpg 12w, https:\/\/binvex.com\/wp-content\/uploads\/2024\/05\/trotec-rashladjivac-vazduha-pae-81-12-100x100.jpg 100w, https:\/\/binvex.com\/wp-content\/uploads\/2024\/05\/trotec-rashladjivac-vazduha-pae-81-12.jpg 500w\" sizes=\"(max-width: 300px) 100vw, 300px\" \/><\/p>\n<p>Zahvaljujuc\u0301i to\u010dkovima koji se lako krec\u0301u i prakti\u010dnim udubljenim ru\u010dkama, moc\u0301ni rashladni uredjaji PAE 81 mogu se lako transportovati do mesta gde je potrebno brzo hla\u0111enje.<\/p>\n<h3>TEHNI\u010cKI PODACI<\/h3>\n<p>Brzina protoka vazduha: 10,4 m\/s<br \/>\nProtok vazduha: 1.000 m3\/h<br \/>\nPerformanse isparavanja: 2,8 l\/h<br \/>\nZapremina rezervoara: 60l<br \/>\nMre\u017eni priklju\u010dak: 220 &#8211; 240 V, 50 Hz<br \/>\nSnaga: 125W<br \/>\nPriklju\u010dni utika\u010d: CEE 7\/16<br \/>\nDu\u017eina kabla [m]: 2<br \/>\nNivo buke na 1m: 59 dB(A)<\/p>\n<p>Dimenzije<br \/>\nDu\u017eina (bez pakovanja) [mm] &#8211; 395<br \/>\n\u0160irina (bez pakovanja) [mm] &#8211; 405<br \/>\nVisina (bez pakovanja) [mm] &#8211; 1.115<br \/>\nTe\u017eina (bez ambala\u017ee) [kg] &#8211; 18<\/p>\n<p>Vi\u0161e o tehni\u010dkim podacima i karakteristikama prona\u0111ite i na sajtu proizvo\u0111a\u010da:\u00a0<a href=\"https:\/\/uk.trotec.com\/products-services\/machinery-homecomfort\/air-conditioning\/air-coolers-of-the-paeseries\/pae-80-pae-81\/\" target=\"_blank\" rel=\"noopener\">https:\/\/uk.trotec.com\/products-services\/machinery-homecomfort\/air-conditioning\/air-coolers-of-the-paeseries\/pae-80-pae-81\/<\/a><\/p>\n<p>Preostalu ponudu rashla\u0111iva\u010da vazduha pogledajte na:\u00a0<a href=\"https:\/\/binvex.com\/en\/c\/rashladivaci-vazduha\/\">https:\/\/binvex.com\/c\/rashladivaci-vazduha\/<\/a><\/p>","protected":false},"excerpt":{"rendered":"<ul>\n<li>4-u-1 rashla\u0111iva\u010d vazduha: hla\u0111enje, osve\u017eavanje, pre\u010di\u0161c\u0301avanje i pove\u0107anje vla\u017enosti vazduha<\/li>\n<li>Prirodno vazdu\u0161no hla\u0111enje sa tehnologijom isparavanja i sac\u0301a<\/li>\n<li>Opcioni rad sa \u010detiri isporu\u010dena pakovanja sa smrzavanje ili kockice leda za povec\u0301anje kapaciteta hla\u0111enja<\/li>\n<li>Visoke performanse isparavanja od 2,8 litara na sat<\/li>\n<li>Rezervoar za vodu od 60 litara sa indikatorom nivoa napunjenosti<\/li>\n<li>Moguc\u0301 rad sa priklju\u010divanjem stalnog dotoka vode za kontinuirani komercijalni rad \u2013 stoga nije potrebno dopunjavanje<\/li>\n<li>3 razli\u010dite opcije punjenja rezervoara za vodu \u2013 zgodno i lako<\/li>\n<li>Funkcija automatskog njihanja vazdu\u0161nih klapni za ravnomernu distribuciju u prostoriji<\/li>\n<li>Vazdu\u0161ni filter (za \u017eivotinjsku dlaku i pra\u0161inu)<\/li>\n<li>Rezervoar za vodu koji se lako \u010disti<\/li>\n<li>Pogodan rad preko daljinskog upravlja\u010da<\/li>\n<li>4 stepena brzine ventilatora<\/li>\n<li>Funkcija tajmera od 15 sati za automatsko uklju\u010divanje i isklju\u010divanje<\/li>\n<li>Lako se transportuje zahvaljujuc\u0301i prakti\u010dnoj udubljenoj ru\u010dki i to\u010dkovima<\/li>\n<li>Skladi\u0161tenje koje \u0161tedi prostor odvajanjem gornjeg dela ure\u0111aja<\/li>\n<li>Pogodan za rad tokom cele godine! Rashla\u0111iva\u010d vazduha leti, ovla\u017eiva\u010d zimi<\/li>\n<\/ul>","protected":false},"featured_media":2740,"template":"","meta":{"_eb_attr":""},"product_brand":[],"product_cat":[20],"product_tag":[],"class_list":{"0":"post-2730","1":"product","2":"type-product","3":"status-publish","4":"has-post-thumbnail","6":"product_cat-rashladivaci-vazduha","8":"first","9":"outofstock","10":"taxable","11":"shipping-taxable","12":"purchasable","13":"product-type-simple"},"_links":{"self":[{"href":"https:\/\/binvex.com\/en\/wp-json\/wp\/v2\/product\/2730","targetHints":{"allow":["GET"]}}],"collection":[{"href":"https:\/\/binvex.com\/en\/wp-json\/wp\/v2\/product"}],"about":[{"href":"https:\/\/binvex.com\/en\/wp-json\/wp\/v2\/types\/product"}],"wp:featuredmedia":[{"embeddable":true,"href":"https:\/\/binvex.com\/en\/wp-json\/wp\/v2\/media\/2740"}],"wp:attachment":[{"href":"https:\/\/binvex.com\/en\/wp-json\/wp\/v2\/media?parent=2730"}],"wp:term":[{"taxonomy":"product_brand","embeddable":true,"href":"https:\/\/binvex.com\/en\/wp-json\/wp\/v2\/product_brand?post=2730"},{"taxonomy":"product_cat","embeddable":true,"href":"https:\/\/binvex.com\/en\/wp-json\/wp\/v2\/product_cat?post=2730"},{"taxonomy":"product_tag","embeddable":true,"href":"https:\/\/binvex.com\/en\/wp-json\/wp\/v2\/product_tag?post=2730"}],"curies":[{"name":"wp","href":"https:\/\/api.w.org\/{rel}","templated":true}]}}