{"id":2492,"date":"2024-03-14T11:09:31","date_gmt":"2024-03-14T10:09:31","guid":{"rendered":"https:\/\/binvex.com\/?post_type=product&#038;p=2492"},"modified":"2026-03-03T14:46:25","modified_gmt":"2026-03-03T13:46:25","slug":"rashladjivac-vazduha-aer-domus-radialight","status":"publish","type":"product","link":"https:\/\/binvex.com\/en\/p\/rashladjivac-vazduha-aer-domus-radialight\/","title":{"rendered":"RASHLA\u0110IVA\u010c VAZDUHA &#8211; AER DOMUS RADIALIGHT"},"content":{"rendered":"<p>Rashla\u0111iva\u010d vazduha Aer Domus je jedinstveni ure\u0111aj sa 3 funkcije: ventilator, rashla\u0111iva\u010d i jonizator, idealan za rashla\u0111ivanje tokom vru\u0107ih letnjih dana.<br \/>\nZdrav na\u010din rashla\u0111ivanja prirodnim putem, uz stalan protok sve\u017eeg vazduha oboga\u0107en kiseonikom pomo\u0107u jonizatora koji je stalno aktivan. Zdrava alternativa tradicionalnim klima ure\u0111ajima koje su skupe i zahtevaju komplikovanu instalaciju.<br \/>\nRashla\u0111iva\u010d vazduha nema dodatne cevi i spolja\u0161nje jedinice, dovoljno je sipati vodu i led u rezervoar i uklju\u010diti ure\u0111aj. Njegova mala veli\u010dina \u010dini ga savr\u0161enim za pozicioniranje u naju\u017eim uglovima kuc\u0301e. Elegantnog dizajna, lagan i sa to\u010dki\u0107ima, prikladan za sve prostorije u ku\u0107i do 12m\u00b2.<\/p>\n<h4>Na\u010din hla\u0111enja za rashla\u0111iva\u010de vazduha \/ aircooler-e<\/h4>\n<p>Za razliku od klasi\u010dnih klima ure\u0111aja koji rade na bazi freona i koji ima 3 dela: vazdu\u0161ni kompresor, kondenzator i ispariva\u010d, rashla\u0111iva\u010di vazduha \/ aircooleri rade na principu hla\u0111enja, isparavanjem vode. Prilikom duvanja toplog vazduha kroz vla\u017eni medium u hladnjaku dolazi do isparavanja vode u kojem se vazduh hladi i tako rashla\u0111en biva izduvan u okru\u017eenje.<br \/>\nRashla\u0111iva\u010di vazduha posti\u017eu maksimalnu efikasnost u toplom i suvom vazduhu.<\/p>\n<h4>Povec\u0301anjem vla\u017enosti na 50% smanjuje se rizik od preno\u0161enja virusa<\/h4>\n<p>Medicinski specijalisti su procenili nalaze istra\u017eivanja u vezi sa otporno\u0161c\u0301u virusa (npr. SARS-CoV, MERS-CoV ili SARS-CoV-2 (Covid-19), grip) na vla\u017enost vazduha. Ovi nalazi su otkrili da nivo vla\u017enosti ima presudan uticaj na infektivnost kapljica klica. Suv vazduh sa sadr\u017eajem relativne vla\u017enosti manjim od 40% omoguc\u0301ava da se sitne kapljice zara\u017eene virusima gripa ili prehlade osu\u0161e. Ovo \u010duva patogene tako da ostaju zarazni veoma dugo.<\/p>\n<p>U optimalnom opsegu relativne vla\u017enosti izme\u0111u 40 i 60% aerosoli se skupljaju samo toliko da se koncentracija soli u jezgru aerosola povec\u0301ava, \u0161to dovodi do ubijanja klica i mikroorganizama koji se tu nalaze. Ovo smanjuje rizik od infekcije virusima gripa i prehlade. Ovde ulogu ima rashla\u0111iva\u010d vazduha koji pove\u0107ava vla\u017enost, dok klasi\u010dni klima ure\u0111aji znatno isu\u0161uju vazduh.<\/p>\n<h4>Upravljanje ure\u0111ajem<\/h4>\n<p>Upravljanje ure\u0111ajem je mogu\u0107e preko kontrolne table (touchscreen) i LED displeja ili daljinskog upravlja\u010da koji se dobija uz ure\u0111aj koji se mo\u017ee koristiti za izbor izme\u0111u 3 razli\u010dita na\u010dina hla\u0111enja: kontinuirano, prirodno ili noc\u0301no.<br \/>\nRezervoar od 6 litara, sa uklju\u010dene 2 rashladne patrone, povec\u0301ava hla\u0111enje cirkuli\u0161u\u0107eg vazduha. Pored funkcije hla\u0111enja, AER DOMUS ima i jonizator koji pre\u010di\u0161c\u0301ava vazduh, zajedno sa filterom za pra\u0161inu za dodatnu filtraciju vazduha.<\/p>\n<p>Rashla\u0111iva\u010di vazduha su veoma pristupa\u010dni, kako u pogledu tro\u0161kova nabavke tako i kasnije potro\u0161nje energije, brzo i lako se ugra\u0111uju i ne zahtevaju ispu\u0161tanje toplog vazduha napolje putem rashladnog voda ili izduvnog creva za topli vazduh.<\/p>\n<h3>Proizvo\u0111a\u010d:<\/h3>\n<p><a href=\"https:\/\/www.radialight.com\/en\/\" target=\"_blank\" rel=\"noopener\"><img decoding=\"async\" class=\"alignnone size-full wp-image-213\" src=\"https:\/\/binvex.com\/wp-content\/uploads\/2023\/11\/4-RADIALIGHT-logo-1.jpg\" alt=\"\" width=\"236\" height=\"140\" \/><\/a><\/p>\n<h3 data-wp-editing=\"1\">Preuzmite PDF:<br \/>\n<a href=\"https:\/\/binvex.com\/wp-content\/uploads\/2024\/03\/Katalog-AER-DOMUS-rashladjivac-vazduha_compressed.pdf\"><img decoding=\"async\" class=\"alignnone size-full wp-image-216\" src=\"https:\/\/binvex.com\/wp-content\/uploads\/2023\/11\/downP.png\" alt=\"\" width=\"48\" height=\"55\" \/> Bro\u0161ura &#8211; Rashla\u0111iva\u010d vazduha Aer Domus<\/a><\/h3>","protected":false},"excerpt":{"rendered":"<h3>Tehni\u010dke specifikacije:<\/h3>\n<p>Dimenzije (\u0160xVxD): 26,0 x 96,0 x 26,0cm<br \/>\nSnaga: 45W<br \/>\nProtok vazduha: 400 m3\/H<br \/>\nRezervoar: 6l<br \/>\nNivo buke: 55 dBA<br \/>\nBoja: bela<br \/>\n3 ja\u010dine duvanja<br \/>\nFunkcija rotacije ure\u0111aja 90\u00b0<br \/>\nGarancija: 2 godine<br \/>\n* uz ure\u0111aj se isporu\u010duju daljinski upravlja\u010d i 2 patrone za zamrzavanje.<\/p>","protected":false},"featured_media":2500,"template":"","meta":{"_eb_attr":""},"product_brand":[],"product_cat":[20],"product_tag":[],"class_list":{"0":"post-2492","1":"product","2":"type-product","3":"status-publish","4":"has-post-thumbnail","6":"product_cat-rashladivaci-vazduha","8":"first","9":"outofstock","10":"taxable","11":"shipping-taxable","12":"purchasable","13":"product-type-simple"},"_links":{"self":[{"href":"https:\/\/binvex.com\/en\/wp-json\/wp\/v2\/product\/2492","targetHints":{"allow":["GET"]}}],"collection":[{"href":"https:\/\/binvex.com\/en\/wp-json\/wp\/v2\/product"}],"about":[{"href":"https:\/\/binvex.com\/en\/wp-json\/wp\/v2\/types\/product"}],"wp:featuredmedia":[{"embeddable":true,"href":"https:\/\/binvex.com\/en\/wp-json\/wp\/v2\/media\/2500"}],"wp:attachment":[{"href":"https:\/\/binvex.com\/en\/wp-json\/wp\/v2\/media?parent=2492"}],"wp:term":[{"taxonomy":"product_brand","embeddable":true,"href":"https:\/\/binvex.com\/en\/wp-json\/wp\/v2\/product_brand?post=2492"},{"taxonomy":"product_cat","embeddable":true,"href":"https:\/\/binvex.com\/en\/wp-json\/wp\/v2\/product_cat?post=2492"},{"taxonomy":"product_tag","embeddable":true,"href":"https:\/\/binvex.com\/en\/wp-json\/wp\/v2\/product_tag?post=2492"}],"curies":[{"name":"wp","href":"https:\/\/api.w.org\/{rel}","templated":true}]}}