{"id":2478,"date":"2024-03-14T09:50:43","date_gmt":"2024-03-14T08:50:43","guid":{"rendered":"https:\/\/binvex.com\/?post_type=product&#038;p=2478"},"modified":"2026-03-03T14:47:37","modified_gmt":"2026-03-03T13:47:37","slug":"rashladjivac-vazduha-aer-pro-n-radialight","status":"publish","type":"product","link":"https:\/\/binvex.com\/en\/p\/rashladjivac-vazduha-aer-pro-n-radialight\/","title":{"rendered":"RASHLA\u0110IVA\u010c VAZDUHA &#8211; AER PRO N RADIALIGHT"},"content":{"rendered":"<p>Rashladite svoje poslovne prostore i stvorite zdravo okru\u017eenje kada najtopliji letnji dani \u010dine va\u0161e radno mesto nepodno\u0161ljivim. Rashla\u0111iva\u010d vazduha se koriste u slu\u010dajevima kada klimatizacija nije upotrebljiva ili je po\u017eeljno prirodno i sigurnije re\u0161enje bez rizika od respiratornih bolesti, uz veoma nisku potro\u0161nju energije pravi izbor su rashla\u0111iva\u010di vazduha italijanskog brenda Radialight.<\/p>\n<p>AER PRO-N je moc\u0301an i veoma tih mobilni rashla\u0111iva\u010d vazduha pogodan za javne, komercijalne, kancelarijske i spolja\u0161nje prostorije. Zahvaljujuc\u0301i prolasku vazduha kroz filter za isparavanje, natopljenog vodom, uklju\u010dujuc\u0301i protok vazduha pun sve\u017ee vlage, prijatan u dodiru sa ko\u017eom i na temperaturi nekoliko stepeni ni\u017eoj od temperature okoline (promenljivo u zavisnosti od visine vla\u017enosti).<\/p>\n<p>Rezervoari za vodu su veliki i mogu da se napajaju automatski, spajanjem na slavinu bez brige o \u010destom dodavanju vode. Oni c\u0301e vam garantovati autonomiju do 7,5 sati neprekidnog rada proizvoda. Dvostruki sistem za filtriranje vazduha, koji prolazi kroz filter protiv pra\u0161ine i filter za isparavanje. Spre\u010dava vrac\u0301anje vec\u0301ih \u010destica pra\u0161ine u cirkulaciju.<\/p>\n<p>Rashladni ure\u0111aj koji se lako prenosi izme\u0111u razli\u010ditih okru\u017eenja zahvaljujuc\u0301i integrisanoj fleksibilnosti. Daljinski upravlja\u010d koji se dobija uz ure\u0111aj c\u0301e vam omoguc\u0301iti da podesite snagu, ventilaciju i buku kako \u017eelite. Radialight rashla\u0111iva\u010di vazduha se mogu koristiti u zatvorenom prostoru, ali i na otvorenom, obezbe\u0111ujuc\u0301i sve\u017eu ventilaciju \u010dak i na verandama ili ba\u0161tama kafi\u0107a.<\/p>\n<h4>Na\u010din hla\u0111enja za rashla\u0111iva\u010de vazduha \/ aircooler-e<\/h4>\n<p>Tehnologija centrifugalne ventilacije AER PRO-N nudi vam rashla\u0111iva\u010d vazduha za komercijalnu upotrebu i za spolja\u0161nju upotrebu. Moc\u0301an, ali, pre svega, jedan od najti\u0161ih u svojoj kategoriji. Kada vruc\u0301ine postanu intenzivnije, u kancelarijama ili ve\u010de koje provodite sa prijateljima, sedec\u0301i u restoranu ili na otvorenoj verandi, AER PRO-N c\u0301e biti va\u0161 idealan saputnik.<\/p>\n<p>Kombinacija ventilator\/rashla\u0111iva\u010d vazduha, sa 3 nivoa snage, filterom za pre\u010di\u0161c\u0301avanje i ovla\u017eiva\u010dem. 3 re\u017eima rada ventilatora, sa moguc\u0301no\u0161c\u0301u aktiviranja oscilovanja, \u0161to omoguc\u0301ava pode\u0161avanje ure\u0111aja tako da odgovara klimi, dimenzijama prostora i ta\u010dnog mesta sedenja gostiju.<br \/>\nOsec\u0301aj prijatne hladnoc\u0301e, \u010dak i u najtoplijim letnjim danima.<\/p>\n<h4>Upravljanje ure\u0111ajem<\/h4>\n<p>AER PRO-N se mo\u017ee upravljati pomoc\u0301u kontrolne table na prednjoj strani ili prakti\u010dnog daljinskog upravlja\u010da koji je se dobija uz ure\u0111aj. 3 nivoa snage: nizak, srednji i visok. Vazdu\u0161no hla\u0111enje sa maksimalnom pokriveno\u0161c\u0301u od 30 m2 zahvaljujuc\u0301i mehanizmu za automatsku cirkulaciju protoka vazduha.<\/p>\n<h4>Povec\u0301anjem vla\u017enosti na 50% smanjuje se rizik od preno\u0161enja virusa<\/h4>\n<p>Medicinski specijalisti su procenili nalaze istra\u017eivanja u vezi sa otporno\u0161c\u0301u virusa (npr. SARS-CoV, MERS-CoV ili SARS-CoV-2 (Covid-19), grip) na vla\u017enost vazduha. Ovi nalazi su otkrili da nivo vla\u017enosti ima presudan uticaj na infektivnost kapljica klica. Suv vazduh sa sadr\u017eajem relativne vla\u017enosti manjim od 40% omoguc\u0301ava da se sitne kapljice zara\u017eene virusima gripa ili prehlade osu\u0161e. Ovo \u010duva patogene tako da ostaju zarazni veoma dugo. U optimalnom opsegu relativne vla\u017enosti izme\u0111u 40 i 60% aerosoli se skupljaju samo toliko da se koncentracija soli u jezgru aerosola povec\u0301ava, \u0161to dovodi do ubijanja klica i mikroorganizama koji se tu nalaze. Ovo smanjuje rizik od infekcije virusima gripa i prehlade. Ovde ulogu ima rashla\u0111iva\u010d vazduha koji pove\u0107ava vla\u017enost, dok klasi\u010dni klima ure\u0111aji znatno isu\u0161uju vazduh.<\/p>\n<h3>Proizvo\u0111a\u010d:<\/h3>\n<p><a href=\"https:\/\/www.radialight.com\/en\/\" target=\"_blank\" rel=\"noopener\"><img decoding=\"async\" class=\"alignnone size-full wp-image-213\" src=\"https:\/\/binvex.com\/wp-content\/uploads\/2023\/11\/4-RADIALIGHT-logo-1.jpg\" alt=\"\" width=\"236\" height=\"140\" \/><\/a><\/p>\n<h3>Preuzmite PDF:<br \/>\n<a href=\"https:\/\/binvex.com\/wp-content\/uploads\/2024\/03\/Katalog-AER-PRO-N-rashladjivac-vazduha_compressed.pdf\"><img decoding=\"async\" class=\"alignnone size-full wp-image-216\" src=\"https:\/\/binvex.com\/wp-content\/uploads\/2023\/11\/downP.png\" alt=\"\" width=\"48\" height=\"55\" \/> Bro\u0161ura &#8211; Rashla\u0111iva\u010d vazduha Aer Pro N<\/a><\/h3>","protected":false},"excerpt":{"rendered":"<h3>Tehni\u010dke specifikacije:<\/h3>\n<p>Dimenzije (\u0160xVxD): 60 x 168 x 43 cm<br \/>\nSnaga: 250W<br \/>\nRezervoar: 40l<br \/>\nNivo buke: 58 dBA<br \/>\nBoja: Bela<br \/>\nTe\u017eina: 35 kg<br \/>\nMaksimalna brzina: 4 m\/s<br \/>\nMaksimalni protok vazduha: 3.500 m3\/h<br \/>\nPovr\u0161ina za rashla\u0111ivanje: 30m2<br \/>\nGarancija: 2 godine<\/p>","protected":false},"featured_media":2482,"template":"","meta":{"_eb_attr":""},"product_brand":[],"product_cat":[20],"product_tag":[],"class_list":{"0":"post-2478","1":"product","2":"type-product","3":"status-publish","4":"has-post-thumbnail","6":"product_cat-rashladivaci-vazduha","8":"first","9":"outofstock","10":"taxable","11":"shipping-taxable","12":"purchasable","13":"product-type-simple"},"_links":{"self":[{"href":"https:\/\/binvex.com\/en\/wp-json\/wp\/v2\/product\/2478","targetHints":{"allow":["GET"]}}],"collection":[{"href":"https:\/\/binvex.com\/en\/wp-json\/wp\/v2\/product"}],"about":[{"href":"https:\/\/binvex.com\/en\/wp-json\/wp\/v2\/types\/product"}],"wp:featuredmedia":[{"embeddable":true,"href":"https:\/\/binvex.com\/en\/wp-json\/wp\/v2\/media\/2482"}],"wp:attachment":[{"href":"https:\/\/binvex.com\/en\/wp-json\/wp\/v2\/media?parent=2478"}],"wp:term":[{"taxonomy":"product_brand","embeddable":true,"href":"https:\/\/binvex.com\/en\/wp-json\/wp\/v2\/product_brand?post=2478"},{"taxonomy":"product_cat","embeddable":true,"href":"https:\/\/binvex.com\/en\/wp-json\/wp\/v2\/product_cat?post=2478"},{"taxonomy":"product_tag","embeddable":true,"href":"https:\/\/binvex.com\/en\/wp-json\/wp\/v2\/product_tag?post=2478"}],"curies":[{"name":"wp","href":"https:\/\/api.w.org\/{rel}","templated":true}]}}