{"id":2470,"date":"2024-03-14T09:18:36","date_gmt":"2024-03-14T08:18:36","guid":{"rendered":"https:\/\/binvex.com\/?post_type=product&#038;p=2470"},"modified":"2025-08-05T10:13:10","modified_gmt":"2025-08-05T08:13:10","slug":"rashladni-uredjaji-za-sobu-briss-elnur-gabarron","status":"publish","type":"product","link":"https:\/\/binvex.com\/en\/p\/rashladni-uredjaji-za-sobu-briss-elnur-gabarron\/","title":{"rendered":"RASHLADNI UREDJAJI ZA SOBU &#8211; BRISS ELNUR GABARRON"},"content":{"rendered":"<h3><a href=\"https:\/\/www.elnur-global.com\/portable-air-conditioning\/briss-ultraviolet-evaporative-air-cooler\/\" target=\"_blank\" rel=\"noopener\">BRIS ULTRAVIOLET RASHLADNI UREDJAJI ZA SOBU \u010cISTE I DEZINFIKUJU VAZDUH UV LAMPOM\u00a0<\/a><\/h3>\n<p>BRISS Ultraviolet prenosivi evaporativni rashladni uredjaji za sobu \u010disti i dezinfikuju vazduh svojom ultraljubi\u010dastom lampom. Razvijen je da radi u razli\u010ditim re\u017eimima rada: ovla\u017eiva\u010d, rashla\u0111iva\u010d, jonizator i prirodni ventilator. Poseduje tajmer i to\u010dkove koji se rotiraju za 360\u00ba kako bi se olak\u0161alo njegovo kori\u0161c\u0301enje.<\/p>\n<p>*\u010cisti i dezinfikuje vazduh ultraljubi\u010dastom lampom<br \/>\n*Funkcije rashla\u0111va\u010da, jonizatora i ovla\u017eiva\u010da vazduha<br \/>\n*Dvosmerni nezavisni otvori za vazduh<br \/>\n*Tajmer 0-7h<br \/>\n*Prenosiv. 360\u00ba rotirajuc\u0301i to\u010dkovi<br \/>\n*Nizak nivo buke<\/p>\n<p>\u010cisti i pro\u010di\u0161c\u0301ava okolni vazduh, uklanjajuc\u0301i patogene kao \u0161to su virusi i bakterije. Uklju\u010den daljinski upravlja\u010d, za pode\u0161avanje razli\u010ditih re\u017eima rada, promene temperature, razli\u010dite brzine ventilatora i tajmer do 7 sati.<br \/>\nPoseduje dvosmerne i nezavisne izlaze da bi mogao da usmeri vazduh u razli\u010ditim pravcima unutar iste prostorije.<br \/>\nIzuzetno tih rad. Lako se montira i instalira u bilo kom delu kuc\u0301e.<\/p>\n<p><img fetchpriority=\"high\" decoding=\"async\" class=\"alignnone wp-image-2471 size-medium\" src=\"https:\/\/binvex.com\/wp-content\/uploads\/2024\/03\/briss-rashladivac-vazduha-karakteristike-300x222.png\" alt=\"rashladni uredjaji za sobu briss elnur gabarron\" width=\"300\" height=\"222\" srcset=\"https:\/\/binvex.com\/wp-content\/uploads\/2024\/03\/briss-rashladivac-vazduha-karakteristike-300x222.png 300w, https:\/\/binvex.com\/wp-content\/uploads\/2024\/03\/briss-rashladivac-vazduha-karakteristike-16x12.png 16w, https:\/\/binvex.com\/wp-content\/uploads\/2024\/03\/briss-rashladivac-vazduha-karakteristike.png 600w\" sizes=\"(max-width: 300px) 100vw, 300px\" \/><\/p>\n<p>1) Da li je ultraljubi\u010dasto svetlo vidljivo?<\/p>\n<p>Ne, ultraljubi\u010dasto svetlo je potpuno skriveno unutar opreme i nije vidljivo o\u010dima radi njihove za\u0161tite.<\/p>\n<p>2) Mo\u017ee li se staviti u bilo koju sobu u kuc\u0301i?<\/p>\n<p>Da, gde god postoji uti\u010dnica koja mu omoguc\u0301ava da radi. Tako\u0111e dolazi sa to\u010dkovima koji se rotiraju za 360\u00ba koji omoguc\u0301avaju lako pomeranje po prostoriji.<\/p>\n<p>3) Mogu li ga negde odlo\u017eiti kada vruc\u0301e vreme pro\u0111e?<\/p>\n<p>Da, BRISS Ultraviolet prenosivi evaporativni rashla\u0111iva\u010d vazduha je dizajniran za skladi\u0161tenje u godi\u0161njim dobima nakon prolec\u0301a i leta.<\/p>\n<p>4) U koje sobe mogu da ga stavim?<\/p>\n<p>Prenosivi rashla\u0111iva\u010d vazduha mo\u017eete postaviti u prostorije veli\u010dine do 25m2.<\/p>\n<p>5) Kakvu garanciju ima proizvod?<\/p>\n<p>BRISS Ultraviolet prenosivi evaporativni rashla\u0111iva\u010d vazduha dolazi sa 2-godi\u0161njom garancijom.<\/p>\n<h3>Proizvo\u0111a\u010d:<\/h3>\n<p><a href=\"https:\/\/www.elnur-global.com\/\" target=\"_blank\" rel=\"noopener\"><img decoding=\"async\" class=\"alignnone size-full wp-image-1345\" src=\"https:\/\/binvex.com\/wp-content\/uploads\/2023\/12\/Elnur-logo-min.jpg\" alt=\"\" width=\"236\" height=\"140\" srcset=\"https:\/\/binvex.com\/wp-content\/uploads\/2023\/12\/Elnur-logo-min.jpg 236w, https:\/\/binvex.com\/wp-content\/uploads\/2023\/12\/Elnur-logo-min-18x12.jpg 18w\" sizes=\"(max-width: 236px) 100vw, 236px\" \/><\/a><\/p>\n<h3>Preuzmite PDF:<br \/>\n<a href=\"https:\/\/binvex.com\/wp-content\/uploads\/2025\/06\/Uputstvo-Briss.pdf\" target=\"_blank\" rel=\"noopener\"><img decoding=\"async\" class=\"alignnone size-full wp-image-216\" src=\"https:\/\/binvex.com\/wp-content\/uploads\/2023\/11\/downP.png\" alt=\"\" width=\"48\" height=\"55\" \/> Uputstvo za upotrebu<\/a><\/h3>","protected":false},"excerpt":{"rendered":"<h3>Tehni\u010dke specifikacije:<\/h3>\n<p>\u010cist UV \u2013 Ultravioletna lampa<br \/>\nSnaga 70 W<br \/>\nProtok vazduha 1400 (m3\/h)<br \/>\nZa sobe od 25 m2<br \/>\nKapacitet rezervoara za vodu 7 litara<br \/>\nNapon 230 V~<br \/>\nNivo buke 13dB<br \/>\nTajmer 0-7 h<br \/>\nBrzina ventilatora 3<br \/>\nDimenzije (du\u017eina x \u0161irina x visina) 33,4 x 30,8 x 77,9 cm<br \/>\nNeto te\u017eina 7,25 kg<br \/>\nOzna\u010deno sa CE<\/p>\n<h3>Oprema i karakteristike<\/h3>\n<p>LED ekran \u2713<br \/>\nDaljinski upravlja\u010d \u2713<br \/>\nPostolje za daljinsko upravljanje \u2713<br \/>\n360\u00ba rotirajuc\u0301i to\u010dkovi \u2713<br \/>\nFunkcija ovla\u017eiva\u010da \u2713<br \/>\nFunkcija jonizatora \u2713<br \/>\nFunkcija hla\u0111enja vazduha \u2713<br \/>\nFunkcija prirodnog vetra \u2713<\/p>","protected":false},"featured_media":2476,"template":"","meta":{"_eb_attr":""},"product_brand":[],"product_cat":[20],"product_tag":[],"class_list":{"0":"post-2470","1":"product","2":"type-product","3":"status-publish","4":"has-post-thumbnail","6":"product_cat-rashladivaci-vazduha","8":"first","9":"instock","10":"sale","11":"taxable","12":"shipping-taxable","13":"purchasable","14":"product-type-simple"},"_links":{"self":[{"href":"https:\/\/binvex.com\/en\/wp-json\/wp\/v2\/product\/2470","targetHints":{"allow":["GET"]}}],"collection":[{"href":"https:\/\/binvex.com\/en\/wp-json\/wp\/v2\/product"}],"about":[{"href":"https:\/\/binvex.com\/en\/wp-json\/wp\/v2\/types\/product"}],"wp:featuredmedia":[{"embeddable":true,"href":"https:\/\/binvex.com\/en\/wp-json\/wp\/v2\/media\/2476"}],"wp:attachment":[{"href":"https:\/\/binvex.com\/en\/wp-json\/wp\/v2\/media?parent=2470"}],"wp:term":[{"taxonomy":"product_brand","embeddable":true,"href":"https:\/\/binvex.com\/en\/wp-json\/wp\/v2\/product_brand?post=2470"},{"taxonomy":"product_cat","embeddable":true,"href":"https:\/\/binvex.com\/en\/wp-json\/wp\/v2\/product_cat?post=2470"},{"taxonomy":"product_tag","embeddable":true,"href":"https:\/\/binvex.com\/en\/wp-json\/wp\/v2\/product_tag?post=2470"}],"curies":[{"name":"wp","href":"https:\/\/api.w.org\/{rel}","templated":true}]}}