{"id":2384,"date":"2024-03-11T13:48:32","date_gmt":"2024-03-11T12:48:32","guid":{"rendered":"https:\/\/binvex.com\/?post_type=product&#038;p=2384"},"modified":"2024-03-14T11:07:58","modified_gmt":"2024-03-14T10:07:58","slug":"trotec-hepa-filter-za-preciscivac-vazduha-airgoclean-150-e","status":"publish","type":"product","link":"https:\/\/binvex.com\/en\/p\/trotec-hepa-filter-za-preciscivac-vazduha-airgoclean-150-e\/","title":{"rendered":"TROTEC Hepa filter za pre\u0107i\u0161\u0107iva\u010d vazduha AirgoClean 150 E"},"content":{"rendered":"<p class=\"tw-data-text tw-text-small tw-ta\" dir=\"ltr\"><span class=\"Y2IQFc\">&#8222;Triple Protection&#8220;-Tehnologija filtera<\/span><\/p>\n<p>Kombinacija direktno tri razli\u010dite tehnologije filtera pouzdano filtrira alergene i zaga\u0111ujuc\u0301e \u010destice, kao i patogene iz vazduha u zatvorenom prostoru.<\/p>\n<p>DACRON\u00ae-Prefilter<\/p>\n<p>DACRON\u00ae je naziv za sinteti\u010dki proizvedene kontinualne filamente napravljene od poliestera, koji su idealni kao predfilteri u pre\u010di\u0161c\u0301avanju vazduha zbog svojih posebno neutralnih svojstava protiv alergija. Predfilteri od sinteti\u010dkih vlakana napravljeni sa njim su posebno otporni na kidanje, dugotrajni i vodoodbojni. Filter od sinteti\u010dkih vlakana vec\u0301 pouzdano filtrira lagane do srednje mirise, grublju kuc\u0301nu pra\u0161inu i \u017eivotinjsku dlaku iz vazduha u prostoriji.<\/p>\n<p>Ugljeni filter<\/p>\n<p>Idealan za sve pu\u0161a\u010de je dodatni ugljeni filter koji se sastoji od ugljenika. Pored zaga\u0111iva\u010da, ovaj filter sa aktivnim ugljem efikasno neutrali\u0161e mirise duvana, kuc\u0301nih ljubimaca, kuhinjskih mirisa, dima, kao i formaldehida i mirisa rastvara\u010da iz okolnog vazduha. Za \u010dist vazduh &#8211; bez neprijatnih mirisa.<\/p>\n<p>HEPA filter<\/p>\n<p>U HEPA filteru se elimini\u0161u polen, alergeni, fine \u010destice pra\u0161ine, bakterije, virusi, ostaci grinja i spore bu\u0111i do veli\u010dine od 0,3 mikrometra. Zbog visoke efikasnosti filtracije od 99,97 %, filteri ove klase filtera se koriste, na primer, u higijenski osetljivim laboratorijama i u proizvodnji hrane. Najbolji preduslovi za transformaciju sopstvena \u010detiri zida u oazu blagostanja sa \u010distim, filtriranim, sve\u017eim vazduhom u zatvorenom prostoru.<\/p>\n<p>Brza i laka zamena filtera<\/p>\n<p>Jednako jednostavno kao i rukovanje AirgoClean\u00ae 150 E je brza zamena unapred montiranih filtera. Poklopac jedinice se mo\u017ee ukloniti bez alata u jednom jednostavnom koraku, tako da se predfilteri, ugljeni filteri i HEPA filteri mogu vizuelno pregledati i promeniti ako je potrebno.<\/p>","protected":false},"excerpt":{"rendered":"<p>&#8222;Triple Protection&#8220;-Tehnologija filtera Kombinacija direktno tri razli\u010dite tehnologije filtera pouzdano filtrira alergene i zaga\u0111ujuc\u0301e \u010destice, kao i patogene iz vazduha u zatvorenom prostoru. DACRON\u00ae-Prefilter DACRON\u00ae je naziv za sinteti\u010dki proizvedene kontinualne filamente napravljene od poliestera, koji su idealni kao predfilteri u pre\u010di\u0161c\u0301avanju vazduha zbog svojih posebno neutralnih svojstava protiv alergija. Predfilteri od sinteti\u010dkih vlakana napravljeni [&hellip;]<\/p>","protected":false},"featured_media":2387,"template":"","meta":{"_eb_attr":""},"product_brand":[],"product_cat":[45],"product_tag":[],"class_list":{"0":"post-2384","1":"product","2":"type-product","3":"status-publish","4":"has-post-thumbnail","6":"product_cat-preciscivaci-vazduha","8":"first","9":"outofstock","10":"taxable","11":"shipping-taxable","12":"purchasable","13":"product-type-simple"},"_links":{"self":[{"href":"https:\/\/binvex.com\/en\/wp-json\/wp\/v2\/product\/2384","targetHints":{"allow":["GET"]}}],"collection":[{"href":"https:\/\/binvex.com\/en\/wp-json\/wp\/v2\/product"}],"about":[{"href":"https:\/\/binvex.com\/en\/wp-json\/wp\/v2\/types\/product"}],"wp:featuredmedia":[{"embeddable":true,"href":"https:\/\/binvex.com\/en\/wp-json\/wp\/v2\/media\/2387"}],"wp:attachment":[{"href":"https:\/\/binvex.com\/en\/wp-json\/wp\/v2\/media?parent=2384"}],"wp:term":[{"taxonomy":"product_brand","embeddable":true,"href":"https:\/\/binvex.com\/en\/wp-json\/wp\/v2\/product_brand?post=2384"},{"taxonomy":"product_cat","embeddable":true,"href":"https:\/\/binvex.com\/en\/wp-json\/wp\/v2\/product_cat?post=2384"},{"taxonomy":"product_tag","embeddable":true,"href":"https:\/\/binvex.com\/en\/wp-json\/wp\/v2\/product_tag?post=2384"}],"curies":[{"name":"wp","href":"https:\/\/api.w.org\/{rel}","templated":true}]}}