{"id":2380,"date":"2024-03-11T13:04:38","date_gmt":"2024-03-11T12:04:38","guid":{"rendered":"https:\/\/binvex.com\/?post_type=product&#038;p=2380"},"modified":"2024-03-14T11:08:17","modified_gmt":"2024-03-14T10:08:17","slug":"trotec-hepa-filter-za-preciscivac-vazduha-airgoclean-250-e","status":"publish","type":"product","link":"https:\/\/binvex.com\/en\/p\/trotec-hepa-filter-za-preciscivac-vazduha-airgoclean-250-e\/","title":{"rendered":"TROTEC Hepa filter za pre\u0107i\u0161\u0107iva\u010d vazduha AirgoClean 250 E"},"content":{"rendered":"<p class=\"tw-data-text tw-text-small tw-ta\" dir=\"ltr\"><span class=\"Y2IQFc\">U HEPA filteru se elimini\u0161u virusi, bakterije, polen, alergeni, fine \u010destice pra\u0161ine i spore plesni veli\u010dine do 0,3 mikrometra. Zbog visoke efikasnosti filtracije od 99,97 %, filteri ove klase filtera se koriste, na primer, u higijenski osetljivim laboratorijama i u proizvodnji hrane. Najbolji preduslovi za transformaciju sopstvena \u010detiri zida u oazu blagostanja sa \u010distim, filtriranim, sve\u017eim vazduhom u zatvorenom prostoru.<\/span><\/p>\n<p>Idealan za sve pu\u0161a\u010de je dodatni ugljeni filter koji se sastoji od ugljenika. Pored zaga\u0111iva\u010da, ovaj filter sa aktivnim ugljem efikasno neutrali\u0161e mirise duvana, kuc\u0301nih ljubimaca, kuhinjskih mirisa, dima, kao i formaldehida i mirisa rastvara\u010da iz okolnog vazduha. Za \u010dist vazduh &#8211; bez neprijatnih mirisa.<\/p>\n<p>Imajte na umu: uvek su potrebna 2 HEPA filtera po jedinici.<\/p>","protected":false},"excerpt":{"rendered":"<p>U HEPA filteru se elimini\u0161u virusi, bakterije, polen, alergeni, fine \u010destice pra\u0161ine i spore plesni veli\u010dine do 0,3 mikrometra. Zbog visoke efikasnosti filtracije od 99,97 %, filteri ove klase filtera se koriste, na primer, u higijenski osetljivim laboratorijama i u proizvodnji hrane. Najbolji preduslovi za transformaciju sopstvena \u010detiri zida u oazu blagostanja sa \u010distim, filtriranim, [&hellip;]<\/p>","protected":false},"featured_media":2381,"template":"","meta":{"_eb_attr":""},"product_brand":[],"product_cat":[45],"product_tag":[],"class_list":{"0":"post-2380","1":"product","2":"type-product","3":"status-publish","4":"has-post-thumbnail","6":"product_cat-preciscivaci-vazduha","8":"first","9":"outofstock","10":"taxable","11":"shipping-taxable","12":"purchasable","13":"product-type-simple"},"_links":{"self":[{"href":"https:\/\/binvex.com\/en\/wp-json\/wp\/v2\/product\/2380","targetHints":{"allow":["GET"]}}],"collection":[{"href":"https:\/\/binvex.com\/en\/wp-json\/wp\/v2\/product"}],"about":[{"href":"https:\/\/binvex.com\/en\/wp-json\/wp\/v2\/types\/product"}],"wp:featuredmedia":[{"embeddable":true,"href":"https:\/\/binvex.com\/en\/wp-json\/wp\/v2\/media\/2381"}],"wp:attachment":[{"href":"https:\/\/binvex.com\/en\/wp-json\/wp\/v2\/media?parent=2380"}],"wp:term":[{"taxonomy":"product_brand","embeddable":true,"href":"https:\/\/binvex.com\/en\/wp-json\/wp\/v2\/product_brand?post=2380"},{"taxonomy":"product_cat","embeddable":true,"href":"https:\/\/binvex.com\/en\/wp-json\/wp\/v2\/product_cat?post=2380"},{"taxonomy":"product_tag","embeddable":true,"href":"https:\/\/binvex.com\/en\/wp-json\/wp\/v2\/product_tag?post=2380"}],"curies":[{"name":"wp","href":"https:\/\/api.w.org\/{rel}","templated":true}]}}