{"id":2296,"date":"2024-02-20T12:44:44","date_gmt":"2024-02-20T11:44:44","guid":{"rendered":"https:\/\/binvex.com\/?post_type=product&#038;p=2296"},"modified":"2025-10-24T09:14:20","modified_gmt":"2025-10-24T07:14:20","slug":"preciscivac-vazduha-airgoclean-150-e-trotec","status":"publish","type":"product","link":"https:\/\/binvex.com\/en\/p\/preciscivac-vazduha-airgoclean-150-e-trotec\/","title":{"rendered":"PRE\u010cI\u0160\u0106IVA\u010c VAZDUHA AIRGOCLEAN 150 E &#8211; TROTEC"},"content":{"rendered":"<h2>Udi\u0161ite \u010dist vazduh bez brige zahvaljujuc\u0301i tehnologiji HEPA filtera trostruke snage \u2013 sa jonizacijom i indikatorom kvaliteta vazduha<\/h2>\n<p id=\"tw-target-rmn\" class=\"tw-data-text tw-text-small tw-ta\" dir=\"ltr\"><span class=\"Y2IQFc\">\u010cist vazduh smanjuje rizik po zdravlje! Svaki udah ispuni na\u0161a pluc\u0301a sa oko pola litra vazduha. Me\u0111utim, sa svakim dahom, sitne \u010destice zaga\u0111iva\u010da ulaze i u respiratorni trakt i pluc\u0301a. Oni se talo\u017ee u bronhima i alveolama i mogu uticati na zdravlje kratkoro\u010dno ili dugoro\u010dno. Zaga\u0111enje vazduha je stoga posebno opterec\u0301enje za decu, osobe koje pate od alergija i osobe sa vec\u0301 postojec\u0301im zdravstvenim problemima. \u0160to je vec\u0301i nivo zaga\u0111iva\u010da u vazduhu, na primer na prometnim putevima, to su uo\u010dljiviji efekti na performanse i dobrobit u svakodnevnom \u017eivotu. AirgoClean\u00ae 150 E nudi visok nivo za\u0161tite od patogenih mikro\u010destica sa svojom jedinstvenom 3-slojnom tehnologijom HEPA filtera, omoguc\u0301avajuc\u0301i ure\u0111aju da pouzdano ukloni zaga\u0111iva\u010de vazduha u mikrometarskom opsegu iz vazduha u prostoriji.<\/span><\/p>\n<h2 id=\"tw-target-rmn\" class=\"tw-data-text tw-text-small tw-ta\" dir=\"ltr\"><span class=\"Y2IQFc\">Koji alergeni i zaga\u0111iva\u010di se filtriraju iz vazduha?<\/span><\/h2>\n<p>Vazduh u zatvorenom prostoru je \u010desto zaga\u0111eniji od spolja\u0161njeg vazduha. Me\u0111utim, na mnogim mestima \u010dak i navodno nezaga\u0111en \u201esve\u017e vazduh\u201d sadr\u017ei opasno visoke koncentracije fine pra\u0161ine. Ove sitne \u010destice ulaze u unutra\u0161nje prostore kroz otvorene prozore i vrata pre nego \u0161to u\u0111u u ljudski organizam putem disanja.<\/p>\n<p>AirgoClean\u00ae 150 E uklanja 99,97% svih zaga\u0111iva\u010da u vazduhu do veli\u010dine od 0,3 mikrometra iz vazduha u prostoriji:<\/p>\n<ul>\n<li>Bakterije i virusi<\/li>\n<li>Isparljiva organska jedinjenja<\/li>\n<li>Grinje<\/li>\n<li>Kuc\u0301na pra\u0161ina<\/li>\n<li>Spore plesni<\/li>\n<li>\u017divotinjska perut<\/li>\n<li>Fina pra\u0161ina<\/li>\n<li>Polen<\/li>\n<li>\u017divotinjski mirisi<\/li>\n<\/ul>\n<p>Za\u0161titite sebe i svoju okolinu \u010distim vazduhom filtriranim HEPA koji je 99,97% bez \u0161tetnih zaga\u0111iva\u010da. Senzori kvaliteta vazduha AirgoClean\u00ae 150 E kontinuirano mere kvalitet i zaga\u0111enje vazduha kako bi ga o\u010distili sa inteligentno kontrolisanim performansama po potrebi. \u010cetvorostepena podesiva ventilacija sa maksimalnom brzinom cirkulacije vazduha od 355 m\u00b3\/h omoguc\u0301ava primetno pobolj\u0161anje kvaliteta vazduha u prostorijama veli\u010dine do 42 m\u00b2 ili 105 m\u00b3.<\/p>\n<h2 id=\"tw-target-rmn\" class=\"tw-data-text tw-text-small tw-ta\" dir=\"ltr\"><span class=\"Y2IQFc\">Tehnologija 3-u-1 HEPA filtera u kombinaciji sa udobno\u0161c\u0301u i funkcionalno\u0161c\u0301u<\/span><\/h2>\n<p>Elegantno oblikovan AirgoClean\u00ae 150 E u bezvremenskoj beloj boji kombinuje tehnologiju HEPA filtera sa trostrukim efektom sa udobno\u0161c\u0301u i dobro osmi\u0161ljenom funkcionalno\u0161c\u0301u. Indikator kvaliteta vazduha na elegantnom crnom displeju pokazuje kvalitet vazduha u prostoriji u tri boje. Pogodne karakteristike AirgoClean\u00ae 150 E upotpunjuju tri re\u017eima rada (automatski re\u017eim sa detekcijom svetlosti, turbo re\u017eim, noc\u0301ni re\u017eim). \u0160tavi\u0161e, komforni pre\u010dista\u010d vazduha dolazi sa indikatorom promene filtera, funkcijom tajmera i bravom za decu za rad bez nadzora.<\/p>\n<h2>Indikator kvaliteta vazduha u boji<\/h2>\n<p>Displej kvaliteta vazduha u sredini AirgoClean\u00ae 150 E \u010dini ina\u010de nevidljivo, ali \u0161tetno zaga\u0111enje \u010desticama i drugim oblicima zaga\u0111iva\u010da vidljivim u vazduhu prostorije. Kvalitet vazduha u prostoriji (broj sitnih \u010destica pra\u0161ine &lt; 2,5 \u00b5m) mo\u017ee se o\u010ditati sa LED displeja sa moguc\u0301no\u0161c\u0301u zatamnjivanja \u2013 \u010dak i sa vec\u0301e udaljenosti. Traka u boji pru\u017ea jasno vidljive informacije o kvalitetu vazduha u tri razli\u010dite boje:<\/p>\n<p><span style=\"color: #339966;\">Zelena<\/span>: Dobar kvalitet vazduha<br \/>\n<span style=\"color: #ff9900;\">Narand\u017easta<\/span>: srednji kvalitet vazduha<br \/>\n<span style=\"color: #ff0000;\">Crvena<\/span>: Lo\u0161 kvalitet vazduha<\/p>\n<h2>Koja ozna\u010dava vrednost PM2,5?<\/h2>\n<p>Vrednost PM2,5 ozna\u010dava broj finih \u010destica pra\u0161ine koje se mogu udisati pre\u010dnika manjeg od 2,5 \u00b5m. Zbog svoje male veli\u010dine, ove fine \u010destice se smatraju zdravstvenim rizikom jer mogu prodreti dublje u disajne puteve, kardiovaskularni sistem i mozak, ostati tamo i izazvati o\u0161tec\u0301enja. U okviru REVIHAAP projekta, SZO je do\u0161la do zaklju\u010dka da fina pra\u0161ina, izme\u0111u ostalog, mo\u017ee dovesti do arterioskleroze, ugroziti poro\u0111aje i izazvati respiratorna oboljenja kod dece.<\/p>\n<h2 id=\"tw-target-rmn\" class=\"tw-data-text tw-text-small tw-ta\" dir=\"ltr\"><span class=\"Y2IQFc\">Izvanredne karakteristike: vi\u0161e nego \u0161to o\u010dekujete<\/span><\/h2>\n<p>Pored svojih visoko efikasnih performansi 3-u-1 HEPA filtera i tri re\u017eima rada, AirgoClean\u00ae 150 E sobni pre\u010dista\u010d vazduha nudi ubedljivu komfornu opremu koju c\u0301ete nac\u0301i samo u pre\u010dista\u010dima vazduha serije AirgoClean u ovoj klasi ure\u0111aja.<\/p>\n<h3>Funkcija detekcije svetlosti sa automatskom kontrolom protoka vazduha<\/h3>\n<p>Kada se ambijentalna osvetljenost smanji, npr. kada se ugasi osvetljenje ili po\u010dne da pada sumrak, digitalni displej se isklju\u010duje i stepen ventilatora se smanjuje ako je ure\u0111aj u automatskom re\u017eimu.<\/p>\n<h3>Indikator \u010di\u0161c\u0301enja filtera<\/h3>\n<p>Zahvaljujuc\u0301i korisnom indikatoru \u010di\u0161c\u0301enja filtera na digitalnom displeju, nikada vi\u0161e nec\u0301ete propustiti kada je vreme za \u010di\u0161c\u0301enje kompozitnog filtera. Lampica upozorenja vas upozorava na jako zaprljanje kombinovanog predfiltera, \u0161to u najgorem slu\u010daju ograni\u010dava performanse \u010di\u0161c\u0301enja va\u0161eg ure\u0111aja.<\/p>\n<h3>Zaklju\u010davanje za decu i kuc\u0301ne ljubimce<\/h3>\n<p>Deca su po prirodi radoznala, pa \u010dak i kuc\u0301ni ljubimci svakodnevno iznova otkrivaju svoje okru\u017eenje koristec\u0301i svoje krznene nosove. De\u010dija brava se mo\u017ee aktivirati kombinacijom pritiska na taster i \u0161titi pode\u0161avanja pre\u010dista\u010da vazduha od radoznalih de\u010dijih ruku i dlakavih nosova. Status brave za decu se prikazuje na digitalnom displeju.<\/p>\n<h3>Tajmer sa funkcijom automatskog isklju\u010divanja<\/h3>\n<p>Tajmer koji se lako mo\u017ee programirati omoguc\u0301ava postavljanje fiksnog vremena rada. Broj sati do automatskog isklju\u010divanja mo\u017ee se podesiti na 1, 2, 4 ili 8 sati. Ba\u0161 kao \u0161to va\u0161 balans izme\u0111u posla i privatnog \u017eivota zahteva \u2013 nepotrebno vreme rada se tako\u0111e mo\u017ee izbec\u0301i.<\/p>\n<h3>Noc\u0301ni re\u017eim sa smanjenim stepenom ventilatora i niskom pozadinskom bukom<\/h3>\n<p>Sa niskom emisijom buke i isklju\u010denim osvetljenjem, noc\u0301ni re\u017eim omoguc\u0301ava \u010dist, filtriran vazduh u prostoriji \u010dak i tokom spavanja. Struja vazduha se potpuno automatski prilago\u0111ava va\u0161im zahtevima za spavanje, a protok vazduha je pode\u0161en na najni\u017ei stepen ventilatora.<\/p>\n<h2><img fetchpriority=\"high\" decoding=\"async\" class=\"alignnone wp-image-2297 size-medium\" src=\"https:\/\/binvex.com\/wp-content\/uploads\/2024\/02\/airgoclean-R-150-e-fc37-273x300.jpg\" alt=\"\" width=\"273\" height=\"300\" srcset=\"https:\/\/binvex.com\/wp-content\/uploads\/2024\/02\/airgoclean-R-150-e-fc37-273x300.jpg 273w, https:\/\/binvex.com\/wp-content\/uploads\/2024\/02\/airgoclean-R-150-e-fc37-768x845.jpg 768w, https:\/\/binvex.com\/wp-content\/uploads\/2024\/02\/airgoclean-R-150-e-fc37-11x12.jpg 11w, https:\/\/binvex.com\/wp-content\/uploads\/2024\/02\/airgoclean-R-150-e-fc37-600x660.jpg 600w, https:\/\/binvex.com\/wp-content\/uploads\/2024\/02\/airgoclean-R-150-e-fc37.jpg 800w\" sizes=\"(max-width: 273px) 100vw, 273px\" \/><\/h2>\n<h2>Zdrava klima u zatvorenom prostoru zahvaljujuc\u0301i tehnologiji filtera &#8222;trostruke za\u0161tite&#8220;.<\/h2>\n<p>Kombinacijom tri razli\u010dite tehnologije filtera, alergeni i \u010destice zaga\u0111iva\u010da, kao i patogeni se pouzdano filtriraju iz unutra\u0161njeg vazduha.<\/p>\n<h3>DACRON\u00ae predfilter<\/h3>\n<p>DACRON\u00ae je oznaka za sinteti\u010dki proizvedene kontinualne poliesterske filamente, koji su idealno prilago\u0111eni kao predfilter u pre\u010di\u0161c\u0301avanju vazduha zbog svojih posebno neutralnih karakteristika protiv alergija. Predfilteri napravljeni od ovih sinteti\u010dkih vlakana su posebno otporni na kidanje, izdr\u017eljivi i vodoodbojni. Sam filter od sinteti\u010dkih vlakana mo\u017ee da filtrira mirise blagog do srednjeg intenziteta, grubu kuc\u0301nu pra\u0161inu i \u017eivotinjsku dlaku iz vazduha u prostoriji<\/p>\n<h3>Ugljeni filter<\/h3>\n<p>Savr\u0161eno za pu\u0161a\u010de: dodatni filter koji se sastoji od ugljenika. Pored zaga\u0111iva\u010da, ovaj filter sa aktivnim ugljem efikasno neutrali\u0161e mirise duvana, kuc\u0301nih ljubimaca, kuhinje i dima, kao i mirise formaldehida i rastvara\u010da iz okolnog vazduha. Za \u010dist vazduh \u2013 bez neprijatnih mirisa.<\/p>\n<h3>HEPA filter (99,97 %)<\/h3>\n<p>Polen, alergeni, fine \u010destice pra\u0161ine, bakterije, virusi, ostaci grinja i spore plesni veli\u010dine do 0,3 mikrometra se elimini\u0161u u HEPA filteru. Zbog visoke efikasnosti filtracije od 99,97 %, filteri ove klase filtera se koriste npr. u higijenski osetljivim laboratorijama i u prehrambenoj industriji. Ovi filteri pru\u017eaju optimalne uslove da va\u0161a \u010detiri zida pretvorite u oazu blagostanja sa \u010distim, sve\u017eim i filtriranim vazduhom u prostoriji.<\/p>\n<h3>Brza i jednostavna zamena filtera<\/h3>\n<p>AirgoClean\u00ae 150 E je isto tako jednostavan za rukovanje kao i zamena unapred montiranih filtera, \u0161to se mo\u017ee uraditi za kratko vreme. U jednom jednostavnom koraku, poklopac ure\u0111aja se mo\u017ee ukloniti bez upotrebe alata. Na ovaj na\u010din se predfilteri, ugljeni\u010dni i HEPA filteri mogu vizuelno pregledati i zameniti ako je potrebno.<\/p>\n<p><img decoding=\"async\" class=\"alignnone wp-image-2298 size-medium\" src=\"https:\/\/binvex.com\/wp-content\/uploads\/2024\/02\/airgoclean-R-150-e-3cbf-273x300.jpg\" alt=\"\" width=\"273\" height=\"300\" srcset=\"https:\/\/binvex.com\/wp-content\/uploads\/2024\/02\/airgoclean-R-150-e-3cbf-273x300.jpg 273w, https:\/\/binvex.com\/wp-content\/uploads\/2024\/02\/airgoclean-R-150-e-3cbf-931x1024.jpg 931w, https:\/\/binvex.com\/wp-content\/uploads\/2024\/02\/airgoclean-R-150-e-3cbf-768x845.jpg 768w, https:\/\/binvex.com\/wp-content\/uploads\/2024\/02\/airgoclean-R-150-e-3cbf-11x12.jpg 11w, https:\/\/binvex.com\/wp-content\/uploads\/2024\/02\/airgoclean-R-150-e-3cbf-600x660.jpg 600w, https:\/\/binvex.com\/wp-content\/uploads\/2024\/02\/airgoclean-R-150-e-3cbf.jpg 1000w\" sizes=\"(max-width: 273px) 100vw, 273px\" \/><\/p>\n<p>TEHNI\u010cKI PODACI<\/p>\n<p>Brzina protoka vazduha:<br \/>\nPogodno za prostorije veli\u010dine do 42 m\u00b2 \/105 m\u00b3<br \/>\nNivo 1 [m\u00b3\/h] &#8211; 149<br \/>\nNivo 2 [m\u00b3\/h] &#8211; 278<br \/>\nNivo 3 [m\u00b3\/h] &#8211; 341<br \/>\nNivo 4 [m\u00b3\/h] &#8211; 355<\/p>\n<p>Elektri\u010dne vrednosti:<br \/>\nMre\u017eni priklju\u010dak 220 &#8211; 240 V, 50 Hz<br \/>\nUlazna snaga [kW] 0,032<br \/>\nNazivna potro\u0161nja struje [A] 0.1<br \/>\nElektri\u010dni priklju\u010dak<br \/>\nPriklju\u010dni utika\u010d CEE 7\/16<br \/>\nDu\u017eina kabla [m] 1.8<\/p>\n<p>Zvu\u010dne vrednosti:<br \/>\nNivo 1 &#8211; Rastojanje 1 m [dB(A)] &#8211; 29<br \/>\nNivo 2 &#8211; Rastojanje 1 m [dB(A)] &#8211; 39<br \/>\nNivo 3 &#8211; Rastojanje 1 m [dB(A)] &#8211; 45<br \/>\nNivo 4 &#8211; Rastojanje 1 m [dB(A)] &#8211; 52<\/p>\n<p>Sigurnosna funkcija<br \/>\nKlasa za\u0161tite II<\/p>\n<p>Dimenzije<br \/>\nDu\u017eina (bez pakovanja) [mm] 247<br \/>\n\u0160irina (bez pakovanja) [mm] 387<br \/>\nVisina (bez pakovanja) [mm] 571<br \/>\nTe\u017eina (bez ambala\u017ee) [kg] 7<\/p>\n<h3>OPREMA, KARAKTERISTIKE I FUNKCIJE<\/h3>\n<p>Senzor kvaliteta vazduhaPrekida\u010d za uklju\u010divanje\/isklju\u010divanje<br \/>\nEkran osetljiv na dodir<br \/>\nSenzor pra\u0161ine<br \/>\nFunkcija tajmera<br \/>\nDugme za zaklju\u010davanje dece<br \/>\njonizacija<br \/>\nEmisija negativnih jona<br \/>\nTurbo re\u017eim<br \/>\nFunkcija memorije<br \/>\nAutomatski rad<br \/>\nNoc\u0301ni re\u017eim<br \/>\nFunkcija detekcije svetlosti<br \/>\nDr\u017ea\u010d kablova<br \/>\nIndikacija promene filtera<br \/>\nPredfilter &#8211;\u00a0 Sinteti\u010dko vlakno<br \/>\nHEPA filter &#8211; HEPA ugljeni\u010dni filter<br \/>\nefikasnost 99,97%<br \/>\nMobilnost &#8211; Ru\u010dka(e) za no\u0161enje\/transport<br \/>\nDizajn kuc\u0301i\u0161ta &#8211; plastika<\/p>","protected":false},"excerpt":{"rendered":"<p>Udi\u0161ite \u010dist vazduh bez brige zahvaljujuc\u0301i tehnologiji HEPA filtera trostruke snage \u2013 sa jonizacijom i indikatorom kvaliteta vazduha \u010cist vazduh smanjuje rizik po zdravlje! Svaki udah ispuni na\u0161a pluc\u0301a sa oko pola litra vazduha. Me\u0111utim, sa svakim dahom, sitne \u010destice zaga\u0111iva\u010da ulaze i u respiratorni trakt i pluc\u0301a. Oni se talo\u017ee u bronhima i alveolama [&hellip;]<\/p>","protected":false},"featured_media":2299,"template":"","meta":{"_eb_attr":""},"product_brand":[],"product_cat":[45],"product_tag":[],"class_list":{"0":"post-2296","1":"product","2":"type-product","3":"status-publish","4":"has-post-thumbnail","6":"product_cat-preciscivaci-vazduha","8":"first","9":"outofstock","10":"taxable","11":"shipping-taxable","12":"purchasable","13":"product-type-simple"},"_links":{"self":[{"href":"https:\/\/binvex.com\/en\/wp-json\/wp\/v2\/product\/2296","targetHints":{"allow":["GET"]}}],"collection":[{"href":"https:\/\/binvex.com\/en\/wp-json\/wp\/v2\/product"}],"about":[{"href":"https:\/\/binvex.com\/en\/wp-json\/wp\/v2\/types\/product"}],"wp:featuredmedia":[{"embeddable":true,"href":"https:\/\/binvex.com\/en\/wp-json\/wp\/v2\/media\/2299"}],"wp:attachment":[{"href":"https:\/\/binvex.com\/en\/wp-json\/wp\/v2\/media?parent=2296"}],"wp:term":[{"taxonomy":"product_brand","embeddable":true,"href":"https:\/\/binvex.com\/en\/wp-json\/wp\/v2\/product_brand?post=2296"},{"taxonomy":"product_cat","embeddable":true,"href":"https:\/\/binvex.com\/en\/wp-json\/wp\/v2\/product_cat?post=2296"},{"taxonomy":"product_tag","embeddable":true,"href":"https:\/\/binvex.com\/en\/wp-json\/wp\/v2\/product_tag?post=2296"}],"curies":[{"name":"wp","href":"https:\/\/api.w.org\/{rel}","templated":true}]}}