{"id":2277,"date":"2024-01-03T14:58:14","date_gmt":"2024-01-03T13:58:14","guid":{"rendered":"https:\/\/binvex.com\/?post_type=product&#038;p=2277"},"modified":"2025-08-19T08:32:45","modified_gmt":"2025-08-19T06:32:45","slug":"wi-fi-rf-smart-uticnica-nvs3rf","status":"publish","type":"product","link":"https:\/\/binvex.com\/en\/p\/wi-fi-rf-smart-uticnica-nvs3rf\/","title":{"rendered":"Wi-Fi + RF smart uti\u010dnica NVS3RF"},"content":{"rendered":"<div class=\"content\">\n<p>Strujna uti\u010dnica sa Wi-Fi kontrolom<\/p>\n<p>Pru\u017ea kontrolu nad Va\u0161im ure\u0111ajima \u010dak i kada niste kod ku\u0107e<\/p>\n<p>Povezuje se putem Wi-Fi konekcije sa aplikacijom na Va\u0161em pametnom telefonu<\/p>\n<p>Ure\u0111aj koji je priklju\u010den u uti\u010dnicu se mo\u017ee uklju\u010divati i isklju\u010divati preko telefona (iOS 7.0 i novije, Android 4.0 i novije)<\/p>\n<p>Mo\u017ee namestiti i vremenski raspored uklju\u010divanja i isklju\u010divanja ure\u0111aja, tako\u0111e preko aplikacije<\/p>\n<p>Ovim putem se rad Va\u0161ih elektri\u010dnih ure\u0111aja mo\u017ee programirati<\/p>\n<p>Mogu\u0107e je i kontrolisanje uti\u010dnica sa daljinskim upravljanjem iz THO serije<\/p>\n<p><b>Aplikaciju za telefone mo\u017eete preuzeti klikom na ovaj link:\u00a0<a href=\"https:\/\/play.google.com\/store\/apps\/details?id=com.ktapp.wifi\" target=\"_blank\" rel=\"noopener\"><i>Kangtai App<\/i><\/a><\/b><\/p>\n<\/div>\n<h3>Tehni\u010dke specifikacije:<\/h3>\n<p>Brend HOME<br \/>\nTip Wi-Fi uti\u010dnica<br \/>\nNapajanje 230 V~ \/ 50 Hz<br \/>\nMax. optere\u0107enje 16 A \/ 3680 W<br \/>\nSet 1 uti\u010dnica<br \/>\nIP za\u0161tita IP20<br \/>\nBoja: Bela<br \/>\nPrekida\u010d: Da<br \/>\nZa\u0161tita od prenapona: Ne<br \/>\nZa\u0161tita za decu: Da<br \/>\nKompatibilni artikli Uti\u010dnice na daljinsko upravljanje THO1, THO2, THO111, THO113<br \/>\nWi-Fi 2.4 GHz, 802.11 b\/g\/n<\/p>\n<p>Preuzmite PDF:<br \/>\n<img decoding=\"async\" class=\"alignnone size-full wp-image-216\" src=\"https:\/\/binvex.com\/wp-content\/uploads\/2023\/11\/downP.png\" alt=\"\" width=\"48\" height=\"55\" \/> <a href=\"https:\/\/binvex.com\/wp-content\/uploads\/2024\/01\/65562-a_compressed.pdf\" target=\"_blank\" rel=\"noopener\">Uputstvo za upotrebu &#8211; Wi-Fi Smart uti\u010dnica sa mera\u010dem potro\u0161nje<\/a><\/p>","protected":false},"excerpt":{"rendered":"<p>Strujna uti\u010dnica sa Wi-Fi kontrolom Pru\u017ea kontrolu nad Va\u0161im ure\u0111ajima \u010dak i kada niste kod ku\u0107e Povezuje se putem Wi-Fi konekcije sa aplikacijom na Va\u0161em pametnom telefonu Ure\u0111aj koji je priklju\u010den u uti\u010dnicu se mo\u017ee uklju\u010divati i isklju\u010divati preko telefona (iOS 7.0 i novije, Android 4.0 i novije) Mo\u017ee namestiti i vremenski raspored uklju\u010divanja i [&hellip;]<\/p>","protected":false},"featured_media":2275,"template":"","meta":{"_eb_attr":""},"product_brand":[],"product_cat":[22],"product_tag":[],"class_list":{"0":"post-2277","1":"product","2":"type-product","3":"status-publish","4":"has-post-thumbnail","6":"product_cat-tajmeri-i-pametne-uticnice","8":"first","9":"outofstock","10":"taxable","11":"shipping-taxable","12":"purchasable","13":"product-type-simple"},"_links":{"self":[{"href":"https:\/\/binvex.com\/en\/wp-json\/wp\/v2\/product\/2277","targetHints":{"allow":["GET"]}}],"collection":[{"href":"https:\/\/binvex.com\/en\/wp-json\/wp\/v2\/product"}],"about":[{"href":"https:\/\/binvex.com\/en\/wp-json\/wp\/v2\/types\/product"}],"wp:featuredmedia":[{"embeddable":true,"href":"https:\/\/binvex.com\/en\/wp-json\/wp\/v2\/media\/2275"}],"wp:attachment":[{"href":"https:\/\/binvex.com\/en\/wp-json\/wp\/v2\/media?parent=2277"}],"wp:term":[{"taxonomy":"product_brand","embeddable":true,"href":"https:\/\/binvex.com\/en\/wp-json\/wp\/v2\/product_brand?post=2277"},{"taxonomy":"product_cat","embeddable":true,"href":"https:\/\/binvex.com\/en\/wp-json\/wp\/v2\/product_cat?post=2277"},{"taxonomy":"product_tag","embeddable":true,"href":"https:\/\/binvex.com\/en\/wp-json\/wp\/v2\/product_tag?post=2277"}],"curies":[{"name":"wp","href":"https:\/\/api.w.org\/{rel}","templated":true}]}}