{"id":2270,"date":"2024-01-03T14:42:53","date_gmt":"2024-01-03T13:42:53","guid":{"rendered":"https:\/\/binvex.com\/?post_type=product&#038;p=2270"},"modified":"2025-12-22T13:17:07","modified_gmt":"2025-12-22T12:17:07","slug":"wi-fi-smart-uticnica-sa-meracem-potrosnje-wfu-t12pm","status":"publish","type":"product","link":"https:\/\/binvex.com\/en\/p\/wi-fi-smart-uticnica-sa-meracem-potrosnje-wfu-t12pm\/","title":{"rendered":"WI-FI SMART UTI\u010cNICA SA MERA\u010cEM POTRO\u0160NJE \u2013 WFU-08PM"},"content":{"rendered":"<div class=\"content\">\n<p>Strujna uti\u010dnica sa Wi-Fi kontrolom i mera\u010dem potro\u0161nje<\/p>\n<p>Pru\u017ea Vam kontrolu nad Va\u0161im ure\u0111ajima \u010dak i kada niste kod ku\u0107e<\/p>\n<p>Povezuje se putem Wi-Fi konekcije sa aplikacijom na Va\u0161em pametnom telefonu<\/p>\n<p>Ure\u0111aj koji je priklju\u010den u uti\u010dnicu se mo\u017ee uklju\u010divati i isklju\u010divati preko telefona<\/p>\n<p>Tako\u0111e se mo\u017ee namestiti i vremenski raspored uklju\u010divanja i isklju\u010divanja ure\u0111aja, tako\u0111e preko aplikacije<\/p>\n<p>Ovim putem se rad Va\u0161ih elektri\u010dnih ure\u0111aja mo\u017ee programirati<\/p>\n<p>Tako\u0111e mo\u017eete, putem aplikacije, pratiti potro\u0161nju priklju\u010denog ure\u0111aja<\/p>\n<p><b>Aplikaciju za android telefone mo\u017eete preuzeti klikom na ovaj link:\u00a0<a href=\"https:\/\/play.google.com\/store\/apps\/details?id=com.tuya.smart\" target=\"_blank\" rel=\"noopener\"><i>Tuya Android<\/i><\/a><\/b><\/p>\n<p><b>Aplikaciju za iOS telefone mo\u017eete preuzeti klikom na ovaj link:\u00a0<a href=\"https:\/\/itunes.apple.com\/us\/app\/tuyasmart\/id1034649547?mt=8\" target=\"_blank\" rel=\"noopener\"><i>Tuya iOS<\/i><\/a><\/b><\/p>\n<\/div>\n<h3>Tehni\u010dke specifikacije:<\/h3>\n<p>Brend PROSTO<br \/>\nTip Wi-Fi uti\u010dnica<br \/>\nNapajanje 110-240 V~ \/ 50-60 Hz<br \/>\nIzlaz 230 V~ (relejni)<br \/>\nMax. optere\u0107enje 16 A \/ 3680 W<br \/>\nWi-Fi 2.4 GHz, 802.11 b\/g\/n<br \/>\nSet 1 uti\u010dnica<br \/>\nIP za\u0161tita IP20<br \/>\nBoja Bela<br \/>\nDimenzije: 82&#215;50 mm<br \/>\nPrekida\u010d: Da<br \/>\nZa\u0161tita od prenapona: Ne<br \/>\nZa\u0161tita za decu: Da<\/p>\n<p>Preuzmite PDF:<br \/>\n<a href=\"https:\/\/binvex.com\/wp-content\/uploads\/2025\/12\/Uputstvo-WFU-08-1.pdf\" target=\"_blank\" rel=\"noopener\"><img decoding=\"async\" class=\"alignnone size-full wp-image-216\" src=\"https:\/\/binvex.com\/wp-content\/uploads\/2023\/11\/downP.png\" alt=\"\" width=\"48\" height=\"55\" \/> Uputstvo za upotrebu &#8211; Wi-Fi Smart uti\u010dnica sa mera\u010dem potro\u0161nje<\/a><\/p>","protected":false},"excerpt":{"rendered":"<p>Strujna uti\u010dnica sa Wi-Fi kontrolom i mera\u010dem potro\u0161nje Pru\u017ea Vam kontrolu nad Va\u0161im ure\u0111ajima \u010dak i kada niste kod ku\u0107e Povezuje se putem Wi-Fi konekcije sa aplikacijom na Va\u0161em pametnom telefonu Ure\u0111aj koji je priklju\u010den u uti\u010dnicu se mo\u017ee uklju\u010divati i isklju\u010divati preko telefona Tako\u0111e se mo\u017ee namestiti i vremenski raspored uklju\u010divanja i isklju\u010divanja ure\u0111aja, [&hellip;]<\/p>","protected":false},"featured_media":2273,"template":"","meta":{"_eb_attr":""},"product_brand":[],"product_cat":[22],"product_tag":[],"class_list":{"0":"post-2270","1":"product","2":"type-product","3":"status-publish","4":"has-post-thumbnail","6":"product_cat-tajmeri-i-pametne-uticnice","8":"first","9":"instock","10":"taxable","11":"shipping-taxable","12":"purchasable","13":"product-type-simple"},"_links":{"self":[{"href":"https:\/\/binvex.com\/en\/wp-json\/wp\/v2\/product\/2270","targetHints":{"allow":["GET"]}}],"collection":[{"href":"https:\/\/binvex.com\/en\/wp-json\/wp\/v2\/product"}],"about":[{"href":"https:\/\/binvex.com\/en\/wp-json\/wp\/v2\/types\/product"}],"wp:featuredmedia":[{"embeddable":true,"href":"https:\/\/binvex.com\/en\/wp-json\/wp\/v2\/media\/2273"}],"wp:attachment":[{"href":"https:\/\/binvex.com\/en\/wp-json\/wp\/v2\/media?parent=2270"}],"wp:term":[{"taxonomy":"product_brand","embeddable":true,"href":"https:\/\/binvex.com\/en\/wp-json\/wp\/v2\/product_brand?post=2270"},{"taxonomy":"product_cat","embeddable":true,"href":"https:\/\/binvex.com\/en\/wp-json\/wp\/v2\/product_cat?post=2270"},{"taxonomy":"product_tag","embeddable":true,"href":"https:\/\/binvex.com\/en\/wp-json\/wp\/v2\/product_tag?post=2270"}],"curies":[{"name":"wp","href":"https:\/\/api.w.org\/{rel}","templated":true}]}}