{"id":2091,"date":"2023-12-13T15:34:38","date_gmt":"2023-12-13T14:34:38","guid":{"rendered":"https:\/\/binvex.com\/?post_type=product&#038;p=2091"},"modified":"2025-10-24T09:19:26","modified_gmt":"2025-10-24T07:19:26","slug":"elektricno-podno-grejanje-aht-termostat-digitalni-wifi-sk-85","status":"publish","type":"product","link":"https:\/\/binvex.com\/en\/p\/elektricno-podno-grejanje-aht-termostat-digitalni-wifi-sk-85\/","title":{"rendered":"Elektri\u010dno podno grejanje AHT &#8211; Termostat digitalni WiFI SK 88"},"content":{"rendered":"<div class=\"content\">\n<p>SK85 je moderan dizajn WIFI termostati za regulaciju podnog grejanja.<\/p>\n<h3>Tehni\u010dke specifikacije:<\/h3>\n<p>Napon: 220V \/ 230V<br \/>\nPotro\u0161nja struje: 2W<br \/>\nOpseg pode\u0161avanja: 5~40\u00b0C<br \/>\nDiferencijal: 0.5,1,2,3<br \/>\nWiFi frekvencija: 2.4 Ghz<br \/>\nMaterijal: nezapaljivi ABS<br \/>\nZa\u0161titno ku\u0107i\u0161te: IP21<br \/>\nSenzori: Eksterni i interni senzori<\/p>\n<\/div>\n<div class=\"content\"><\/div>\n<h3>Proizvo\u0111a\u010d:<br \/>\n<a href=\"https:\/\/ahtinternationalgroup.com\/\" target=\"_blank\" rel=\"noopener\"><img decoding=\"async\" class=\"alignnone wp-image-123 size-full\" src=\"https:\/\/binvex.com\/wp-content\/uploads\/2023\/11\/1-AHT-logo.jpg\" alt=\"\" width=\"236\" height=\"140\" \/><\/a><\/h3>\n<h3 class=\"naslov-download\">Preuzmite PDF:<\/h3>\n<p><img decoding=\"async\" class=\"alignnone size-full wp-image-216\" src=\"https:\/\/binvex.com\/wp-content\/uploads\/2023\/11\/downP.png\" alt=\"\" width=\"48\" height=\"55\" \/><\/p>","protected":false},"excerpt":{"rendered":"<p>SK85 je moderan dizajn WIFI termostati za regulaciju podnog grejanja. Tehni\u010dke specifikacije: Napon: 220V \/ 230V Potro\u0161nja struje: 2W Opseg pode\u0161avanja: 5~40\u00b0C Diferencijal: 0.5,1,2,3 WiFi frekvencija: 2.4 Ghz Materijal: nezapaljivi ABS Za\u0161titno ku\u0107i\u0161te: IP21 Senzori: Eksterni i interni senzori Proizvo\u0111a\u010d: Preuzmite PDF:<\/p>","protected":false},"featured_media":2092,"template":"","meta":{"_eb_attr":""},"product_brand":[],"product_cat":[31,21],"product_tag":[],"class_list":{"0":"post-2091","1":"product","2":"type-product","3":"status-publish","4":"has-post-thumbnail","6":"product_cat-elektricno-podno-grejanje","7":"product_cat-termostati","9":"first","10":"outofstock","11":"taxable","12":"shipping-taxable","13":"purchasable","14":"product-type-simple"},"_links":{"self":[{"href":"https:\/\/binvex.com\/en\/wp-json\/wp\/v2\/product\/2091","targetHints":{"allow":["GET"]}}],"collection":[{"href":"https:\/\/binvex.com\/en\/wp-json\/wp\/v2\/product"}],"about":[{"href":"https:\/\/binvex.com\/en\/wp-json\/wp\/v2\/types\/product"}],"wp:featuredmedia":[{"embeddable":true,"href":"https:\/\/binvex.com\/en\/wp-json\/wp\/v2\/media\/2092"}],"wp:attachment":[{"href":"https:\/\/binvex.com\/en\/wp-json\/wp\/v2\/media?parent=2091"}],"wp:term":[{"taxonomy":"product_brand","embeddable":true,"href":"https:\/\/binvex.com\/en\/wp-json\/wp\/v2\/product_brand?post=2091"},{"taxonomy":"product_cat","embeddable":true,"href":"https:\/\/binvex.com\/en\/wp-json\/wp\/v2\/product_cat?post=2091"},{"taxonomy":"product_tag","embeddable":true,"href":"https:\/\/binvex.com\/en\/wp-json\/wp\/v2\/product_tag?post=2091"}],"curies":[{"name":"wp","href":"https:\/\/api.w.org\/{rel}","templated":true}]}}