{"id":2085,"date":"2023-12-13T15:25:36","date_gmt":"2023-12-13T14:25:36","guid":{"rendered":"https:\/\/binvex.com\/?post_type=product&#038;p=2085"},"modified":"2025-03-14T09:45:39","modified_gmt":"2025-03-14T08:45:39","slug":"usisivac-fox-ipcleaning","status":"publish","type":"product","link":"https:\/\/binvex.com\/en\/p\/usisivac-fox-ipcleaning\/","title":{"rendered":"USISIVA\u010c FOX &#8211; IPCleaning"},"content":{"rendered":"<div class=\"content\">\n<p>Kompaktan, portabilan usisiva\u010d, prikladan za usisavanje kola i te\u0161ko dostupnih delova zbog njegove male te\u017eine od samo 3 kg i kompaktnih dimenzija.<br \/>\nMo\u017ee se dr\u017eati u ruci i oka\u010diti na rame i tako usisati te\u0161ko dostupne delove, kao \u0161to su pod, gepek i sli\u010dno.<br \/>\nUsisiva\u010d poseduje tresa\u010d za filter kojim se, jednostavnim pritiskom na dugme, skida suvi\u0161an sloj pra\u0161ine sa filtera motora, talo\u017ei se u rezervoaru i omogu\u0107ava da usisiva\u010d du\u017ee radi maksimalnim kapacitetom, do kona\u010dnog punjenja rezervoara. Sam rezervoar je kapaciteta 6l, lako se skida i prazni.<br \/>\nIdealan za usisavanje sitne pra\u0161ine.<br \/>\nOpremljen fleksibilnim crevom 1m sa zakrivljenom dr\u0161kom sa regulatorom protoka vazduha \u00d832 mm, okruglom \u010detkom i pljosnatim nastavkom, naramenicom i filter kertrid\u017eom.<\/p>\n<\/div>\n<h3>Tehni\u010dke specifikacije:<\/h3>\n<p>Snaga: 1200 W<br \/>\nPodpritisak vazduha: 1940 mm\/H2O<br \/>\nProtok vazduha: 108 m3\/h<br \/>\nKapacitet rezervoara: 6 l<br \/>\nDu\u017eina kabla: 5 m<\/p>\n<h3>Proizvo\u0111a\u010d:<br \/>\n<img decoding=\"async\" class=\"alignnone size-full wp-image-311\" src=\"https:\/\/binvex.com\/wp-content\/uploads\/2023\/11\/7-IPC-logo.jpg\" alt=\"\" width=\"236\" height=\"140\" \/><\/h3>\n<h3 class=\"naslov-download\">Preuzmite PDF:<br \/>\n<img decoding=\"async\" class=\"alignnone size-full wp-image-216\" src=\"https:\/\/binvex.com\/wp-content\/uploads\/2023\/11\/downP.png\" alt=\"\" width=\"48\" height=\"55\" \/> <a href=\"https:\/\/binvex.com\/wp-content\/uploads\/2023\/12\/Katalog-usisivac-FOX_compressed.pdf\" target=\"_blank\" rel=\"noopener\">Katalog &#8211; Usisiva\u010d FOX<\/a><\/h3>","protected":false},"excerpt":{"rendered":"<p>Kompaktan, portabilan usisiva\u010d, prikladan za usisavanje kola i te\u0161ko dostupnih delova zbog njegove male te\u017eine od samo 3 kg i kompaktnih dimenzija. Mo\u017ee se dr\u017eati u ruci i oka\u010diti na rame i tako usisati te\u0161ko dostupne delove, kao \u0161to su pod, gepek i sli\u010dno. Usisiva\u010d poseduje tresa\u010d za filter kojim se, jednostavnim pritiskom na dugme, [&hellip;]<\/p>","protected":false},"featured_media":2087,"template":"","meta":{"_eb_attr":""},"product_brand":[],"product_cat":[18],"product_tag":[],"class_list":{"0":"post-2085","1":"product","2":"type-product","3":"status-publish","4":"has-post-thumbnail","6":"product_cat-usisivaci","8":"first","9":"outofstock","10":"taxable","11":"shipping-taxable","12":"purchasable","13":"product-type-simple"},"_links":{"self":[{"href":"https:\/\/binvex.com\/en\/wp-json\/wp\/v2\/product\/2085","targetHints":{"allow":["GET"]}}],"collection":[{"href":"https:\/\/binvex.com\/en\/wp-json\/wp\/v2\/product"}],"about":[{"href":"https:\/\/binvex.com\/en\/wp-json\/wp\/v2\/types\/product"}],"wp:featuredmedia":[{"embeddable":true,"href":"https:\/\/binvex.com\/en\/wp-json\/wp\/v2\/media\/2087"}],"wp:attachment":[{"href":"https:\/\/binvex.com\/en\/wp-json\/wp\/v2\/media?parent=2085"}],"wp:term":[{"taxonomy":"product_brand","embeddable":true,"href":"https:\/\/binvex.com\/en\/wp-json\/wp\/v2\/product_brand?post=2085"},{"taxonomy":"product_cat","embeddable":true,"href":"https:\/\/binvex.com\/en\/wp-json\/wp\/v2\/product_cat?post=2085"},{"taxonomy":"product_tag","embeddable":true,"href":"https:\/\/binvex.com\/en\/wp-json\/wp\/v2\/product_tag?post=2085"}],"curies":[{"name":"wp","href":"https:\/\/api.w.org\/{rel}","templated":true}]}}