{"id":2079,"date":"2023-12-13T15:14:39","date_gmt":"2023-12-13T14:14:39","guid":{"rendered":"https:\/\/binvex.com\/?post_type=product&#038;p=2079"},"modified":"2025-10-24T09:21:39","modified_gmt":"2025-10-24T07:21:39","slug":"konvektorske-grejalice-tch-2310e-trotec","status":"publish","type":"product","link":"https:\/\/binvex.com\/en\/p\/konvektorske-grejalice-tch-2310e-trotec\/","title":{"rendered":"KONVEKTORSKE GREJALICE TCH 2310E \u2013 TROTEC"},"content":{"rendered":"<div class=\"content\">\n<h3><a href=\"https:\/\/uk.trotec.com\/products-services\/machinery-homecomfort\/heating\/convectors-tch-e-series\/tch-2310-e-tch-2311-e\/\" target=\"_blank\" rel=\"noopener\">TROSTEPENO GREJANJE OD 2300 W SA TURBO VENTILATOROM, DALJINSKIM UPRAVLJA\u010cEM I DISPLEJOM KOJI SE LAKO \u010cITA \u2013 TCH 2310 E<\/a><\/h3>\n<p>Energetski efikasni konvektorske grejalice koje za kratko vreme ispunjavaju celu prostoriju prijatnom toplinom ne moraju da budu ni skupi ni dosadni. Dizajnerski konvektor TCH 2310 E u beloj boji je bezvremenski moderan. Ovaj dizajn se savr\u0161eno uklapa u potkrovlje, kancelarije, dnevne sobe i spavac\u0301e sobe.<\/p>\n<p><img fetchpriority=\"high\" decoding=\"async\" class=\"alignnone wp-image-5364\" src=\"http:\/\/binvex.com\/wp-content\/uploads\/2023\/09\/konvektorske-grejalice-tch-2310E-5-300x300.jpg\" sizes=\"(max-width: 436px) 100vw, 436px\" srcset=\"https:\/\/dev-binvextest.pantheonsite.io\/wp-content\/uploads\/2023\/09\/konvektorske-grejalice-tch-2310E-5-300x300.jpg 300w, https:\/\/dev-binvextest.pantheonsite.io\/wp-content\/uploads\/2023\/09\/konvektorske-grejalice-tch-2310E-5-150x150.jpg 150w, https:\/\/dev-binvextest.pantheonsite.io\/wp-content\/uploads\/2023\/09\/konvektorske-grejalice-tch-2310E-5.jpg 600w\" alt=\"\" width=\"436\" height=\"436\" \/><\/p>\n<p>&nbsp;<\/p>\n<h3>Integrisana kontrola tro\u0161kova konvektorske grejalice: kontrola termostata za u\u0161tedu energije<\/h3>\n<p>Integrisana kontrola termostata omoguc\u0301ava ravnomerno zagrevanje prostorija do veli\u010dine od 27 m\u00b2 ili 67 m\u00b3 pomoc\u0301u tri stepena grejanja (1.000 W, 1.300 W , 2300 W). Ta\u010dna \u017eeljena vrednost sobne temperature (u rasponu od 5 do 37 \u00b0C) c\u0301e se odr\u017eavati. Ovo nije samo zgodno, vec\u0301 i prijatno \u0161tedi energiju. Senzor temperature pode\u0161ava kapacitet grejanja prema unapred pode\u0161enoj \u017eeljenoj temperaturi. Kada se postigne \u017eeljena temperatura, grejni element se isklju\u010duje kako bi u\u0161tedeo energiju dok ne bude potreban drugi ciklus grejanja.<\/p>\n<h3>Turbo re\u017eim za \u010distu toplotu bez mirisa<\/h3>\n<p>Ako su sobne temperature niske, \u017eelite da se prostorija zagreje \u0161to je br\u017ee moguc\u0301e. Zbog toga su tanki konvektori opremljeni ventilatorom za ubrzanu cirkulaciju vazduha i distribuciju toplog vazduha. Zagrejani vazduh se di\u017ee kroz otvor za vazduh i tako stvara prirodno usisavanje koje dovodi do strujanja vazduha iz hladnije prostorije u ure\u0111aj. Ovo rezultira toplotom koja ispunjava prostoriju i koja je \u2013 zahvaljujuc\u0301i elektri\u010dnom grejnom elementu \u2013 100% \u010dista, bez kondenzacije i mirisa.<\/p>\n<h3>Pristupa\u010dan luksuz za udobne i tople unutra\u0161nje prostore<\/h3>\n<p>Uprkos svojim kompaktnim dimenzijama, konvektori obezbe\u0111uju komforne temperature koje su izvanredne u svojoj klasi ure\u0111aja. Sva pode\u0161avanja se mogu izvr\u0161iti ili na kontrolnoj tabli koja dolazi sa digitalnim displejem ili preko infracrvenog daljinskog upravlja\u010da dugog dometa. Programabilni tajmer vam omoguc\u0301ava da automatski isklju\u010dite ure\u0111aj nakon unapred pode\u0161enog broja sati izme\u0111u 1 i 24 h. Za bezbedan i dugotrajan rad, svi ure\u0111aji za grejanje su testirani na bezbednost od strane Nema\u010dkog udru\u017eenja za tehni\u010dki pregled (TUV) prema IP20. Osim toga, opremljeni su za\u0161titom od pregrevanja. Visok stepen funkcionalnosti svestranih ure\u0111aja za grejanje upotpunjen je re\u017eimom protiv smrzavanja kako bi se negrejane prostorije za\u0161titile od prekomernog hla\u0111enja i o\u0161tec\u0301enja od mraza.<\/p>\n<p>Kao i svi ure\u0111aji serije TCH, TCH 2310 E koristi efekat ravnomerne konvekcijske toplote za rad i nudi \u0161irok spektar moguc\u0301nosti primene: da li kao brza zamena za neispravan glavni sistem grejanja, kao pouzdan privremeno re\u0161enje za grejanje pre po\u010detka grejnog perioda, ili za grejne prostorije koje nisu priklju\u010dene na sistem centralnog grejanja.<\/p>\n<p><img decoding=\"async\" class=\"alignnone size-medium wp-image-5366\" src=\"http:\/\/binvex.com\/wp-content\/uploads\/2023\/09\/tch-2310-e-heating-cycle-5de6-300x260.jpg\" sizes=\"(max-width: 300px) 100vw, 300px\" srcset=\"https:\/\/dev-binvextest.pantheonsite.io\/wp-content\/uploads\/2023\/09\/tch-2310-e-heating-cycle-5de6-300x260.jpg 300w, https:\/\/dev-binvextest.pantheonsite.io\/wp-content\/uploads\/2023\/09\/tch-2310-e-heating-cycle-5de6-768x664.jpg 768w, https:\/\/dev-binvextest.pantheonsite.io\/wp-content\/uploads\/2023\/09\/tch-2310-e-heating-cycle-5de6.jpg 800w\" alt=\"na\u010din konvekcije konvektorske grejalice TCH 2310 E\" width=\"300\" height=\"260\" \/><\/p>\n<p>&nbsp;<\/p>\n<p>Gde god je potrebna \u010dista toplota \u2013 konvektor TCH 23 E obezbe\u0111uje brzo stvaranje toplote u pojedina\u010dnim prostorima, na primer kada je glavno grejanje nestalo, ili kao dodatni izvor toplote.<\/p>\n<p><img decoding=\"async\" class=\"alignnone size-medium wp-image-5367\" src=\"http:\/\/binvex.com\/wp-content\/uploads\/2023\/09\/konvektorske-grejalice-tch-2310E-9-300x300.jpg\" sizes=\"(max-width: 300px) 100vw, 300px\" srcset=\"https:\/\/dev-binvextest.pantheonsite.io\/wp-content\/uploads\/2023\/09\/konvektorske-grejalice-tch-2310E-9-300x300.jpg 300w, https:\/\/dev-binvextest.pantheonsite.io\/wp-content\/uploads\/2023\/09\/konvektorske-grejalice-tch-2310E-9-150x150.jpg 150w, https:\/\/dev-binvextest.pantheonsite.io\/wp-content\/uploads\/2023\/09\/konvektorske-grejalice-tch-2310E-9.jpg 600w\" alt=\"digitalni dislpej konvektorske grejalice tch 2310 E\" width=\"300\" height=\"300\" \/><\/p>\n<p>Sve pod kontrolom: Moderna kontrolna tabla pru\u017ea informacije o unapred pode\u0161enoj ciljnoj temperaturi i trenutnoj sobnoj temperaturi. Sva pode\u0161avanja ure\u0111aja mogu se izvr\u0161iti pomoc\u0301u dugmadi na ure\u0111aju ili putem daljinskog upravlja\u010da.<\/p>\n<p>&nbsp;<\/p>\n<p><img loading=\"lazy\" decoding=\"async\" class=\"alignnone size-medium wp-image-5368\" src=\"http:\/\/binvex.com\/wp-content\/uploads\/2023\/09\/konvektorske-grejalice-tch-2310E-1-300x300.jpg\" sizes=\"(max-width: 300px) 100vw, 300px\" srcset=\"https:\/\/dev-binvextest.pantheonsite.io\/wp-content\/uploads\/2023\/09\/konvektorske-grejalice-tch-2310E-1-300x300.jpg 300w, https:\/\/dev-binvextest.pantheonsite.io\/wp-content\/uploads\/2023\/09\/konvektorske-grejalice-tch-2310E-1-150x150.jpg 150w, https:\/\/dev-binvextest.pantheonsite.io\/wp-content\/uploads\/2023\/09\/konvektorske-grejalice-tch-2310E-1.jpg 600w\" alt=\"daljinski upravlaj\u010d za konvektorske grejalice TCH 2310 E\" width=\"300\" height=\"300\" \/><\/p>\n<p>Osec\u0301ajte se dobro uz prakti\u010dnost: Isporu\u010deni infracrveni daljinski upravlja\u010d je pametan i prakti\u010dan alat za uklju\u010divanje i isklju\u010divanje konvektora iz daljine, za pode\u0161avanje \u017eeljene temperature ili aktiviranje turbo ventilatora.<\/p>\n<p><img loading=\"lazy\" decoding=\"async\" class=\"alignnone size-medium wp-image-5370\" src=\"http:\/\/binvex.com\/wp-content\/uploads\/2023\/09\/tch-2310-e-recessed-handles-e870-300x300.jpg\" sizes=\"(max-width: 300px) 100vw, 300px\" srcset=\"https:\/\/dev-binvextest.pantheonsite.io\/wp-content\/uploads\/2023\/09\/tch-2310-e-recessed-handles-e870-300x300.jpg 300w, https:\/\/dev-binvextest.pantheonsite.io\/wp-content\/uploads\/2023\/09\/tch-2310-e-recessed-handles-e870-150x150.jpg 150w, https:\/\/dev-binvextest.pantheonsite.io\/wp-content\/uploads\/2023\/09\/tch-2310-e-recessed-handles-e870.jpg 500w\" alt=\"ru\u010dke konvektorske grejalice tch 2310 E\" width=\"300\" height=\"300\" \/><\/p>\n<p>&nbsp;<\/p>\n<p>Dr\u017eite sve pri ruci: Elegantne udubljene ru\u010dke \u010dine pozicioniranje ili skladi\u0161tenje ure\u0111aja prostom de\u010djom igrom. Ove ru\u010dke i mala te\u017eina konvektora olak\u0161avaju no\u0161enje ure\u0111aja iz sobe u sobu ili stavljanje u ormar za kratko vreme.<\/p>\n<p>&nbsp;<\/p>\n<p><img loading=\"lazy\" decoding=\"async\" class=\"alignnone size-medium wp-image-5369\" src=\"http:\/\/binvex.com\/wp-content\/uploads\/2023\/09\/tch-2310-e-turbo-blower-feet-5bff-300x300.jpg\" sizes=\"(max-width: 300px) 100vw, 300px\" srcset=\"https:\/\/dev-binvextest.pantheonsite.io\/wp-content\/uploads\/2023\/09\/tch-2310-e-turbo-blower-feet-5bff-300x300.jpg 300w, https:\/\/dev-binvextest.pantheonsite.io\/wp-content\/uploads\/2023\/09\/tch-2310-e-turbo-blower-feet-5bff-150x150.jpg 150w, https:\/\/dev-binvextest.pantheonsite.io\/wp-content\/uploads\/2023\/09\/tch-2310-e-turbo-blower-feet-5bff.jpg 500w\" alt=\"nogice konvektorske grejalice tch 2310E\" width=\"300\" height=\"300\" \/><\/p>\n<p>Velike podesive noge tako\u0111e obezbe\u0111uju sigurno upori\u0161te.<\/p>\n<p>Preostalu ponudu konvektorskih grejalica mo\u017eete pogledati na slede\u0107em linku:\u00a0KONVEKTORSKE GREJALICE<\/p>\n<\/div>\n<h3>Tehni\u010dke specifikacije:<\/h3>\n<p>Snaga grejanja<br \/>\nnivo 1: 1000 W<br \/>\nnivo 2: 1300 W<br \/>\nnivo 3: 2300 W<br \/>\nMre\u017eni priklju\u010dak 220\u2013240 V \/ 50-60 Hz<br \/>\nMax. potro\u0161nja 2,3 kW<br \/>\nDu\u017eina kabla: 1,5m<br \/>\nNazivna potro\u0161nja struje 10 A<br \/>\nTip uti\u010dnice Schuko CEE 7\/7<br \/>\nDimenzije (dubina x \u0161irina x visina) 220 x 690 x 435 mm<br \/>\nMinimalna udaljenost od zidova i drugih objekata<br \/>\ngore (A): 100 cm<br \/>\npozadi (B): 100 cm<br \/>\nsa strane (C): 100 cm<br \/>\nspreda (D): 100 cm<br \/>\nTe\u017eina 5 kg<\/p>\n<h3>Proizvo\u0111a\u010d:<br \/>\n<img loading=\"lazy\" decoding=\"async\" class=\"alignnone size-full wp-image-142\" src=\"https:\/\/binvex.com\/wp-content\/uploads\/2023\/11\/Trotec.jpg\" alt=\"\" width=\"236\" height=\"140\" \/><\/h3>","protected":false},"excerpt":{"rendered":"<p>TROSTEPENO GREJANJE OD 2300 W SA TURBO VENTILATOROM, DALJINSKIM UPRAVLJA\u010cEM I DISPLEJOM KOJI SE LAKO \u010cITA \u2013 TCH 2310 E Energetski efikasni konvektorske grejalice koje za kratko vreme ispunjavaju celu prostoriju prijatnom toplinom ne moraju da budu ni skupi ni dosadni. Dizajnerski konvektor TCH 2310 E u beloj boji je bezvremenski moderan. Ovaj dizajn se [&hellip;]<\/p>","protected":false},"featured_media":2083,"template":"","meta":{"_eb_attr":""},"product_brand":[],"product_cat":[28],"product_tag":[],"class_list":{"0":"post-2079","1":"product","2":"type-product","3":"status-publish","4":"has-post-thumbnail","6":"product_cat-konvektorske-grejalice","8":"first","9":"outofstock","10":"taxable","11":"shipping-taxable","12":"purchasable","13":"product-type-simple"},"_links":{"self":[{"href":"https:\/\/binvex.com\/en\/wp-json\/wp\/v2\/product\/2079","targetHints":{"allow":["GET"]}}],"collection":[{"href":"https:\/\/binvex.com\/en\/wp-json\/wp\/v2\/product"}],"about":[{"href":"https:\/\/binvex.com\/en\/wp-json\/wp\/v2\/types\/product"}],"wp:featuredmedia":[{"embeddable":true,"href":"https:\/\/binvex.com\/en\/wp-json\/wp\/v2\/media\/2083"}],"wp:attachment":[{"href":"https:\/\/binvex.com\/en\/wp-json\/wp\/v2\/media?parent=2079"}],"wp:term":[{"taxonomy":"product_brand","embeddable":true,"href":"https:\/\/binvex.com\/en\/wp-json\/wp\/v2\/product_brand?post=2079"},{"taxonomy":"product_cat","embeddable":true,"href":"https:\/\/binvex.com\/en\/wp-json\/wp\/v2\/product_cat?post=2079"},{"taxonomy":"product_tag","embeddable":true,"href":"https:\/\/binvex.com\/en\/wp-json\/wp\/v2\/product_tag?post=2079"}],"curies":[{"name":"wp","href":"https:\/\/api.w.org\/{rel}","templated":true}]}}