{"id":203,"date":"2023-11-20T18:10:23","date_gmt":"2023-11-20T17:10:23","guid":{"rendered":"https:\/\/dev-binvex.pantheonsite.io\/?post_type=product&#038;p=203"},"modified":"2025-04-08T10:53:25","modified_gmt":"2025-04-08T08:53:25","slug":"grejalica-za-kupatilo-quadro-visio-radialight-1800-w","status":"publish","type":"product","link":"https:\/\/binvex.com\/en\/p\/grejalica-za-kupatilo-quadro-visio-radialight-1800-w\/","title":{"rendered":"GREJALICA ZA KUPATILO QUADRO VISIO RADIALIGHT \u2013 1800 W"},"content":{"rendered":"<h3><span style=\"color: #000000;\"><a style=\"color: #000000;\" href=\"https:\/\/www.radialight.com\/en\/products-range\/electric-heating-products\/heat-your-bathroom\/wall-mounted-bathroom-fan-heater-with-mirror-quadro-visio\" target=\"_blank\" rel=\"noopener\">KUPATILSKA GREJALICA QUADRO VISIO<\/a><\/span><\/h3>\n<h3>Zidna grejalica za kupatilo sa ogledalom<\/h3>\n<p>QUADRO VISIO kupatilska grejalica pru\u017ea moderna, programabilna i sofisticirana re\u0161enja za grejanje. Ova jedinica poseduje najnoviju tehnologiju uklju\u010dujuc\u0301i nedeljno programiranje, detekciju otvorenih prozora, programibilno upravljanje napajanjem i povec\u0301anje snage. QUADRO VISIO je savr\u0161en za kupatila, apartmane i hotele zbog svoje zavr\u0161ne obrade sa ogledalom.<\/p>\n<p>Inteligentna elektronska tehnologija QUADRO VISIO vam je na raspolaganju. Sve \u0161to treba da uradite je da jednostavno dodirnete njegove kontrole. Zahvaljujuc\u0301i svom inteligentnom elektronskom termostatu, QUADRO VISIO c\u0301e vam garantovati odre\u0111eni stepen kontrole udobnosti automatskim smanjenjem potro\u0161nje elektri\u010dne energije kada se postigne \u017eeljena temperatura.<\/p>\n<p>Da li \u017eelite da se probudite i na\u0111ete da je va\u0161e kupatilo vec\u0301 toplo i da u\u0161tedite na satima kada niste kod kuc\u0301e? To je moguc\u0301e zahvaljujuc\u0301i nedeljnom programu. Da li \u017eelite da isklju\u010dite grejanje i da brzo zagrejete kupatilo samo kada vam je potrebno? Rad u re\u017eimu sa tajmerom je idealno re\u0161enje.<\/p>\n<p><img decoding=\"async\" class=\"alignnone size-medium wp-image-210\" src=\"https:\/\/binvex.com\/wp-content\/uploads\/2023\/11\/kupatilska-grejalica-quadro-visio-izgled-768x384-1-300x150.png\" alt=\"\" width=\"300\" height=\"150\" srcset=\"https:\/\/binvex.com\/wp-content\/uploads\/2023\/11\/kupatilska-grejalica-quadro-visio-izgled-768x384-1-300x150.png 300w, https:\/\/binvex.com\/wp-content\/uploads\/2023\/11\/kupatilska-grejalica-quadro-visio-izgled-768x384-1-600x300.png 600w, https:\/\/binvex.com\/wp-content\/uploads\/2023\/11\/kupatilska-grejalica-quadro-visio-izgled-768x384-1.png 768w\" sizes=\"(max-width: 300px) 100vw, 300px\" \/><\/p>\n<h3>Na\u010din grejanja kupatilske grejalice<br \/>\n<img decoding=\"async\" class=\"alignnone size-medium wp-image-211\" src=\"https:\/\/binvex.com\/wp-content\/uploads\/2023\/11\/kupatilska-grejalica-nacin-grejanja-300x150.jpg\" alt=\"\" width=\"300\" height=\"150\" srcset=\"https:\/\/binvex.com\/wp-content\/uploads\/2023\/11\/kupatilska-grejalica-nacin-grejanja-300x150.jpg 300w, https:\/\/binvex.com\/wp-content\/uploads\/2023\/11\/kupatilska-grejalica-nacin-grejanja.jpg 600w\" sizes=\"(max-width: 300px) 100vw, 300px\" \/><\/h3>\n<p>Smanjite potro\u0161nju! QUADRO VISIO pode\u0161avanja za upravljanje toplotom c\u0301e omoguc\u0301iti u\u0161tedu energije bez \u017ertvovanja udobnosti. Nivo temperature kontroli\u0161e precizan digitalni termostat, koji omoguc\u0301ava ravnomernu distribuciju toplote unutar kupatila, bez obzira na to gde je greja\u010d instaliran. Svakodnevno programiranje koje mo\u017eete prilagoditi po svojoj \u017eelji pru\u017eic\u0301e vam dodatnu pomoc\u0301 da smanjite potro\u0161nju energije: ovaj inovativni greja\u010d ventilatora za kupatilo mo\u017ee se tako prilagoditi va\u0161im \u017eivotnim ritmovima i rasporedima, \u0161irec\u0301i toplotu samo kada je to neophodno.\u00a0Funkcija poja\u010danja u\u010dinic\u0301e va\u0161e kupatilo prijatnim i udobnim za samo 15 minuta.<\/p>\n<p>QUADRO VISIO nije samo sistem grejanja za va\u0161e kupatilo. Tako\u0111e je prakti\u010dan za su\u0161enje pe\u0161kira zahvaljujuc\u0301i dr\u017ea\u010du za pe\u0161kire sa 2 dodatne kuke i prelepom ugra\u0111enom ogledalu.<\/p>\n<h3>Kontrola kupatilske grejalice<br \/>\n<img decoding=\"async\" class=\"alignnone size-medium wp-image-212\" src=\"https:\/\/binvex.com\/wp-content\/uploads\/2023\/11\/kupatilska-grejalica-quadro-visio-kontrole-300x150.png\" alt=\"\" width=\"300\" height=\"150\" srcset=\"https:\/\/binvex.com\/wp-content\/uploads\/2023\/11\/kupatilska-grejalica-quadro-visio-kontrole-300x150.png 300w, https:\/\/binvex.com\/wp-content\/uploads\/2023\/11\/kupatilska-grejalica-quadro-visio-kontrole.png 600w\" sizes=\"(max-width: 300px) 100vw, 300px\" \/><\/h3>\n<div class=\"content\">\n<p>QUADRO VISIO karakteri\u0161e jednostavnost kontrola na ekranu osetljivom na dodir, integrisanih u prednju povr\u0161inu proizvoda, sa kojima mo\u017eete birati razli\u010dite nivoe temperature, pode\u0161avati nedeljni program, proveriti temperaturu okoline u prostoriji ili jednostavno aktivirati automatski ultra- funkciju grejanja pritiskom na dugme BOOST.<\/p>\n<p>Dr\u017ea\u010d pe\u0161kira je pravi osnovni resurs za kupatilo, omoguc\u0301avajuc\u0301i vam da uvek u\u017eivate u suvim i toplim pe\u0161kirima.<\/p>\n<p>Dizajn i funkcionalnosti stvoreni da vam u\u010dine kupatilo udobnim u svako godi\u0161nje doba.<\/p>\n<p>\u2013 LED indikator u re\u017eimu bez smrzavanja<br \/>\n\u2013 LED indikator ECO re\u017eima<br \/>\n\u2013 LED indikator re\u017eima COMFORT<br \/>\n\u2013 LED indikator senzora otvorenog prozora<br \/>\n\u2013 LCD displej<br \/>\n\u2013 BOOST Ultra-Fast funkcija grejanja<br \/>\n\u2013 bira\u010d MODE<br \/>\n\u2013 Nedeljni program<br \/>\n\u2013 Stand-by prekida\u010d<\/p>\n<h3>Karakteristike<\/h3>\n<p>Kontrole na ekranu osetljivom na dodir + LED displej, za precizno regulisanje \u017eeljene temperature okoline<\/p>\n<p>\u2022 4 re\u017eima rada: KOMFOR, BOOST, PROGRAMIRANI, ANTIFRIZ<br \/>\n\u2022 BOOST funkcija za ultra-brzo zagrevanje<br \/>\n\u2022 Ugra\u0111eni dr\u017ea\u010d pe\u0161kira + 2 dodatne kuke za dodatne pe\u0161kire<br \/>\n\u2022 Ultra ravan dizajn: samo 11,2 cm debljine kada se montira na zid<br \/>\n\u2022 Filter za pra\u0161inu koji se mo\u017ee ukloniti i prati sa integrisanim alarmom za \u010di\u0161c\u0301enje filtera<br \/>\n\u2022 Dvostruka elektri\u010dna izolacija<br \/>\n\u2022 Elektronski termostat<br \/>\n\u2022 IP24 stepen za\u0161tite od prskanja vode, tako da je savr\u0161en za ugradnju u kupatilo i vla\u017eno okru\u017eenje<br \/>\n\u2022 Komplet za instalaciju uklju\u010den<br \/>\n\u2022 Savr\u0161eno za bilo koju veli\u010dinu kupatila<\/p>\n<p>Preostalu ponudu kupatilskih grejalica i su\u0161a\u010da za pe\u0161kire pogledajte na:<\/p>\n<h4><span style=\"color: #000000;\"><a style=\"color: #000000;\" href=\"https:\/\/binvex.com\/en\/kupatilske-grejalice-susaci-peskira\/\" target=\"_blank\" rel=\"noopener noreferrer\">KUPATILSKE GREJALICE<\/a><\/span><\/h4>\n<\/div>\n<h3>Tehni\u010dke specifikacije:<\/h3>\n<p>EAN kod: 8019250831045<br \/>\nDimenzije (\u0160 x V x D): 29 x 53 x 11 cm<br \/>\nSnaga na 230V: 1000\/1800W<br \/>\nKontrole na ekranu osetljivom na dodir: Da<br \/>\nElektronski termostat: Da<br \/>\nNeto te\u017eina: 2,7 kg<br \/>\nBoja: sjajno bela<\/p>\n<h3>Proizvo\u0111a\u010d:<br \/>\n<img loading=\"lazy\" decoding=\"async\" class=\"alignnone size-full wp-image-137\" src=\"https:\/\/binvex.com\/wp-content\/uploads\/2023\/11\/4-RADIALIGHT-logo.jpg\" alt=\"\" width=\"236\" height=\"140\" \/><\/h3>\n<h3 class=\"naslov-download\">Preuzmite PDF:<\/h3>\n<p class=\"fajl-down\"><img loading=\"lazy\" decoding=\"async\" class=\"alignnone size-full wp-image-216\" src=\"https:\/\/binvex.com\/wp-content\/uploads\/2023\/11\/downP.png\" alt=\"\" width=\"48\" height=\"55\" \/>\u00a0 \u00a0<a href=\"https:\/\/binvex.com\/wp-content\/uploads\/2023\/11\/Katalog-Quadro-Visio.pdf\">Katalog &#8211; Kupatilska grejalica Quadro Visio<\/a><\/p>\n<h2 class=\"naslov-download\"><\/h2>","protected":false},"excerpt":{"rendered":"<p>KUPATILSKA GREJALICA QUADRO VISIO Zidna grejalica za kupatilo sa ogledalom QUADRO VISIO kupatilska grejalica pru\u017ea moderna, programabilna i sofisticirana re\u0161enja za grejanje. Ova jedinica poseduje najnoviju tehnologiju uklju\u010dujuc\u0301i nedeljno programiranje, detekciju otvorenih prozora, programibilno upravljanje napajanjem i povec\u0301anje snage. QUADRO VISIO je savr\u0161en za kupatila, apartmane i hotele zbog svoje zavr\u0161ne obrade sa ogledalom. Inteligentna [&hellip;]<\/p>","protected":false},"featured_media":204,"template":"","meta":{"_eb_attr":""},"product_brand":[],"product_cat":[30],"product_tag":[],"class_list":{"0":"post-203","1":"product","2":"type-product","3":"status-publish","4":"has-post-thumbnail","6":"product_cat-grejalice-za-kupatilo","8":"first","9":"instock","10":"taxable","11":"shipping-taxable","12":"purchasable","13":"product-type-simple"},"_links":{"self":[{"href":"https:\/\/binvex.com\/en\/wp-json\/wp\/v2\/product\/203","targetHints":{"allow":["GET"]}}],"collection":[{"href":"https:\/\/binvex.com\/en\/wp-json\/wp\/v2\/product"}],"about":[{"href":"https:\/\/binvex.com\/en\/wp-json\/wp\/v2\/types\/product"}],"wp:featuredmedia":[{"embeddable":true,"href":"https:\/\/binvex.com\/en\/wp-json\/wp\/v2\/media\/204"}],"wp:attachment":[{"href":"https:\/\/binvex.com\/en\/wp-json\/wp\/v2\/media?parent=203"}],"wp:term":[{"taxonomy":"product_brand","embeddable":true,"href":"https:\/\/binvex.com\/en\/wp-json\/wp\/v2\/product_brand?post=203"},{"taxonomy":"product_cat","embeddable":true,"href":"https:\/\/binvex.com\/en\/wp-json\/wp\/v2\/product_cat?post=203"},{"taxonomy":"product_tag","embeddable":true,"href":"https:\/\/binvex.com\/en\/wp-json\/wp\/v2\/product_tag?post=203"}],"curies":[{"name":"wp","href":"https:\/\/api.w.org\/{rel}","templated":true}]}}