{"id":1870,"date":"2023-12-06T11:34:33","date_gmt":"2023-12-06T10:34:33","guid":{"rendered":"https:\/\/dev-binvex.pantheonsite.io\/?post_type=product&#038;p=1870"},"modified":"2026-03-26T11:37:17","modified_gmt":"2026-03-26T10:37:17","slug":"wifi-povezivanje-ta-peci-g-control-hub-elnur-gabarron","status":"publish","type":"product","link":"https:\/\/binvex.com\/en\/p\/wifi-povezivanje-ta-peci-g-control-hub-elnur-gabarron\/","title":{"rendered":"WIFI POVEZIVANJE TA PE\u0106I G CONTROL HUB ELNUR GABARRON"},"content":{"rendered":"<p>Dodatak za WiFi kontrolu termoakumulacionih radijatora Eco Pro i termoakumulacionih pe\u0107i Eco Arc.<\/p>\n<p>G Control Hub je prvi sistem koji omogu\u0107ava regulisanje i pode\u0161avanje ure\u0111aja za grejanje preko WiFi-a. Pristup i potpuna kontrola va\u0161eg grejanja preko WiFi konekcije. Potpuni komfor i u\u0161teda energije prilago\u0111avanjem grejanja va\u0161im potrebama.<br \/>\nOmogu\u0107ava kontrolu i do 30 ure\u0111aja sa jednim G Control Hub-om. Zahvaljuju\u0107i besplatnoj mobilnoj aplikaciji (za android na Google App Store-u i za Apple IOS na App Store-u), koju korisnici mogu preuzeti na bilom kom telefonu, mogu\u0107e je pristupiti va\u0161em ure\u0111aju bilo gde da se nalazite.<\/p>\n<p>Dostupno u dva modela:<\/p>\n<p>\u2013 G Control Hub EU<\/p>\n<p>\u2013 G Control Hub USB<\/p>\n<p>Vi\u0161e inforamcija na sajtu\u00a0Elnur Gabarron.<\/p>\n<h3>Proizvo\u0111a\u010d:<br \/>\n<img decoding=\"async\" class=\"alignnone size-full wp-image-130\" src=\"https:\/\/binvex.com\/wp-content\/uploads\/2023\/11\/Elnur-logo.jpg\" alt=\"\" width=\"236\" height=\"140\" \/><\/h3>\n<h3 class=\"naslov-download\">Preuzmite PDF:<br \/>\n<img decoding=\"async\" class=\"alignnone size-full wp-image-216\" src=\"https:\/\/binvex.com\/wp-content\/uploads\/2023\/11\/downP.png\" alt=\"\" width=\"48\" height=\"55\" \/><\/h3>","protected":false},"excerpt":{"rendered":"<p>Dodatak za WiFi kontrolu termoakumulacionih radijatora Eco Pro i termoakumulacionih pe\u0107i Eco Arc. G Control Hub je prvi sistem koji omogu\u0107ava regulisanje i pode\u0161avanje ure\u0111aja za grejanje preko WiFi-a. Pristup i potpuna kontrola va\u0161eg grejanja preko WiFi konekcije. Potpuni komfor i u\u0161teda energije prilago\u0111avanjem grejanja va\u0161im potrebama. Omogu\u0107ava kontrolu i do 30 ure\u0111aja sa jednim [&hellip;]<\/p>","protected":false},"featured_media":1875,"template":"","meta":{"_eb_attr":""},"product_brand":[],"product_cat":[32],"product_tag":[],"class_list":{"0":"post-1870","1":"product","2":"type-product","3":"status-publish","4":"has-post-thumbnail","6":"product_cat-ta-peci","8":"first","9":"instock","10":"sale","11":"taxable","12":"shipping-taxable","13":"purchasable","14":"product-type-variable"},"_links":{"self":[{"href":"https:\/\/binvex.com\/en\/wp-json\/wp\/v2\/product\/1870","targetHints":{"allow":["GET"]}}],"collection":[{"href":"https:\/\/binvex.com\/en\/wp-json\/wp\/v2\/product"}],"about":[{"href":"https:\/\/binvex.com\/en\/wp-json\/wp\/v2\/types\/product"}],"wp:featuredmedia":[{"embeddable":true,"href":"https:\/\/binvex.com\/en\/wp-json\/wp\/v2\/media\/1875"}],"wp:attachment":[{"href":"https:\/\/binvex.com\/en\/wp-json\/wp\/v2\/media?parent=1870"}],"wp:term":[{"taxonomy":"product_brand","embeddable":true,"href":"https:\/\/binvex.com\/en\/wp-json\/wp\/v2\/product_brand?post=1870"},{"taxonomy":"product_cat","embeddable":true,"href":"https:\/\/binvex.com\/en\/wp-json\/wp\/v2\/product_cat?post=1870"},{"taxonomy":"product_tag","embeddable":true,"href":"https:\/\/binvex.com\/en\/wp-json\/wp\/v2\/product_tag?post=1870"}],"curies":[{"name":"wp","href":"https:\/\/api.w.org\/{rel}","templated":true}]}}