{"id":1839,"date":"2023-12-06T10:39:57","date_gmt":"2023-12-06T09:39:57","guid":{"rendered":"https:\/\/dev-binvex.pantheonsite.io\/?post_type=product&#038;p=1839"},"modified":"2025-04-08T11:06:38","modified_gmt":"2025-04-08T09:06:38","slug":"elektricni-panelni-radijatori-icon-radialight","status":"publish","type":"product","link":"https:\/\/binvex.com\/en\/p\/elektricni-panelni-radijatori-icon-radialight\/","title":{"rendered":"ELEKTRI\u010cNI PANELNI RADIJATORI ICON RADIALIGHT"},"content":{"rendered":"<h1><a href=\"https:\/\/www.radialight.com\/en\/products-range\/electric-heating-products\/heat-your-home\/digital-vertical-shaped-electric-radiator-icon\" target=\"_blank\" rel=\"noopener\">DIGITALNI ELEKTRI\u010cNI RADIJATOR VERTIKALNOG OBLIKA \u2013 ICON<\/a><\/h1>\n<p>Panelni radijatori dubine samo 45 cm. ICON je savr\u0161en spoj dizajna, komada name\u0161taja, udobnosti i u\u0161tede energije. DUAL THERM tehnologija koja kombinuje infracrveno zra\u010denje i prirodnu konvekciju. Sistem grejanja i su\u0161a\u010di pe\u0161kira za kupatilo iz snova. Sofisticirana, kultna linija, povr\u0161ina kojoj se treba diviti. Funkcije pametne u\u0161tede energije.<\/p>\n<p>Budite sigurni da imate pravi komad name\u0161taja u svojoj omiljenoj sobi. Dubine samo 45 cm, ICON panelni radijator c\u0301e zagrejati vas i va\u0161e najmilije do sr\u017ei, koristec\u0301i tehnologiju zra\u010denja sertifikovanu od strane Radialight-a i sa dizajnom koji \u0107e se izdvajati elegancijom u bilo kojoj prostoriji u kojoj \u017eelite da ga isprobate.<\/p>\n<h3>Tehnologija grejanja panelnih radijatora<\/h3>\n<p>ICON sadr\u017ei DUAL-THERM tehnologiju koja predstavlja dva razli\u010dita sistema grejanja u jednom proizvodu: konvekcija omoguc\u0301ava brzo postizanje zahtevanog nivoa udobnosti u prostoriji, dok zra\u010denje obezbe\u0111uje da prednja povr\u0161ina prenosi konstantan i ujedna\u010den komfor.<br \/>\nElektronski termostat obezbe\u0111uje inteligentno upravljanje toplotom automatski smanjujuc\u0301i potro\u0161nju kada temperatura dostigne potreban nivo.<\/p>\n<h3>Kontrola ure\u0111aja<\/h3>\n<p>\u2022 Lako i prakti\u010dno nedeljno programiranje sa 3 razli\u010dita unapred pode\u0161ena programa koji odgovaraju va\u0161em \u017eivotnom stilu.<br \/>\n\u2022 Indikacija idealne komforne temperature za u\u0161tedu energije.<br \/>\n\u2022 Funkcija Powercheck da biste saznali ta\u010dno koliko je elektri\u010dne energije potro\u0161eno u poslednja 24 sata ili 7 dana.<br \/>\n\u2022 Izbor od 4 razli\u010dita re\u017eima rada: Komfor, Eko, Za\u0161tita od smrzavanja, Nedeljno programiranje.<br \/>\n\u2022 Moguc\u0301nost sigurnosnog zaklju\u010davanja komandi.<\/p>\n<h3>Karakteristike<\/h3>\n<p>\u2022 Integrisani LCD ekran za laku navigaciju<br \/>\n\u2022 Tehnologija u\u0161tede energije sa optimizacijom potro\u0161nje<br \/>\n\u2022 Dual-Therm sistem grejanja: infracrveno zra\u010denje + prirodna konvekcija<br \/>\n\u2022 Visoko precizni elektronski termostat (\u00b1 0,2\u00b0C)<br \/>\n\u2022 3 re\u017eima sedmi\u010dnog programiranja: re\u017eim koji defini\u0161ete vi, office i holiday re\u017eim<br \/>\n\u2022 Powercheck funkcija za kontrolu potro\u0161nje energije<br \/>\n\u2022 Senzor otvorenog prozora<br \/>\n\u2022 Brza i laka instalacija sa uklju\u010denim kompletom za monta\u017eu i nula tro\u0161kova odr\u017eavanja<br \/>\n\u2022 IP24 Za\u0161tita od prskanja vode, idealna za ugradnju \u010dak i na vla\u017enim mestima<br \/>\n\u2022U skladu sa propisima ECODESIGN<\/p>\n<p>ICON je dostupan u 4 razli\u010dita modela snage od 750 do 2000w, pogodna za prostorije od 5 do 30 kvadratnih metara. Dve boje: ledeno bela i antracit siva, obe sa satenskom zavr\u0161nom obradom. Komplet za kupatilo, koji se isporu\u010duje zasebno kao dodatak, mo\u017ee se prilagoditi svim verzijama. Sastoji se od 2 aluminijumska dr\u017ea\u010da pe\u0161kira i kuke za bade mantil. ICON c\u0301e postati dr\u017ea\u010d za pe\u0161kire u va\u0161em kupatilu iz snova.<\/p>\n<div class=\"content\">\n<p><a href=\"tel:0113836882\">Za vi\u0161e informacija pozovite jednostavnim klikom na broj telefona 011\/38-36-882<\/a><\/p>\n<\/div>\n<h3>Tehni\u010dke specifikacije:<\/h3>\n<p><strong>ICON 7\u00a0<\/strong><br \/>\nEAN kod: 8019250936023 (beli) \/ 8019250936061 (sivi)<br \/>\nDimenzije (\u0160xVxD): 45 x 95 x 10,5cm<br \/>\nDubina montiranog ure\u0111aja na zidu: 12,5 cm<br \/>\nSnaga na 230V: 750W<br \/>\nDu\u017eina kabla: 100cm<br \/>\nNeto te\u017eina: 7,9 kg<br \/>\nBoja: bela ili siva<br \/>\n<strong>CENA: 40.900,00 RSD<\/strong><\/p>\n<p><strong>ICON 10\u00a0<\/strong><br \/>\nEAN kod: 8019250936221 (beli) \/ 8019250936269 (sivi)<br \/>\nDimenzije (\u0160xVxD): 45 x 110 x 10,5cm<br \/>\nDubina montiranog ure\u0111aja na zidu: 12,5 cm<br \/>\nSnaga na 230V: 1000W<br \/>\nDu\u017eina kabla: 100cm<br \/>\nNeto te\u017eina: 11,2 kg<br \/>\nBoja: bela ili siva<br \/>\n<strong>CENA: 43.170,00 RSD<\/strong><\/p>\n<p><strong>ICON 15<\/strong><br \/>\nEAN kod: 8019250936429 (beli) \/ 8019250936467 (sivi)<br \/>\nDimenzije (\u0160xVxD): 45 x 150 x 10,5cm<br \/>\nDubina montiranog ure\u0111aja na zidu: 12,5 cm<br \/>\nSnaga na 230V: 1500W<br \/>\nDu\u017eina kabla: 100cm<br \/>\nNeto te\u017eina: 14,8 kg<br \/>\nBoja: bela ili siva<br \/>\n<strong>CENA: 51.130,00 RSD<\/strong><\/p>\n<p><strong>ICON 20\u00a0<\/strong><br \/>\nEAN kod: 8019250936627 (beli) \/ 8019250936665 (sivi)<br \/>\nDimenzije (\u0160xVxD): 45 x 180 x 10,5cm<br \/>\nDubina montiranog ure\u0111aja na zidu: 12,5 cm<br \/>\nSnaga na 230V: 2000W<br \/>\nDu\u017eina kabla: 100cm<br \/>\nNeto te\u017eina: 18,2 kg<br \/>\nBoja: bela ili siva<br \/>\n<strong>CENA: 56.590,00 RSD<\/strong><\/p>\n<h3>Proizvo\u0111a\u010d:<br \/>\n<img decoding=\"async\" class=\"alignnone size-full wp-image-213\" src=\"https:\/\/binvex.com\/wp-content\/uploads\/2023\/11\/4-RADIALIGHT-logo-1.jpg\" alt=\"\" width=\"236\" height=\"140\" \/><br \/>\nPreuzmite PDF:<br \/>\n<img decoding=\"async\" class=\"alignnone size-full wp-image-216\" src=\"https:\/\/binvex.com\/wp-content\/uploads\/2023\/11\/downP.png\" alt=\"\" width=\"48\" height=\"55\" \/> <a href=\"https:\/\/binvex.com\/wp-content\/uploads\/2023\/12\/Katalog-Icon-1-2_compressed.pdf\" target=\"_blank\" rel=\"noopener\">Katalog &#8211; Panelni radijatori ICON<\/a><\/h3>","protected":false},"excerpt":{"rendered":"<p>DIGITALNI ELEKTRI\u010cNI RADIJATOR VERTIKALNOG OBLIKA \u2013 ICON Panelni radijatori dubine samo 45 cm. ICON je savr\u0161en spoj dizajna, komada name\u0161taja, udobnosti i u\u0161tede energije. DUAL THERM tehnologija koja kombinuje infracrveno zra\u010denje i prirodnu konvekciju. Sistem grejanja i su\u0161a\u010di pe\u0161kira za kupatilo iz snova. Sofisticirana, kultna linija, povr\u0161ina kojoj se treba diviti. Funkcije pametne u\u0161tede energije. [&hellip;]<\/p>","protected":false},"featured_media":1867,"template":"","meta":{"_eb_attr":""},"product_brand":[],"product_cat":[27],"product_tag":[],"class_list":{"0":"post-1839","1":"product","2":"type-product","3":"status-publish","4":"has-post-thumbnail","6":"product_cat-digitalni-panelni-radijatori","8":"first","9":"instock","10":"taxable","11":"shipping-taxable","12":"purchasable","13":"product-type-variable"},"_links":{"self":[{"href":"https:\/\/binvex.com\/en\/wp-json\/wp\/v2\/product\/1839","targetHints":{"allow":["GET"]}}],"collection":[{"href":"https:\/\/binvex.com\/en\/wp-json\/wp\/v2\/product"}],"about":[{"href":"https:\/\/binvex.com\/en\/wp-json\/wp\/v2\/types\/product"}],"wp:featuredmedia":[{"embeddable":true,"href":"https:\/\/binvex.com\/en\/wp-json\/wp\/v2\/media\/1867"}],"wp:attachment":[{"href":"https:\/\/binvex.com\/en\/wp-json\/wp\/v2\/media?parent=1839"}],"wp:term":[{"taxonomy":"product_brand","embeddable":true,"href":"https:\/\/binvex.com\/en\/wp-json\/wp\/v2\/product_brand?post=1839"},{"taxonomy":"product_cat","embeddable":true,"href":"https:\/\/binvex.com\/en\/wp-json\/wp\/v2\/product_cat?post=1839"},{"taxonomy":"product_tag","embeddable":true,"href":"https:\/\/binvex.com\/en\/wp-json\/wp\/v2\/product_tag?post=1839"}],"curies":[{"name":"wp","href":"https:\/\/api.w.org\/{rel}","templated":true}]}}