{"id":1795,"date":"2023-12-05T14:12:42","date_gmt":"2023-12-05T13:12:42","guid":{"rendered":"https:\/\/dev-binvex.pantheonsite.io\/?post_type=product&#038;p=1795"},"modified":"2025-04-08T11:05:39","modified_gmt":"2025-04-08T09:05:39","slug":"elektricni-wifi-panelni-radijatori-kyoto-radialight","status":"publish","type":"product","link":"https:\/\/binvex.com\/en\/p\/elektricni-wifi-panelni-radijatori-kyoto-radialight\/","title":{"rendered":"ELEKTRI\u010cNI WIFI PANELNI RADIJATORI KYOTO RADIALIGHT"},"content":{"rendered":"<h3><a style=\"font-size: 16px;\" href=\"https:\/\/www.radialight.com\/en\/products-range\/electric-heating-products\/heat-your-home\/dual-therm-glass-front-radiators-aetherea\" target=\"_blank\" rel=\"noopener\">DUAL-THERM ULTRA TANKI PANELNI RADIJATORI ITALIJANSKOG PROIZVO\u0110A\u010cA RADIALIGHT<\/a><\/h3>\n<p>Zamislite elektri\u010dni radijator koji izgleda \u010disto, elegantno i ultra ravno, a prednja strana debljine samo nekoliko milimetara \u2013 tanka plo\u010da koja lebdi u vazduhu. Dodajte kontrole na dodir prilago\u0111ene korisniku da biste pobolj\u0161ali svoje iskustvo, a istovremeno ga u\u010dinili prakti\u010dnim. Iskoristite sve prednosti najnovije tehnologije, koja smanjuje potro\u0161nju energije, prilago\u0111avajuc\u0301i se va\u0161em na\u010dinu \u017eivota i navikama, a istovremeno pru\u017ea udobnost kuc\u0301ne automatizacije. KYOTO, na\u0161i novi Radialight DUAL-THERM elektri\u010dni panelni radijatori, su sve ovo i vi\u0161e.<\/p>\n<p>&nbsp;<\/p>\n<h3>Tehnologija grejanja<\/h3>\n<p>&nbsp;<\/p>\n<p>DUAL-THERM sistem obezbe\u0111uje udobnost i blagostanje: infracrveno zra\u010denje i prirodna konvekcija kombinovani u ovom radijatoru obezbe\u0111uju brzo, ravnomerno zagrevanje i prijatan topli osec\u0301aj koji se produ\u017eava tokom vremena. Sistem kontrole temperature optimizuje potro\u0161nju radijatora dok se pribli\u017eava pode\u0161enom nivou toplote, \u0161tedec\u0301i energiju.<\/p>\n<h3>Kontrola ure\u0111aja<\/h3>\n<p>&nbsp;<\/p>\n<p>KYOTO dolazi sa kontrolama na dodir koje funkcioni\u0161u dodirivanjem kontrolne table prstima. Ekran sa pozadinskim osvetljenjem sa navigacijom kroz meni \u010dini korisni\u010dko iskustvo i pristup funkcijama lakim i intuitivnim.<br \/>\nIskoristite prednosti tehnologije i ve\u0161ta\u010dke inteligencije da biste kreirali moderan sistem grejanja sa brzim odzivom koji se mo\u017ee prilagoditi svakoj prostoriji i lako se prilago\u0111ava va\u0161oj rutini. Moc\u0301i c\u0301ete da u\u0161tedite novac kada niste kod kuc\u0301e i da dobijete korisne informacije o potro\u0161nji energije.<br \/>\nKYOTO je inteligentan: obezbe\u0111uje va\u0161u idealnu temperaturu omoguc\u0301avajuc\u0301i vam da kreirate personalizovane programe ili u\u010dec\u0301i va\u0161e rutine dok detektuje va\u0161e prisustvo i va\u0161u omiljenu temperaturu.<\/p>\n<h3>Karakteristike<\/h3>\n<p>\u2022DUAL-THERM sistem grejanja: infracrveno zra\u010denje + prirodna konvekcija;<br \/>\n\u2022Inteligentna kontrola napajanja za energetsku efikasnost;<br \/>\n\u2022Ekran sa navigacionim menijem za jednostavnu upotrebu;<br \/>\n\u2022\u017deljeno pode\u0161avanje sobne temperature na najbli\u017ei deseti deo stepena;<br \/>\n\u2022Vidljivo programiranje po satu, prilagodljivo za svaki dan u nedelji;<br \/>\n\u2022Opticontrol sistem koji automatski otkriva kada ste u blizini, omoguc\u0301avajuc\u0301i smanjenje potro\u0161nje kada ste napolju, dok automatski kreira operativni program u\u010denjem va\u0161ih rutina;<br \/>\n\u2022Powercheck funkcija koja pru\u017ea detalje dnevne i nedeljne potro\u0161nje;<br \/>\n\u2022Funkcija detekcije otvorenog prozora za smanjenje gubitka energije;<br \/>\n\u2022Sigurnosne funkcije za starije i decu, koje se mogu koristiti za smanjenje snage i temperature radijatora, kao i za blokiranje pristupa kontrolama;<br \/>\n\u2022Brza i laka instalacija zahvaljujuc\u0301i kompletu za monta\u017eu i nultim tro\u0161kovima odr\u017eavanja;<br \/>\n\u2022Moguc\u0301nost povezivanja na va\u0161 WiFi sistem i kori\u0161c\u0301enja kontrola kuc\u0301ne automatizacije preko Radialight APP (samo nakon instaliranja Radialight Wi-Fi MODULA, koji se mo\u017ee kupiti zasebno);<br \/>\n\u2022IP24 za\u0161tita od prskanja vode \u2013 idealno za ugradnju i u kupatila.<br \/>\n\u2022U skladu sa propisima ECODESIGN<\/p>\n<h4>Instalacija Wi-Fi modula<\/h4>\n<p>Svi proizvodi iz asortimana KYOTO mogu da rade i u ru\u010dnom re\u017eimu i kontrolom na daljinu zahvaljujuc\u0301i Wi-Fi vezi i na\u0161oj Radialight aplikaciji. Instalacija opcionog Wi-Fi modula je veoma jednostavna i korisnik mo\u017ee lako da je obavi pre nego \u0161to pri\u010dvrsti proizvod na zid. Dovoljno je otvoriti namenski odeljak na zadnjoj strani radijatora, spojiti modul na brzi konektor i zatvoriti plasti\u010dni poklopac! To je sve!<\/p>\n<p>&nbsp;<\/p>\n<h4>Funkcija automatskog programiranja<\/h4>\n<p>Aktiviranjem funkcije Auto, senzor pokreta se koristi za automatsko kreiranje nedeljnog radnog programa koji postavlja re\u017eim Comfort u dane i vreme kada ste obi\u010dno kod kuc\u0301e i Eco u drugim vremenima. Ako se va\u0161e navike promene\u2026 nema problema! Aetherea se menja sa vama i nastavlja da se prilago\u0111ava kako bi vam uvek ponudila program koji najbolje odgovara va\u0161im potrebama i izbegavajte tro\u0161enje energije tako \u0161to c\u0301ete smanjiti potro\u0161nju na minimum.<\/p>\n<p>Multifunkcionalni ekran Aetherea vam tako\u0111e omoguc\u0301ava da uvek dr\u017eite status u\u010denja pod kontrolom kako biste proverili da li je pogodan za va\u0161e potrebe. Osetljivost senzora se mo\u017ee podesiti izborom izme\u0111u 3 nivoa kako bi se moglo upravljati najrazli\u010ditijim uslovima instalacije i ograni\u010diti neoptimalne detekcije \u0161to je vi\u0161e moguc\u0301e.<\/p>\n<div class=\"content\">\n<p><a href=\"tel:0113836882\">Za vi\u0161e informacija pozovite jednostavnim klikom na broj telefona 011\/38-36-882<\/a><\/p>\n<\/div>\n<h3>Tehni\u010dke specifikacije:<\/h3>\n<h2>Tehni\u010dke specifikacije:<\/h2>\n<p><strong>KYOTO 7<\/strong><br \/>\nEAN kod: 8019250276020 (beli) \/ 8019250276068 (sivi)<br \/>\nDimenzije (\u0160xVxD): 68,5 x 45,0 x 8,0 cm<br \/>\nDubina montiranog ure\u0111aja na zidu: 10,0 cm<br \/>\nSnaga na 230V: 750W<br \/>\nDu\u017eina kabla: 100cm<br \/>\nNeto te\u017eina: 8,7 kg<br \/>\nBoja: bela RAL9003 ili antracit RAL7024<br \/>\nOpciono WiFi dodatak : RSD 8.810,00<br \/>\n<strong>CENA: 35.760,00 RSD<\/strong><\/p>\n<p><strong>KYOTO 10<\/strong><br \/>\nEAN kod: 8019250276228 (beli) \/ 8019250276266 (sivi)<br \/>\nDimenzije (\u0160xVxD): 80,0 x 45,0 x 8,0 cm<br \/>\nDubina montiranog ure\u0111aja na zidu: 10,0 cm<br \/>\nSnaga na 230V: 1000W<br \/>\nDu\u017eina kabla: 100cm<br \/>\nNeto te\u017eina: 9,5 kg<br \/>\nBoja: bela RAL9003 ili antracit RAL7024<br \/>\nOpciono WiFi dodatak : RSD 8.810,00<br \/>\n<strong>CENA: 40.620,00 RSD<\/strong><\/p>\n<p><strong>KYOTO 15<\/strong><br \/>\nEAN kod: 8019250276426 (beli) \/ 8019250276464 (sivi)<br \/>\nDimenzije (\u0160xVxD): 102,0 x 45,0 x 8,0 cm<br \/>\nDubina montiranog ure\u0111aja na zidu: 10,0 cm<br \/>\nSnaga na 230V: 1500W<br \/>\nDu\u017eina kabla: 100cm<br \/>\nNeto te\u017eina: 12,5 kg<br \/>\nBoja: bela RAL9003 ili antracit RAL7024<br \/>\nOpciono WiFi dodatak : RSD 8.810,00<br \/>\n<strong>CENA: 45.480,00 RSD<\/strong><\/p>\n<p><strong>KYOTO 20<\/strong><br \/>\nEAN kod: 8019250276624 (beli) \/ 8019250276662 (sivi)<br \/>\nDimenzije (\u0160xVxD): 125,0 x 45,0 x 8,0 cm<br \/>\nDubina montiranog ure\u0111aja na zidu: 10,0 cm<br \/>\nSnaga na 230V: 2000W<br \/>\nDu\u017eina kabla: 100cm<br \/>\nNeto te\u017eina: 14,0 kg<br \/>\nBoja: bela RAL9003 ili antracit RAL7024<br \/>\nOpciono WiFi dodatak : RSD 8.810,00<br \/>\n<strong>CENA: 50.110,00 RSD<\/strong><\/p>\n<h3>Proizvo\u0111a\u010d:<br \/>\n<img decoding=\"async\" class=\"alignnone size-full wp-image-213\" src=\"https:\/\/binvex.com\/wp-content\/uploads\/2023\/11\/4-RADIALIGHT-logo-1.jpg\" alt=\"\" width=\"236\" height=\"140\" \/><br \/>\nPreuzmite PDF:<br \/>\n<img decoding=\"async\" class=\"alignnone size-full wp-image-216\" src=\"https:\/\/binvex.com\/wp-content\/uploads\/2023\/11\/downP.png\" alt=\"\" width=\"48\" height=\"55\" \/> <a href=\"https:\/\/binvex.com\/wp-content\/uploads\/2023\/12\/Katalog-Kyoto_compressed.pdf\" target=\"_blank\" rel=\"noopener\">Katalog &#8211; Panelni radijatori KYOTO<\/a><\/h3>","protected":false},"excerpt":{"rendered":"<p>DUAL-THERM ULTRA TANKI PANELNI RADIJATORI ITALIJANSKOG PROIZVO\u0110A\u010cA RADIALIGHT Zamislite elektri\u010dni radijator koji izgleda \u010disto, elegantno i ultra ravno, a prednja strana debljine samo nekoliko milimetara \u2013 tanka plo\u010da koja lebdi u vazduhu. Dodajte kontrole na dodir prilago\u0111ene korisniku da biste pobolj\u0161ali svoje iskustvo, a istovremeno ga u\u010dinili prakti\u010dnim. Iskoristite sve prednosti najnovije tehnologije, koja smanjuje [&hellip;]<\/p>","protected":false},"featured_media":1815,"template":"","meta":{"_eb_attr":""},"product_brand":[],"product_cat":[27],"product_tag":[],"class_list":{"0":"post-1795","1":"product","2":"type-product","3":"status-publish","4":"has-post-thumbnail","6":"product_cat-digitalni-panelni-radijatori","8":"first","9":"instock","10":"taxable","11":"shipping-taxable","12":"purchasable","13":"product-type-variable"},"_links":{"self":[{"href":"https:\/\/binvex.com\/en\/wp-json\/wp\/v2\/product\/1795","targetHints":{"allow":["GET"]}}],"collection":[{"href":"https:\/\/binvex.com\/en\/wp-json\/wp\/v2\/product"}],"about":[{"href":"https:\/\/binvex.com\/en\/wp-json\/wp\/v2\/types\/product"}],"wp:featuredmedia":[{"embeddable":true,"href":"https:\/\/binvex.com\/en\/wp-json\/wp\/v2\/media\/1815"}],"wp:attachment":[{"href":"https:\/\/binvex.com\/en\/wp-json\/wp\/v2\/media?parent=1795"}],"wp:term":[{"taxonomy":"product_brand","embeddable":true,"href":"https:\/\/binvex.com\/en\/wp-json\/wp\/v2\/product_brand?post=1795"},{"taxonomy":"product_cat","embeddable":true,"href":"https:\/\/binvex.com\/en\/wp-json\/wp\/v2\/product_cat?post=1795"},{"taxonomy":"product_tag","embeddable":true,"href":"https:\/\/binvex.com\/en\/wp-json\/wp\/v2\/product_tag?post=1795"}],"curies":[{"name":"wp","href":"https:\/\/api.w.org\/{rel}","templated":true}]}}