{"id":1660,"date":"2023-12-03T21:06:33","date_gmt":"2023-12-03T20:06:33","guid":{"rendered":"https:\/\/dev-binvex.pantheonsite.io\/?post_type=product&#038;p=1660"},"modified":"2026-02-06T09:43:21","modified_gmt":"2026-02-06T08:43:21","slug":"susac-za-ruke-fusion-jet-blade-1091l","status":"publish","type":"product","link":"https:\/\/binvex.com\/en\/p\/susac-za-ruke-fusion-jet-blade-1091l\/","title":{"rendered":"SU\u0160A\u010c ZA RUKE &#8211; FUSION JET BLADE 1091L"},"content":{"rendered":"<h3>SU\u0160A\u010c ZA RUKE ZA TOALETE I KUPATILA SA MOTOROM OD 35.000RPM SU\u0160E RUKE ZA 7 SEKUNDI BRZINOM DUVANJA OD 576 KM\/H!<\/h3>\n<p>Su\u0161a\u010di za ruke doprinose lakom odr\u017eavanju li\u010dne higijene u kupatilima i toaletima. Elektri\u010dni su\u0161a\u010di za ruke su veoma ekonomi\u010dni i prakti\u010dni za upotrebu jer smanjuju otpad (poput papirnih ubrusa), \u0161tede energiju, vreme i novac.<\/p>\n<p>Ovi ure\u0111aji su idealan izbor za su\u0161enje ruku u prometnim objektima poput tr\u017enih centara, restorana, javnih ustanova i sli\u010dno, gde se znatno skra\u0107uje vreme potrebno za su\u0161enje ruku. Ruke budu suve u proseku za samo 10 sekundi, bez ikakvog otpada i tro\u0161enja papira, a uz neznatnu koli\u010dinu utro\u0161ene struje.<\/p>\n<p>Moderni su\u0161a\u010di za ruke se odlikuju velikom brzinom duvanja, koja c\u0301e brzo izduvati vodu sa ruku, dok funkcija grejanja odr\u017eava udobnu temperaturu ruku. Temperatura izduvnog vazduha je izme\u0111u 35-40 stepeni sa aktiviranim greja\u010dem.<\/p>\n<p>Ure\u0111aj za su\u0161enje ruku se pali pomo\u0107u senzora koji detektuje signal, tj. pokret ruke. Signal kontroli\u0161e pokretanje zagrevanja i duvanja. Kada signal detektovan od senzora nestane, grejanje i duvanje se prekidaju.<\/p>\n<div style=\"width: 800px;\" class=\"wp-video\"><video class=\"wp-video-shortcode\" id=\"video-1660-1\" width=\"800\" height=\"450\" preload=\"metadata\" controls=\"controls\"><source type=\"video\/mp4\" src=\"https:\/\/binvex.com\/wp-content\/uploads\/2024\/03\/JetBlade-Silver.mp4?_=1\" \/><a href=\"https:\/\/binvex.com\/wp-content\/uploads\/2024\/03\/JetBlade-Silver.mp4\">https:\/\/binvex.com\/wp-content\/uploads\/2024\/03\/JetBlade-Silver.mp4<\/a><\/video><\/div>\n<h3>Su\u0161a\u010di za ruke \u2013 karakteristike<\/h3>\n<div class=\"content\">\n<div class=\"content\">\n<div class=\"content\">\n<p>VELIKA BRZINA i DVOSTRANO SU\u0160ENJE: Na\u0161 mlazni su\u0161a\u010d za ruke koristi najmoderniji motor bez \u010detkica od 1350W za postizanje velike brzine obrtaja od 35.000 RPM. Su\u0161i ruke za 7-9 sekundi, zahvaljujuc\u0301i brzini vazduha od 160 m\/s. Motori bez \u010detkica imaju zna\u010dajnu prednost u \u017eivotnom veku motora u odnosu na motore sa \u010detkicama. Tako\u0111e, zna\u010dajno su ti\u0161i u radu, efikasniji i \u0161tede vi\u0161e struje. Ovaj su\u0161a\u010d za ruke ima dvostrano, brzo su\u0161enje i visoku efikasnost.<\/p>\n<p>PREMIUM HEPA FILTRACIJA: Odvojivi i perivi HEPA filter i filter za ve\u0107e \u010destice, \u010disti vec\u0301inu ostataka iz vla\u017enog vazduha u toaletu pre nego \u0161to dospe na va\u0161e ruke, tako\u0111e \u010dini va\u0161e ruke sterilnim od sekundarnog zaga\u0111enja. Nakon filtriranja kroz su\u0161a\u010d za ruke, vazduh je sve\u017e i bez mirisa za bezbednu upotrebu.<\/p>\n<p>IZDR\u017dIV ABS MATERIJAL: Poseduje CE sertifikat. Na\u0161 ure\u0111aj za su\u0161enje ruku je napravljen od robusnog ABS materijala. Odlikuje ga sjajna povr\u0161ina, izrazita tvrdoc\u0301a i nema habanja materijala. Bez sumnje, mogu\u0107e je dugo kori\u0161\u0107enje u vla\u017enom kupatilu zbog vrhunskog kvaliteta izrade, otpornosti na koroziju i vodootpornosti standarda IP23. Lako se \u010disti vla\u017enom krpom.<\/p>\n<p>DETALJI: UVC LED lampa uni\u0161tava bakterije koje su pro\u0161le kroz HEPA filter. Biranje uzme\u0111u duvanja toplog (40\u00b0C) vazduha zimi, ili vazduha po sobnoj temperaturi leti jednostavnim prekida\u010dem. Poseduje indikator zavr\u0161etka su\u0161enja ruku.<\/p>\n<p>PRO\u0160IRENA PRIMENA: Idealan za brzo su\u0161enje ruku, ovaj vertikalni su\u0161a\u010d za ruke se mo\u017ee koristiti u svim godi\u0161njim dobima jer omogu\u0107uje da prilagodite njegovu temperaturu za svoju udobnost. Kompatibilan je za dom, bolnice, aerodrome, \u0161kole, kancelarije, tr\u017ene centre itd.<\/p>\n<h3>Dimenzije su\u0161a\u010da za ruke<\/h3>\n<p><img fetchpriority=\"high\" decoding=\"async\" class=\"alignnone size-medium wp-image-2362\" src=\"https:\/\/binvex.com\/wp-content\/uploads\/2023\/12\/Susac-za-ruke-Jet-Blade-Fusion-9min-300x300.jpg\" alt=\"\" width=\"300\" height=\"300\" srcset=\"https:\/\/binvex.com\/wp-content\/uploads\/2023\/12\/Susac-za-ruke-Jet-Blade-Fusion-9min-300x300.jpg 300w, https:\/\/binvex.com\/wp-content\/uploads\/2023\/12\/Susac-za-ruke-Jet-Blade-Fusion-9min-150x150.jpg 150w, https:\/\/binvex.com\/wp-content\/uploads\/2023\/12\/Susac-za-ruke-Jet-Blade-Fusion-9min-12x12.jpg 12w, https:\/\/binvex.com\/wp-content\/uploads\/2023\/12\/Susac-za-ruke-Jet-Blade-Fusion-9min-100x100.jpg 100w, https:\/\/binvex.com\/wp-content\/uploads\/2023\/12\/Susac-za-ruke-Jet-Blade-Fusion-9min.jpg 600w\" sizes=\"(max-width: 300px) 100vw, 300px\" \/><\/p>\n<h3>Prodaja su\u0161a\u010da za ruke i isporuka na celoj teritoriji Srbije \u2013 Binvex d.o.o.<\/h3>\n<p>Preostalu ponudu su\u0161a\u010da za ruke pogledajte na na\u0161oj stranici: <a href=\"https:\/\/binvex.com\/en\/c\/susaci-za-ruke\/\">https:\/\/binvex.com\/c\/susaci-za-ruke\/<\/a><\/p>\n<\/div>\n<\/div>\n<\/div>\n<h3>Proizvo\u0111a\u010d:<br \/>\n<img decoding=\"async\" class=\"alignnone size-full wp-image-238\" src=\"https:\/\/binvex.com\/wp-content\/uploads\/2023\/11\/Fusion-logo-svetliji-230.jpg\" alt=\"\" width=\"236\" height=\"140\" \/><\/h3>\n<h3>Preuzmite PDF:<\/h3>\n<p><a href=\"https:\/\/binvex.com\/wp-content\/uploads\/2024\/03\/Uputstvo-JetBlade-1091.pdf\"><img decoding=\"async\" class=\"alignnone size-full wp-image-216\" src=\"https:\/\/binvex.com\/wp-content\/uploads\/2023\/11\/downP.png\" alt=\"\" width=\"48\" height=\"55\" \/> Uputstvo &#8211; su\u0161a\u010d za ruke JetBlade 1091L<\/a><\/p>","protected":false},"excerpt":{"rendered":"<h3>Tehni\u010dke specifikacije:<\/h3>\n<p>Tip motora:\u00a0<strong>bez \u010detkica<\/strong>, 35.000 RPM, 1.350W<br \/>\nNapon: 230V 50Hz 7.6A, 1.750W<br \/>\nTemperatura: 40\u00b0C \/ sobna temperatura<br \/>\nBrzina duvanja: 160 m\/s \u2013 576 km\/h<br \/>\nProtok vazduha: 127 m3\/h<br \/>\nVreme su\u0161enja: 7 sekundi<br \/>\nStepen za\u0161tite: IP 24<br \/>\nElektri\u010dna izolacija: Klasa II<br \/>\nNivo buke: 70dB<br \/>\nMaterijal ku\u0107i\u0161ta: ABS plastika<br \/>\nTe\u017eina ure\u0111aja: 9,3 kg<br \/>\nDimenzije (\u0161irina x visina x dubina): 29,7\u00d767,1\u00d719,5cm<br \/>\nBoja: bela<\/p>\n<h3>Oprema i karakteristike:<\/h3>\n<p>Plavo LED svetlo<br \/>\nUV lampa na izlazu vazduha<br \/>\nHEPA filter i filter za ve\u0107e \u010destice<br \/>\nPrekida\u010d za paljenje i ga\u0161enje su\u0161a\u010da<br \/>\nKontrola brzine duvanja i buke<br \/>\nPrekida\u010d za grejni element On\/Off<br \/>\nAutomatsko isklju\u010divanje nakon 25 sekundi duvanja<br \/>\nRezervoar za vodu 450 ml.<\/p>","protected":false},"featured_media":2367,"template":"","meta":{"_eb_attr":""},"product_brand":[],"product_cat":[23],"product_tag":[],"class_list":{"0":"post-1660","1":"product","2":"type-product","3":"status-publish","4":"has-post-thumbnail","6":"product_cat-susaci-za-ruke","8":"first","9":"instock","10":"taxable","11":"shipping-taxable","12":"purchasable","13":"product-type-simple"},"_links":{"self":[{"href":"https:\/\/binvex.com\/en\/wp-json\/wp\/v2\/product\/1660","targetHints":{"allow":["GET"]}}],"collection":[{"href":"https:\/\/binvex.com\/en\/wp-json\/wp\/v2\/product"}],"about":[{"href":"https:\/\/binvex.com\/en\/wp-json\/wp\/v2\/types\/product"}],"wp:featuredmedia":[{"embeddable":true,"href":"https:\/\/binvex.com\/en\/wp-json\/wp\/v2\/media\/2367"}],"wp:attachment":[{"href":"https:\/\/binvex.com\/en\/wp-json\/wp\/v2\/media?parent=1660"}],"wp:term":[{"taxonomy":"product_brand","embeddable":true,"href":"https:\/\/binvex.com\/en\/wp-json\/wp\/v2\/product_brand?post=1660"},{"taxonomy":"product_cat","embeddable":true,"href":"https:\/\/binvex.com\/en\/wp-json\/wp\/v2\/product_cat?post=1660"},{"taxonomy":"product_tag","embeddable":true,"href":"https:\/\/binvex.com\/en\/wp-json\/wp\/v2\/product_tag?post=1660"}],"curies":[{"name":"wp","href":"https:\/\/api.w.org\/{rel}","templated":true}]}}