{"id":1653,"date":"2023-12-03T20:58:05","date_gmt":"2023-12-03T19:58:05","guid":{"rendered":"https:\/\/dev-binvex.pantheonsite.io\/?post_type=product&#038;p=1653"},"modified":"2026-01-13T14:17:05","modified_gmt":"2026-01-13T13:17:05","slug":"susac-za-ruke-fusion-thindry-1038l","status":"publish","type":"product","link":"https:\/\/binvex.com\/en\/p\/susac-za-ruke-fusion-thindry-1038l\/","title":{"rendered":"SU\u0160A\u010c ZA RUKE &#8211; FUSION THINDRY 1038L"},"content":{"rendered":"<h3>SU\u0160A\u010c ZA RUKE SA MOTOROM OD 43.000RPM SU\u0160E RUKE ZA 8-10 SEKUNDI BRZINOM DUVANJA OD 430 KM\/H!<\/h3>\n<p>Doprinosi lakom odr\u017eavanju li\u010dne higijene u kupatilima i toaletima. Elektri\u010dni su\u0161a\u010di za ruke su veoma ekonomi\u010dni i prakti\u010dni za upotrebu jer smanjuju otpad (poput papirnih ubrusa), \u0161tede energiju, vreme i novac.<\/p>\n<p>Ovi ure\u0111aji su idealan izbor za su\u0161enje ruku u prometnim objektima poput tr\u017enih centara, restorana, javnih ustanova i sli\u010dno, gde se znatno skra\u0107uje vreme potrebno za su\u0161enje ruku. Ruke budu suve u proseku za samo 10 sekundi, bez ikakvog otpada i tro\u0161enja papira, a uz neznatnu koli\u010dinu utro\u0161ene struje.<\/p>\n<p>Moderni su\u0161a\u010di za ruke se odlikuju velikom brzinom duvanja, koja c\u0301e brzo izduvati vodu sa ruku, dok funkcija grejanja odr\u017eava udobnu temperaturu ruku. Temperatura izduvnog vazduha je izme\u0111u 35-40 stepeni sa aktiviranim greja\u010dem.<\/p>\n<p>Ure\u0111aj za su\u0161enje ruku se pali pomo\u0107u senzora koji detektuje signal, tj. pokret ruke. Signal kontroli\u0161e pokretanje zagrevanja i duvanja. Kada signal detektovan od senzora nestane, grejanje i duvanje se prekidaju.<\/p>\n<div style=\"width: 800px;\" class=\"wp-video\"><video class=\"wp-video-shortcode\" id=\"video-1653-1\" width=\"800\" height=\"450\" preload=\"metadata\" controls=\"controls\"><source type=\"video\/mp4\" src=\"https:\/\/binvex.com\/wp-content\/uploads\/2024\/03\/ThinDry-KW-1038.mp4?_=1\" \/><a href=\"https:\/\/binvex.com\/wp-content\/uploads\/2024\/03\/ThinDry-KW-1038.mp4\">https:\/\/binvex.com\/wp-content\/uploads\/2024\/03\/ThinDry-KW-1038.mp4<\/a><\/video><\/div>\n<h3>Su\u0161a\u010di za ruke \u2013 karakteristike<\/h3>\n<div class=\"content\">\n<p>VELIKA BRZINA: Na\u0161 su\u0161a\u010d za ruke koristi najmoderniji motor bez \u010detkica snage 600W za postizanje velike brzine obrtaja od 43.000 RPM. Su\u0161i ruke za 8-10 sekundi, zahvaljujuc\u0301i brzini duvanja od 120 m\/s.<\/p>\n<p>LAKO ODR\u017dAVANJE I MONTIRANJE: Jednostavno se montira na zid, poseduje kabl sa utika\u010dem i odmah je spreman za upotrebu.<\/p>\n<p>KU\u0106I\u0160TE OD NER\u0110AJU\u0106EG \u010cELIKA: Poseduje CE sertifikat.\u00a0Na\u0161 ure\u0111aj za su\u0161enje ruku je napravljen od robusnog ner\u0111aju\u0107eg \u010delika. Odlikuje ga satenska boja bru\u0161enog metala, izrazita tvrdoc\u0301a i nema habanja materijala . Bez sumnje, mogu\u0107e je dugo kori\u0161\u0107enje u vla\u017enom kupatilu zbog vrhunskog kvaliteta izrade, otpornosti na koroziju i vodootpornosti standarda IP23. Lako se \u010disti vla\u017enom krpom.<\/p>\n<p>DETALJI: Biranje uzme\u0111u duvanja toplog (40\u00b0C) vazduha zimi, ili vazduha po sobnoj temperaturi leti jednostavnim prekida\u010dem.<\/p>\n<p>PRO\u0160IRENA PRIMENA: Idealan za brzo su\u0161enje ruku, ovaj vertikalni su\u0161a\u010d za ruke se mo\u017ee koristiti u svim godi\u0161njim dobima jer omogu\u0107uje da prilagodite njegovu temperaturu za svoju udobnost. Kompatibilan je za dom, bolnice, aerodrome, \u0161kole, kancelarije, tr\u017ene centre itd.<\/p>\n<h3>Dimenzije su\u0161a\u010da za ruke<\/h3>\n<p><img fetchpriority=\"high\" decoding=\"async\" class=\"alignnone size-medium wp-image-2330\" src=\"https:\/\/binvex.com\/wp-content\/uploads\/2023\/12\/ThinDrive-susaci-za-ruke-dimenzije-1-300x300.jpg\" alt=\"\" width=\"300\" height=\"300\" srcset=\"https:\/\/binvex.com\/wp-content\/uploads\/2023\/12\/ThinDrive-susaci-za-ruke-dimenzije-1-300x300.jpg 300w, https:\/\/binvex.com\/wp-content\/uploads\/2023\/12\/ThinDrive-susaci-za-ruke-dimenzije-1-150x150.jpg 150w, https:\/\/binvex.com\/wp-content\/uploads\/2023\/12\/ThinDrive-susaci-za-ruke-dimenzije-1-12x12.jpg 12w, https:\/\/binvex.com\/wp-content\/uploads\/2023\/12\/ThinDrive-susaci-za-ruke-dimenzije-1-100x100.jpg 100w, https:\/\/binvex.com\/wp-content\/uploads\/2023\/12\/ThinDrive-susaci-za-ruke-dimenzije-1.jpg 600w\" sizes=\"(max-width: 300px) 100vw, 300px\" \/><\/p>\n<h4>Prodaja su\u0161a\u010da za ruke i isporuka na celoj teritoriji Srbije \u2013 Binvex d.o.o.<\/h4>\n<p>Preostalu ponudu su\u0161a\u010da za ruke pogledajte na na\u0161oj stranici:\u00a0<a href=\"https:\/\/binvex.com\/en\/susaci-za-ruke\/\" target=\"_blank\" rel=\"noopener\">https:\/\/binvex.com\/susaci-za-ruke\/<\/a><\/p>\n<\/div>\n<h3>Proizvo\u0111a\u010d:<br \/>\n<img decoding=\"async\" class=\"alignnone size-full wp-image-238\" src=\"https:\/\/binvex.com\/wp-content\/uploads\/2023\/11\/Fusion-logo-svetliji-230.jpg\" alt=\"\" width=\"236\" height=\"140\" \/><\/h3>\n<h3>Preuzmite PDF:<br \/>\n<a href=\"https:\/\/binvex.com\/wp-content\/uploads\/2024\/03\/Uputstvo-ThinDry-KW-1038L.pdf\"><img decoding=\"async\" class=\"alignnone size-full wp-image-216\" src=\"https:\/\/binvex.com\/wp-content\/uploads\/2023\/11\/downP.png\" alt=\"\" width=\"48\" height=\"55\" \/> Uputstvo &#8211; Su\u0161a\u010d za ruke 1038L THIN DRY<\/a><\/h3>","protected":false},"excerpt":{"rendered":"<h3>Tehni\u010dke specifikacije:<\/h3>\n<p>Tip motora: bez<strong>\u00a0\u010detkica<\/strong>, 43.000 RPM, 600W<br \/>\nNapon: 230V 50\/60Hz 4.3A, 1.000W<br \/>\nTemperatura: 40\u00b0C \/ sobna temperatura<br \/>\nBrzina duvanja: 120 m\/s \u2013 432 km\/h<br \/>\nProtok vazduha: 100 m3\/h<br \/>\nVreme su\u0161enja: 8-10 sekundi<br \/>\nStepen za\u0161tite: IP 23<br \/>\nElektri\u010dna izolacija: Klasa I<br \/>\nNivo buke: 74dB<br \/>\nMaterijal ku\u0107i\u0161ta: ner\u0111aju\u0107i \u010delik<br \/>\nTe\u017eina ure\u0111aja: 4,0 kg<br \/>\nDimenzije (\u0161irina x visina x dubina): 28,6\u00d732,1\u00d710,2cm<br \/>\nBoja: bru\u0161eni metal<\/p>\n<h3>Oprema i karakteristike:<\/h3>\n<p>Plavo LED svetlo<br \/>\nHEPA filter i filter za ve\u0107e \u010destice<br \/>\nKontrola brzine duvanja i buke<br \/>\nPrekida\u010d za grejni element On\/Off<br \/>\nAutomatsko isklju\u010divanje nakon 25 sekundi duvanja<br \/>\nKabl za napajanje<\/p>","protected":false},"featured_media":2394,"template":"","meta":{"_eb_attr":""},"product_brand":[],"product_cat":[23],"product_tag":[],"class_list":{"0":"post-1653","1":"product","2":"type-product","3":"status-publish","4":"has-post-thumbnail","6":"product_cat-susaci-za-ruke","8":"first","9":"outofstock","10":"taxable","11":"shipping-taxable","12":"purchasable","13":"product-type-simple"},"_links":{"self":[{"href":"https:\/\/binvex.com\/en\/wp-json\/wp\/v2\/product\/1653","targetHints":{"allow":["GET"]}}],"collection":[{"href":"https:\/\/binvex.com\/en\/wp-json\/wp\/v2\/product"}],"about":[{"href":"https:\/\/binvex.com\/en\/wp-json\/wp\/v2\/types\/product"}],"wp:featuredmedia":[{"embeddable":true,"href":"https:\/\/binvex.com\/en\/wp-json\/wp\/v2\/media\/2394"}],"wp:attachment":[{"href":"https:\/\/binvex.com\/en\/wp-json\/wp\/v2\/media?parent=1653"}],"wp:term":[{"taxonomy":"product_brand","embeddable":true,"href":"https:\/\/binvex.com\/en\/wp-json\/wp\/v2\/product_brand?post=1653"},{"taxonomy":"product_cat","embeddable":true,"href":"https:\/\/binvex.com\/en\/wp-json\/wp\/v2\/product_cat?post=1653"},{"taxonomy":"product_tag","embeddable":true,"href":"https:\/\/binvex.com\/en\/wp-json\/wp\/v2\/product_tag?post=1653"}],"curies":[{"name":"wp","href":"https:\/\/api.w.org\/{rel}","templated":true}]}}