{"id":1648,"date":"2023-12-03T20:47:58","date_gmt":"2023-12-03T19:47:58","guid":{"rendered":"https:\/\/dev-binvex.pantheonsite.io\/?post_type=product&#038;p=1648"},"modified":"2026-03-26T11:29:52","modified_gmt":"2026-03-26T10:29:52","slug":"termostat-za-ta-pec-adl-ta4d","status":"publish","type":"product","link":"https:\/\/binvex.com\/en\/p\/termostat-za-ta-pec-adl-ta4d\/","title":{"rendered":"TERMOSTAT ZA TA PE\u0106 ADL \u2013 TA4D"},"content":{"rendered":"<h3>Opis proizvoda:<\/h3>\n<div class=\"content\">\n<p>Termostat TA4D reguli\u0161e rad termoakumulacionih pe\u0107i Elnur Gabarron ADL.<\/p>\n<p>Digitalni displej, pode\u0161avanje temperature kontrolama na termostatu kao i odabir izme\u0111u 3 automatska re\u017eima rada \u010dine ga jednostavnim za upravljanje.<\/p>\n<\/div>\n<h3>Tehni\u010dke specifikacije:<\/h3>\n<p>Dimenzije: 8,0\u00d78,0&#215;2,5 cm<\/p>\n<p>Temperaturni opseg: 5 \u2013 40 \u00b0C<\/p>\n<p>Za\u0161titna izolacija: IP30<\/p>\n<p>Boja: bela<\/p>\n<h3>Proizvo\u0111a\u010d:<br \/>\n<img decoding=\"async\" class=\"alignnone size-full wp-image-130\" src=\"https:\/\/binvex.com\/wp-content\/uploads\/2023\/11\/Elnur-logo.jpg\" alt=\"\" width=\"236\" height=\"140\" \/><\/h3>\n<h3 class=\"naslov-download\">Preuzmite PDF:<br \/>\n<img decoding=\"async\" class=\"alignnone size-full wp-image-216\" src=\"https:\/\/binvex.com\/wp-content\/uploads\/2023\/11\/downP.png\" alt=\"\" width=\"48\" height=\"55\" \/> <a href=\"https:\/\/binvex.com\/wp-content\/uploads\/2023\/11\/Katalog-termostat-Elnur.pdf\">Katalog &#8211; termostat Elnur Gabarron<\/a><\/h3>","protected":false},"excerpt":{"rendered":"<p>Opis proizvoda: Termostat TA4D reguli\u0161e rad termoakumulacionih pe\u0107i Elnur Gabarron ADL. Digitalni displej, pode\u0161avanje temperature kontrolama na termostatu kao i odabir izme\u0111u 3 automatska re\u017eima rada \u010dine ga jednostavnim za upravljanje. Tehni\u010dke specifikacije: Dimenzije: 8,0\u00d78,0&#215;2,5 cm Temperaturni opseg: 5 \u2013 40 \u00b0C Za\u0161titna izolacija: IP30 Boja: bela Proizvo\u0111a\u010d: Preuzmite PDF: Katalog &#8211; termostat Elnur Gabarron<\/p>","protected":false},"featured_media":1649,"template":"","meta":{"_eb_attr":""},"product_brand":[],"product_cat":[32,21],"product_tag":[],"class_list":{"0":"post-1648","1":"product","2":"type-product","3":"status-publish","4":"has-post-thumbnail","6":"product_cat-ta-peci","7":"product_cat-termostati","9":"first","10":"instock","11":"sale","12":"taxable","13":"shipping-taxable","14":"purchasable","15":"product-type-simple"},"_links":{"self":[{"href":"https:\/\/binvex.com\/en\/wp-json\/wp\/v2\/product\/1648","targetHints":{"allow":["GET"]}}],"collection":[{"href":"https:\/\/binvex.com\/en\/wp-json\/wp\/v2\/product"}],"about":[{"href":"https:\/\/binvex.com\/en\/wp-json\/wp\/v2\/types\/product"}],"wp:featuredmedia":[{"embeddable":true,"href":"https:\/\/binvex.com\/en\/wp-json\/wp\/v2\/media\/1649"}],"wp:attachment":[{"href":"https:\/\/binvex.com\/en\/wp-json\/wp\/v2\/media?parent=1648"}],"wp:term":[{"taxonomy":"product_brand","embeddable":true,"href":"https:\/\/binvex.com\/en\/wp-json\/wp\/v2\/product_brand?post=1648"},{"taxonomy":"product_cat","embeddable":true,"href":"https:\/\/binvex.com\/en\/wp-json\/wp\/v2\/product_cat?post=1648"},{"taxonomy":"product_tag","embeddable":true,"href":"https:\/\/binvex.com\/en\/wp-json\/wp\/v2\/product_tag?post=1648"}],"curies":[{"name":"wp","href":"https:\/\/api.w.org\/{rel}","templated":true}]}}