{"id":1646,"date":"2023-12-03T20:37:21","date_gmt":"2023-12-03T19:37:21","guid":{"rendered":"https:\/\/dev-binvex.pantheonsite.io\/?post_type=product&#038;p=1646"},"modified":"2025-04-08T10:54:44","modified_gmt":"2025-04-08T08:54:44","slug":"susaci-peskira-onsen-radialight-750-w-beli","status":"publish","type":"product","link":"https:\/\/binvex.com\/en\/p\/susaci-peskira-onsen-radialight-750-w-beli\/","title":{"rendered":"SU\u0160A\u010cI PE\u0160KIRA ONSEN RADIALIGHT \u2013 750 W &#8211; beli"},"content":{"rendered":"<h3><a href=\"https:\/\/www.radialight.com\/en\/products-range\/electric-heating-products\/heat-your-bathroom\/bathroom-digital-metal-towel-rail-onsen\" target=\"_blank\" rel=\"noopener\">DIGITALNI SU\u0160A\u010c ZA PE\u0160KIRE ONSEN<\/a><\/h3>\n<p>U RADIALIGHT-u vidimo ONSEN kao su\u0161tinu onoga kako zami\u0161ljamo na\u0161e kupatilo. Su\u0161a\u010di pe\u0161kira karakteristi\u010dnog dizajna, jer prijatan ose\u0107aj topline igra sve va\u017eniju ulogu u na\u0161oj kulturi: kupatilo vi\u0161e nije samo soba, to je prostor u kojem zapo\u010dinjemo dan i prostor gde vreme posve\u0107ujemo sebi.<br \/>\nKompaktan je i sa samo 40 cm \u0161irine i 10 cm debljine, lako se mo\u017ee ugraditi \u010dak i u najmanje kupatilo. Prakti\u010dan je i efikasan: zahvaljujuc\u0301i svojoj snazi od 750 W i specijalizovanoj tehnologiji grejanja mo\u017ee se koristiti kao glavni sistem grejanja za va\u0161e kupatilo ili kao dodatak, pru\u017eajuc\u0301i vam pe\u0161kire koji su uvek topli i suvi. Lako se koristi, jer su vam kontrole uvek na dohvat ruke \u2013 jednostavne i lake za kori\u0161c\u0301enje. Inteligentan je jer se, zahvaljujuc\u0301i svojoj raznovrsnoj elektronici, prilago\u0111ava na\u0161im li\u010dnim navikama.<br \/>\nDobrodo\u0161li u svet ONSEN-a, odli\u010dnog malog pribora za grejanje za koji niste ni znali da vam treba.<\/p>\n<p><img fetchpriority=\"high\" decoding=\"async\" class=\"alignnone wp-image-531 size-full\" src=\"https:\/\/binvex.com\/wp-content\/uploads\/2023\/11\/onsen-susaci-peskira-prodaja-768x337-1.png\" alt=\"\" width=\"768\" height=\"337\" srcset=\"https:\/\/binvex.com\/wp-content\/uploads\/2023\/11\/onsen-susaci-peskira-prodaja-768x337-1.png 768w, https:\/\/binvex.com\/wp-content\/uploads\/2023\/11\/onsen-susaci-peskira-prodaja-768x337-1-300x132.png 300w, https:\/\/binvex.com\/wp-content\/uploads\/2023\/11\/onsen-susaci-peskira-prodaja-768x337-1-600x263.png 600w\" sizes=\"(max-width: 768px) 100vw, 768px\" \/><\/p>\n<p>Tehnologija grejanja su\u0161a\u010da pe\u0161kira<br \/>\n<img decoding=\"async\" class=\"alignnone wp-image-532\" src=\"https:\/\/binvex.com\/wp-content\/uploads\/2023\/11\/onsen-susaci-peskira.png\" alt=\"\" width=\"410\" height=\"205\" srcset=\"https:\/\/binvex.com\/wp-content\/uploads\/2023\/11\/onsen-susaci-peskira.png 600w, https:\/\/binvex.com\/wp-content\/uploads\/2023\/11\/onsen-susaci-peskira-300x150.png 300w\" sizes=\"(max-width: 410px) 100vw, 410px\" \/><\/p>\n<p>Jedinstvena Dual-Therm tehnologija grejanja osloba\u0111a toplotu konvekcijom i zra\u010denjem u isto vreme.<br \/>\nKonvekcijski tok koji izlazi sa vrha zagreva kupatilo. Zra\u010denje stvara prijatnu toplinu koja vas obavija kao topao zagrljaj, dok tako\u0111e su\u0161ite svoje pe\u0161kire.<\/p>\n<h3>Kontrola ure\u0111aja<br \/>\n<img decoding=\"async\" class=\"alignnone wp-image-533\" src=\"https:\/\/binvex.com\/wp-content\/uploads\/2023\/11\/onsen-susaci-peskira-kontrola.png\" alt=\"\" width=\"410\" height=\"205\" srcset=\"https:\/\/binvex.com\/wp-content\/uploads\/2023\/11\/onsen-susaci-peskira-kontrola.png 600w, https:\/\/binvex.com\/wp-content\/uploads\/2023\/11\/onsen-susaci-peskira-kontrola-300x150.png 300w\" sizes=\"(max-width: 410px) 100vw, 410px\" \/><\/h3>\n<p>ONSEN je inteligentan, jer odlu\u010duje koliko je toplote potrebno da bi se dostigla tra\u017eena temperatura, izbegavajuc\u0301i nepotrebno tro\u0161enje energije.<br \/>\nAli nudi vam mnogo vi\u0161e. Njegovi vi\u0161estruki re\u017eimi rada omoguc\u0301avaju mu da se prilagodi va\u0161em \u017eivotnom stilu. Mo\u017eete podesiti konzistentnu i udobnu temperaturu ili mo\u017eete programirati su\u0161a\u010d, \u0161tedec\u0301i novac kada niste kod kuc\u0301e. Ako umesto toga \u017eelite da grejete kupatilo kada to \u017eelite i koliko god \u017eelite, funkcija tajmera je va\u0161 najbolji izbor.<\/p>\n<h3>Karakteristike<\/h3>\n<p>\u2022 Metalna struktura otporna na vlagu, pra\u0161kasto oblo\u017eena<br \/>\n\u2022 Dvostruki sistem grejanja: zra\u010denje za svestrani komfor i konvekcija za brzo grejanje<br \/>\n\u2022 Pogodan i za glavno i za dodatno grejanje<br \/>\n\u2022 Kontrole na dodir koje se lako koriste sa LCD ekranom<br \/>\n\u2022 Elektronski termostat sa automatskom kontrolom toplote, kako bi se izbeglo rasipanje energije<br \/>\n\u2022 Razli\u010diti re\u017eimi rada: automatski, programirani, tajmer.<br \/>\n\u2022 Funkcija alarma otvorenog prozora<br \/>\n\u2022 Opremljen sa 2 dr\u017ea\u010da za pe\u0161kire<br \/>\n\u2022 IP24 za\u0161tita od prskanja vode: bezbedno \u010dak i na najvla\u017enijim mestima<br \/>\n\u2022 Dostupan u dve boje: ledeno bela i antracit siva<\/p>\n<div class=\"content\">\n<p><a href=\"tel:0113836882\">Za vi\u0161e informacija pozovite 011\/38-36-882<\/a><\/p>\n<\/div>\n<h3>Tehni\u010dke specifikacije:<\/h3>\n<p><strong>ONSEN<\/strong><br \/>\nEAN kod: 8019250651018<br \/>\nDimenzije (\u0160xVxD): 40 x 90 x 10cm<br \/>\nSnaga na 230V: 750W<br \/>\nTouch kontrole<br \/>\nElektronski termostat<br \/>\nNeto te\u017eina: 10 kg<br \/>\nBoja: Prednja plo\u010da bela RAL9003, zadnje kuc\u0301i\u0161te tamno sivo RAL7024<\/p>\n<h3>Proizvo\u0111a\u010d:<\/h3>\n<p><img loading=\"lazy\" decoding=\"async\" class=\"alignnone size-full wp-image-213\" src=\"https:\/\/binvex.com\/wp-content\/uploads\/2023\/11\/4-RADIALIGHT-logo-1.jpg\" alt=\"\" width=\"236\" height=\"140\" \/><\/p>\n<p class=\"naslov-download\">Preuzmite PDF:<br \/>\n<img loading=\"lazy\" decoding=\"async\" class=\"alignnone size-full wp-image-216\" src=\"https:\/\/binvex.com\/wp-content\/uploads\/2023\/11\/downP.png\" alt=\"\" width=\"48\" height=\"55\" \/>\u00a0 <a href=\"https:\/\/binvex.com\/wp-content\/uploads\/2023\/11\/Katalog-Onsen.pdf\">Katalog &#8211; Su\u0161a\u010di pe\u0161kira ONSEN<\/a><\/p>","protected":false},"excerpt":{"rendered":"<p>DIGITALNI SU\u0160A\u010c ZA PE\u0160KIRE ONSEN U RADIALIGHT-u vidimo ONSEN kao su\u0161tinu onoga kako zami\u0161ljamo na\u0161e kupatilo. Su\u0161a\u010di pe\u0161kira karakteristi\u010dnog dizajna, jer prijatan ose\u0107aj topline igra sve va\u017eniju ulogu u na\u0161oj kulturi: kupatilo vi\u0161e nije samo soba, to je prostor u kojem zapo\u010dinjemo dan i prostor gde vreme posve\u0107ujemo sebi. Kompaktan je i sa samo 40 [&hellip;]<\/p>","protected":false},"featured_media":530,"template":"","meta":{"_eb_attr":""},"product_brand":[],"product_cat":[29],"product_tag":[],"class_list":{"0":"post-1646","1":"product","2":"type-product","3":"status-publish","4":"has-post-thumbnail","6":"product_cat-susaci-za-peskire","8":"first","9":"instock","10":"taxable","11":"shipping-taxable","12":"purchasable","13":"product-type-simple"},"_links":{"self":[{"href":"https:\/\/binvex.com\/en\/wp-json\/wp\/v2\/product\/1646","targetHints":{"allow":["GET"]}}],"collection":[{"href":"https:\/\/binvex.com\/en\/wp-json\/wp\/v2\/product"}],"about":[{"href":"https:\/\/binvex.com\/en\/wp-json\/wp\/v2\/types\/product"}],"wp:featuredmedia":[{"embeddable":true,"href":"https:\/\/binvex.com\/en\/wp-json\/wp\/v2\/media\/530"}],"wp:attachment":[{"href":"https:\/\/binvex.com\/en\/wp-json\/wp\/v2\/media?parent=1646"}],"wp:term":[{"taxonomy":"product_brand","embeddable":true,"href":"https:\/\/binvex.com\/en\/wp-json\/wp\/v2\/product_brand?post=1646"},{"taxonomy":"product_cat","embeddable":true,"href":"https:\/\/binvex.com\/en\/wp-json\/wp\/v2\/product_cat?post=1646"},{"taxonomy":"product_tag","embeddable":true,"href":"https:\/\/binvex.com\/en\/wp-json\/wp\/v2\/product_tag?post=1646"}],"curies":[{"name":"wp","href":"https:\/\/api.w.org\/{rel}","templated":true}]}}