{"id":1642,"date":"2023-12-03T20:27:13","date_gmt":"2023-12-03T19:27:13","guid":{"rendered":"https:\/\/dev-binvex.pantheonsite.io\/?post_type=product&#038;p=1642"},"modified":"2025-04-08T10:54:55","modified_gmt":"2025-04-08T08:54:55","slug":"susaci-peskira-icon-7-2b-radialight-750w","status":"publish","type":"product","link":"https:\/\/binvex.com\/en\/p\/susaci-peskira-icon-7-2b-radialight-750w\/","title":{"rendered":"SU\u0160A\u010cI PE\u0160KIRA ICON 7 2B RADIALIGHT \u2013 750W"},"content":{"rendered":"<h3><a href=\"https:\/\/www.radialight.com\/en\/products-range\/electric-heating-products\/heat-your-bathroom\/digital-and-wifi-controlled-towel-warming-radiator-icon-2b-icon-2b-wifi\" target=\"_blank\" rel=\"noopener\">SU\u0160A\u010cI PE\u0160KIRA ICON 2B ITALIJANSKOG PROIZVO\u0110A\u010cA RADIALIGHT<\/a><\/h3>\n<p>Su\u0161a\u010di pe\u0161kira dubine samo 45 cm. ICON 2B je savr\u0161en spoj dizajna, komada name\u0161taja, udobnosti i u\u0161tede energije. DUAL THERM tehnologija koja kombinuje infracrveno zra\u010denje i prirodnu konvekciju. Sistem grejanja i su\u0161a\u010di pe\u0161kira za kupatilo iz snova. Sofisticirana, kultna linija, povr\u0161ina kojoj se treba diviti. Funkcije pametne u\u0161tede energije.<br \/>\nSve ovo mo\u017eete imati u jednom proizvodu, u ledeno beloj ili antracit sivoj boji. Sa dva aluminijumska dr\u017ea\u010da pe\u0161kira i kukom za bade mantil.<\/p>\n<p><img fetchpriority=\"high\" decoding=\"async\" class=\"alignnone wp-image-4934 size-large\" src=\"https:\/\/binvex.com\/wp-content\/uploads\/2023\/05\/icon-2b-susac-peskira-1024x683.jpg\" sizes=\"(max-width: 640px) 100vw, 640px\" srcset=\"https:\/\/binvex.com\/wp-content\/uploads\/2023\/05\/icon-2b-susac-peskira-1024x683.jpg 1024w, https:\/\/binvex.com\/wp-content\/uploads\/2023\/05\/icon-2b-susac-peskira-300x200.jpg 300w, https:\/\/binvex.com\/wp-content\/uploads\/2023\/05\/icon-2b-susac-peskira-768x512.jpg 768w, https:\/\/binvex.com\/wp-content\/uploads\/2023\/05\/icon-2b-susac-peskira-1536x1024.jpg 1536w, https:\/\/binvex.com\/wp-content\/uploads\/2023\/05\/icon-2b-susac-peskira-2048x1365.jpg 2048w, https:\/\/binvex.com\/wp-content\/uploads\/2023\/05\/icon-2b-susac-peskira-1568x1045.jpg 1568w\" alt=\"su\u0161a\u010di pe\u0161kira icon 2b izgled\" width=\"640\" height=\"427\" \/><\/p>\n<h3>Tehnologija grejanja su\u0161a\u010da pe\u0161kira<\/h3>\n<p><img decoding=\"async\" class=\"alignnone wp-image-4922 size-full\" src=\"https:\/\/binvex.com\/wp-content\/uploads\/2023\/05\/icon-2b-susaci-za-peskire-grejanje.png\" sizes=\"(max-width: 427px) 100vw, 427px\" srcset=\"https:\/\/binvex.com\/wp-content\/uploads\/2023\/05\/icon-2b-susaci-za-peskire-grejanje.png 427w, https:\/\/binvex.com\/wp-content\/uploads\/2023\/05\/icon-2b-susaci-za-peskire-grejanje-300x284.png 300w\" alt=\"icon 2b su\u0161a\u010di za pe\u0161kire tehnologija grejanja\" width=\"427\" height=\"404\" \/><\/p>\n<p>ICON 2B sadr\u017ei DUAL-THERM tehnologiju koja predstavlja dva razli\u010dita sistema grejanja u jednom proizvodu: konvekcija omoguc\u0301ava brzo postizanje zahtevanog nivoa udobnosti u prostoriji, dok zra\u010denje obezbe\u0111uje da prednja povr\u0161ina prenosi konstantan i ujedna\u010den komfor.<br \/>\nElektronski termostat obezbe\u0111uje inteligentno upravljanje toplotom automatski smanjujuc\u0301i potro\u0161nju kada temperatura dostigne potreban nivo.<\/p>\n<h3>Kontrola ure\u0111aja<\/h3>\n<p><img decoding=\"async\" class=\"alignnone wp-image-3067\" src=\"https:\/\/binvex.com\/wp-content\/uploads\/2021\/03\/4.png\" sizes=\"(max-width: 600px) 100vw, 600px\" srcset=\"https:\/\/binvex.com\/wp-content\/uploads\/2021\/03\/4.png 600w, https:\/\/binvex.com\/wp-content\/uploads\/2021\/03\/4-300x150.png 300w\" alt=\"su\u0161a\u010di pe\u0161kira icon kontrole\" width=\"380\" height=\"190\" \/><\/p>\n<p>* Lako i prakti\u010dno nedeljno programiranje sa 3 razli\u010dita unapred pode\u0161ena programa koji odgovaraju va\u0161em \u017eivotnom stilu.<br \/>\n* Indikacija idealne komforne temperature za u\u0161tedu energije.<br \/>\n* Funkcija Powercheck da biste saznali ta\u010dno koliko je elektri\u010dne energije potro\u0161eno u poslednja 24 sata ili 7 dana.<br \/>\n* Izbor od 4 razli\u010dita re\u017eima rada: Komfor, Eko, Za\u0161tita od smrzavanja, Nedeljno programiranje.<br \/>\n* Moguc\u0301nost sigurnosnog zaklju\u010davanja komandi.<\/p>\n<h3>Karakteristike<\/h3>\n<p>* Integrisani LCD ekran za laku navigaciju<br \/>\n* Tehnologija u\u0161tede energije sa optimizacijom potro\u0161nje<br \/>\n* Dual-Therm sistem grejanja: infracrveno zra\u010denje + prirodna konvekcija<br \/>\n* Visoko precizni elektronski termostat (\u00b1 0,2\u00b0C)<br \/>\n* 3 re\u017eima sedmi\u010dnog programiranja: re\u017eim koji defini\u0161ete vi, office i holiday re\u017eim<br \/>\n* Powercheck funkcija za kontrolu potro\u0161nje energije<br \/>\n* Senzor otvorenog prozora<br \/>\n* Brza i laka instalacija sa uklju\u010denim kompletom za monta\u017eu i nula tro\u0161kova odr\u017eavanja<br \/>\n* IP24 Za\u0161tita od prskanja vode, idealna za ugradnju \u010dak i na vla\u017enim mestima<br \/>\n* 2 aluminijumska dr\u017ea\u010da pe\u0161kira i kuka za bade mantil<\/p>\n<h3>Tehni\u010dke specifikacije:<\/h3>\n<p><strong>ICON 7 2B<\/strong><br \/>\nEAN kod: 8019250936023 (beli) \/ 8019250936061 (sivi)<br \/>\nDimenzije (\u0160xVxD): 45x95x19cm (12,5cm Icon + 6,5cm dr\u017ea\u010d pe\u0161kira)<br \/>\nSnaga na 230V: 750W<br \/>\nZa kupatila do 7m2<br \/>\nDu\u017eina kabla: 100cm<br \/>\nNeto te\u017eina: 7,9 kg<br \/>\nBoja: ledeno bela ili antracit siva<\/p>\n<h3>Proizvo\u0111a\u010d:<\/h3>\n<p><img loading=\"lazy\" decoding=\"async\" class=\"alignnone size-full wp-image-213\" src=\"https:\/\/binvex.com\/wp-content\/uploads\/2023\/11\/4-RADIALIGHT-logo-1.jpg\" alt=\"\" width=\"236\" height=\"140\" \/><\/p>\n<p class=\"naslov-download\">Preuzmite PDF:<br \/>\n<img loading=\"lazy\" decoding=\"async\" class=\"alignnone size-full wp-image-216\" src=\"https:\/\/binvex.com\/wp-content\/uploads\/2023\/11\/downP.png\" alt=\"\" width=\"48\" height=\"55\" \/>\u00a0 <a href=\"https:\/\/binvex.com\/wp-content\/uploads\/2023\/12\/ICON-katalog.pdf\" target=\"_blank\" rel=\"noopener\">Katalog &#8211; Su\u0161a\u010di pe\u0161kira ICON 2B<\/a><\/p>","protected":false},"excerpt":{"rendered":"<p>SU\u0160A\u010cI PE\u0160KIRA ICON 2B ITALIJANSKOG PROIZVO\u0110A\u010cA RADIALIGHT Su\u0161a\u010di pe\u0161kira dubine samo 45 cm. ICON 2B je savr\u0161en spoj dizajna, komada name\u0161taja, udobnosti i u\u0161tede energije. DUAL THERM tehnologija koja kombinuje infracrveno zra\u010denje i prirodnu konvekciju. Sistem grejanja i su\u0161a\u010di pe\u0161kira za kupatilo iz snova. Sofisticirana, kultna linija, povr\u0161ina kojoj se treba diviti. Funkcije pametne u\u0161tede [&hellip;]<\/p>","protected":false},"featured_media":1645,"template":"","meta":{"_eb_attr":""},"product_brand":[],"product_cat":[29],"product_tag":[],"class_list":{"0":"post-1642","1":"product","2":"type-product","3":"status-publish","4":"has-post-thumbnail","6":"product_cat-susaci-za-peskire","8":"first","9":"instock","10":"taxable","11":"shipping-taxable","12":"purchasable","13":"product-type-simple"},"_links":{"self":[{"href":"https:\/\/binvex.com\/en\/wp-json\/wp\/v2\/product\/1642","targetHints":{"allow":["GET"]}}],"collection":[{"href":"https:\/\/binvex.com\/en\/wp-json\/wp\/v2\/product"}],"about":[{"href":"https:\/\/binvex.com\/en\/wp-json\/wp\/v2\/types\/product"}],"wp:featuredmedia":[{"embeddable":true,"href":"https:\/\/binvex.com\/en\/wp-json\/wp\/v2\/media\/1645"}],"wp:attachment":[{"href":"https:\/\/binvex.com\/en\/wp-json\/wp\/v2\/media?parent=1642"}],"wp:term":[{"taxonomy":"product_brand","embeddable":true,"href":"https:\/\/binvex.com\/en\/wp-json\/wp\/v2\/product_brand?post=1642"},{"taxonomy":"product_cat","embeddable":true,"href":"https:\/\/binvex.com\/en\/wp-json\/wp\/v2\/product_cat?post=1642"},{"taxonomy":"product_tag","embeddable":true,"href":"https:\/\/binvex.com\/en\/wp-json\/wp\/v2\/product_tag?post=1642"}],"curies":[{"name":"wp","href":"https:\/\/api.w.org\/{rel}","templated":true}]}}