{"id":1635,"date":"2023-12-03T20:13:29","date_gmt":"2023-12-03T19:13:29","guid":{"rendered":"https:\/\/dev-binvex.pantheonsite.io\/?post_type=product&#038;p=1635"},"modified":"2025-04-08T10:55:17","modified_gmt":"2025-04-08T08:55:17","slug":"susaci-peskira-deva-radialight-1500w","status":"publish","type":"product","link":"https:\/\/binvex.com\/en\/p\/susaci-peskira-deva-radialight-1500w\/","title":{"rendered":"SU\u0160A\u010cI PE\u0160KIRA DEVA RADIALIGHT \u2013 1500W"},"content":{"rendered":"<h3><a style=\"font-size: 16px;\" href=\"https:\/\/www.radialight.com\/en\/products-range\/electric-heating-products\/heat-your-bathroom\/bathroom-electric-glass-heater-deva\" target=\"_blank\" rel=\"noopener\">STAKLENI SU\u0160A\u010c ZA PE\u0160KIRE I RADIJATOR DEVA ITALIJANSKOG PROIZVO\u0110A\u010cA RADIALIGHT<\/a><\/h3>\n<p>Su\u0161a\u010di pe\u0161kira sa elegantnom linijom, zaobljenim ivicama, i tankim profilom. \u010cistoc\u0301a stakla, prirodnog materijala koji akumulira toplotu i ne\u017eno je osloba\u0111a, dok u\u017eivate u elegantnom ure\u0111enju kupatila. Istra\u017eivanje laboratorija Radialight proizvelo je DEVA, jedinstveni su\u0161a\u010d za pe\u0161kire sa blistavim staklom, sa kombinovanim delovanjem. DEVA je sve \u0161to vam treba: elegantan komad kupatilskog name\u0161taja, savr\u0161eno grejanje za kupatilo i topli pe\u0161kiri tokom cele godine.<\/p>\n<p><img fetchpriority=\"high\" decoding=\"async\" class=\"alignnone wp-image-4947 size-large\" src=\"https:\/\/binvex.com\/wp-content\/uploads\/2022\/03\/deva-susaci-za-peskire-ponuda-1024x512.jpg\" sizes=\"(max-width: 640px) 100vw, 640px\" srcset=\"https:\/\/binvex.com\/wp-content\/uploads\/2022\/03\/deva-susaci-za-peskire-ponuda-1024x512.jpg 1024w, https:\/\/binvex.com\/wp-content\/uploads\/2022\/03\/deva-susaci-za-peskire-ponuda-300x150.jpg 300w, https:\/\/binvex.com\/wp-content\/uploads\/2022\/03\/deva-susaci-za-peskire-ponuda-768x384.jpg 768w, https:\/\/binvex.com\/wp-content\/uploads\/2022\/03\/deva-susaci-za-peskire-ponuda.jpg 1140w\" alt=\"su\u0161a\u0107i za pe\u0161kire deva prodaja\" width=\"640\" height=\"320\" \/><\/p>\n<h3>Tehnologija grejanja su\u0161a\u010da pe\u0161kira<\/h3>\n<p><img decoding=\"async\" class=\"alignnone wp-image-4948 size-full\" src=\"https:\/\/binvex.com\/wp-content\/uploads\/2022\/03\/susaci-peskira-deva-tehnologija-grejanja.png\" sizes=\"(max-width: 600px) 100vw, 600px\" srcset=\"https:\/\/binvex.com\/wp-content\/uploads\/2022\/03\/susaci-peskira-deva-tehnologija-grejanja.png 600w, https:\/\/binvex.com\/wp-content\/uploads\/2022\/03\/susaci-peskira-deva-tehnologija-grejanja-300x150.png 300w\" alt=\"su\u0161a\u010di pe\u0161kira deva tehnologija grejanja\" width=\"600\" height=\"300\" \/><\/p>\n<p>Diskretna, moc\u0301na turbo akcija zagreva kupatilo za samo nekoliko minuta, \u010dak i za velika kupatila. Staklena prednja strana, sa svojim ekskluzivnim aktivnim inercionim sistemom grejanja, zra\u010di svestranom toplotom uz nisku potro\u0161nju energije, odr\u017eavajuc\u0301i atmosferu dobrodo\u0161lice i pe\u0161kire koji su uvek topli. Deva greje svojom celom povr\u0161inom, pru\u017eaju\u0107i jedinstveni ose\u0107aj toplote koji vas obavija.<\/p>\n<h3>Kontrola ure\u0111aja<\/h3>\n<p><img decoding=\"async\" class=\"alignnone wp-image-4949 size-full\" src=\"https:\/\/binvex.com\/wp-content\/uploads\/2022\/03\/susaci-peskira-deva-kontrole-uredaja.png\" sizes=\"(max-width: 600px) 100vw, 600px\" srcset=\"https:\/\/binvex.com\/wp-content\/uploads\/2022\/03\/susaci-peskira-deva-kontrole-uredaja.png 600w, https:\/\/binvex.com\/wp-content\/uploads\/2022\/03\/susaci-peskira-deva-kontrole-uredaja-300x150.png 300w\" alt=\"su\u0161a\u010di pe\u0161kira deva kontrole\" width=\"600\" height=\"300\" \/><\/p>\n<p>Ugra\u0111ene kontrole na ekranu osetljivom na dodir. DEVA se aktivira dodirom povr\u0161ine i prikazuje potrebnu temperaturu, vreme i re\u017eim rada. KOMFOR, EKO, PROTIV ZAMRZAVANJA, PROGRAMIRANI, TAJMER.<br \/>\n5 razli\u010ditih na\u010dina rada za upotrebu kako bi se zadovoljile sve potrebe i osigurala maksimalna u\u0161teda energije.<\/p>\n<h3>Karakteristike<\/h3>\n<p>\u2022Elektri\u010dni, stakleni radijator za grejanje pe\u0161kira<br \/>\n\u2022Kombinovano grejanje<br \/>\n\u2022Greje svako kupatilo, \u010dini va\u0161e pe\u0161kire toplim i udobnim<br \/>\n\u2022Kontrole na ekranu osetljivom na dodir<br \/>\n\u2022LCD displej<br \/>\n\u2022Mnogo radnih funkcija: prilagodljivo svim potrebama i u\u0161teda energije<br \/>\n\u2022Ugra\u0111ena USB uti\u010dnica za punjenje pametnih telefona<br \/>\n\u20222 podesive dr\u017ea\u010de za pe\u0161kire<br \/>\n\u2022IP24 za\u0161tita od prskanja vode, idealna za ugradnju u vla\u017ene prostore<br \/>\n\u2022Dostupan u crnoj i beloj boji<\/p>\n<h3>Tehni\u010dke specifikacije:<\/h3>\n<p><strong>DEVA<\/strong><br \/>\nEAN kod: 8019250877883 (bela) \/ 8019250766750 (crna)<br \/>\nDimenzije (\u0160xVxD): 52,0 x 105,0 x 12,5 cm<br \/>\nSnaga na 230V: 1500W<br \/>\nKontrole na dodir: Da<br \/>\nNeto te\u017eina: 17,0Kg<br \/>\nBoja: Oniks bela sa \u0161ipkama za pe\u0161kire od bru\u0161enog aluminijuma \/ Vulkansko crna sa \u0161ipkama za pe\u0161kire od bru\u0161enog aluminijuma<\/p>\n<h3>Proizvo\u0111a\u010d:<\/h3>\n<p><img loading=\"lazy\" decoding=\"async\" class=\"alignnone size-full wp-image-213\" src=\"https:\/\/binvex.com\/wp-content\/uploads\/2023\/11\/4-RADIALIGHT-logo-1.jpg\" alt=\"\" width=\"236\" height=\"140\" \/><\/p>\n<p class=\"naslov-download\">Preuzmite PDF:<br \/>\n<img loading=\"lazy\" decoding=\"async\" class=\"alignnone size-full wp-image-216\" src=\"https:\/\/binvex.com\/wp-content\/uploads\/2023\/11\/downP.png\" alt=\"\" width=\"48\" height=\"55\" \/>\u00a0<a href=\"https:\/\/binvex.com\/wp-content\/uploads\/2023\/12\/Katalog-Deva.pdf\" target=\"_blank\" rel=\"noopener\"> Katalog &#8211; Su\u0161a\u010di pe\u0161kira DEVA<\/a><\/p>","protected":false},"excerpt":{"rendered":"<p>STAKLENI SU\u0160A\u010c ZA PE\u0160KIRE I RADIJATOR DEVA ITALIJANSKOG PROIZVO\u0110A\u010cA RADIALIGHT Su\u0161a\u010di pe\u0161kira sa elegantnom linijom, zaobljenim ivicama, i tankim profilom. \u010cistoc\u0301a stakla, prirodnog materijala koji akumulira toplotu i ne\u017eno je osloba\u0111a, dok u\u017eivate u elegantnom ure\u0111enju kupatila. Istra\u017eivanje laboratorija Radialight proizvelo je DEVA, jedinstveni su\u0161a\u010d za pe\u0161kire sa blistavim staklom, sa kombinovanim delovanjem. DEVA je [&hellip;]<\/p>","protected":false},"featured_media":1638,"template":"","meta":{"_eb_attr":""},"product_brand":[],"product_cat":[29],"product_tag":[],"class_list":{"0":"post-1635","1":"product","2":"type-product","3":"status-publish","4":"has-post-thumbnail","6":"product_cat-susaci-za-peskire","8":"first","9":"instock","10":"taxable","11":"shipping-taxable","12":"purchasable","13":"product-type-simple"},"_links":{"self":[{"href":"https:\/\/binvex.com\/en\/wp-json\/wp\/v2\/product\/1635","targetHints":{"allow":["GET"]}}],"collection":[{"href":"https:\/\/binvex.com\/en\/wp-json\/wp\/v2\/product"}],"about":[{"href":"https:\/\/binvex.com\/en\/wp-json\/wp\/v2\/types\/product"}],"wp:featuredmedia":[{"embeddable":true,"href":"https:\/\/binvex.com\/en\/wp-json\/wp\/v2\/media\/1638"}],"wp:attachment":[{"href":"https:\/\/binvex.com\/en\/wp-json\/wp\/v2\/media?parent=1635"}],"wp:term":[{"taxonomy":"product_brand","embeddable":true,"href":"https:\/\/binvex.com\/en\/wp-json\/wp\/v2\/product_brand?post=1635"},{"taxonomy":"product_cat","embeddable":true,"href":"https:\/\/binvex.com\/en\/wp-json\/wp\/v2\/product_cat?post=1635"},{"taxonomy":"product_tag","embeddable":true,"href":"https:\/\/binvex.com\/en\/wp-json\/wp\/v2\/product_tag?post=1635"}],"curies":[{"name":"wp","href":"https:\/\/api.w.org\/{rel}","templated":true}]}}