{"id":1630,"date":"2023-12-03T19:49:02","date_gmt":"2023-12-03T18:49:02","guid":{"rendered":"https:\/\/dev-binvex.pantheonsite.io\/?post_type=product&#038;p=1630"},"modified":"2023-12-03T20:51:00","modified_gmt":"2023-12-03T19:51:00","slug":"elektricno-podno-grejanje-aht-termostat-mehanicki-sk20f","status":"publish","type":"product","link":"https:\/\/binvex.com\/en\/p\/elektricno-podno-grejanje-aht-termostat-mehanicki-sk20f\/","title":{"rendered":"Elektri\u010dno podno grejanje AHT &#8211; Termostat mehani\u010dki SK20F"},"content":{"rendered":"<div class=\"content\">\n<p>Termostat za odre\u0111ivanje temperature u prostoriji. Reguli\u0161e rad grejnih mre\u017ea. LED lampica ozna\u010dava da je grejanje uklju\u010deno. Jednostavno pode\u0161avanje temperature kontrolnim to\u010dki\u0107em u opsegu od +5\u00b0C \u2013 +40\u00b0C.<\/p>\n<h3>Tehni\u010dke specifikacije:<\/h3>\n<p>Potro\u0161nja: 5W<\/p>\n<p>Opseg pode\u0161avanja temperature: 5\u00b0C~40\u00b0C<\/p>\n<p>Senzor: podni \u2013 gumeni-termoplasti\u010dni NTC senzor, du\u017eina kabla 3m<\/p>\n<p>Za\u0161titno ku\u0107i\u0161te: IP20, nezapaljiv materijal<\/p>\n<\/div>\n<div class=\"content\"><\/div>\n<h3>Proizvo\u0111a\u010d:<br \/>\n<a href=\"https:\/\/ahtinternationalgroup.com\/\" target=\"_blank\" rel=\"noopener\"><img decoding=\"async\" class=\"alignnone wp-image-123 size-full\" src=\"https:\/\/binvex.com\/wp-content\/uploads\/2023\/11\/1-AHT-logo.jpg\" alt=\"\" width=\"236\" height=\"140\" \/><\/a><\/h3>\n<h3 class=\"naslov-download\">Preuzmite PDF:<\/h3>\n<p><img decoding=\"async\" class=\"alignnone size-full wp-image-216\" src=\"https:\/\/binvex.com\/wp-content\/uploads\/2023\/11\/downP.png\" alt=\"\" width=\"48\" height=\"55\" \/> <a href=\"https:\/\/binvex.com\/wp-content\/uploads\/2023\/12\/Uputstvo-za-upotrebu-termostat-SK20F_compressed.pdf\" target=\"_blank\" rel=\"noopener\">Uputstvo za upotrebu &#8211; Termostat SK20F<\/a><\/p>","protected":false},"excerpt":{"rendered":"<p>Cena 12 mese\u010dnih rata = 3.938,00 RSD<\/p>","protected":false},"featured_media":1632,"template":"","meta":{"_eb_attr":""},"product_brand":[],"product_cat":[31,21],"product_tag":[],"class_list":{"0":"post-1630","1":"product","2":"type-product","3":"status-publish","4":"has-post-thumbnail","6":"product_cat-elektricno-podno-grejanje","7":"product_cat-termostati","9":"first","10":"instock","11":"taxable","12":"shipping-taxable","13":"purchasable","14":"product-type-simple"},"_links":{"self":[{"href":"https:\/\/binvex.com\/en\/wp-json\/wp\/v2\/product\/1630","targetHints":{"allow":["GET"]}}],"collection":[{"href":"https:\/\/binvex.com\/en\/wp-json\/wp\/v2\/product"}],"about":[{"href":"https:\/\/binvex.com\/en\/wp-json\/wp\/v2\/types\/product"}],"wp:featuredmedia":[{"embeddable":true,"href":"https:\/\/binvex.com\/en\/wp-json\/wp\/v2\/media\/1632"}],"wp:attachment":[{"href":"https:\/\/binvex.com\/en\/wp-json\/wp\/v2\/media?parent=1630"}],"wp:term":[{"taxonomy":"product_brand","embeddable":true,"href":"https:\/\/binvex.com\/en\/wp-json\/wp\/v2\/product_brand?post=1630"},{"taxonomy":"product_cat","embeddable":true,"href":"https:\/\/binvex.com\/en\/wp-json\/wp\/v2\/product_cat?post=1630"},{"taxonomy":"product_tag","embeddable":true,"href":"https:\/\/binvex.com\/en\/wp-json\/wp\/v2\/product_tag?post=1630"}],"curies":[{"name":"wp","href":"https:\/\/api.w.org\/{rel}","templated":true}]}}