{"id":1626,"date":"2023-12-03T19:43:46","date_gmt":"2023-12-03T18:43:46","guid":{"rendered":"https:\/\/dev-binvex.pantheonsite.io\/?post_type=product&#038;p=1626"},"modified":"2025-11-06T12:58:07","modified_gmt":"2025-11-06T11:58:07","slug":"elektricno-podno-grejanje-aht-mreza-za-uzemljenje-05x10m","status":"publish","type":"product","link":"https:\/\/binvex.com\/en\/p\/elektricno-podno-grejanje-aht-mreza-za-uzemljenje-05x10m\/","title":{"rendered":"Elektri\u010dno podno grejanje AHT &#8211; Mre\u017ea za uzemljenje 0,5\u00d71,0m"},"content":{"rendered":"<p>\u010celi\u010dna mre\u017ea za uzemljenje, stavlja se preko grejni mre\u017ea. Neophodna u vla\u017enim prostorijama, npr. kupatilima. Laka za instalaciju. Pogodna za montiranje ispod kerami\u010dkih plo\u010dica.<\/p>\n<h3>Tehni\u010dke specifikacije:<\/h3>\n<p>Du\u017eina: 1,0 m<br \/>\n\u0160irina: 0,5 m<br \/>\nDu\u017eina kabla: 2m<\/p>\n<div style=\"width: 480px;\" class=\"wp-video\"><video class=\"wp-video-shortcode\" id=\"video-1626-1\" width=\"480\" height=\"360\" poster=\"https:\/\/binvex.com\/wp-content\/uploads\/2023\/11\/Aht-grejna-mreza-3.jpg\" preload=\"metadata\" controls=\"controls\"><source type=\"video\/mp4\" src=\"https:\/\/binvex.com\/wp-content\/uploads\/2023\/12\/AHT-instalacija-elektricnog-podnog-grejanja_compressed.mp4?_=1\" \/><a href=\"https:\/\/binvex.com\/wp-content\/uploads\/2023\/12\/AHT-instalacija-elektricnog-podnog-grejanja_compressed.mp4\">https:\/\/binvex.com\/wp-content\/uploads\/2023\/12\/AHT-instalacija-elektricnog-podnog-grejanja_compressed.mp4<\/a><\/video><\/div>\n<div class=\"content\">\n<p>Sve prednosti grejnih mre\u017ea kao re\u0161enja za grejanje detaljnije pogledajte na linku:\u00a0<a href=\"https:\/\/binvex.com\/wp-content\/uploads\/2023\/11\/Prednosti-grejnih-traka-katalog-1.pdf\" target=\"_blank\" rel=\"noopener noreferrer\">Prednosti elektri\u010dnog podnog grejanja.<\/a><\/p>\n<\/div>\n<h3>Proizvo\u0111a\u010d:<br \/>\n<a href=\"https:\/\/ahtinternationalgroup.com\/\" target=\"_blank\" rel=\"noopener\"><img decoding=\"async\" class=\"alignnone wp-image-123 size-full\" src=\"https:\/\/binvex.com\/wp-content\/uploads\/2023\/11\/1-AHT-logo.jpg\" alt=\"\" width=\"236\" height=\"140\" \/><\/a><\/h3>\n<h3 class=\"naslov-download\">Preuzmite PDF:<\/h3>\n<p><img decoding=\"async\" class=\"alignnone size-full wp-image-216\" src=\"https:\/\/binvex.com\/wp-content\/uploads\/2023\/11\/downP.png\" alt=\"\" width=\"48\" height=\"55\" \/> <a href=\"https:\/\/binvex.com\/wp-content\/uploads\/2023\/11\/2.-Uputstvo-za-montazu-podnog-grejanja.pdf\">Uputstvo za monta\u017eu podnog grejanja<\/a><\/p>","protected":false},"excerpt":{"rendered":"<p>\u010celi\u010dna mre\u017ea za uzemljenje, stavlja se preko grejni mre\u017ea. Neophodna u vla\u017enim prostorijama, npr. kupatilima. Laka za instalaciju. Pogodna za montiranje ispod kerami\u010dkih plo\u010dica. Tehni\u010dke specifikacije: Du\u017eina: 1,0 m \u0160irina: 0,5 m Du\u017eina kabla: 2m Sve prednosti grejnih mre\u017ea kao re\u0161enja za grejanje detaljnije pogledajte na linku:\u00a0Prednosti elektri\u010dnog podnog grejanja. Proizvo\u0111a\u010d: Preuzmite PDF: Uputstvo za [&hellip;]<\/p>","protected":false},"featured_media":1625,"template":"","meta":{"_eb_attr":""},"product_brand":[],"product_cat":[31],"product_tag":[],"class_list":{"0":"post-1626","1":"product","2":"type-product","3":"status-publish","4":"has-post-thumbnail","6":"product_cat-elektricno-podno-grejanje","8":"first","9":"outofstock","10":"taxable","11":"shipping-taxable","12":"purchasable","13":"product-type-simple"},"_links":{"self":[{"href":"https:\/\/binvex.com\/en\/wp-json\/wp\/v2\/product\/1626","targetHints":{"allow":["GET"]}}],"collection":[{"href":"https:\/\/binvex.com\/en\/wp-json\/wp\/v2\/product"}],"about":[{"href":"https:\/\/binvex.com\/en\/wp-json\/wp\/v2\/types\/product"}],"wp:featuredmedia":[{"embeddable":true,"href":"https:\/\/binvex.com\/en\/wp-json\/wp\/v2\/media\/1625"}],"wp:attachment":[{"href":"https:\/\/binvex.com\/en\/wp-json\/wp\/v2\/media?parent=1626"}],"wp:term":[{"taxonomy":"product_brand","embeddable":true,"href":"https:\/\/binvex.com\/en\/wp-json\/wp\/v2\/product_brand?post=1626"},{"taxonomy":"product_cat","embeddable":true,"href":"https:\/\/binvex.com\/en\/wp-json\/wp\/v2\/product_cat?post=1626"},{"taxonomy":"product_tag","embeddable":true,"href":"https:\/\/binvex.com\/en\/wp-json\/wp\/v2\/product_tag?post=1626"}],"curies":[{"name":"wp","href":"https:\/\/api.w.org\/{rel}","templated":true}]}}