{"id":1611,"date":"2023-12-03T19:27:06","date_gmt":"2023-12-03T18:27:06","guid":{"rendered":"https:\/\/dev-binvex.pantheonsite.io\/?post_type=product&#038;p=1611"},"modified":"2025-11-06T12:58:48","modified_gmt":"2025-11-06T11:58:48","slug":"elektricno-podno-grejanje-aht-grejna-mreza-10x10m","status":"publish","type":"product","link":"https:\/\/binvex.com\/en\/p\/elektricno-podno-grejanje-aht-grejna-mreza-10x10m\/","title":{"rendered":"Elektri\u010dno podno grejanje AHT &#8211; Grejna mre\u017ea 1,0\u00d71,0m"},"content":{"rendered":"<h3><a href=\"https:\/\/ahtinternationalgroup.com\/\" target=\"_blank\" rel=\"noopener noreferrer\">Elektri\u010dno podno grejanje<\/a><\/h3>\n<p>AHT-ov tehnolo\u0161ki napredni sistem podnog elektri\u010dnog grejanja pru\u017ea toplo, udobno, luksuzno okru\u017eenje u kuc\u0301i. Za upotrebu u svakoj prostoriji kao \u0161to su kupatilo, kuhinja, dnevna soba, pomoc\u0301na soba, podrum ili spavac\u0301a soba, mo\u017ee se postaviti ispod bilo koje vrste poda kao \u0161to su plo\u010dice, kamen, drvo, laminat ili tepih prema na\u0161em zvani\u010dnom priru\u010dniku za ugradnju. AHT sistem podnog grejanja daje konstantnu i izuzetno udobnu toplotu, bez prodora toplog vazduha od bu\u010dnih ventilatora koji bi uzburkali prljav\u0161tinu i pra\u0161inu. Odsustvo radijatora olak\u0161ava postavljanje name\u0161taja i stvara bezbednije kuc\u0301no okru\u017eenje bez izlo\u017eenih vruc\u0301ih povr\u0161ina.<\/p>\n<p>AHT sistem podnog grejanja, zasnovan na jedinstvenoj tehnologiji grejanja od amorfne metalne trake, ima zna\u010dajne prednosti u odnosu na bilo koji drugi tip sistema podnog grejanja:<\/p>\n<p>*Pogodan je i mo\u017ee se postaviti ispod svih vrsta podnih obloga<br \/>\n*Dosti\u017ee radnu temperaturu br\u017ee od drugih sistema<br \/>\n*Generi\u0161e konzistentniju toplotu<br \/>\n*Jeftiniji je i ekonomi\u010dniji za rad<br \/>\n*Ima nizak profil i vrhunsku fleksibilnost<br \/>\n*Izuzetno je jednostavan i lak za ugradnju<br \/>\n*Savr\u0161eno je bezbedan od opasnosti od strujnog udara i elektromagnetnog zra\u010denja<br \/>\n*Pouzdan je i izdr\u017eljiv.<\/p>\n<div style=\"width: 480px;\" class=\"wp-video\"><video class=\"wp-video-shortcode\" id=\"video-1611-1\" width=\"480\" height=\"360\" poster=\"https:\/\/binvex.com\/wp-content\/uploads\/2023\/11\/Aht-grejna-mreza-3.jpg\" preload=\"metadata\" controls=\"controls\"><source type=\"video\/mp4\" src=\"https:\/\/binvex.com\/wp-content\/uploads\/2023\/12\/AHT-instalacija-elektricnog-podnog-grejanja_compressed.mp4?_=1\" \/><a href=\"https:\/\/binvex.com\/wp-content\/uploads\/2023\/12\/AHT-instalacija-elektricnog-podnog-grejanja_compressed.mp4\">https:\/\/binvex.com\/wp-content\/uploads\/2023\/12\/AHT-instalacija-elektricnog-podnog-grejanja_compressed.mp4<\/a><\/video><\/div>\n<div class=\"content\">\n<p>Sve prednosti grejnih mre\u017ea kao re\u0161enja za grejanje detaljnije pogledajte na linku:\u00a0<a href=\"https:\/\/binvex.com\/wp-content\/uploads\/2023\/11\/Prednosti-grejnih-traka-katalog-1.pdf\" target=\"_blank\" rel=\"noopener noreferrer\">Prednosti elektri\u010dnog podnog grejanja.<\/a><\/p>\n<\/div>\n<h3>Tehni\u010dke specifikacije:<\/h3>\n<p>Du\u017eina: 1,0 m<br \/>\n\u0160irina: 1,0 m<br \/>\nSnaga: 150W\/m\u00b2<br \/>\nDu\u017eina kabla: 3m<\/p>\n<h3>Proizvo\u0111a\u010d:<br \/>\n<a href=\"https:\/\/ahtinternationalgroup.com\/\" target=\"_blank\" rel=\"noopener\"><img decoding=\"async\" class=\"alignnone wp-image-123 size-full\" src=\"https:\/\/binvex.com\/wp-content\/uploads\/2023\/11\/1-AHT-logo.jpg\" alt=\"\" width=\"236\" height=\"140\" \/><\/a><\/h3>\n<h3 class=\"naslov-download\">Preuzmite PDF:<\/h3>\n<p><img decoding=\"async\" class=\"alignnone size-full wp-image-216\" src=\"https:\/\/binvex.com\/wp-content\/uploads\/2023\/11\/downP.png\" alt=\"\" width=\"48\" height=\"55\" \/> <a href=\"https:\/\/binvex.com\/wp-content\/uploads\/2023\/11\/2.-Uputstvo-za-montazu-podnog-grejanja.pdf\">Uputstvo za monta\u017eu podnog grejanja<\/a><\/p>","protected":false},"excerpt":{"rendered":"<p>Elektri\u010dno podno grejanje AHT-ov tehnolo\u0161ki napredni sistem podnog elektri\u010dnog grejanja pru\u017ea toplo, udobno, luksuzno okru\u017eenje u kuc\u0301i. Za upotrebu u svakoj prostoriji kao \u0161to su kupatilo, kuhinja, dnevna soba, pomoc\u0301na soba, podrum ili spavac\u0301a soba, mo\u017ee se postaviti ispod bilo koje vrste poda kao \u0161to su plo\u010dice, kamen, drvo, laminat ili tepih prema na\u0161em zvani\u010dnom [&hellip;]<\/p>","protected":false},"featured_media":521,"template":"","meta":{"_eb_attr":""},"product_brand":[],"product_cat":[31],"product_tag":[],"class_list":{"0":"post-1611","1":"product","2":"type-product","3":"status-publish","4":"has-post-thumbnail","6":"product_cat-elektricno-podno-grejanje","8":"first","9":"outofstock","10":"taxable","11":"shipping-taxable","12":"purchasable","13":"product-type-simple"},"_links":{"self":[{"href":"https:\/\/binvex.com\/en\/wp-json\/wp\/v2\/product\/1611","targetHints":{"allow":["GET"]}}],"collection":[{"href":"https:\/\/binvex.com\/en\/wp-json\/wp\/v2\/product"}],"about":[{"href":"https:\/\/binvex.com\/en\/wp-json\/wp\/v2\/types\/product"}],"wp:featuredmedia":[{"embeddable":true,"href":"https:\/\/binvex.com\/en\/wp-json\/wp\/v2\/media\/521"}],"wp:attachment":[{"href":"https:\/\/binvex.com\/en\/wp-json\/wp\/v2\/media?parent=1611"}],"wp:term":[{"taxonomy":"product_brand","embeddable":true,"href":"https:\/\/binvex.com\/en\/wp-json\/wp\/v2\/product_brand?post=1611"},{"taxonomy":"product_cat","embeddable":true,"href":"https:\/\/binvex.com\/en\/wp-json\/wp\/v2\/product_cat?post=1611"},{"taxonomy":"product_tag","embeddable":true,"href":"https:\/\/binvex.com\/en\/wp-json\/wp\/v2\/product_tag?post=1611"}],"curies":[{"name":"wp","href":"https:\/\/api.w.org\/{rel}","templated":true}]}}